{"id":9564,"date":"2021-09-10T18:07:28","date_gmt":"2021-09-10T22:07:28","guid":{"rendered":"http:\/\/exploore.sysvol.hu"},"modified":"2024-07-25T12:48:47","modified_gmt":"2024-07-25T16:48:47","slug":"dzsungeltura-kotelpalya-kaland_punta-cana-bavaro","status":"publish","type":"product","link":"https:\/\/dominikaneked.hu\/ro\/produs\/dzsungeltura-kotelpalya-kaland_punta-cana-bavaro\/","title":{"rendered":"20. Drume\u021bie \u00een jungl\u0103 + aventur\u0103 cu tiroliana"},"content":{"rendered":"","protected":false},"excerpt":{"rendered":"<p>V\u0103 a\u0219teapt\u0103 cea mai lung\u0103 \u0219i mai rapid\u0103 telecabin\u0103 din \u021bar\u0103 \u0219i o drume\u021bie \u00een jungl\u0103. Aici pute\u021bi conduce quad-ul.<\/p>","protected":false},"featured_media":9566,"template":"","meta":{"_seopress_robots_primary_cat":"none","_seopress_titles_title":"","_seopress_titles_desc":"","_seopress_robots_index":""},"product_brand":[],"product_cat":[267],"product_tag":[292],"class_list":{"0":"post-9564","1":"product","2":"type-product","3":"status-publish","4":"has-post-thumbnail","6":"product_cat-punta-cana-bavaro","7":"product_tag-fakultativ","9":"first","10":"instock","11":"virtual","12":"purchasable","13":"product-type-phive_booking"},"_links":{"self":[{"href":"https:\/\/dominikaneked.hu\/ro\/wp-json\/wp\/v2\/product\/9564","targetHints":{"allow":["GET"]}}],"collection":[{"href":"https:\/\/dominikaneked.hu\/ro\/wp-json\/wp\/v2\/product"}],"about":[{"href":"https:\/\/dominikaneked.hu\/ro\/wp-json\/wp\/v2\/types\/product"}],"wp:featuredmedia":[{"embeddable":true,"href":"https:\/\/dominikaneked.hu\/ro\/wp-json\/wp\/v2\/media\/9566"}],"wp:attachment":[{"href":"https:\/\/dominikaneked.hu\/ro\/wp-json\/wp\/v2\/media?parent=9564"}],"wp:term":[{"taxonomy":"product_brand","embeddable":true,"href":"https:\/\/dominikaneked.hu\/ro\/wp-json\/wp\/v2\/product_brand?post=9564"},{"taxonomy":"product_cat","embeddable":true,"href":"https:\/\/dominikaneked.hu\/ro\/wp-json\/wp\/v2\/product_cat?post=9564"},{"taxonomy":"product_tag","embeddable":true,"href":"https:\/\/dominikaneked.hu\/ro\/wp-json\/wp\/v2\/product_tag?post=9564"}],"curies":[{"name":"wp","href":"https:\/\/api.w.org\/{rel}","templated":true}]}}