{"id":9052,"date":"2021-08-28T08:15:21","date_gmt":"2021-08-28T12:15:21","guid":{"rendered":"http:\/\/exploore.sysvol.hu"},"modified":"2025-07-25T18:50:18","modified_gmt":"2025-07-25T22:50:18","slug":"ismerd-meg-dominikat_punta-cana-bavaro-2","status":"publish","type":"product","link":"https:\/\/dominikaneked.hu\/ro\/produs\/ismerd-meg-dominikat_punta-cana-bavaro-2\/","title":{"rendered":"05. Face\u021bi cuno\u0219tin\u021b\u0103 cu Dominica"},"content":{"rendered":"","protected":false},"excerpt":{"rendered":"<p>\u00cen timpul programului nostru preferat de pasageri, v\u0103 oferim \u0219ansa de a vedea adev\u0103rata fa\u021b\u0103 a Republicii Dominicane!<\/p>","protected":false},"featured_media":9658,"template":"","meta":{"_seopress_robots_primary_cat":"none","_seopress_titles_title":"","_seopress_titles_desc":"","_seopress_robots_index":""},"product_brand":[],"product_cat":[267],"product_tag":[292],"class_list":{"0":"post-9052","1":"product","2":"type-product","3":"status-publish","4":"has-post-thumbnail","6":"product_cat-punta-cana-bavaro","7":"product_tag-fakultativ","9":"first","10":"instock","11":"featured","12":"virtual","13":"purchasable","14":"product-type-phive_booking"},"_links":{"self":[{"href":"https:\/\/dominikaneked.hu\/ro\/wp-json\/wp\/v2\/product\/9052","targetHints":{"allow":["GET"]}}],"collection":[{"href":"https:\/\/dominikaneked.hu\/ro\/wp-json\/wp\/v2\/product"}],"about":[{"href":"https:\/\/dominikaneked.hu\/ro\/wp-json\/wp\/v2\/types\/product"}],"wp:featuredmedia":[{"embeddable":true,"href":"https:\/\/dominikaneked.hu\/ro\/wp-json\/wp\/v2\/media\/9658"}],"wp:attachment":[{"href":"https:\/\/dominikaneked.hu\/ro\/wp-json\/wp\/v2\/media?parent=9052"}],"wp:term":[{"taxonomy":"product_brand","embeddable":true,"href":"https:\/\/dominikaneked.hu\/ro\/wp-json\/wp\/v2\/product_brand?post=9052"},{"taxonomy":"product_cat","embeddable":true,"href":"https:\/\/dominikaneked.hu\/ro\/wp-json\/wp\/v2\/product_cat?post=9052"},{"taxonomy":"product_tag","embeddable":true,"href":"https:\/\/dominikaneked.hu\/ro\/wp-json\/wp\/v2\/product_tag?post=9052"}],"curies":[{"name":"wp","href":"https:\/\/api.w.org\/{rel}","templated":true}]}}