{"id":8499,"date":"2021-06-14T17:08:01","date_gmt":"2021-06-14T21:08:01","guid":{"rendered":"http:\/\/exploore.sysvol.hu"},"modified":"2024-07-25T12:48:47","modified_gmt":"2024-07-25T16:48:47","slug":"kotelpalya-lovaglas-es-vizeses-medence-2","status":"publish","type":"product","link":"https:\/\/dominikaneked.hu\/ro\/produs\/kotelpalya-lovaglas-es-vizeses-medence-2\/","title":{"rendered":"27. Parcurs cu fr\u00e2nghii, echita\u021bie \u0219i piscin\u0103 cu cascad\u0103"},"content":{"rendered":"","protected":false},"excerpt":{"rendered":"<div class=\"text\">Echita\u021bie \u00een aer liber, parc cu corzi, piscin\u0103, cascad\u0103, pr\u00e2nz!<\/div>\n<div class=\"group-btn-tours\"><\/div>","protected":false},"featured_media":9851,"template":"","meta":{"_seopress_robots_primary_cat":"none","_seopress_titles_title":"","_seopress_titles_desc":"","_seopress_robots_index":""},"product_brand":[],"product_cat":[267],"product_tag":[292,287],"class_list":{"0":"post-8499","1":"product","2":"type-product","3":"status-publish","4":"has-post-thumbnail","6":"product_cat-punta-cana-bavaro","7":"product_tag-fakultativ","8":"product_tag-termeszet","10":"first","11":"instock","12":"shipping-taxable","13":"purchasable","14":"product-type-phive_booking"},"_links":{"self":[{"href":"https:\/\/dominikaneked.hu\/ro\/wp-json\/wp\/v2\/product\/8499","targetHints":{"allow":["GET"]}}],"collection":[{"href":"https:\/\/dominikaneked.hu\/ro\/wp-json\/wp\/v2\/product"}],"about":[{"href":"https:\/\/dominikaneked.hu\/ro\/wp-json\/wp\/v2\/types\/product"}],"wp:featuredmedia":[{"embeddable":true,"href":"https:\/\/dominikaneked.hu\/ro\/wp-json\/wp\/v2\/media\/9851"}],"wp:attachment":[{"href":"https:\/\/dominikaneked.hu\/ro\/wp-json\/wp\/v2\/media?parent=8499"}],"wp:term":[{"taxonomy":"product_brand","embeddable":true,"href":"https:\/\/dominikaneked.hu\/ro\/wp-json\/wp\/v2\/product_brand?post=8499"},{"taxonomy":"product_cat","embeddable":true,"href":"https:\/\/dominikaneked.hu\/ro\/wp-json\/wp\/v2\/product_cat?post=8499"},{"taxonomy":"product_tag","embeddable":true,"href":"https:\/\/dominikaneked.hu\/ro\/wp-json\/wp\/v2\/product_tag?post=8499"}],"curies":[{"name":"wp","href":"https:\/\/api.w.org\/{rel}","templated":true}]}}