{"id":8453,"date":"2021-06-13T09:11:05","date_gmt":"2021-06-13T07:11:05","guid":{"rendered":"http:\/\/exploore.sysvol.hu"},"modified":"2024-08-14T10:21:17","modified_gmt":"2024-08-14T14:21:17","slug":"punta-cana-lmbtq-eskuvoi-csomag","status":"publish","type":"product","link":"https:\/\/dominikaneked.hu\/ro\/produs\/punta-cana-lmbtq-eskuvoi-csomag\/","title":{"rendered":"Pachet de nunt\u0103 Punta Cana LGBTQ"},"content":{"rendered":"<div class=\"wpb-content-wrapper\"><div class=\"vc_row wpb_row vc_row-fluid\"><div class=\"wpb_column vc_column_container vc_col-sm-12\"><div class=\"vc_column-inner\"><div class=\"wpb_wrapper\">\n\t<div class=\"wpb_text_column wpb_content_element\" >\n\t\t<div class=\"wpb_wrapper\">\n\t\t\t<p>Playa Juanillo (Juanillo Beach) este una dintre cele mai frumoase plaje din Republica Dominican\u0103, considerat\u0103 de mul\u021bi ca fiind cea mai bun\u0103 plaj\u0103 din \u021bar\u0103 \u0219i cea mai bun\u0103 de pe coasta de est, aceast\u0103 plaj\u0103 frumoas\u0103, m\u0103rginit\u0103 de palmieri, este perfect\u0103 pentru nun\u021bi. Un mic debarcader romantic se \u00eentinde \u00een mare. Plaja Juanillo se afl\u0103 la 25-35 de minute de hotelurile din Bavaro-Punta Cana.<\/p>\n\n\t\t<\/div>\n\t<\/div>\n<\/div><\/div><\/div><\/div>\n<\/div>","protected":false},"excerpt":{"rendered":"<p>Acest pachet ofer\u0103 iubitorilor de acela\u0219i sex posibilitatea de a se c\u0103s\u0103tori, de a face un jur\u0103m\u00e2nt.<\/p>","protected":false},"featured_media":10063,"template":"","meta":{"_seopress_robots_primary_cat":"none","_seopress_titles_title":"","_seopress_titles_desc":"","_seopress_robots_index":""},"product_brand":[],"product_cat":[275],"product_tag":[293],"class_list":{"0":"post-8453","1":"product","2":"type-product","3":"status-publish","4":"has-post-thumbnail","6":"product_cat-karibi-eskuvok","7":"product_tag-eskuvo","9":"first","10":"instock","11":"virtual","12":"purchasable","13":"product-type-phive_booking"},"_links":{"self":[{"href":"https:\/\/dominikaneked.hu\/ro\/wp-json\/wp\/v2\/product\/8453","targetHints":{"allow":["GET"]}}],"collection":[{"href":"https:\/\/dominikaneked.hu\/ro\/wp-json\/wp\/v2\/product"}],"about":[{"href":"https:\/\/dominikaneked.hu\/ro\/wp-json\/wp\/v2\/types\/product"}],"wp:featuredmedia":[{"embeddable":true,"href":"https:\/\/dominikaneked.hu\/ro\/wp-json\/wp\/v2\/media\/10063"}],"wp:attachment":[{"href":"https:\/\/dominikaneked.hu\/ro\/wp-json\/wp\/v2\/media?parent=8453"}],"wp:term":[{"taxonomy":"product_brand","embeddable":true,"href":"https:\/\/dominikaneked.hu\/ro\/wp-json\/wp\/v2\/product_brand?post=8453"},{"taxonomy":"product_cat","embeddable":true,"href":"https:\/\/dominikaneked.hu\/ro\/wp-json\/wp\/v2\/product_cat?post=8453"},{"taxonomy":"product_tag","embeddable":true,"href":"https:\/\/dominikaneked.hu\/ro\/wp-json\/wp\/v2\/product_tag?post=8453"}],"curies":[{"name":"wp","href":"https:\/\/api.w.org\/{rel}","templated":true}]}}