{"id":8429,"date":"2021-06-13T08:03:50","date_gmt":"2021-06-13T06:03:50","guid":{"rendered":"http:\/\/exploore.sysvol.hu"},"modified":"2025-03-07T10:28:14","modified_gmt":"2025-03-07T14:28:14","slug":"catalina-szigeti-merules-sznorkelezes_punta-cana-bavaro","status":"publish","type":"product","link":"https:\/\/dominikaneked.hu\/ro\/produs\/catalina-szigeti-merules-sznorkelezes_punta-cana-bavaro\/","title":{"rendered":"04. Scufund\u0103ri \/ snorkelling pe insula Catalina"},"content":{"rendered":"","protected":false},"excerpt":{"rendered":"<p>A\u021bi \u00eenota \u00eentr-un acvariu real, ca \u00een realitate, printre pe\u0219ti tropicali \u0219i raze acvil\u0103? Pute\u021bi face scufund\u0103ri \u0219i snorkeling!<\/p>","protected":false},"featured_media":9077,"template":"","meta":{"_seopress_robots_primary_cat":"none","_seopress_titles_title":"","_seopress_titles_desc":"","_seopress_robots_index":""},"product_brand":[],"product_cat":[267],"product_tag":[292,286,288],"class_list":{"0":"post-8429","1":"product","2":"type-product","3":"status-publish","4":"has-post-thumbnail","6":"product_cat-punta-cana-bavaro","7":"product_tag-fakultativ","8":"product_tag-adrenalin","9":"product_tag-elovilag","11":"first","12":"instock","13":"shipping-taxable","14":"purchasable","15":"product-type-phive_booking"},"_links":{"self":[{"href":"https:\/\/dominikaneked.hu\/ro\/wp-json\/wp\/v2\/product\/8429","targetHints":{"allow":["GET"]}}],"collection":[{"href":"https:\/\/dominikaneked.hu\/ro\/wp-json\/wp\/v2\/product"}],"about":[{"href":"https:\/\/dominikaneked.hu\/ro\/wp-json\/wp\/v2\/types\/product"}],"wp:featuredmedia":[{"embeddable":true,"href":"https:\/\/dominikaneked.hu\/ro\/wp-json\/wp\/v2\/media\/9077"}],"wp:attachment":[{"href":"https:\/\/dominikaneked.hu\/ro\/wp-json\/wp\/v2\/media?parent=8429"}],"wp:term":[{"taxonomy":"product_brand","embeddable":true,"href":"https:\/\/dominikaneked.hu\/ro\/wp-json\/wp\/v2\/product_brand?post=8429"},{"taxonomy":"product_cat","embeddable":true,"href":"https:\/\/dominikaneked.hu\/ro\/wp-json\/wp\/v2\/product_cat?post=8429"},{"taxonomy":"product_tag","embeddable":true,"href":"https:\/\/dominikaneked.hu\/ro\/wp-json\/wp\/v2\/product_tag?post=8429"}],"curies":[{"name":"wp","href":"https:\/\/api.w.org\/{rel}","templated":true}]}}