{"id":11594,"date":"2022-06-20T13:11:28","date_gmt":"2022-06-20T17:11:28","guid":{"rendered":"https:\/\/godominicanvacations.com\/?post_type=product&#038;p=11594"},"modified":"2024-08-30T17:41:52","modified_gmt":"2024-08-30T21:41:52","slug":"7-az-egyben-boggie-lovaglas-zipline-szabadeses-szafari-2","status":"publish","type":"product","link":"https:\/\/dominikaneked.hu\/ro\/produs\/7-az-egyben-boggie-lovaglas-zipline-szabadeses-szafari-2\/","title":{"rendered":"25. 7 \u00een 1: boggie, c\u0103l\u0103rie, tirolian\u0103, c\u0103dere liber\u0103, safari"},"content":{"rendered":"","protected":false},"excerpt":{"rendered":"<p>7 activit\u0103\u021bi la pre\u021bul de 1! Veni\u021bi \u00een jungl\u0103 pentru o experien\u021b\u0103 de neuitat.<br \/>\nPrograme pentru cupluri, familii \u0219i grupuri.<\/p>","protected":false},"featured_media":11597,"template":"","meta":{"_seopress_robots_primary_cat":"none","_seopress_titles_title":"","_seopress_titles_desc":"","_seopress_robots_index":""},"product_brand":[],"product_cat":[267],"product_tag":[292],"class_list":{"0":"post-11594","1":"product","2":"type-product","3":"status-publish","4":"has-post-thumbnail","6":"product_cat-punta-cana-bavaro","7":"product_tag-fakultativ","9":"first","10":"instock","11":"shipping-taxable","12":"purchasable","13":"product-type-phive_booking"},"_links":{"self":[{"href":"https:\/\/dominikaneked.hu\/ro\/wp-json\/wp\/v2\/product\/11594","targetHints":{"allow":["GET"]}}],"collection":[{"href":"https:\/\/dominikaneked.hu\/ro\/wp-json\/wp\/v2\/product"}],"about":[{"href":"https:\/\/dominikaneked.hu\/ro\/wp-json\/wp\/v2\/types\/product"}],"wp:featuredmedia":[{"embeddable":true,"href":"https:\/\/dominikaneked.hu\/ro\/wp-json\/wp\/v2\/media\/11597"}],"wp:attachment":[{"href":"https:\/\/dominikaneked.hu\/ro\/wp-json\/wp\/v2\/media?parent=11594"}],"wp:term":[{"taxonomy":"product_brand","embeddable":true,"href":"https:\/\/dominikaneked.hu\/ro\/wp-json\/wp\/v2\/product_brand?post=11594"},{"taxonomy":"product_cat","embeddable":true,"href":"https:\/\/dominikaneked.hu\/ro\/wp-json\/wp\/v2\/product_cat?post=11594"},{"taxonomy":"product_tag","embeddable":true,"href":"https:\/\/dominikaneked.hu\/ro\/wp-json\/wp\/v2\/product_tag?post=11594"}],"curies":[{"name":"wp","href":"https:\/\/api.w.org\/{rel}","templated":true}]}}