{"id":11498,"date":"2022-06-07T18:13:15","date_gmt":"2022-06-07T22:13:15","guid":{"rendered":"https:\/\/godominicanvacations.com\/?post_type=product&#038;p=11498"},"modified":"2024-07-25T12:48:49","modified_gmt":"2024-07-25T16:48:49","slug":"tematikus-bulihajo-sznorkellezes-punta-cana-vizein","status":"publish","type":"product","link":"https:\/\/dominikaneked.hu\/ro\/produs\/tematikus-bulihajo-sznorkellezes-punta-cana-vizein\/","title":{"rendered":"28. Barc\u0103 tematic\u0103 pentru petreceri, snorkelling \u00een apele Punta Cana"},"content":{"rendered":"","protected":false},"excerpt":{"rendered":"<p>Bucura\u021bi-v\u0103 de navigarea pe frumoasele plaje cristaline din Punta Cana, opri\u021bi-v\u0103 la piscina natural\u0103 magnific\u0103 \u0219i admira\u021bi recifele de corali orbitoare oferite de ocean, unde pute\u021bi face snorkeling \u0219i explora lumea subacvatic\u0103 uimitoare. \u00cenv\u0103\u021ba\u021bi pa\u0219ii de dans ai poporului indigen din Republica Dominican\u0103, Tainos, sau no\u021biuni de baz\u0103 de merengue, bachata, dembow.<\/p>","protected":false},"featured_media":11489,"template":"","meta":{"_seopress_robots_primary_cat":"none","_seopress_titles_title":"","_seopress_titles_desc":"","_seopress_robots_index":""},"product_brand":[],"product_cat":[267],"product_tag":[292],"class_list":{"0":"post-11498","1":"product","2":"type-product","3":"status-publish","4":"has-post-thumbnail","6":"product_cat-punta-cana-bavaro","7":"product_tag-fakultativ","9":"first","10":"instock","11":"virtual","12":"purchasable","13":"product-type-phive_booking"},"_links":{"self":[{"href":"https:\/\/dominikaneked.hu\/ro\/wp-json\/wp\/v2\/product\/11498","targetHints":{"allow":["GET"]}}],"collection":[{"href":"https:\/\/dominikaneked.hu\/ro\/wp-json\/wp\/v2\/product"}],"about":[{"href":"https:\/\/dominikaneked.hu\/ro\/wp-json\/wp\/v2\/types\/product"}],"wp:featuredmedia":[{"embeddable":true,"href":"https:\/\/dominikaneked.hu\/ro\/wp-json\/wp\/v2\/media\/11489"}],"wp:attachment":[{"href":"https:\/\/dominikaneked.hu\/ro\/wp-json\/wp\/v2\/media?parent=11498"}],"wp:term":[{"taxonomy":"product_brand","embeddable":true,"href":"https:\/\/dominikaneked.hu\/ro\/wp-json\/wp\/v2\/product_brand?post=11498"},{"taxonomy":"product_cat","embeddable":true,"href":"https:\/\/dominikaneked.hu\/ro\/wp-json\/wp\/v2\/product_cat?post=11498"},{"taxonomy":"product_tag","embeddable":true,"href":"https:\/\/dominikaneked.hu\/ro\/wp-json\/wp\/v2\/product_tag?post=11498"}],"curies":[{"name":"wp","href":"https:\/\/api.w.org\/{rel}","templated":true}]}}