{"id":8549,"date":"2021-07-19T13:10:06","date_gmt":"2021-07-19T11:10:06","guid":{"rendered":"exploore.sysvol.hu"},"modified":"2021-09-10T06:40:03","modified_gmt":"2021-09-10T04:40:03","slug":"fizetesi-tajekoztato","status":"publish","type":"page","link":"https:\/\/dominikaneked.hu\/ro\/fizetesi-tajekoztato\/","title":{"rendered":"Informa\u021bii de plat\u0103"},"content":{"rendered":"<p>\u00cen prezent, pute\u021bi alege dintre urm\u0103toarele metode de plat\u0103:<\/p>\n<h3>Plata prin card de credit:<\/h3>\n<p>Plata cu cardul de credit pe site-ul nostru este asigurat\u0103 de Trust My Travel.<\/p>\n<p>Pl\u0103ti\u021bi cu cardul de credit pentru cump\u0103r\u0103turi comode \u0219i sigure \u00een magazinul nostru online. Dup\u0103 ce a comandat serviciile selectate, clientul va fi redirec\u021bionat c\u0103tre interfa\u021ba de plat\u0103 Trust My Travel, unde poate pl\u0103ti cu cardul s\u0103u de credit prin intermediul celei mai sigure tranzac\u021bii criptate disponibile \u00een prezent. Tot ceea ce trebuie s\u0103 fac\u0103 clien\u021bii no\u0219tri este s\u0103 fac\u0103 clic pe \"plata cu cardul de credit\" atunci c\u00e2nd selecteaz\u0103 metoda de plat\u0103 \u0219i apoi s\u0103 introduc\u0103 numele clientului, num\u0103rul cardului, data de expirare \u0219i codul de securitate din trei cifre pe serverul de plat\u0103 Trust My Travel. Accept\u0103m VISA, MasterCard, Maestro.  V\u0103 rug\u0103m s\u0103 verifica\u021bi la banca dumneavoastr\u0103 dac\u0103 cardul dumneavoastr\u0103 poate fi utilizat pentru cump\u0103r\u0103turi online. Trust My Travel v\u0103 va trimite o confirmare a tranzac\u021biei dup\u0103 o achizi\u021bie reu\u0219it\u0103 sau un mesaj de eroare \u00een cazul \u00een care tranzac\u021bia nu reu\u0219e\u0219te.<\/p>\n<p>Recunosc c\u0103 urm\u0103toarele date cu caracter personal stocate de c\u0103tre operatorul de date Go Dominican Vacations SLR \u00een baza de date a utilizatorilor s\u0103i vor fi transferate c\u0103tre Trust My Travel \u00een calitate de operator de date. Urm\u0103toarele date vor fi transferate de c\u0103tre operatorul de date: nume, prenume, nume, prenume, \u021bar\u0103, num\u0103r de telefon, adres\u0103 de e-mail.<\/p>\n<p>Natura \u0219i scopul activit\u0103\u021bilor de prelucrare a datelor desf\u0103\u0219urate de c\u0103tre persoana \u00eemputernicit\u0103 de operator pot fi g\u0103site \u00een notificarea Trust My Travel, la link-ul de mai jos:\u00a0<a href=\"http:\/\/simplepay.hu\/vasarlo-aff\">https:\/\/trustprotects.me\/about-us\/<\/a><\/p>\n<h3>Transfer bancar:<\/h3>\n<p>De asemenea, pute\u021bi pl\u0103ti prin transfer bancar \u00eenainte ca comanda s\u0103 fie onorat\u0103. O factur\u0103 proform\u0103 va fi trimis\u0103 prin e-mail. Este important ca num\u0103rul de ordine s\u0103 fie indicat \u00een c\u00e2mpul de comentarii al transferului. Suma total\u0103 a comenzii prin transfer bancar prin intermediul unei b\u0103nci str\u0103ine trebuie calculat\u0103 \u0219i transferat\u0103 \u00een func\u021bie de cursul de cump\u0103rare al MNB din ziua respectiv\u0103.<\/p>\n<p>\u00cen cazul \u00een care cump\u0103r\u0103torul declar\u0103, verbal sau \u00een scris, c\u0103 nu are un num\u0103r de TVA sau c\u0103 nu ac\u021bioneaz\u0103 ca persoan\u0103 impozabil\u0103 \u00een scopuri de TVA \u00een cadrul tranzac\u021biei \u0219i, prin urmare, nu furnizeaz\u0103 un num\u0103r de TVA pentru facturare, factura nu trebuie s\u0103 includ\u0103 un num\u0103r de TVA pentru cump\u0103r\u0103tor.<\/p>\n<p>\u00cen cazul unei achizi\u021bii prin transfer bancar, comanda este considerat\u0103 acceptat\u0103 dac\u0103 pre\u021bul de achizi\u021bie al serviciului (serviciilor) este transferat \u00een termen de cel mult 24 de ore de la plasarea comenzii. Procesarea transferurilor primite dureaz\u0103 2-3 zile lucr\u0103toare. Serviciul va fi furnizat numai dup\u0103 ce suma pl\u0103tit\u0103 a fost creditat\u0103 \u0219i plata a fost procesat\u0103. \u00cen cazul \u00een care numele persoanei care efectueaz\u0103 transferul este diferit de cel al clientului, acest lucru trebuie s\u0103 fie indicat \u00een caseta de comunicare, \u00eempreun\u0103 cu num\u0103rul de identificare. \u00cen cazul \u00een care suma total\u0103 a comenzii nu este primit\u0103 \u00een contul nostru bancar \u00een termen de 5 zile, comanda va fi anulat\u0103 automat din sistemul nostru. Prelucrarea serviciului va \u00eencepe numai dup\u0103 ce tranzac\u021bia de plat\u0103 a fost finalizat\u0103.<\/p>","protected":false},"excerpt":{"rendered":"<p>Informa\u021bii despre op\u021biunile de plat\u0103 utilizate pe site-ul nostru.<\/p>","protected":false},"author":12,"featured_media":0,"parent":0,"menu_order":24,"comment_status":"closed","ping_status":"closed","template":"","meta":{"_seopress_robots_primary_cat":"","_seopress_titles_title":"","_seopress_titles_desc":"","_seopress_robots_index":"","footnotes":""},"class_list":["post-8549","page","type-page","status-publish","hentry"],"_links":{"self":[{"href":"https:\/\/dominikaneked.hu\/ro\/wp-json\/wp\/v2\/pages\/8549","targetHints":{"allow":["GET"]}}],"collection":[{"href":"https:\/\/dominikaneked.hu\/ro\/wp-json\/wp\/v2\/pages"}],"about":[{"href":"https:\/\/dominikaneked.hu\/ro\/wp-json\/wp\/v2\/types\/page"}],"author":[{"embeddable":true,"href":"https:\/\/dominikaneked.hu\/ro\/wp-json\/wp\/v2\/users\/12"}],"replies":[{"embeddable":true,"href":"https:\/\/dominikaneked.hu\/ro\/wp-json\/wp\/v2\/comments?post=8549"}],"version-history":[{"count":0,"href":"https:\/\/dominikaneked.hu\/ro\/wp-json\/wp\/v2\/pages\/8549\/revisions"}],"wp:attachment":[{"href":"https:\/\/dominikaneked.hu\/ro\/wp-json\/wp\/v2\/media?parent=8549"}],"curies":[{"name":"wp","href":"https:\/\/api.w.org\/{rel}","templated":true}]}}