{"id":8394,"date":"2021-06-12T16:17:18","date_gmt":"2021-06-12T14:17:18","guid":{"rendered":"http:\/\/exploore.sysvol.hu"},"modified":"2021-11-10T10:59:03","modified_gmt":"2021-11-10T09:59:03","slug":"kapcsolat","status":"publish","type":"page","link":"https:\/\/dominikaneked.hu\/ro\/kapcsolat\/","title":{"rendered":"Contacta\u021bi"},"content":{"rendered":"<div class=\"wpb-content-wrapper\"><section class=\"vc_section container\"><div class=\"vc_row wpb_row vc_row-fluid row\"><div class=\"col-md-6 wpb_column vc_column_container vc_col-sm-6\"><div class=\"vc_column-inner\"><div class=\"wpb_wrapper\">\n\t<div class=\"wpb_text_column wpb_content_element\" >\n\t\t<div class=\"wpb_wrapper\">\n\t\t\t<div class=\"supertitle dash\">Contacta\u021bi-ne<\/div>\n<h2 class=\"heading\"><em>R\u0103m\u00e2ne\u021bi pe faz\u0103<\/em> <strong>despre<\/strong><\/h2>\n<p>Vizita\u021bi-ne sau pur \u0219i simplu trimite\u021bi-ne un e-mail oric\u00e2nd dori\u021bi. Suntem deschi\u0219i la toate sugestiile c\u0103l\u0103torilor no\u0219tri.<\/p>\n\n\t\t<\/div>\n\t<\/div>\n\n\t<div class=\"wpb_raw_code wpb_raw_html wpb_content_element\" >\n\t\t<div class=\"wpb_wrapper\">\n\t\t\t<div id=\"map\"><!-- GOOGLE MAP LAYER --><\/div>\n\n\t\t<\/div>\n\t<\/div>\n\n\t<div class=\"wpb_raw_code wpb_raw_js\" >\n\t\t<div class=\"wpb_wrapper\">\n\t\t\t<script>\nfunction initgooglemap() {\n            const e = {lat: 19.766742840962166, lng: -70.50979012856688};\n            const l = new google.maps.Map(document.getElementById(\"map\"), {\n                zoom: 14,\n                center: e,\n                styles: mapStyleArray,\n            });\n            new google.maps.Marker({position: e, map: l})\n        }\n<\/script>\n\t\t<\/div>\n\t<\/div>\n<\/div><\/div><\/div><div class=\"col-md-6 wpb_column vc_column_container vc_col-sm-6\"><div class=\"vc_column-inner\"><div class=\"wpb_wrapper\"><div class=\"vc_row wpb_row vc_inner vc_row-fluid row pb-5\"><div class=\"col-sm-6 wpb_column vc_column_container vc_col-sm-6\"><div class=\"vc_column-inner\"><div class=\"wpb_wrapper\">\n\t<div class=\"wpb_text_column wpb_content_element text-center\" >\n\t\t<div class=\"wpb_wrapper\">\n\t\t\t<h3>Adresa noastr\u0103 este<\/h3>\n<p>Calle Pablo Neruda 9,<br \/>\nVilla Ana Maria, Sos\u00faa<\/p>\n<p>57000, Republica Dominican\u0103<\/p>\n\n\t\t<\/div>\n\t<\/div>\n<\/div><\/div><\/div><div class=\"col-sm-6 wpb_column vc_column_container vc_col-sm-6\"><div class=\"vc_column-inner\"><div class=\"wpb_wrapper\">\n\t<div class=\"wpb_text_column wpb_content_element text-center\" >\n\t\t<div class=\"wpb_wrapper\">\n\t\t\t<h3>Contacta\u021bi-ne<\/h3>\n<p><i class=\"fab fa-whatsapp\"><\/i> <a href=\"https:\/\/wa.me\/18093308442\">+1 809 330 8442<\/a><br \/>\n<i class=\"fab fa-viber\"><\/i> <a href=\"viber:\/\/chat?number=18093308442\">+1 809 330 8442<\/a><\/p>\n<p><i class=\"far fa-envelope\"><\/i> <a href=\"mailto:info@godominicanvacations.com\">info@godominicanvacations.com<\/a><\/p>\n\n\t\t<\/div>\n\t<\/div>\n<\/div><\/div><\/div><\/div>\n<div class=\"wpcf7 no-js\" id=\"wpcf7-f10145-o1\" lang=\"hu-HU\" dir=\"ltr\" data-wpcf7-id=\"10145\">\n<div class=\"screen-reader-response\"><p role=\"status\" aria-live=\"polite\" aria-atomic=\"true\"><\/p> <ul><\/ul><\/div>\n<form action=\"\/ro\/wp-json\/wp\/v2\/pages\/8394#wpcf7-f10145-o1\" method=\"post\" class=\"wpcf7-form init\" aria-label=\"Formular de contact\" novalidate=\"novalidate\" data-status=\"init\" data-trp-original-action=\"\/ro\/wp-json\/wp\/v2\/pages\/8394#wpcf7-f10145-o1\">\n<div style=\"display: none;\">\n<input type=\"hidden\" name=\"_wpcf7\" value=\"10145\" \/>\n<input type=\"hidden\" name=\"_wpcf7_version\" value=\"6.0.5\" \/>\n<input type=\"hidden\" name=\"_wpcf7_locale\" value=\"hu_HU\" \/>\n<input type=\"hidden\" name=\"_wpcf7_unit_tag\" value=\"wpcf7-f10145-o1\" \/>\n<input type=\"hidden\" name=\"_wpcf7_container_post\" value=\"0\" \/>\n<input type=\"hidden\" name=\"_wpcf7_posted_data_hash\" value=\"\" \/>\n<input type=\"hidden\" name=\"_wpcf7dtx_version\" value=\"5.0.3\" \/>\n<input type=\"hidden\" name=\"_wpcf7_recaptcha_response\" value=\"\" \/>\n<\/div>\n<fieldset>\n\t<div class=\"row\">\n\t\t<div class=\"col-md-6\">\n\t\t\t<p><span class=\"wpcf7-form-control-wrap\" data-name=\"your-first-name\"><input size=\"40\" maxlength=\"400\" class=\"wpcf7-form-control wpcf7-text wpcf7-validates-as-required\" aria-required=\"true\" aria-invalid=\"false\" placeholder=\"Prenume\" value=\"\" type=\"text\" name=\"your-first-name\" \/><\/span>\n\t\t\t<\/p>\n\t\t<\/div>\n\t\t<div class=\"col-md-6\">\n\t\t\t<p><span class=\"wpcf7-form-control-wrap\" data-name=\"your-last-name\"><input size=\"40\" maxlength=\"400\" class=\"wpcf7-form-control wpcf7-text\" aria-invalid=\"false\" placeholder=\"Numele de familie\" value=\"\" type=\"text\" name=\"your-last-name\" \/><\/span>\n\t\t\t<\/p>\n\t\t<\/div>\n\t\t<div class=\"col-md-12\">\n\t\t\t<p><span class=\"wpcf7-form-control-wrap\" data-name=\"your-email\"><input size=\"40\" maxlength=\"400\" class=\"wpcf7-form-control wpcf7-email wpcf7-validates-as-required wpcf7-text wpcf7-validates-as-email\" aria-required=\"true\" aria-invalid=\"false\" placeholder=\"Adresa de e-mail\" value=\"\" type=\"email\" name=\"your-email\" \/><\/span>\n\t\t\t<\/p>\n\t\t<\/div>\n\t\t<div class=\"col-md-12\">\n\t\t\t<p><span class=\"wpcf7-form-control-wrap\" data-name=\"subject\"><input size=\"40\" maxlength=\"400\" class=\"wpcf7-form-control wpcf7-text wpcf7-validates-as-required\" aria-required=\"true\" aria-invalid=\"false\" placeholder=\"Subiect\" value=\"\" type=\"text\" name=\"subject\" \/><\/span>\n\t\t\t<\/p>\n\t\t<\/div>\n\t\t<div class=\"col-md-12\">\n\t\t\t<p><span class=\"wpcf7-form-control-wrap\" data-name=\"your-message\"><textarea cols=\"40\" rows=\"10\" maxlength=\"2000\" class=\"wpcf7-form-control wpcf7-textarea wpcf7-validates-as-required\" aria-required=\"true\" aria-invalid=\"false\" placeholder=\"Not\u0103 sau mesaj\" name=\"your-message\"><\/textarea><\/span>\n\t\t\t<\/p>\n\t\t<\/div>\n\t<\/div>\n<\/fieldset>\n<span class=\"wpcf7-form-control-wrap recaptcha\" data-name=\"recaptcha\"><span data-sitekey=\"6LdQ0IkcAAAAAOSEX-QzKsnL2PqogFQsCQJ-Z6dv\" class=\"wpcf7-form-control wpcf7-recaptcha g-recaptcha\"><\/span>\r\n<noscript>\r\n\t<div class=\"grecaptcha-noscript\">\r\n\t\t<iframe loading=\"lazy\" src=\"https:\/\/www.google.com\/recaptcha\/api\/fallback?k=6LdQ0IkcAAAAAOSEX-QzKsnL2PqogFQsCQJ-Z6dv\" frameborder=\"0\" scrolling=\"no\" width=\"310\" height=\"430\">\r\n\t\t<\/iframe>\r\n\t\t<textarea name=\"g-recaptcha-response\" rows=\"3\" cols=\"40\" placeholder=\"R\u0103spunsul reCaptcha aici\">\r\n\t\t<\/textarea>\r\n\t<\/div>\r\n<\/noscript>\r\n<\/span>\n<p><input class=\"wpcf7-form-control wpcf7-submit has-spinner btn\" type=\"submit\" value=\"Trimiterea unui mesaj\" \/>\n<\/p><div class=\"wpcf7-response-output\" aria-hidden=\"true\"><\/div>\n<input type=\"hidden\" name=\"trp-form-language\" value=\"ro\"\/><\/form>\n<\/div>\n<\/div><\/div><\/div><\/div><\/section>\n<\/div>","protected":false},"excerpt":{"rendered":"<p>Dac\u0103 ave\u021bi \u00eentreb\u0103ri sau comentarii cu privire la serviciile noastre, v\u0103 rug\u0103m s\u0103 ni le trimite\u021bi prin completarea formularului de mai jos.<\/p>","protected":false},"author":12,"featured_media":0,"parent":0,"menu_order":16,"comment_status":"closed","ping_status":"closed","template":"","meta":{"_seopress_robots_primary_cat":"","_seopress_titles_title":"","_seopress_titles_desc":"","_seopress_robots_index":"","footnotes":""},"class_list":["post-8394","page","type-page","status-publish","hentry"],"_links":{"self":[{"href":"https:\/\/dominikaneked.hu\/ro\/wp-json\/wp\/v2\/pages\/8394","targetHints":{"allow":["GET"]}}],"collection":[{"href":"https:\/\/dominikaneked.hu\/ro\/wp-json\/wp\/v2\/pages"}],"about":[{"href":"https:\/\/dominikaneked.hu\/ro\/wp-json\/wp\/v2\/types\/page"}],"author":[{"embeddable":true,"href":"https:\/\/dominikaneked.hu\/ro\/wp-json\/wp\/v2\/users\/12"}],"replies":[{"embeddable":true,"href":"https:\/\/dominikaneked.hu\/ro\/wp-json\/wp\/v2\/comments?post=8394"}],"version-history":[{"count":2,"href":"https:\/\/dominikaneked.hu\/ro\/wp-json\/wp\/v2\/pages\/8394\/revisions"}],"predecessor-version":[{"id":10381,"href":"https:\/\/dominikaneked.hu\/ro\/wp-json\/wp\/v2\/pages\/8394\/revisions\/10381"}],"wp:attachment":[{"href":"https:\/\/dominikaneked.hu\/ro\/wp-json\/wp\/v2\/media?parent=8394"}],"curies":[{"name":"wp","href":"https:\/\/api.w.org\/{rel}","templated":true}]}}