{"id":8390,"date":"2021-06-12T16:16:48","date_gmt":"2021-06-12T14:16:48","guid":{"rendered":"exploore.sysvol.hu"},"modified":"2021-09-10T06:33:59","modified_gmt":"2021-09-10T04:33:59","slug":"aszf","status":"publish","type":"page","link":"https:\/\/dominikaneked.hu\/ro\/aszf\/","title":{"rendered":"GTC"},"content":{"rendered":"<div class=\"wpb-content-wrapper\"><div class=\"vc_row wpb_row vc_row-fluid\"><div class=\"wpb_column vc_column_container vc_col-sm-12\"><div class=\"vc_column-inner\"><div class=\"wpb_wrapper\">\n\t<div class=\"wpb_text_column wpb_content_element\" >\n\t\t<div class=\"wpb_wrapper\">\n\t\t\t<p>Termenii \u0219i condi\u021biile generale ale serviciului (\"TCG\") con\u021bin termenii \u0219i condi\u021biile generale de utilizare a magazinului online operat de Go Dominican Vacations EA SRL, o companie cu sediul social \u00een Calle Pablo Neruda 9, Villa Ana Maria, Sos\u00faa, Republica Dominican\u0103, Cod de identificare fiscal\u0103: 132-04861-1, \u00een calitate de furnizor de servicii (\"Furnizor de servicii\"). V\u0103 rug\u0103m s\u0103 utiliza\u021bi serviciile noastre numai dac\u0103 sunte\u021bi de acord cu toate punctele sale \u0219i v\u0103 considera\u021bi obligat s\u0103 le respecta\u021bi. Acest document nu este \u00eenregistrat, este \u00eencheiat doar \u00een form\u0103 electronic\u0103 (nu constituie un contract scris) \u0219i nu se refer\u0103 la un cod de conduit\u0103.<\/p>\n<p>GTC poate fi desc\u0103rcat de la urm\u0103torul link: [dkpdf-button]<\/p>\n\n\t\t<\/div>\n\t<\/div>\n\n\t<div class=\"wpb_text_column wpb_content_element\" >\n\t\t<div class=\"wpb_wrapper\">\n\t\t\t<h2>Detalii privind furnizorul de servicii<\/h2>\n<p>Numele furnizorului de servicii: Go Dominican Vacations EA SRL<\/p>\n<p>Furnizorul de servicii este situat \u00een Calle Pablo Neruda 9, Villa Ana Maria, Sos\u00faa.<\/p>\n<p>Detaliile de contact ale furnizorului de servicii, adresa de e-mail utilizat\u0103 \u00een mod regulat pentru a contacta utilizatorii:<a href=\"mailto:info@godominicanvacations.com\">info@godominicanvacations.com<\/a><\/p>\n<p>Num\u0103rul de \u00eenregistrare al societ\u0103\u021bii: 24016-PP<\/p>\n<p>Num\u0103r de identificare fiscal\u0103:132-04861-1<\/p>\n<p>Denumirea autorit\u0103\u021bii de \u00eenregistrare (registrul comer\u021bului): C\u00e1mara de Comercio y Producci\u00f3n de Puerto Plata<\/p>\n<p>Numere de telefon:+1 809 870 5607<\/p>\n<p>Num\u0103r de licen\u021b\u0103:220\/2200<\/p>\n<p>Limba de redactare a contractului: maghiar\u0103<\/p>\n<p>Detalii despre furnizorul de g\u0103zduire:<a href=\"https:\/\/rackforest.com\">https:\/\/rackforest.com<\/a><\/p>\n\n\t\t<\/div>\n\t<\/div>\n\n\t<div class=\"wpb_text_column wpb_content_element\" >\n\t\t<div class=\"wpb_wrapper\">\n\t\t\t<h2>Dispozi\u021bii de baz\u0103<\/h2>\n<p>1.1 Legea maghiar\u0103 reglementeaz\u0103 aspectele care nu sunt reglementate \u00een prezentul regulament \u0219i interpretarea acestuia, \u00een special \u00een ceea ce prive\u0219te dispozi\u021biile relevante ale Legii V din 2013 privind Codul civil (\"Codul civil\") \u0219i ale Legii CVIII din 2001 privind anumite aspecte ale serviciilor de comer\u021b electronic \u0219i ale serviciilor societ\u0103\u021bii informa\u021bionale. Dispozi\u021biile obligatorii ale legisla\u021biei relevante se aplic\u0103 p\u0103r\u021bilor f\u0103r\u0103 nicio prevedere special\u0103.<\/p>\n<p>1.2. Domeniul de aplicare, modificarea CCG.<\/p>\n<p>1.3. Protec\u021bia drepturilor de autor a magazinului online ca oper\u0103 protejat\u0103, aten\u021bie.<\/p>\n<p>1.4. Disponibilitate.<\/p>\n\n\t\t<\/div>\n\t<\/div>\n\n\t<div class=\"wpb_text_column wpb_content_element\" >\n\t\t<div class=\"wpb_wrapper\">\n\t\t\t<h2>Reguli de gestionare a datelor<\/h2>\n<p>1.5. Trebuie s\u0103 fie indicate datele de contact ale avizului de confiden\u021bialitate, inclusiv num\u0103rul de \u00eenregistrare pentru protec\u021bia datelor.<\/p>\n\n\t\t<\/div>\n\t<\/div>\n\n\t<div class=\"wpb_text_column wpb_content_element\" >\n\t\t<div class=\"wpb_wrapper\">\n\t\t\t<h2>Produse \u0219i servicii disponibile pentru cump\u0103rare<\/h2>\n<p>1.6 Trebuie s\u0103 se indice dac\u0103 produsele afi\u0219ate pot fi achizi\u021bionate numai online sau personal. Dac\u0103 produsele includ TVA. Sunt incluse cheltuielile de livrare sau de ambalare?<\/p>\n<p>1.7. \u00cen magazinul online, prestatorul de servicii afi\u0219eaz\u0103 denumirea \u0219i descrierea detaliat\u0103 a produsului, precum \u0219i o fotografie a acestuia. Imaginile afi\u0219ate pe fi\u0219ele tehnice ale produselor pot fi diferite de cele reale, \u00een unele cazuri acestea fiind folosite ca ilustra\u021bii.<\/p>\n<p>1.8 \u00cen cazul \u00een care se introduce un pre\u021b promo\u021bional, Furnizorul de servicii va informa pe deplin Utilizatorii cu privire la durata promo\u021biei.<\/p>\n\n\t\t<\/div>\n\t<\/div>\n\n\t<div class=\"wpb_text_column wpb_content_element\" >\n\t\t<div class=\"wpb_wrapper\">\n\t\t\t<h2>Cum s\u0103 comanda\u021bi<\/h2>\n<p>1.9. Descrierea detaliat\u0103 a procesului de comand\u0103, de la check-in p\u00e2n\u0103 la ad\u0103ugarea produsului \u00een co\u0219ul de cump\u0103r\u0103turi.<\/p>\n<p>1.10. Op\u021biuni de corectare a erorilor de introducere a datelor (de exemplu, produs suplimentar, \u0219tergerea produsului, verificarea pre\u021bului etc.)<\/p>\n<p>1.11. Op\u021biuni de plat\u0103, descrierea metodelor de livrare<\/p>\n<p>1.12. Magazinul online al furnizorului de servicii este obligat s\u0103 confirme f\u0103r\u0103 \u00eent\u00e2rziere utilizatorului, prin mijloace electronice, primirea comenzii utilizatorului. \u00cen cazul \u00een care aceast\u0103 confirmare nu a fost primit\u0103 de c\u0103tre utilizator \u00eentr-o perioad\u0103 de timp rezonabil\u0103, \u00een func\u021bie de natura serviciului, dar nu mai t\u00e2rziu de 48 de ore de la trimiterea comenzii utilizatorului, utilizatorul este eliberat de obliga\u021bia de a face o ofert\u0103 sau de a-\u0219i asuma o obliga\u021bie contractual\u0103. P\u0103r\u021bile pot deroga de la normele de mai sus, dac\u0103 au convenit astfel.<\/p>\n\n\t\t<\/div>\n\t<\/div>\n\n\t<div class=\"wpb_text_column wpb_content_element\" >\n\t\t<div class=\"wpb_wrapper\">\n\t\t\t<h2>Prelucrarea \u0219i \u00eendeplinirea comenzilor<\/h2>\n<p>1.13. C\u00e2nd sunt procesate comenzile<\/p>\n<p>1.14. termenul general de execu\u021bie, \u00een termen de x zile lucr\u0103toare de la confirmare. \u00cen cazul \u00een care prestatorul de servicii \u0219i utilizatorul nu au convenit asupra termenului de executare, prestatorul de servicii este obligat s\u0103 execute contractul \u00een termenul sau la data specificat\u0103 \u00een cererea utilizatorului sau, \u00een absen\u021ba unei cereri, \u00een termen de cel mult 30 de zile de la primirea comenzii de c\u0103tre prestatorul de servicii.<\/p>\n<p>1.15. \u00cen cazul \u00een care furnizorul de servicii nu reu\u0219e\u0219te s\u0103 \u00ee\u0219i \u00eendeplineasc\u0103 obliga\u021biile contractuale deoarece produsul specificat \u00een contract nu este disponibil, acesta informeaz\u0103 imediat utilizatorul despre aceasta \u0219i ramburseaz\u0103 suma pl\u0103tit\u0103 de utilizator f\u0103r\u0103 \u00eent\u00e2rziere, dar nu mai t\u00e2rziu de treizeci de zile. \u00cendeplinirea acestei obliga\u021bii nu \u00eel scute\u0219te pe prestatorul de servicii de orice alte consecin\u021be ale \u00eenc\u0103lc\u0103rii contractului.<\/p>\n\n\t\t<\/div>\n\t<\/div>\n\n\t<div class=\"wpb_text_column wpb_content_element\" >\n\t\t<div class=\"wpb_wrapper\">\n\t\t\t<h2>Tratarea reclama\u021biilor<\/h2>\n<p>1.16. Magazinul online trebuie s\u0103 informeze consumatorul cu privire la sediul s\u0103u social, la locul de tratare a reclama\u021biilor, dac\u0103 acesta este diferit de locul de distribu\u021bie sau de v\u00e2nzare, \u0219i la metoda adaptat\u0103 la caracteristicile specifice ale activit\u0103\u021bii, formei sau metodei comerciale, precum \u0219i la adresa po\u0219tal\u0103 \u0219i, \u00een cazul \u00een care societatea prime\u0219te reclama\u021bii \u0219i \u00een acest mod, la adresa de e-mail \u0219i la adresa de internet \u0219i num\u0103rul de telefon ale societ\u0103\u021bii sau ale serviciului pentru clien\u021bi al societ\u0103\u021bii \u00een scopul comunic\u0103rii reclama\u021biilor.<\/p>\n\n\t\t<\/div>\n\t<\/div>\n\n\t<div class=\"wpb_text_column wpb_content_element\" >\n\t\t<div class=\"wpb_wrapper\">\n\t\t\t<h2>Dispozi\u021bii diverse<\/h2>\n<p>1.17. Furnizorul de servicii \u0219i utilizatorul vor \u00eencerca s\u0103 \u00ee\u0219i rezolve litigiile pe cale amiabil\u0103.<\/p>\n<p>Sos\u00faa, 2021.08.26.<\/p>\n\n\t\t<\/div>\n\t<\/div>\n<\/div><\/div><\/div><\/div>\n<\/div>","protected":false},"excerpt":{"rendered":"Termenii \u0219i condi\u021biile generale ale serviciului (\"TCG\") con\u021bin termenii \u0219i condi\u021biile generale de utilizare a magazinului online operat de Go Dominican Vacations EA SRL, o companie cu sediul social \u00een Calle Pablo Neruda 9, Villa Ana Maria, Sos\u00faa, Republica Dominican\u0103, Cod de identificare fiscal\u0103: 132-04861-1, \u00een calitate de furnizor de servicii (\"Furnizor de servicii\"). V\u0103 rug\u0103m s\u0103 utiliza\u021bi serviciile noastre numai dac\u0103 sunte\u021bi de acord cu toate punctele sale \u0219i v\u0103 considera\u021bi obligat s\u0103 le respecta\u021bi. Acest document nu va fi utilizat [...]","protected":false},"author":12,"featured_media":0,"parent":0,"menu_order":17,"comment_status":"closed","ping_status":"closed","template":"","meta":{"_seopress_robots_primary_cat":"","_seopress_titles_title":"","_seopress_titles_desc":"","_seopress_robots_index":"","footnotes":""},"class_list":["post-8390","page","type-page","status-publish","hentry"],"_links":{"self":[{"href":"https:\/\/dominikaneked.hu\/ro\/wp-json\/wp\/v2\/pages\/8390","targetHints":{"allow":["GET"]}}],"collection":[{"href":"https:\/\/dominikaneked.hu\/ro\/wp-json\/wp\/v2\/pages"}],"about":[{"href":"https:\/\/dominikaneked.hu\/ro\/wp-json\/wp\/v2\/types\/page"}],"author":[{"embeddable":true,"href":"https:\/\/dominikaneked.hu\/ro\/wp-json\/wp\/v2\/users\/12"}],"replies":[{"embeddable":true,"href":"https:\/\/dominikaneked.hu\/ro\/wp-json\/wp\/v2\/comments?post=8390"}],"version-history":[{"count":0,"href":"https:\/\/dominikaneked.hu\/ro\/wp-json\/wp\/v2\/pages\/8390\/revisions"}],"wp:attachment":[{"href":"https:\/\/dominikaneked.hu\/ro\/wp-json\/wp\/v2\/media?parent=8390"}],"curies":[{"name":"wp","href":"https:\/\/api.w.org\/{rel}","templated":true}]}}