{"id":8388,"date":"2021-06-12T16:16:28","date_gmt":"2021-06-12T14:16:28","guid":{"rendered":"exploore.sysvol.hu"},"modified":"2021-07-28T15:50:14","modified_gmt":"2021-07-28T13:50:14","slug":"utazasi-feltetelek","status":"publish","type":"page","link":"https:\/\/dominikaneked.hu\/ro\/utazasi-feltetelek\/","title":{"rendered":"Condi\u021bii de c\u0103l\u0103torie"},"content":{"rendered":"<div class=\"wpb-content-wrapper\"><div class=\"vc_row wpb_row vc_row-fluid\"><div class=\"wpb_column vc_column_container vc_col-sm-12\"><div class=\"vc_column-inner\"><div class=\"wpb_wrapper\">\n\t<div class=\"wpb_text_column wpb_content_element\" >\n\t\t<div class=\"wpb_wrapper\">\n\t\t\t<h2>CONDI\u021aII GENERALE DE C\u0102L\u0102TORIE:<\/h2>\n<ul>\n<li>Programele noastre \u00eencep \u0219i se \u00eencheie \u00een \u021bara \u0219i ora\u0219ul de sosire indicate \u00een descriere. Traversarea frontierei ungare pe uscat sau pe calea aerului nu este inclus\u0103 \u00een programe. Programele sunt organizate de Go Dominican Vacation EA. SRL.<\/li>\n<li>Deplasarea la locul de plecare la ora de \u00eencepere \u0219i plecarea dup\u0103 program sunt individuale \u0219i nu fac parte din program.<\/li>\n<li>Noi nu vindem zboruri, pute\u021bi rezerva prin intermediul partenerului nostru de pe site-ul nostru.<\/li>\n<li>Pre\u021burile afi\u0219ate pe site sunt exprimate \u00een USD \u0219i sunt orientative.<\/li>\n<li>Informa\u021biile de pe acest site nu constituie o ofert\u0103 de c\u0103l\u0103torie.<\/li>\n<\/ul>\n\n\t\t<\/div>\n\t<\/div>\n\n\t<div class=\"wpb_text_column wpb_content_element\" >\n\t\t<div class=\"wpb_wrapper\">\n\t\t\t<h2>PROCEDURA DE REZERVARE:<\/h2>\n<ol>\n<li>Selec\u021bia programului<br \/>\nRezervarea c\u0103l\u0103toriei se face \u00een format electronic. Pe site-ul nostru de internet enumer\u0103m programele noastre<\/p>\n<ul>\n<li>o descriere detaliat\u0103 a<\/li>\n<li>Data \u0219i ora de<\/li>\n<li>pre\u021bul<\/li>\n<li>ce este inclus \u0219i ce nu este inclus \u00een pre\u021b<\/li>\n<\/ul>\n<p>V\u0103 rug\u0103m s\u0103 citi\u021bi informa\u021biile. Folosi\u021bi aceste informa\u021bii pentru a alege care dintre programele noastre v\u0103 intereseaz\u0103.<\/li>\n<li>Comunicarea \u00eenainte de c\u0103l\u0103torie<br \/>\nContactul \u00eenainte de rezervare se poate face prin e-mail, Messenger, WhatsApp, Viber. Putem fi contacta\u021bi prin intermediul acestor canale pentru orice \u00eentrebare\/solicitare necesar\u0103 pentru a preg\u0103ti o decizie.<\/li>\n<li>Cerere de ofert\u0103<br \/>\nCompleta\u021bi formularul din meniul de contact de pe site-ul nostru ( https:\/\/dominikavar.hu\/kapcsolat\/ ). Acest lucru va ad\u0103uga cererea dvs. la celelalte cereri de propuneri, unde vom vedea toate cererile \u00eempreun\u0103. Ave\u021bi posibilitatea de a face cereri individuale. Vom comunica \u00een continuare, r\u0103spunz\u00e2nd la \u00eentreb\u0103rile dvs., la adresa de e-mail pe care o furniza\u021bi \u00een formular,<br \/>\n\u0219i v\u0103 vom oferi o ofert\u0103. Cererea de ofert\u0103 nu constituie o comand\u0103. Comenzile sunt plasate dup\u0103 plata programului.<\/li>\n<li>Rezervarea unui program<br \/>\nC\u00e2nd toate detaliile c\u0103l\u0103toriei dvs. sunt clare, v\u0103 vom cere s\u0103 pl\u0103ti\u021bi suma stabilit\u0103 prin intermediul sistemului nostru de rezervare. Sistem securizat de plat\u0103 cu cardul de credit. Dup\u0103 efectuarea pl\u0103\u021bii, c\u0103l\u0103toria dvs. va fi rezervat\u0103 \u00een calendar. 20% din avans va fi considerat ca fiind o sum\u0103 de bani de regret \u0219i nu va fi rambursat \u00een caz de anulare. Motivul pentru aceasta este c\u0103, odat\u0103 cu cre\u0219terea num\u0103rului de<br \/>\n\u0219i ne planific\u0103m volumul zilnic de munc\u0103 \u00een consecin\u021b\u0103. Considera\u021bi c\u0103 este o tax\u0103 de anulare. V\u0103 rug\u0103m s\u0103 pl\u0103ti\u021bi numai dac\u0103 accepta\u021bi aceast\u0103 condi\u021bie. Prin efectuarea acestei pl\u0103\u021bi, recunoa\u0219te\u021bi c\u0103 a\u021bi primit toate informa\u021biile despre c\u0103l\u0103torie \u0219i c\u0103 a\u021bi luat decizia \u00een deplin\u0103 cuno\u0219tin\u021b\u0103 de cauz\u0103.<br \/>\nAceste articole nu vor fi rambursate \u00een niciun caz:<\/p>\n<ul>\n<li>bilet de avion intern<\/li>\n<li>cazare \u00een termen de 60 de zile<\/li>\n<\/ul>\n<p>\u00cen cazul unei am\u00e2n\u0103ri din orice motiv, suma rezerv\u0103rii va fi creditat\u0103 \u00een cazul unei noi rezerv\u0103ri \u00een termen de 24 de luni de la data ini\u021bial\u0103(!) a c\u0103l\u0103toriei (cu excep\u021bia excep\u021biilor enumerate).<br \/>\nNu trebuie s\u0103 c\u0103l\u0103tori\u021bi \u00een termen de 24 de luni, dar rezerva\u021bi o nou\u0103 dat\u0103.<\/li>\n<\/ol>\n\n\t\t<\/div>\n\t<\/div>\n\n\t<div class=\"wpb_text_column wpb_content_element\" >\n\t\t<div class=\"wpb_wrapper\">\n\t\t\t<h2>ACHIZI\u021aIE<\/h2>\n<p>\u00cen pre\u021burile afi\u0219ate \u00een program se utilizeaz\u0103 pre\u021buri brute. Tot ceea ce face parte din excursie este inclus \u00een pre\u021b.<\/p>\n<p>Acesta este inclus \u00een pre\u021bul afi\u0219at:<\/p>\n<ul>\n<li>bilete<\/li>\n<li>transfer la fa\u021ba locului: vehicul cu aer condi\u021bionat, cu \u0219ofer, \u00een func\u021bie de num\u0103rul de persoane \u0219i de eventualele bagaje<\/li>\n<li>un ghid turistic vorbitor de limba maghiar\u0103, care include sarcini legate de c\u0103l\u0103torie<\/li>\n<li>ghizi vorbitori de limb\u0103 maghiar\u0103: ofer\u0103 informa\u021bii despre obiectivele turistice din programe<\/li>\n<li>cazare: pre\u021bul excursiilor noastre include cazare \u0219i mas\u0103 pentru fiecare grup.<\/li>\n<\/ul>\n<p>Nu este inclus \u00een pre\u021bul afi\u0219at:<\/p>\n<ul>\n<li>costul c\u0103l\u0103toriei c\u0103tre ora\u0219ul de sosire \/ costul c\u0103l\u0103toriei din ora\u0219ul de plecare la sf\u00e2r\u0219itul programului<\/li>\n<li>programe speciale op\u021bionale<\/li>\n<li>supliment pentru o singur\u0103 persoan\u0103<\/li>\n<li>pat suplimentar tax\u0103 suplimentar\u0103<\/li>\n<li>costul extinderii<\/li>\n<li>costuri suplimentare datorate unor nevoi dietetice speciale<\/li>\n<li>asigurare de boal\u0103, accident, bagaje<\/li>\n<\/ul>\n<p>Pre\u021burile de cazare sunt incluse \u00een pachetele pe care le anun\u021b\u0103m. Nu includem cazarea \u00een programele zilnice individuale. La cerere, putem aranja tarife reduse la hotelurile noastre contractate.<br \/>\nMese: mic dejun inclus \u00een pre\u021bul caz\u0103rii recomandate \/ rezervate de noi.<br \/>\nUnele dintre programele noastre includ o mas\u0103 \u00eencorporat\u0103. Acestea sunt indicate separat.<br \/>\nPentru biletele de intrare, avem contracte de intrare la pre\u021b redus cu o serie de atrac\u021bii. Le folosim \u00een pachetele pe care le public\u0103m.<br \/>\n\u00cen ceea ce prive\u0219te transportul, parteneriatele noastre comerciale de lung\u0103 durat\u0103 ne ofer\u0103 reduceri de volum \u00een multe locuri. Le aplic\u0103m pachetelor pe care le public\u0103m.<\/p>\n\n\t\t<\/div>\n\t<\/div>\n\n\t<div class=\"wpb_text_column wpb_content_element\" >\n\t\t<div class=\"wpb_wrapper\">\n\t\t\t<h2>PREG\u0102TIREA PENTRU C\u0102L\u0102TORIE<\/h2>\n<ul>\n<li>Verifica\u021bi valabilitatea pa\u0219aportului dumneavoastr\u0103. Acesta trebuie s\u0103 fie valabil timp de 6 luni de la data plec\u0103rii.<\/li>\n<li>Asigurarea este esen\u021bial\u0103. Atunci c\u00e2nd \u00eencheia\u021bi o asigurare, acorda\u021bi-v\u0103 timp pentru a v\u0103 familiariza cu termenii \u0219i condi\u021biile. Verifica\u021bi la asigur\u0103tor care sunt spitalele din ora\u0219ele pe care le acoperi\u021bi care sunt afiliate la asigur\u0103tor. Dac\u0103 nu, ce ar trebui s\u0103 face\u021bi. Faptul c\u0103 institu\u021bia medical\u0103 v\u0103 va oferi tratament pe cheltuiala asigur\u0103rii dumneavoastr\u0103 sau pe baza unui avans \u00een numerar \u0219i a unei decont\u0103ri dup\u0103 \u00eencheierea asigur\u0103rii poate depinde de cazul specific. Fi\u021bi preg\u0103tit s\u0103 pl\u0103ti\u021bi \u00een consecin\u021b\u0103 \u0219i fi\u021bi con\u0219tient de lista de documente solicitate de asigur\u0103tor.<br \/>\nTipuri de asigur\u0103ri:<\/p>\n<ul>\n<li>BBP - boal\u0103, accident, bagaje<\/li>\n<li>supliment pentru sporturi extreme, dac\u0103 itinerariul dvs. include drume\u021bii \u00een jungl\u0103, escalad\u0103, scufund\u0103ri...<\/li>\n<li>asigurare de c\u0103l\u0103torie<\/li>\n<\/ul>\n<\/li>\n<li>Cunoa\u0219terea normelor vamale privind importurile, cu accent special pe produsele accizabile: \u021big\u0103ri, alcool \u0219i lichide.<\/li>\n<li>Norme vamale de export, \u00een special: comori naturale (scoici, corali, plante, semin\u021be... etc.); produse de origine animal\u0103;<\/li>\n<li>Sunte\u021bi responsabil pentru respectarea legilor din \u021bara dumneavoastr\u0103 \u0219i a regulilor de vizitare a site-urilor incluse \u00een program. \u00cen special, ace\u0219tia trebuie s\u0103 respecte pe deplin regulile de \u021binut\u0103 \u0219i de comportament prev\u0103zute \u00een locurile de interes, precum \u0219i regulile de circula\u021bie.<\/li>\n<\/ul>\n\n\t\t<\/div>\n\t<\/div>\n\n\t<div class=\"wpb_text_column wpb_content_element\" >\n\t\t<div class=\"wpb_wrapper\">\n\t\t\t<h2>\u00ceN TIMPUL C\u0102L\u0102TORIEI, \u00ceN LEG\u0102TUR\u0102 CU ZBORUL<\/h2>\n<ol>\n<li>V\u0103 rug\u0103m s\u0103 verifica\u021bi cu companiile aeriene\n<ul>\n<li>normele privind limitele de m\u0103rime \u0219i greutate pentru bagajele \u00eenregistrate<\/li>\n<li>normele privind greutatea total\u0103 \u0219i num\u0103rul de articole permise pentru bagajul de m\u00e2n\u0103<\/li>\n<\/ul>\n<\/li>\n<li>Asigura\u021bi-v\u0103 c\u0103 ajunge\u021bi la aeroport la timp \u00eenainte de plecarea zborului. \u00cen cazul zborurilor interna\u021bionale, de obicei cu 2 ore \u00eenainte de plecare.<\/li>\n<li>Atunci c\u00e2nd c\u0103l\u0103tori\u021bi cu avionul, se aplic\u0103 condi\u021biile de c\u0103l\u0103torie ale companiei aeriene, inclusiv orice modific\u0103ri ale zborului: \u00eent\u00e2rzieri, modific\u0103ri ale programului, modific\u0103ri ale tipului de aeronav\u0103 sau chiar modific\u0103ri ale companiei aeriene.<\/li>\n<\/ol>\n\n\t\t<\/div>\n\t<\/div>\n\n\t<div class=\"wpb_text_column wpb_content_element\" >\n\t\t<div class=\"wpb_wrapper\">\n\t\t\t<h2>DUP\u0102 SOSIRE<\/h2>\n<ol>\n<li>Pentru achizi\u021biile dvs., sunte\u021bi responsabil pentru determinarea autenticit\u0103\u021bii articolelor. V\u0103 rug\u0103m s\u0103 v\u0103 g\u00e2ndi\u021bi cu aten\u021bie la decizia dumneavoastr\u0103 \u00eenainte de a face o achizi\u021bie.<\/li>\n<li>Cerin\u021bele dietetice speciale pot fi satisf\u0103cute doar \u00een limita meniului.<\/li>\n<li>Urm\u0103toarele cazuri nu se \u00eencadreaz\u0103 \u00een categoriile de care ne putem ocupa:\n<ul>\n<li>vreme; catastrof\u0103 natural\u0103; stare de urgen\u021b\u0103 decretat\u0103 de \u021bara \u00een cauz\u0103<\/li>\n<li>evenimente politice, evenimente<\/li>\n<li>s\u0103rb\u0103tori, festivaluri<\/li>\n<li>lucr\u0103ri de construc\u021bie, \u00eenchiderea drumurilor<\/li>\n<\/ul>\n<\/li>\n<li>Pentru cazare, vom rezerva categoria de camer\u0103 \u0219i tipul de pat prestabilite. \u00cen conformitate cu standardele interna\u021bionale, camerele trebuie eliberate p\u00e2n\u0103 cel t\u00e2rziu la ora 12:00 \u0219i pot fi ocupate cel mai devreme de la ora 14:00. Hotelurile pot specifica ore diferite. Nu ne asum\u0103m r\u0103spunderea pentru disponibilitatea total\u0103 sau par\u021bial\u0103 a camerelor la sosire.<\/li>\n<li>Facem leg\u0103tura \u00eentre c\u0103l\u0103torii care s-au \u00eenregistrat \u00een acela\u0219i timp \u0219i pentru acela\u0219i program. Utiliz\u0103m un vehicul de aceea\u0219i m\u0103rime cu grupul.<\/li>\n<\/ol>\n\n\t\t<\/div>\n\t<\/div>\n\n\t<div class=\"wpb_text_column wpb_content_element\" >\n\t\t<div class=\"wpb_wrapper\">\n\t\t\t<h2>CONDI\u021aII DE PARTICIPARE LA PROGRAMELE NOASTRE<\/h2>\n<ol>\n<li>Pentru un program de o zi \u00eentreag\u0103, programul \u00eencepe la ora 8:00. Alte ore de start vor fi comunicate separat.<\/li>\n<li>Pentru programele de o jum\u0103tate de zi, ora de plecare va fi stabilit\u0103 \u00een prealabil.<\/li>\n<li>Programul \u00eencepe \u0219i se termin\u0103 la recep\u021bia hotelului. Orice alt caz va fi convenit \u00een prealabil.<\/li>\n<li>Pentru un program de o zi \u00eentreag\u0103, oferim spa\u021biu \u0219i timp suficient pentru mese. Cerin\u021bele dietetice speciale pot fi satisf\u0103cute doar p\u00e2n\u0103 la limita meniului.<\/li>\n<li>\u00cenainte de \u00eenceperea programelor, vor fi anun\u021bate regulile generale \u0219i regulile pentru atrac\u021biile zilei. Aceasta \u00eenseamn\u0103 \u00een principal codul vestimentar (\u00eembr\u0103c\u0103mintea a\u0219teptat\u0103) \u0219i manierele.<\/li>\n<li>La fiecare punct de atrac\u021bie, un ghid v\u0103 va da textul pentru locul respectiv imediat dup\u0103 sosire. Dup\u0103 aceasta, pute\u021bi merge s\u0103 face\u021bi fotografii. Dac\u0103 nu a\u021bi fost acolo c\u00e2nd a vorbit ghidul, este alegerea dumneavoastr\u0103.<\/li>\n<li>V\u0103 rug\u0103m s\u0103 nu \u00eentrerupe\u021bi textul ghidului prin \u00eentreb\u0103ri. Pune\u021bi orice \u00eentrebare relevant\u0103 dup\u0103 text \u0219i ve\u021bi primi r\u0103spuns.<\/li>\n<li>V\u0103 rug\u0103m s\u0103 nu v\u0103 povesti\u021bi propriile \u00eent\u00e2mpl\u0103ri despre c\u0103l\u0103toriile anterioare \u00een timpul turului ghidat. Ave\u021bi posibilitatea de a face acest lucru \u00een timpul liber, al\u0103turi de al\u021bi c\u0103l\u0103tori receptivi.<\/li>\n<li>\u00cen timpul programelor, \u00eenregistrarea imaginii \u0219i a sunetului se poate face de la LISTENER. Numai materialele care nu sunt protejate prin drepturi de autor sau alte drepturi de proprietate intelectual\u0103 pot fi publicate pe internet. Textul vorbit al ghidurilor este protejat prin drepturi de autor \u0219i orice utilizare a acestuia necesit\u0103 o autoriza\u021bie scris\u0103 prealabil\u0103.<\/li>\n<li>\u00cen cazul \u00een care nu v\u0103 prezenta\u021bi la o dat\u0103 de plecare \u00een timpul programului, va trebui s\u0103 v\u0103 organiza\u021bi propria c\u0103l\u0103torie spre \u0219i dinspre program, pe cheltuiala dumneavoastr\u0103.<\/li>\n<li>Nu este permis\u0103 participarea la programele noastre a persoanelor \u00een stare de ebrietate sau intoxica\u021bie.<\/li>\n<li>Problemele care apar din cauza nerespect\u0103rii regulilor a\u0219teptate (de exemplu, \u00eembr\u0103c\u0103minte, comportament) sunt transmise mai departe.<\/li>\n<li>Nu vom recupera niciun program ratat din cauza st\u0103rii dumneavoastr\u0103 medicale.<\/li>\n<li>\u00cen cazul \u00een care p\u0103r\u0103si\u021bi programul f\u0103r\u0103 un acord prealabil, v\u0103 rug\u0103m s\u0103 v\u0103 asigura\u021bi c\u0103 v\u0103 \u00eentoarce\u021bi la hotel.<\/li>\n<li>Aduce\u021bi la program doar echipamentul esen\u021bial\/necesar. Nu suntem responsabili pentru obiectele personale \u0219i obiectele de valoare l\u0103sate \u00een vehicul.<\/li>\n<li>\u00cen cazul unei reclama\u021bii, v\u0103 rug\u0103m s\u0103 trimite\u021bi reclama\u021bia \u00een scris, \u00een termen de 24 de ore, la adresa info@godominicanvacations.com. Numai atunci vom putea lua \u00een considerare pl\u00e2ngerea dumneavoastr\u0103.<\/li>\n<\/ol>\n\n\t\t<\/div>\n\t<\/div>\n\n\t<div class=\"wpb_text_column wpb_content_element\" >\n\t\t<div class=\"wpb_wrapper\">\n\t\t\t<h2>CONDI\u021aII DE ANULARE:<\/h2>\n<ul>\n<li>Cu 96 de ore \u00eenainte de \u00eenceperea programului op\u021bional comandat, se va rambursa 75% din pre\u021bul total.<\/li>\n<li>Cu 72 de ore \u00eenainte de \u00eenceperea programului op\u021bional rezervat, vom rambursa 50% din pre\u021bul total.<\/li>\n<li>\u00cen caz de anulare sau neprezentare \u00een termen de 72 de ore, nu vom putea rambursa suma pl\u0103tit\u0103.<\/li>\n<\/ul>\n<p>O excep\u021bie de la aceste condi\u021bii se face \u00een cazul \u00een care persoana care anuleaz\u0103 c\u0103l\u0103toria nu poate participa din motive de s\u0103n\u0103tate \u0219i poate furniza documente medicale. \u00cen acest caz, vom rambursa suma pl\u0103tit\u0103 \u00een 90%.<\/p>\n<p>Nu putem rambursa pre\u021bul de achizi\u021bie al programelor care nu sunt organizate de noi, ci putem emite doar un voucher, care este transferabil.<\/p>\n\n\t\t<\/div>\n\t<\/div>\n\n\t<div class=\"wpb_text_column wpb_content_element\" >\n\t\t<div class=\"wpb_wrapper\">\n\t\t\t<h2>GARAN\u021aIILE NOASTRE<\/h2>\n<p>Oferim programe de produc\u021bie proprie. Aceasta este esen\u021ba a ceea ce facem noi.<br \/>\nV\u0103 vom oferi sfaturi privind zborurile \u0219i cazarea care se potrivesc cel mai bine itinerariului dumneavoastr\u0103, dar decizia \u0219i achizi\u021bia v\u0103 apar\u021bin.<br \/>\n\u00cempreun\u0103, acest lucru v\u0103 asigur\u0103 c\u0103 nu ajunge\u021bi \u00een situa\u021bia imposibil\u0103 care se \u00eent\u00e2mpl\u0103 uneori cu agen\u021biile de turism. Cazarea \u0219i \u00eentoarcerea acas\u0103 vor fi organizate \u0219i ve\u021bi avea la dispozi\u021bie toate informa\u021biile de care ave\u021bi nevoie.<\/p>\n<p>CE ESTE O GARAN\u021aIE DE PRE\u021a?<\/p>\n<ul>\n<li>Dac\u0103 pute\u021bi g\u0103si acela\u0219i program mai ieftin la o alt\u0103 companie \u0219i pute\u021bi dovedi \u00een mod credibil acest lucru, v\u0103 vom rambursa diferen\u021ba \u0219i v\u0103 vom oferi programul la pre\u021bul mai ieftin!<\/li>\n<li>Dac\u0103 nu pute\u021bi veni s\u0103 ne vizita\u021bi, pute\u021bi folosi voucherul pentru urm\u0103torii 2 ani. De fapt, vocherul poate fi transferat \u0219i v\u00e2ndut ( anun\u021bat \u00een grupul nostru ).<\/li>\n<\/ul>\n<p>NE REZERV\u0102M DREPTUL DE A MODIFICA PRE\u021aURILE \u0218I NU PUTEM FI TRA\u0218I LA R\u0102SPUNDERE PENTRU EVENTUALELE ERORI DE PE SITE.<\/p>\n\n\t\t<\/div>\n\t<\/div>\n<\/div><\/div><\/div><\/div>\n<\/div>","protected":false},"excerpt":{"rendered":"CONDI\u021aII GENERALE DE TRANZIT: programele noastre \u00eencep \u0219i se \u00eencheie \u00een \u021bara \u0219i ora\u0219ul de sosire indicate \u00een descriere. Traversarea frontierei Ungariei pe uscat sau pe calea aerului nu este inclus\u0103 \u00een programe. Programele sunt organizate de Go Dominican Vacation EA. SRL. Deplasarea la locul de plecare la ora de \u00eencepere \u0219i apoi plecarea dup\u0103 program este individual\u0103 \u0219i nu face parte din program. [...]","protected":false},"author":12,"featured_media":0,"parent":0,"menu_order":10,"comment_status":"closed","ping_status":"closed","template":"","meta":{"_seopress_robots_primary_cat":"","_seopress_titles_title":"","_seopress_titles_desc":"","_seopress_robots_index":"","footnotes":""},"class_list":["post-8388","page","type-page","status-publish","hentry"],"_links":{"self":[{"href":"https:\/\/dominikaneked.hu\/ro\/wp-json\/wp\/v2\/pages\/8388","targetHints":{"allow":["GET"]}}],"collection":[{"href":"https:\/\/dominikaneked.hu\/ro\/wp-json\/wp\/v2\/pages"}],"about":[{"href":"https:\/\/dominikaneked.hu\/ro\/wp-json\/wp\/v2\/types\/page"}],"author":[{"embeddable":true,"href":"https:\/\/dominikaneked.hu\/ro\/wp-json\/wp\/v2\/users\/12"}],"replies":[{"embeddable":true,"href":"https:\/\/dominikaneked.hu\/ro\/wp-json\/wp\/v2\/comments?post=8388"}],"version-history":[{"count":0,"href":"https:\/\/dominikaneked.hu\/ro\/wp-json\/wp\/v2\/pages\/8388\/revisions"}],"wp:attachment":[{"href":"https:\/\/dominikaneked.hu\/ro\/wp-json\/wp\/v2\/media?parent=8388"}],"curies":[{"name":"wp","href":"https:\/\/api.w.org\/{rel}","templated":true}]}}