{"id":8386,"date":"2021-06-12T16:16:13","date_gmt":"2021-06-12T14:16:13","guid":{"rendered":"exploore.sysvol.hu"},"modified":"2021-09-17T06:51:43","modified_gmt":"2021-09-17T04:51:43","slug":"miert-a-dominikai-koztarsasag","status":"publish","type":"page","link":"https:\/\/dominikaneked.hu\/ro\/miert-a-dominikai-koztarsasag\/","title":{"rendered":"De ce Republica Dominican\u0103?"},"content":{"rendered":"<div class=\"wpb-content-wrapper\"><div class=\"vc_row wpb_row vc_row-fluid\"><div class=\"text-center col-sm-12 col-lg-10 offset-lg-1 wpb_column vc_column_container vc_col-sm-12\"><div class=\"vc_column-inner\"><div class=\"wpb_wrapper\">\n\t<div class=\"wpb_text_column wpb_content_element mb-5\" >\n\t\t<div class=\"wpb_wrapper\">\n\t\t\t<h2 class=\"heading\"><strong>Caraibe<\/strong> <em>lux<\/em><\/h2>\n<div class=\"subtitle dash\">Acum este disponibil pentru oricine la pre\u021buri accesibile!<\/div>\n<p>Imagineaz\u0103-\u021bi cea mai uimitoare zi din via\u021ba ta! Cum ar fi? Servicii de lux, priveli\u0219ti minunate, experien\u021be de neuitat care se \u00eentrep\u0103trund, bucurie, r\u00e2sete, fericire \u0219i cel mai frumos r\u0103s\u0103rit \u0219i apus de soare din lume ca un fundal potrivit...<\/p>\n<p>Unde \u021bi-ar pl\u0103cea cel mai mult s\u0103 petreci cele mai frumoase zile din via\u021ba ta?<\/p>\n<p>V\u0103 propunem s\u0103 v\u0103 planifica\u021bi acum cele mai magice experien\u021be din via\u021ba dumneavoastr\u0103, cele mai uimitoare zile \u00een perla Caraibelor, Republica Dominican\u0103!<\/p>\n\n\t\t<\/div>\n\t<\/div>\n<\/div><\/div><\/div><\/div><div data-vc-full-width=\"true\" data-vc-full-width-init=\"false\" data-vc-stretch-content=\"true\" class=\"vc_row wpb_row vc_row-fluid row row-full mb-5\"><div class=\"col-md-6 wpb_column vc_column_container vc_col-sm-6\"><div class=\"vc_column-inner\"><div class=\"wpb_wrapper\">\n\t<div class=\"wpb_text_column wpb_content_element col-sm-12 col-lg-10 offset-lg-2\" >\n\t\t<div class=\"wpb_wrapper\">\n\t\t\t<p>Republica Dominican\u0103 este a doua insul\u0103 ca m\u0103rime din Antilele Mari, bijuteria sta\u021biunilor de vacan\u021b\u0103 \u0219i cea mai c\u0103utat\u0103 destina\u021bie pentru turi\u0219tii maghiari. Nu e de mirare! Priveli\u0219tile uimitoare ale Caraibelor, atmosfera sa de neegalat, oportunit\u0103\u021bile de a tr\u0103i experien\u021be minunate sunt toate tentante pentru c\u0103l\u0103torii care caut\u0103 o vacan\u021b\u0103 de neuitat.<\/p>\n<p>Republica Dominican\u0103 este indiscutabil considerat\u0103 de c\u0103l\u0103tori ca fiind cea mai bun\u0103 vacan\u021b\u0103 din via\u021ba lor \u0219i centrul unor experien\u021be de neuitat, datorit\u0103 climatului s\u0103u unic, atrac\u021biilor sale \u0219i nivelului ridicat de servicii specializate pentru nevoile turi\u0219tilor.<\/p>\n<p>Dac\u0103 te-ai uitat vreodat\u0103 la un film care a avut loc aici \u0219i te-ai g\u00e2ndit \"A\u0219 vrea s\u0103 v\u0103d nisipul alb \u0219i str\u0103lucitor de pe plaj\u0103, a\u0219 vrea s\u0103 pot alerga \u00een marea turcoaz\", atunci Republica Dominican\u0103 a fost \"inventat\u0103\" pentru tine!<\/p>\n\n\t\t<\/div>\n\t<\/div>\n<\/div><\/div><\/div><div class=\"col-md-6 wpb_column vc_column_container vc_col-sm-6\"><div class=\"vc_column-inner\"><div class=\"wpb_wrapper\">\n\t<div class=\"wpb_video_widget wpb_content_element vc_clearfix   vc_video-aspect-ratio-169 vc_video-el-width-100 vc_video-align-left\" >\n\t\t<div class=\"wpb_wrapper\">\n\t\t\t\n\t\t\t<div class=\"wpb_video_wrapper\"><iframe loading=\"lazy\" title=\"Punta Cana \u00een 4K\" width=\"500\" height=\"281\" src=\"https:\/\/www.youtube.com\/embed\/v0LzM2Amy5U?feature=oembed\" frameborder=\"0\" allow=\"accelerometer; autoplay; clipboard-write; encrypted-media; gyroscope; picture-in-picture; web-share\" referrerpolicy=\"strict-origin-when-cross-origin\" allowfullscreen><\/iframe><\/div>\n\t\t<\/div>\n\t<\/div>\n<\/div><\/div><\/div><\/div><div class=\"vc_row-full-width vc_clearfix\"><\/div><div class=\"vc_row wpb_row vc_row-fluid\"><div class=\"text-center col-sm-12 col-lg-10 offset-lg-1 mb-5 wpb_column vc_column_container vc_col-sm-12\"><div class=\"vc_column-inner\"><div class=\"wpb_wrapper\">\n\t<div class=\"wpb_text_column wpb_content_element\" >\n\t\t<div class=\"wpb_wrapper\">\n\t\t\t<h2 class=\"heading\"><em>Este pentru tine<\/em> <strong>vacan\u021b\u0103 de vis<\/strong><\/h2>\n<div class=\"subtitle\">Fie c\u0103 sunte\u021bi \u00een c\u0103utarea unei vacan\u021be pline de aventur\u0103 sau \"doar\" dori\u021bi s\u0103 sta\u021bi pe plaj\u0103 toat\u0103 ziua \u0219i s\u0103 savura\u021bi cocktailuri \u00een timp ce admira\u021bi peisajele uimitoare, cea mai bun\u0103 alegere pentru dumneavoastr\u0103 este...<\/div>\n<p>Dac\u0103 sunte\u021bi \u00een c\u0103utarea unor experien\u021be \u0219i atrac\u021bii turistice pe fundalul naturii, care ar putea constitui un film de aventur\u0103 romantic. Dac\u0103 nu vre\u021bi s\u0103 cheltui\u021bi to\u021bi banii pe o vacan\u021b\u0103 \u0219i dori\u021bi experien\u021be exotice la pre\u021buri absolut europene!<\/p>\n<p>Dac\u0103 v\u0103 dori\u021bi o vacan\u021b\u0103 de lux pe care doar clasele superioare par s\u0103 \u0219i-o permit\u0103, cu caz\u0103ri de lux, atrac\u021bii premium \u0219i activit\u0103\u021bi de neuitat.<\/p>\n<p>Dac\u0103 iubi\u021bi marea \u0219i plaja, precum \u0219i toate \"efectele secundare pl\u0103cute\" care vin odat\u0103 cu Caraibe: briza at\u00e2t de u\u0219oar\u0103 de pe \u021b\u0103rm, aerul cald de pe ap\u0103, sunetul apei care se love\u0219te de \u021b\u0103rm, albul orbitor, soarele arz\u0103tor, str\u0103lucirea turcoazului. Acum este disponibil pentru toat\u0103 lumea, inclusiv pentru tine!<\/p>\n<p>Dac\u0103 v\u0103 plac activit\u0103\u021bile pline de ac\u021biune \u0219i dori\u021bi s\u0103 \u00eencerca\u021bi ceva la care a\u021bi visat sau a\u021bi v\u0103zut doar \u00een filme. De exemplu, a\u021bi putea dori s\u0103 lua\u021bi parte la o ceremonie voodoo \u00een direct, s\u0103 vizita\u021bi o fabric\u0103 de trabucuri, s\u0103 vede\u021bi peisajul dintr-o barc\u0103 zbur\u0103toare sau s\u0103 conduce\u021bi un Hummer.<\/p>\n\n\t\t<\/div>\n\t<\/div>\n<\/div><\/div><\/div><\/div><div class=\"vc_row wpb_row vc_row-fluid\"><div class=\"text-center col-sm-12 col-lg-10 offset-lg-1 wpb_column vc_column_container vc_col-sm-12\"><div class=\"vc_column-inner\"><div class=\"wpb_wrapper\">\n\t<div class=\"wpb_text_column wpb_content_element row-full\" >\n\t\t<div class=\"wpb_wrapper\">\n\t\t\t<div id='gallery-1' class='gallery galleryid-8386 gallery-columns-3 gallery-size-full'><figure class='gallery-item'>\n\t\t\t<div class='gallery-icon landscape'>\n\t\t\t\t<img loading=\"lazy\" decoding=\"async\" width=\"1602\" height=\"900\" src=\"https:\/\/dominikaneked.hu\/wp-content\/uploads\/2021\/08\/9bfd47343666e2f1217e33440b7a55dc-scaled-e1628406203925.jpeg\" class=\"attachment-full size-full\" alt=\"\" srcset=\"https:\/\/dominikaneked.hu\/wp-content\/uploads\/2021\/08\/9bfd47343666e2f1217e33440b7a55dc-scaled-e1628406203925.jpeg 1602w, https:\/\/dominikaneked.hu\/wp-content\/uploads\/2021\/08\/9bfd47343666e2f1217e33440b7a55dc-scaled-e1628406203925-300x169.jpeg 300w, https:\/\/dominikaneked.hu\/wp-content\/uploads\/2021\/08\/9bfd47343666e2f1217e33440b7a55dc-scaled-e1628406203925-1024x575.jpeg 1024w, https:\/\/dominikaneked.hu\/wp-content\/uploads\/2021\/08\/9bfd47343666e2f1217e33440b7a55dc-scaled-e1628406203925-768x431.jpeg 768w, https:\/\/dominikaneked.hu\/wp-content\/uploads\/2021\/08\/9bfd47343666e2f1217e33440b7a55dc-scaled-e1628406203925-1536x863.jpeg 1536w, https:\/\/dominikaneked.hu\/wp-content\/uploads\/2021\/08\/9bfd47343666e2f1217e33440b7a55dc-scaled-e1628406203925-18x10.jpeg 18w, https:\/\/dominikaneked.hu\/wp-content\/uploads\/2021\/08\/9bfd47343666e2f1217e33440b7a55dc-scaled-e1628406203925-600x337.jpeg 600w\" sizes=\"auto, (max-width: 1602px) 100vw, 1602px\" \/>\n\t\t\t<\/div><\/figure><figure class='gallery-item'>\n\t\t\t<div class='gallery-icon landscape'>\n\t\t\t\t<img loading=\"lazy\" decoding=\"async\" width=\"1600\" height=\"900\" src=\"https:\/\/dominikaneked.hu\/wp-content\/uploads\/2021\/08\/bacardisziget_feherhomokospartja_es_kristalytisztavize.jpeg\" class=\"attachment-full size-full\" alt=\"\" srcset=\"https:\/\/dominikaneked.hu\/wp-content\/uploads\/2021\/08\/bacardisziget_feherhomokospartja_es_kristalytisztavize.jpeg 1600w, https:\/\/dominikaneked.hu\/wp-content\/uploads\/2021\/08\/bacardisziget_feherhomokospartja_es_kristalytisztavize-300x169.jpeg 300w, https:\/\/dominikaneked.hu\/wp-content\/uploads\/2021\/08\/bacardisziget_feherhomokospartja_es_kristalytisztavize-1024x576.jpeg 1024w, https:\/\/dominikaneked.hu\/wp-content\/uploads\/2021\/08\/bacardisziget_feherhomokospartja_es_kristalytisztavize-768x432.jpeg 768w, https:\/\/dominikaneked.hu\/wp-content\/uploads\/2021\/08\/bacardisziget_feherhomokospartja_es_kristalytisztavize-1536x864.jpeg 1536w, https:\/\/dominikaneked.hu\/wp-content\/uploads\/2021\/08\/bacardisziget_feherhomokospartja_es_kristalytisztavize-18x10.jpeg 18w, https:\/\/dominikaneked.hu\/wp-content\/uploads\/2021\/08\/bacardisziget_feherhomokospartja_es_kristalytisztavize-600x338.jpeg 600w\" sizes=\"auto, (max-width: 1600px) 100vw, 1600px\" \/>\n\t\t\t<\/div><\/figure><figure class='gallery-item'>\n\t\t\t<div class='gallery-icon landscape'>\n\t\t\t\t<img loading=\"lazy\" decoding=\"async\" width=\"1600\" height=\"900\" src=\"https:\/\/dominikaneked.hu\/wp-content\/uploads\/2021\/08\/bacardisziget_feherpart_fentrol.jpeg\" class=\"attachment-full size-full\" alt=\"\" srcset=\"https:\/\/dominikaneked.hu\/wp-content\/uploads\/2021\/08\/bacardisziget_feherpart_fentrol.jpeg 1600w, https:\/\/dominikaneked.hu\/wp-content\/uploads\/2021\/08\/bacardisziget_feherpart_fentrol-300x169.jpeg 300w, https:\/\/dominikaneked.hu\/wp-content\/uploads\/2021\/08\/bacardisziget_feherpart_fentrol-1024x576.jpeg 1024w, https:\/\/dominikaneked.hu\/wp-content\/uploads\/2021\/08\/bacardisziget_feherpart_fentrol-768x432.jpeg 768w, https:\/\/dominikaneked.hu\/wp-content\/uploads\/2021\/08\/bacardisziget_feherpart_fentrol-1536x864.jpeg 1536w, https:\/\/dominikaneked.hu\/wp-content\/uploads\/2021\/08\/bacardisziget_feherpart_fentrol-18x10.jpeg 18w, https:\/\/dominikaneked.hu\/wp-content\/uploads\/2021\/08\/bacardisziget_feherpart_fentrol-600x338.jpeg 600w\" sizes=\"auto, (max-width: 1600px) 100vw, 1600px\" \/>\n\t\t\t<\/div><\/figure><figure class='gallery-item'>\n\t\t\t<div class='gallery-icon landscape'>\n\t\t\t\t<img loading=\"lazy\" decoding=\"async\" width=\"1600\" height=\"900\" src=\"https:\/\/dominikaneked.hu\/wp-content\/uploads\/2021\/08\/DSC03398-scaled-e1628406400409.jpg\" class=\"attachment-full size-full\" alt=\"\" srcset=\"https:\/\/dominikaneked.hu\/wp-content\/uploads\/2021\/08\/DSC03398-scaled-e1628406400409.jpg 1600w, https:\/\/dominikaneked.hu\/wp-content\/uploads\/2021\/08\/DSC03398-scaled-e1628406400409-300x169.jpg 300w, https:\/\/dominikaneked.hu\/wp-content\/uploads\/2021\/08\/DSC03398-scaled-e1628406400409-1024x576.jpg 1024w, https:\/\/dominikaneked.hu\/wp-content\/uploads\/2021\/08\/DSC03398-scaled-e1628406400409-768x432.jpg 768w, https:\/\/dominikaneked.hu\/wp-content\/uploads\/2021\/08\/DSC03398-scaled-e1628406400409-1536x864.jpg 1536w, https:\/\/dominikaneked.hu\/wp-content\/uploads\/2021\/08\/DSC03398-scaled-e1628406400409-18x10.jpg 18w, https:\/\/dominikaneked.hu\/wp-content\/uploads\/2021\/08\/DSC03398-scaled-e1628406400409-600x338.jpg 600w\" sizes=\"auto, (max-width: 1600px) 100vw, 1600px\" \/>\n\t\t\t<\/div><\/figure><figure class='gallery-item'>\n\t\t\t<div class='gallery-icon landscape'>\n\t\t\t\t<img loading=\"lazy\" decoding=\"async\" width=\"1600\" height=\"900\" src=\"https:\/\/dominikaneked.hu\/wp-content\/uploads\/2021\/08\/e6d22dd9-742a-4731-b46f-cc948f4b201b-scaled-e1628405971592.jpg\" class=\"attachment-full size-full\" alt=\"\" srcset=\"https:\/\/dominikaneked.hu\/wp-content\/uploads\/2021\/08\/e6d22dd9-742a-4731-b46f-cc948f4b201b-scaled-e1628405971592.jpg 1600w, https:\/\/dominikaneked.hu\/wp-content\/uploads\/2021\/08\/e6d22dd9-742a-4731-b46f-cc948f4b201b-scaled-e1628405971592-300x169.jpg 300w, https:\/\/dominikaneked.hu\/wp-content\/uploads\/2021\/08\/e6d22dd9-742a-4731-b46f-cc948f4b201b-scaled-e1628405971592-1024x576.jpg 1024w, https:\/\/dominikaneked.hu\/wp-content\/uploads\/2021\/08\/e6d22dd9-742a-4731-b46f-cc948f4b201b-scaled-e1628405971592-768x432.jpg 768w, https:\/\/dominikaneked.hu\/wp-content\/uploads\/2021\/08\/e6d22dd9-742a-4731-b46f-cc948f4b201b-scaled-e1628405971592-1536x864.jpg 1536w, https:\/\/dominikaneked.hu\/wp-content\/uploads\/2021\/08\/e6d22dd9-742a-4731-b46f-cc948f4b201b-scaled-e1628405971592-18x10.jpg 18w, https:\/\/dominikaneked.hu\/wp-content\/uploads\/2021\/08\/e6d22dd9-742a-4731-b46f-cc948f4b201b-scaled-e1628405971592-600x338.jpg 600w\" sizes=\"auto, (max-width: 1600px) 100vw, 1600px\" \/>\n\t\t\t<\/div><\/figure><figure class='gallery-item'>\n\t\t\t<div class='gallery-icon landscape'>\n\t\t\t\t<img loading=\"lazy\" decoding=\"async\" width=\"1600\" height=\"900\" src=\"https:\/\/dominikaneked.hu\/wp-content\/uploads\/2021\/08\/las_salina_palmafas_strand.jpeg\" class=\"attachment-full size-full\" alt=\"\" srcset=\"https:\/\/dominikaneked.hu\/wp-content\/uploads\/2021\/08\/las_salina_palmafas_strand.jpeg 1600w, https:\/\/dominikaneked.hu\/wp-content\/uploads\/2021\/08\/las_salina_palmafas_strand-300x169.jpeg 300w, https:\/\/dominikaneked.hu\/wp-content\/uploads\/2021\/08\/las_salina_palmafas_strand-1024x576.jpeg 1024w, https:\/\/dominikaneked.hu\/wp-content\/uploads\/2021\/08\/las_salina_palmafas_strand-768x432.jpeg 768w, https:\/\/dominikaneked.hu\/wp-content\/uploads\/2021\/08\/las_salina_palmafas_strand-1536x864.jpeg 1536w, https:\/\/dominikaneked.hu\/wp-content\/uploads\/2021\/08\/las_salina_palmafas_strand-18x10.jpeg 18w, https:\/\/dominikaneked.hu\/wp-content\/uploads\/2021\/08\/las_salina_palmafas_strand-600x338.jpeg 600w\" sizes=\"auto, (max-width: 1600px) 100vw, 1600px\" \/>\n\t\t\t<\/div><\/figure>\n\t\t<\/div>\n\n\n\t\t<\/div>\n\t<\/div>\n<\/div><\/div><\/div><\/div><div class=\"vc_row wpb_row vc_row-fluid\"><div class=\"text-center col-sm-12 col-lg-10 offset-lg-1 wpb_column vc_column_container vc_col-sm-12\"><div class=\"vc_column-inner\"><div class=\"wpb_wrapper\">\n\t<div class=\"wpb_text_column wpb_content_element\" >\n\t\t<div class=\"wpb_wrapper\">\n\t\t\t<h2 class=\"heading\"><strong>Las\u0103-ne pe noi<\/strong> <em>tu \u00eensu\u021bi!<\/em><\/h2>\n<div>Cuno\u0219tin\u021bele noastre locale \u0219i sistemul nostru de rezervare online v\u0103 ofer\u0103 confort \u0219i siguran\u021b\u0103!<\/div>\n<p>Beneficia\u021bi de facilit\u0103\u021bile noastre, cum ar fi transferurile de la aeroport \u0219i aranjamentele de programe! Dac\u0103 v\u0103 place ca totul s\u0103 fie perfect organizat f\u0103r\u0103 s\u0103 depune\u021bi un efort suplimentar pentru a-l organiza, noi suntem cea mai bun\u0103 alegere pentru dumneavoastr\u0103!<\/p>\n<blockquote><p>\nExplora\u021bi Republica Dominican\u0103 cu noi!\n<\/p><\/blockquote>\n\n\t\t<\/div>\n\t<\/div>\n<\/div><\/div><\/div><\/div><section id=\"cta\" class=\"vc_section p-5\"><div class=\"vc_row wpb_row vc_row-fluid cta-row row\"><div class=\"col-md-9 wpb_column vc_column_container vc_col-sm-8\"><div class=\"vc_column-inner\"><div class=\"wpb_wrapper\">\n\t<div class=\"wpb_text_column wpb_content_element\" >\n\t\t<div class=\"wpb_wrapper\">\n\t\t\t<h2 class=\"heading\"><em>Ob\u021bine\u021bi o ofert\u0103, rezerva\u021bi \u0219i c\u0103l\u0103tori\u021bi<\/em> <strong>garantat<\/strong> <em>la cel mai bun pre\u021b!<\/em><\/h2>\n<div class=\"supertitle\">Nu ve\u021bi g\u0103si drumul mai ieftin nic\u0103ieri, v\u0103 garant\u0103m!<\/div>\n\n\t\t<\/div>\n\t<\/div>\n<\/div><\/div><\/div><div class=\"col-md-3 wpb_column vc_column_container vc_col-sm-4\"><div class=\"vc_column-inner\"><div class=\"wpb_wrapper\">\n\t<div class=\"wpb_text_column wpb_content_element\" >\n\t\t<div class=\"wpb_wrapper\">\n\t\t\t<p><a class=\"button btn\" href=\"\/ro\/repulojegy-es-hotel-foglalas\/\">V\u0103 rug\u0103m s\u0103 face\u021bi o ofert\u0103<\/a><\/p>\n\n\t\t<\/div>\n\t<\/div>\n<\/div><\/div><\/div><\/div><\/section>\n<\/div>","protected":false},"excerpt":{"rendered":"<p>Dac\u0103 te-ai uitat vreodat\u0103 la un film care a avut loc aici \u0219i te-ai g\u00e2ndit \"A\u0219 vrea s\u0103 v\u0103d nisipul alb \u0219i str\u0103lucitor de pe plaj\u0103, a\u0219 vrea s\u0103 pot alerga \u00een marea turcoaz\", atunci Republica Dominican\u0103 a fost \"inventat\u0103\" pentru tine!<\/p>","protected":false},"author":12,"featured_media":0,"parent":0,"menu_order":9,"comment_status":"closed","ping_status":"closed","template":"","meta":{"_seopress_robots_primary_cat":"","_seopress_titles_title":"","_seopress_titles_desc":"","_seopress_robots_index":"","footnotes":""},"class_list":["post-8386","page","type-page","status-publish","hentry"],"_links":{"self":[{"href":"https:\/\/dominikaneked.hu\/ro\/wp-json\/wp\/v2\/pages\/8386","targetHints":{"allow":["GET"]}}],"collection":[{"href":"https:\/\/dominikaneked.hu\/ro\/wp-json\/wp\/v2\/pages"}],"about":[{"href":"https:\/\/dominikaneked.hu\/ro\/wp-json\/wp\/v2\/types\/page"}],"author":[{"embeddable":true,"href":"https:\/\/dominikaneked.hu\/ro\/wp-json\/wp\/v2\/users\/12"}],"replies":[{"embeddable":true,"href":"https:\/\/dominikaneked.hu\/ro\/wp-json\/wp\/v2\/comments?post=8386"}],"version-history":[{"count":0,"href":"https:\/\/dominikaneked.hu\/ro\/wp-json\/wp\/v2\/pages\/8386\/revisions"}],"wp:attachment":[{"href":"https:\/\/dominikaneked.hu\/ro\/wp-json\/wp\/v2\/media?parent=8386"}],"curies":[{"name":"wp","href":"https:\/\/api.w.org\/{rel}","templated":true}]}}