{"id":8496,"date":"2021-06-14T17:06:22","date_gmt":"2021-06-14T21:06:22","guid":{"rendered":"http:\/\/exploore.sysvol.hu"},"modified":"2024-07-25T12:48:47","modified_gmt":"2024-07-25T16:48:47","slug":"slingshot_punta-cana-bavaro","status":"publish","type":"product","link":"https:\/\/dominikaneked.hu\/es\/producto\/slingshot_punta-cana-bavaro\/","title":{"rendered":"26. Tirachinas"},"content":{"rendered":"","protected":false},"excerpt":{"rendered":"<div class=\"text\">\n<p>Aventura extrema, \u00a1una aut\u00e9ntica bomba de adrenalina! La m\u00e1quina de gama alta de Polaris est\u00e1 llena de emociones, adrenalina y \u00a1te est\u00e1 esperando!<\/p>\n<\/div>\n<div class=\"group-btn-tours\"><\/div>","protected":false},"featured_media":8887,"template":"","meta":{"_seopress_robots_primary_cat":"none","_seopress_titles_title":"","_seopress_titles_desc":"","_seopress_robots_index":""},"product_brand":[],"product_cat":[267],"product_tag":[292,286],"class_list":{"0":"post-8496","1":"product","2":"type-product","3":"status-publish","4":"has-post-thumbnail","6":"product_cat-punta-cana-bavaro","7":"product_tag-fakultativ","8":"product_tag-adrenalin","10":"first","11":"instock","12":"virtual","13":"purchasable","14":"product-type-phive_booking"},"_links":{"self":[{"href":"https:\/\/dominikaneked.hu\/es\/wp-json\/wp\/v2\/product\/8496","targetHints":{"allow":["GET"]}}],"collection":[{"href":"https:\/\/dominikaneked.hu\/es\/wp-json\/wp\/v2\/product"}],"about":[{"href":"https:\/\/dominikaneked.hu\/es\/wp-json\/wp\/v2\/types\/product"}],"wp:featuredmedia":[{"embeddable":true,"href":"https:\/\/dominikaneked.hu\/es\/wp-json\/wp\/v2\/media\/8887"}],"wp:attachment":[{"href":"https:\/\/dominikaneked.hu\/es\/wp-json\/wp\/v2\/media?parent=8496"}],"wp:term":[{"taxonomy":"product_brand","embeddable":true,"href":"https:\/\/dominikaneked.hu\/es\/wp-json\/wp\/v2\/product_brand?post=8496"},{"taxonomy":"product_cat","embeddable":true,"href":"https:\/\/dominikaneked.hu\/es\/wp-json\/wp\/v2\/product_cat?post=8496"},{"taxonomy":"product_tag","embeddable":true,"href":"https:\/\/dominikaneked.hu\/es\/wp-json\/wp\/v2\/product_tag?post=8496"}],"curies":[{"name":"wp","href":"https:\/\/api.w.org\/{rel}","templated":true}]}}