{"id":8427,"date":"2021-06-13T08:03:03","date_gmt":"2021-06-13T06:03:03","guid":{"rendered":"http:\/\/exploore.sysvol.hu"},"modified":"2025-07-25T18:36:40","modified_gmt":"2025-07-25T22:36:40","slug":"saona-gyorshajo_punta-cana-bavaro","status":"publish","type":"product","link":"https:\/\/dominikaneked.hu\/es\/producto\/saona-gyorshajo_punta-cana-bavaro\/","title":{"rendered":"02. Las playas m\u00e1s bonitas de Saona"},"content":{"rendered":"","protected":false},"excerpt":{"rendered":"<p>Nuestra lancha r\u00e1pida le lleva a la costa m\u00e1s hermosa y virgen de Saona. Pocas personas llegan a esta parte de la isla, donde se puede disfrutar de un paisaje impresionante.<\/p>","protected":false},"featured_media":8876,"template":"","meta":{"_seopress_robots_primary_cat":"none","_seopress_titles_title":"","_seopress_titles_desc":"","_seopress_robots_index":""},"product_brand":[],"product_cat":[267],"product_tag":[292,286],"class_list":{"0":"post-8427","1":"product","2":"type-product","3":"status-publish","4":"has-post-thumbnail","6":"product_cat-punta-cana-bavaro","7":"product_tag-fakultativ","8":"product_tag-adrenalin","10":"first","11":"instock","12":"shipping-taxable","13":"purchasable","14":"product-type-phive_booking"},"_links":{"self":[{"href":"https:\/\/dominikaneked.hu\/es\/wp-json\/wp\/v2\/product\/8427","targetHints":{"allow":["GET"]}}],"collection":[{"href":"https:\/\/dominikaneked.hu\/es\/wp-json\/wp\/v2\/product"}],"about":[{"href":"https:\/\/dominikaneked.hu\/es\/wp-json\/wp\/v2\/types\/product"}],"wp:featuredmedia":[{"embeddable":true,"href":"https:\/\/dominikaneked.hu\/es\/wp-json\/wp\/v2\/media\/8876"}],"wp:attachment":[{"href":"https:\/\/dominikaneked.hu\/es\/wp-json\/wp\/v2\/media?parent=8427"}],"wp:term":[{"taxonomy":"product_brand","embeddable":true,"href":"https:\/\/dominikaneked.hu\/es\/wp-json\/wp\/v2\/product_brand?post=8427"},{"taxonomy":"product_cat","embeddable":true,"href":"https:\/\/dominikaneked.hu\/es\/wp-json\/wp\/v2\/product_cat?post=8427"},{"taxonomy":"product_tag","embeddable":true,"href":"https:\/\/dominikaneked.hu\/es\/wp-json\/wp\/v2\/product_tag?post=8427"}],"curies":[{"name":"wp","href":"https:\/\/api.w.org\/{rel}","templated":true}]}}