{"id":15228,"date":"2024-10-30T19:19:34","date_gmt":"2024-10-30T23:19:34","guid":{"rendered":"https:\/\/godominicanvacations.com\/?post_type=product&#038;p=15228"},"modified":"2025-03-14T03:10:56","modified_gmt":"2025-03-14T07:10:56","slug":"vizi-es-elmenypark-punta-cana","status":"publish","type":"product","link":"https:\/\/dominikaneked.hu\/es\/producto\/vizi-es-elmenypark-punta-cana\/","title":{"rendered":"Parque acu\u00e1tico y de aventuras"},"content":{"rendered":"","protected":false},"excerpt":{"rendered":"<p>\u00a1Descubre la magia del parque acu\u00e1tico y de aventuras!<\/p>\n<p>Este es el parque donde la diversi\u00f3n y la relajaci\u00f3n se dan la mano. Este para\u00edso de experiencias acu\u00e1ticas ofrece aventuras inolvidables para todas las edades.<\/p>","protected":false},"featured_media":15250,"template":"","meta":{"_seopress_robots_primary_cat":"none","_seopress_titles_title":"","_seopress_titles_desc":"","_seopress_robots_index":""},"product_brand":[],"product_cat":[281,267],"product_tag":[],"class_list":{"0":"post-15228","1":"product","2":"type-product","3":"status-publish","4":"has-post-thumbnail","6":"product_cat-programok","7":"product_cat-punta-cana-bavaro","9":"first","10":"instock","11":"virtual","12":"purchasable","13":"product-type-phive_booking"},"_links":{"self":[{"href":"https:\/\/dominikaneked.hu\/es\/wp-json\/wp\/v2\/product\/15228","targetHints":{"allow":["GET"]}}],"collection":[{"href":"https:\/\/dominikaneked.hu\/es\/wp-json\/wp\/v2\/product"}],"about":[{"href":"https:\/\/dominikaneked.hu\/es\/wp-json\/wp\/v2\/types\/product"}],"wp:featuredmedia":[{"embeddable":true,"href":"https:\/\/dominikaneked.hu\/es\/wp-json\/wp\/v2\/media\/15250"}],"wp:attachment":[{"href":"https:\/\/dominikaneked.hu\/es\/wp-json\/wp\/v2\/media?parent=15228"}],"wp:term":[{"taxonomy":"product_brand","embeddable":true,"href":"https:\/\/dominikaneked.hu\/es\/wp-json\/wp\/v2\/product_brand?post=15228"},{"taxonomy":"product_cat","embeddable":true,"href":"https:\/\/dominikaneked.hu\/es\/wp-json\/wp\/v2\/product_cat?post=15228"},{"taxonomy":"product_tag","embeddable":true,"href":"https:\/\/dominikaneked.hu\/es\/wp-json\/wp\/v2\/product_tag?post=15228"}],"curies":[{"name":"wp","href":"https:\/\/api.w.org\/{rel}","templated":true}]}}