{"id":12715,"date":"2023-09-11T11:04:01","date_gmt":"2023-09-11T15:04:01","guid":{"rendered":"https:\/\/godominicanvacations.com\/?post_type=product&#038;p=12715"},"modified":"2024-07-25T12:49:37","modified_gmt":"2024-07-25T16:49:37","slug":"tengerparti-fotozas-2","status":"publish","type":"product","link":"https:\/\/dominikaneked.hu\/es\/producto\/tengerparti-fotozas-2\/","title":{"rendered":"Fotograf\u00eda de playa"},"content":{"rendered":"","protected":false},"excerpt":{"rendered":"<p>\u00bfQuiere rematar sus vacaciones o su luna de miel con algo especial?<\/p>\n<p>\u00bfQuiere algo realmente especial?<\/p>\n<p>Viaje a la Rep\u00fablica Dominicana y h\u00e1gase fotos PROFESIONALES en un bello entorno de la costa del Atl\u00e1ntico Norte.<\/p>","protected":false},"featured_media":12720,"template":"","meta":{"_seopress_robots_primary_cat":"none","_seopress_titles_title":"","_seopress_titles_desc":"","_seopress_robots_index":""},"product_brand":[],"product_cat":[281,267],"product_tag":[293],"class_list":{"0":"post-12715","1":"product","2":"type-product","3":"status-publish","4":"has-post-thumbnail","6":"product_cat-programok","7":"product_cat-punta-cana-bavaro","8":"product_tag-eskuvo","10":"first","11":"instock","12":"featured","13":"virtual","14":"purchasable","15":"product-type-phive_booking"},"_links":{"self":[{"href":"https:\/\/dominikaneked.hu\/es\/wp-json\/wp\/v2\/product\/12715","targetHints":{"allow":["GET"]}}],"collection":[{"href":"https:\/\/dominikaneked.hu\/es\/wp-json\/wp\/v2\/product"}],"about":[{"href":"https:\/\/dominikaneked.hu\/es\/wp-json\/wp\/v2\/types\/product"}],"wp:featuredmedia":[{"embeddable":true,"href":"https:\/\/dominikaneked.hu\/es\/wp-json\/wp\/v2\/media\/12720"}],"wp:attachment":[{"href":"https:\/\/dominikaneked.hu\/es\/wp-json\/wp\/v2\/media?parent=12715"}],"wp:term":[{"taxonomy":"product_brand","embeddable":true,"href":"https:\/\/dominikaneked.hu\/es\/wp-json\/wp\/v2\/product_brand?post=12715"},{"taxonomy":"product_cat","embeddable":true,"href":"https:\/\/dominikaneked.hu\/es\/wp-json\/wp\/v2\/product_cat?post=12715"},{"taxonomy":"product_tag","embeddable":true,"href":"https:\/\/dominikaneked.hu\/es\/wp-json\/wp\/v2\/product_tag?post=12715"}],"curies":[{"name":"wp","href":"https:\/\/api.w.org\/{rel}","templated":true}]}}