{"id":8696,"date":"2021-07-28T16:04:08","date_gmt":"2021-07-28T14:04:08","guid":{"rendered":"exploore.sysvol.hu"},"modified":"2021-08-08T09:09:22","modified_gmt":"2021-08-08T07:09:22","slug":"karibi-eskuvok","status":"publish","type":"page","link":"https:\/\/dominikaneked.hu\/es\/karibi-eskuvok\/","title":{"rendered":"Bodas en el Caribe"},"content":{"rendered":"<div class=\"wpb-content-wrapper\"><div class=\"vc_row wpb_row vc_row-fluid\"><div class=\"wpb_column vc_column_container vc_col-sm-12\"><div class=\"vc_column-inner\"><div class=\"wpb_wrapper\">\n\t<div class=\"wpb_text_column wpb_content_element\" >\n\t\t<div class=\"wpb_wrapper\">\n\t\t\t<h2 class=\"heading\"><em>Diga<\/em> <strong>\u00a1S\u00ed!<\/strong><\/h2>\n<p>Imag\u00ednese de pie en una playa de arena blanca, con peque\u00f1os granos de arena que brillan bajo el sol poniente. Su resplandor rodea el pabell\u00f3n nupcial, decorado con flores ex\u00f3ticas, sus finos y transl\u00facidos velos soplan suavemente con la suave brisa costera. A medida que te adentras en la distancia, el mar azul celeste que ondea suavemente llega lentamente a la orilla bajo tus pies. Al mismo tiempo, los largos y esbeltos cocoteros verdes proporcionan una agradable sombra a los asistentes a la boda.<\/p>\n\n\t\t<\/div>\n\t<\/div>\n\n\t<div class=\"wpb_text_column wpb_content_element\" >\n\t\t<div class=\"wpb_wrapper\">\n\t\t\t<div class=\"woocommerce columns-4\"><ul class=\"products columns-4\">\n<li class=\"product type-product post-8450 status-publish first instock product_cat-karibi-eskuvok product_tag-eskuvo has-post-thumbnail virtual purchasable product-type-phive_booking\">\n\t<div class=\"product-container shop-loop-item\"><a href=\"https:\/\/dominikaneked.hu\/es\/producto\/cap-%d1%81ana-juanillo-beach-eskuvoi-csomag\/\" class=\"woocommerce-LoopProduct-link woocommerce-loop-product__link\"><img loading=\"lazy\" decoding=\"async\" width=\"300\" height=\"300\" src=\"https:\/\/dominikaneked.hu\/wp-content\/uploads\/2021\/06\/caribbean-wedding-22-300x300.jpg\" class=\"attachment-woocommerce_thumbnail size-woocommerce_thumbnail\" alt=\"Paquete de bodas en la playa de Cap \u0421ana Juanillo\" srcset=\"https:\/\/dominikaneked.hu\/wp-content\/uploads\/2021\/06\/caribbean-wedding-22-300x300.jpg 300w, https:\/\/dominikaneked.hu\/wp-content\/uploads\/2021\/06\/caribbean-wedding-22-150x150.jpg 150w, https:\/\/dominikaneked.hu\/wp-content\/uploads\/2021\/06\/caribbean-wedding-22-540x540.jpg 540w, https:\/\/dominikaneked.hu\/wp-content\/uploads\/2021\/06\/caribbean-wedding-22-100x100.jpg 100w\" sizes=\"auto, (max-width: 300px) 100vw, 300px\" \/><pre class=\"d-none\">00<\/pre><h2 class=\"woocommerce-loop-product__title\">Paquete de bodas en la playa de Cap \u0421ana Juanillo<\/h2><h3 class=\"product-excerpt\" data-product-id=\"8450\">Playa Juanillo Una de las playas m\u00e1s bellas de la Rep\u00fablica Dominicana, es...<\/h3>\n\t<span class=\"price\"><span class=\"woocommerce-Price-amount amount\"><bdi><span class=\"woocommerce-Price-currencySymbol\">&#36;<\/span>2.500,00<\/bdi><\/span><\/span>\n<\/a><a href=\"https:\/\/dominikaneked.hu\/es\/producto\/cap-%d1%81ana-juanillo-beach-eskuvoi-csomag\/\" aria-describedby=\"woocommerce_loop_add_to_cart_link_describedby_8450\" data-quantity=\"1\" class=\"button product_type_phive_booking add_to_cart_button\" data-product_id=\"8450\" data-product_sku=\"\" aria-label=\"Leer m\u00e1s sobre &quot;Cap \u0421ana Juanillo beach esk\u00fcv\u0151i csomag&quot;\" data-no-translation-aria-label=\"\">Reservar<\/a>\t<span id=\"woocommerce_loop_add_to_cart_link_describedby_8450\" class=\"screen-reader-text\">\n\t\t\t<\/span>\n<\/div><\/li>\n<li class=\"product type-product post-13353 status-publish instock product_cat-karibi-eskuvok product_tag-eskuvo has-post-thumbnail virtual purchasable product-type-phive_booking\">\n\t<div class=\"product-container shop-loop-item\"><a href=\"https:\/\/dominikaneked.hu\/es\/producto\/kolibri-eskuvoi-csomag\/\" class=\"woocommerce-LoopProduct-link woocommerce-loop-product__link\"><img loading=\"lazy\" decoding=\"async\" width=\"300\" height=\"289\" src=\"https:\/\/dominikaneked.hu\/wp-content\/uploads\/2024\/01\/pier-kolibri-beach-elopement-300x289.png\" class=\"attachment-woocommerce_thumbnail size-woocommerce_thumbnail\" alt=\"Paquete de boda Colibr\u00ed\" \/><pre class=\"d-none\">01<\/pre><h2 class=\"woocommerce-loop-product__title\">Paquete de boda Colibr\u00ed<\/h2><h3 class=\"product-excerpt\" data-product-id=\"13353\">Una de las m\u00e1s bellas playas privadas de la Rep\u00fablica Dominicana, un hermoso tramo de costa bordeado de palmeras perfecto para...<\/h3>\n\t<span class=\"price\"><span class=\"woocommerce-Price-amount amount\"><bdi><span class=\"woocommerce-Price-currencySymbol\">&#36;<\/span>1.850,00<\/bdi><\/span><\/span>\n<\/a><a href=\"https:\/\/dominikaneked.hu\/es\/producto\/kolibri-eskuvoi-csomag\/\" aria-describedby=\"woocommerce_loop_add_to_cart_link_describedby_13353\" data-quantity=\"1\" class=\"button product_type_phive_booking add_to_cart_button\" data-product_id=\"13353\" data-product_sku=\"\" aria-label=\"Leer m\u00e1s sobre &quot;Kolibri esk\u00fcv\u0151i csomag&quot;\" data-no-translation-aria-label=\"\">Reservar<\/a>\t<span id=\"woocommerce_loop_add_to_cart_link_describedby_13353\" class=\"screen-reader-text\">\n\t\t\t<\/span>\n<\/div><\/li>\n<li class=\"product type-product post-13354 status-publish instock product_cat-karibi-eskuvok product_tag-eskuvo has-post-thumbnail virtual purchasable product-type-phive_booking\">\n\t<div class=\"product-container shop-loop-item\"><a href=\"https:\/\/dominikaneked.hu\/es\/producto\/macao-beach-eskuvoi-csomag\/\" class=\"woocommerce-LoopProduct-link woocommerce-loop-product__link\"><img loading=\"lazy\" decoding=\"async\" width=\"300\" height=\"300\" src=\"https:\/\/dominikaneked.hu\/wp-content\/uploads\/2024\/01\/macao-beach-wedding-5-300x300.jpg\" class=\"attachment-woocommerce_thumbnail size-woocommerce_thumbnail\" alt=\"Paquete de bodas en la playa de Macao\" srcset=\"https:\/\/dominikaneked.hu\/wp-content\/uploads\/2024\/01\/macao-beach-wedding-5-300x300.jpg 300w, https:\/\/dominikaneked.hu\/wp-content\/uploads\/2024\/01\/macao-beach-wedding-5-150x150.jpg 150w, https:\/\/dominikaneked.hu\/wp-content\/uploads\/2024\/01\/macao-beach-wedding-5-540x540.jpg 540w, https:\/\/dominikaneked.hu\/wp-content\/uploads\/2024\/01\/macao-beach-wedding-5-100x100.jpg 100w\" sizes=\"auto, (max-width: 300px) 100vw, 300px\" \/><pre class=\"d-none\">02<\/pre><h2 class=\"woocommerce-loop-product__title\">Paquete de bodas en la playa de Macao<\/h2><h3 class=\"product-excerpt\" data-product-id=\"13354\">Una de las playas m\u00e1s bellas de la Rep\u00fablica Dominicana, ideal para parejas que buscan...<\/h3>\n\t<span class=\"price\"><span class=\"woocommerce-Price-amount amount\"><bdi><span class=\"woocommerce-Price-currencySymbol\">&#36;<\/span>990,00<\/bdi><\/span><\/span>\n<\/a><a href=\"https:\/\/dominikaneked.hu\/es\/producto\/macao-beach-eskuvoi-csomag\/\" aria-describedby=\"woocommerce_loop_add_to_cart_link_describedby_13354\" data-quantity=\"1\" class=\"button product_type_phive_booking add_to_cart_button\" data-product_id=\"13354\" data-product_sku=\"\" aria-label=\"Leer m\u00e1s sobre &quot;Macao Beach esk\u00fcv\u0151i csomag&quot;\" data-no-translation-aria-label=\"\">Reservar<\/a>\t<span id=\"woocommerce_loop_add_to_cart_link_describedby_13354\" class=\"screen-reader-text\">\n\t\t\t<\/span>\n<\/div><\/li>\n<li class=\"product type-product post-8453 status-publish last instock product_cat-karibi-eskuvok product_tag-eskuvo has-post-thumbnail virtual purchasable product-type-phive_booking\">\n\t<div class=\"product-container shop-loop-item\"><a href=\"https:\/\/dominikaneked.hu\/es\/producto\/punta-cana-lmbtq-eskuvoi-csomag\/\" class=\"woocommerce-LoopProduct-link woocommerce-loop-product__link\"><img loading=\"lazy\" decoding=\"async\" width=\"300\" height=\"300\" src=\"https:\/\/dominikaneked.hu\/wp-content\/uploads\/2021\/06\/dominicanwedding-07-300x300.jpg\" class=\"attachment-woocommerce_thumbnail size-woocommerce_thumbnail\" alt=\"Paquete de bodas LGBTQ en Punta Cana\" srcset=\"https:\/\/dominikaneked.hu\/wp-content\/uploads\/2021\/06\/dominicanwedding-07-300x300.jpg 300w, https:\/\/dominikaneked.hu\/wp-content\/uploads\/2021\/06\/dominicanwedding-07-150x150.jpg 150w, https:\/\/dominikaneked.hu\/wp-content\/uploads\/2021\/06\/dominicanwedding-07-540x540.jpg 540w, https:\/\/dominikaneked.hu\/wp-content\/uploads\/2021\/06\/dominicanwedding-07-100x100.jpg 100w\" sizes=\"auto, (max-width: 300px) 100vw, 300px\" \/><pre class=\"d-none\">03<\/pre><h2 class=\"woocommerce-loop-product__title\">Paquete de bodas LGBTQ en Punta Cana<\/h2><h3 class=\"product-excerpt\" data-product-id=\"8453\">Este paquete da a los amantes del mismo sexo la oportunidad de casarse, de hacer un voto.<\/h3>\n\t<span class=\"price\"><span class=\"woocommerce-Price-amount amount\"><bdi><span class=\"woocommerce-Price-currencySymbol\">&#36;<\/span>1.950,00<\/bdi><\/span><\/span>\n<\/a><a href=\"https:\/\/dominikaneked.hu\/es\/producto\/punta-cana-lmbtq-eskuvoi-csomag\/\" aria-describedby=\"woocommerce_loop_add_to_cart_link_describedby_8453\" data-quantity=\"1\" class=\"button product_type_phive_booking add_to_cart_button\" data-product_id=\"8453\" data-product_sku=\"\" aria-label=\"Leer m\u00e1s sobre &quot;Punta Cana LMBTQ esk\u00fcv\u0151i csomag&quot;\" data-no-translation-aria-label=\"\">Reservar<\/a>\t<span id=\"woocommerce_loop_add_to_cart_link_describedby_8453\" class=\"screen-reader-text\">\n\t\t\t<\/span>\n<\/div><\/li>\n<li class=\"product type-product post-8451 status-publish first instock product_cat-karibi-eskuvok product_tag-eskuvo has-post-thumbnail virtual purchasable product-type-phive_booking\">\n\t<div class=\"product-container shop-loop-item\"><a href=\"https:\/\/dominikaneked.hu\/es\/producto\/saona-sziget-eskuvi-csomag_karibi-eskuvok\/\" class=\"woocommerce-LoopProduct-link woocommerce-loop-product__link\"><img loading=\"lazy\" decoding=\"async\" width=\"300\" height=\"300\" src=\"https:\/\/dominikaneked.hu\/wp-content\/uploads\/2021\/06\/caribbean-wedding-27-1-300x300.jpg\" class=\"attachment-woocommerce_thumbnail size-woocommerce_thumbnail\" alt=\"Paquete de bodas en la isla Saona\" srcset=\"https:\/\/dominikaneked.hu\/wp-content\/uploads\/2021\/06\/caribbean-wedding-27-1-300x300.jpg 300w, https:\/\/dominikaneked.hu\/wp-content\/uploads\/2021\/06\/caribbean-wedding-27-1-150x150.jpg 150w, https:\/\/dominikaneked.hu\/wp-content\/uploads\/2021\/06\/caribbean-wedding-27-1-540x540.jpg 540w, https:\/\/dominikaneked.hu\/wp-content\/uploads\/2021\/06\/caribbean-wedding-27-1-100x100.jpg 100w\" sizes=\"auto, (max-width: 300px) 100vw, 300px\" \/><pre class=\"d-none\">04<\/pre><h2 class=\"woocommerce-loop-product__title\">Paquete de bodas en la isla Saona<\/h2><h3 class=\"product-excerpt\" data-product-id=\"8451\">La isla Saona se encuentra en el extremo sureste de la Rep\u00fablica Dominicana. Es conocida por sus arrecifes de coral, sus playas rodeadas de palmeras,...<\/h3>\n\t<span class=\"price\"><span class=\"woocommerce-Price-amount amount\"><bdi><span class=\"woocommerce-Price-currencySymbol\">&#36;<\/span>2.750,00<\/bdi><\/span><\/span>\n<\/a><a href=\"https:\/\/dominikaneked.hu\/es\/producto\/saona-sziget-eskuvi-csomag_karibi-eskuvok\/\" aria-describedby=\"woocommerce_loop_add_to_cart_link_describedby_8451\" data-quantity=\"1\" class=\"button product_type_phive_booking add_to_cart_button\" data-product_id=\"8451\" data-product_sku=\"\" aria-label=\"Leer m\u00e1s sobre &quot;Saona sziget esk\u00fcv\u0151i csomag&quot;\" data-no-translation-aria-label=\"\">Reservar<\/a>\t<span id=\"woocommerce_loop_add_to_cart_link_describedby_8451\" class=\"screen-reader-text\">\n\t\t\t<\/span>\n<\/div><\/li>\n<li class=\"product type-product post-8452 status-publish instock product_cat-karibi-eskuvok product_tag-eskuvo has-post-thumbnail virtual purchasable product-type-phive_booking\">\n\t<div class=\"product-container shop-loop-item\"><a href=\"https:\/\/dominikaneked.hu\/es\/producto\/special-offer-tengerparti-eskuvo\/\" class=\"woocommerce-LoopProduct-link woocommerce-loop-product__link\"><img loading=\"lazy\" decoding=\"async\" width=\"300\" height=\"300\" src=\"https:\/\/dominikaneked.hu\/wp-content\/uploads\/2021\/06\/caribbean-wedding-11-1280x836-1-300x300.jpg\" class=\"attachment-woocommerce_thumbnail size-woocommerce_thumbnail\" alt=\"Novias con coronas y ramos de flores sonr\u00eden en la playa para la acci\u00f3n Beach Wedding. De pie cerca de una palmera, mientras el novio y el oficiante disfrutan de un sereno tel\u00f3n de fondo oce\u00e1nico junto a un arco floral en la Rep\u00fablica Dominicana.\" srcset=\"https:\/\/dominikaneked.hu\/wp-content\/uploads\/2021\/06\/caribbean-wedding-11-1280x836-1-300x300.jpg 300w, https:\/\/dominikaneked.hu\/wp-content\/uploads\/2021\/06\/caribbean-wedding-11-1280x836-1-150x150.jpg 150w, https:\/\/dominikaneked.hu\/wp-content\/uploads\/2021\/06\/caribbean-wedding-11-1280x836-1-540x540.jpg 540w, https:\/\/dominikaneked.hu\/wp-content\/uploads\/2021\/06\/caribbean-wedding-11-1280x836-1-100x100.jpg 100w\" sizes=\"auto, (max-width: 300px) 100vw, 300px\" \/><pre class=\"d-none\">05<\/pre><h2 class=\"woocommerce-loop-product__title\">Oferta especial - Boda junto al mar<\/h2><h3 class=\"product-excerpt\" data-product-id=\"8452\">Una de las m\u00e1s bellas playas privadas de la Rep\u00fablica Dominicana, un hermoso tramo de costa bordeado de palmeras perfecto para...<\/h3>\n\t<span class=\"price\"><span class=\"woocommerce-Price-amount amount\"><bdi><span class=\"woocommerce-Price-currencySymbol\">&#36;<\/span>1.350,00<\/bdi><\/span><\/span>\n<\/a><a href=\"https:\/\/dominikaneked.hu\/es\/producto\/special-offer-tengerparti-eskuvo\/\" aria-describedby=\"woocommerce_loop_add_to_cart_link_describedby_8452\" data-quantity=\"1\" class=\"button product_type_phive_booking add_to_cart_button\" data-product_id=\"8452\" data-product_sku=\"\" aria-label=\"Leer m\u00e1s sobre &quot;Special Offer - Tengerparti esk\u00fcv\u0151&quot;\" data-no-translation-aria-label=\"\">Reservar<\/a>\t<span id=\"woocommerce_loop_add_to_cart_link_describedby_8452\" class=\"screen-reader-text\">\n\t\t\t<\/span>\n<\/div><\/li>\n<\/ul>\n<\/div>\n\n\t\t<\/div>\n\t<\/div>\n<\/div><\/div><\/div><\/div>\n<\/div>","protected":false},"excerpt":{"rendered":"\u00a1Di que s\u00ed! Imag\u00ednese de pie en una playa de arena blanca, con peque\u00f1os granos de arena que brillan bajo el sol poniente. Su resplandor rodea el pabell\u00f3n nupcial, decorado con flores ex\u00f3ticas, sus finos y transl\u00facidos velos soplan suavemente con la suave brisa de la playa. A medida que te adentras en la distancia, el mar azul celeste que ondea suavemente llega lentamente a la orilla bajo tus pies. [...]","protected":false},"author":12,"featured_media":8846,"parent":0,"menu_order":15,"comment_status":"closed","ping_status":"closed","template":"","meta":{"_seopress_robots_primary_cat":"","_seopress_titles_title":"","_seopress_titles_desc":"","_seopress_robots_index":"","footnotes":""},"class_list":["post-8696","page","type-page","status-publish","has-post-thumbnail","hentry"],"_links":{"self":[{"href":"https:\/\/dominikaneked.hu\/es\/wp-json\/wp\/v2\/pages\/8696","targetHints":{"allow":["GET"]}}],"collection":[{"href":"https:\/\/dominikaneked.hu\/es\/wp-json\/wp\/v2\/pages"}],"about":[{"href":"https:\/\/dominikaneked.hu\/es\/wp-json\/wp\/v2\/types\/page"}],"author":[{"embeddable":true,"href":"https:\/\/dominikaneked.hu\/es\/wp-json\/wp\/v2\/users\/12"}],"replies":[{"embeddable":true,"href":"https:\/\/dominikaneked.hu\/es\/wp-json\/wp\/v2\/comments?post=8696"}],"version-history":[{"count":0,"href":"https:\/\/dominikaneked.hu\/es\/wp-json\/wp\/v2\/pages\/8696\/revisions"}],"wp:featuredmedia":[{"embeddable":true,"href":"https:\/\/dominikaneked.hu\/es\/wp-json\/wp\/v2\/media\/8846"}],"wp:attachment":[{"href":"https:\/\/dominikaneked.hu\/es\/wp-json\/wp\/v2\/media?parent=8696"}],"curies":[{"name":"wp","href":"https:\/\/api.w.org\/{rel}","templated":true}]}}