{"id":8549,"date":"2021-07-19T13:10:06","date_gmt":"2021-07-19T11:10:06","guid":{"rendered":"exploore.sysvol.hu"},"modified":"2021-09-10T06:40:03","modified_gmt":"2021-09-10T04:40:03","slug":"fizetesi-tajekoztato","status":"publish","type":"page","link":"https:\/\/dominikaneked.hu\/es\/fizetesi-tajekoztato\/","title":{"rendered":"Informaci\u00f3n sobre el pago"},"content":{"rendered":"<p>Actualmente puede elegir entre los siguientes m\u00e9todos de pago:<\/p>\n<h3>Pago con tarjeta de cr\u00e9dito:<\/h3>\n<p>El pago con tarjeta de cr\u00e9dito en nuestro sitio web lo proporciona Trust My Travel.<\/p>\n<p>Pague con tarjeta de cr\u00e9dito para comprar de forma c\u00f3moda y segura en nuestra tienda online. Tras solicitar los servicios seleccionados, el Cliente ser\u00e1 redirigido a la interfaz de pago de Trust My Travel, donde podr\u00e1 pagar con su tarjeta de cr\u00e9dito a trav\u00e9s de la transacci\u00f3n encriptada m\u00e1s segura disponible en la actualidad. Lo \u00fanico que tienen que hacer nuestros clientes es hacer clic en \"pagar con tarjeta de cr\u00e9dito\" al seleccionar el m\u00e9todo de pago y, a continuaci\u00f3n, introducir el nombre del cliente, el n\u00famero de tarjeta, la fecha de caducidad y el c\u00f3digo de seguridad de tres d\u00edgitos en el servidor de pago de Trust My Travel. Aceptamos VISA, MasterCard, Maestro.  Por favor, compruebe con su banco si su tarjeta puede utilizarse para compras en l\u00ednea. Trust My Travel le enviar\u00e1 una confirmaci\u00f3n de la transacci\u00f3n despu\u00e9s de una compra exitosa, o un mensaje de error si la transacci\u00f3n no tiene \u00e9xito.<\/p>\n<p>Reconozco que los siguientes datos personales almacenados por el controlador de datos Go Dominican Vacations SLR en su base de datos de usuarios ser\u00e1n transferidos a Trust My Travel como procesador de datos. El responsable del tratamiento transferir\u00e1 los siguientes datos: nombre, apellidos, nombre, pa\u00eds, n\u00famero de tel\u00e9fono, direcci\u00f3n de correo electr\u00f3nico.<\/p>\n<p>La naturaleza y la finalidad de las actividades de tratamiento de datos llevadas a cabo por el responsable del tratamiento pueden consultarse en el aviso de Trust My Travel, en el siguiente enlace:\u00a0<a href=\"http:\/\/simplepay.hu\/vasarlo-aff\">https:\/\/trustprotects.me\/about-us\/<\/a><\/p>\n<h3>Transferencia bancaria:<\/h3>\n<p>Tambi\u00e9n puede pagar por transferencia bancaria antes de que se realice el pedido. Se enviar\u00e1 una factura proforma por correo electr\u00f3nico. Es importante que el n\u00famero de pedido se indique en el campo de comentarios de la transferencia. El importe total del pedido por transferencia bancaria a trav\u00e9s de un banco extranjero debe ser calculado y transferido seg\u00fan el tipo de cambio de compra de MNB del d\u00eda.<\/p>\n<p>Si el Comprador declara, oralmente o por escrito, que no tiene un n\u00famero de IVA o que no act\u00faa como sujeto pasivo a efectos del IVA en la transacci\u00f3n y, por lo tanto, no proporciona un n\u00famero de IVA para la facturaci\u00f3n, la factura no necesita incluir un n\u00famero de IVA para el Comprador.<\/p>\n<p>En el caso de una compra por transferencia bancaria, el pedido se considera aceptado si el precio de compra de los servicios se transfiere a m\u00e1s tardar 24 horas despu\u00e9s de la realizaci\u00f3n del pedido. La tramitaci\u00f3n de las transferencias entrantes tarda de 2 a 3 d\u00edas laborables. El servicio se prestar\u00e1 s\u00f3lo despu\u00e9s de que se haya acreditado el importe pagado y se haya procesado el pago. Si el nombre de la persona que realiza la transferencia es diferente al del cliente, debe indicarse en el buz\u00f3n de comunicaci\u00f3n junto con el n\u00famero de identificaci\u00f3n. Si el importe total del pedido no se recibe en nuestra cuenta bancaria en un plazo de 5 d\u00edas, el pedido se cancelar\u00e1 autom\u00e1ticamente de nuestro sistema. La tramitaci\u00f3n del servicio s\u00f3lo se iniciar\u00e1 cuando se haya completado la transacci\u00f3n de pago.<\/p>","protected":false},"excerpt":{"rendered":"<p>Informaci\u00f3n sobre las opciones de pago utilizadas en nuestro sitio web.<\/p>","protected":false},"author":12,"featured_media":0,"parent":0,"menu_order":24,"comment_status":"closed","ping_status":"closed","template":"","meta":{"_seopress_robots_primary_cat":"","_seopress_titles_title":"","_seopress_titles_desc":"","_seopress_robots_index":"","footnotes":""},"class_list":["post-8549","page","type-page","status-publish","hentry"],"_links":{"self":[{"href":"https:\/\/dominikaneked.hu\/es\/wp-json\/wp\/v2\/pages\/8549","targetHints":{"allow":["GET"]}}],"collection":[{"href":"https:\/\/dominikaneked.hu\/es\/wp-json\/wp\/v2\/pages"}],"about":[{"href":"https:\/\/dominikaneked.hu\/es\/wp-json\/wp\/v2\/types\/page"}],"author":[{"embeddable":true,"href":"https:\/\/dominikaneked.hu\/es\/wp-json\/wp\/v2\/users\/12"}],"replies":[{"embeddable":true,"href":"https:\/\/dominikaneked.hu\/es\/wp-json\/wp\/v2\/comments?post=8549"}],"version-history":[{"count":0,"href":"https:\/\/dominikaneked.hu\/es\/wp-json\/wp\/v2\/pages\/8549\/revisions"}],"wp:attachment":[{"href":"https:\/\/dominikaneked.hu\/es\/wp-json\/wp\/v2\/media?parent=8549"}],"curies":[{"name":"wp","href":"https:\/\/api.w.org\/{rel}","templated":true}]}}