{"id":8392,"date":"2021-06-12T16:17:02","date_gmt":"2021-06-12T14:17:02","guid":{"rendered":"exploore.sysvol.hu"},"modified":"2021-09-09T14:59:09","modified_gmt":"2021-09-09T12:59:09","slug":"impresszum","status":"publish","type":"page","link":"https:\/\/dominikaneked.hu\/es\/impresszum\/","title":{"rendered":"cabecera"},"content":{"rendered":"<div class=\"wpb-content-wrapper\"><div class=\"vc_row wpb_row vc_row-fluid row\"><div class=\"col-md-6 wpb_column vc_column_container vc_col-sm-6\"><div class=\"vc_column-inner\"><div class=\"wpb_wrapper\">\n\t<div class=\"wpb_text_column wpb_content_element\" >\n\t\t<div class=\"wpb_wrapper\">\n\t\t\t<h2>Nombre del proveedor de servicios:<\/h2>\n<p>Go Dominican Vacaions EA SRL<\/p>\n<h3>Ubicaci\u00f3n del proveedor de servicios:<\/h3>\n<p>Calle Pablo Neruda, No.09, Villa Ana Maria, El Batey, Municipio de Sos\u00faa, Provincia de Puerto Plata, Rep\u00fablica Dominicana<\/p>\n<h3>Su direcci\u00f3n postal:<\/h3>\n<p>028-001132 4406 N.W. 7TH Ave. Miami, FL 33195-6407<\/p>\n<p>&nbsp;<\/p>\n<h3>Datos de contacto del proveedor de servicios:<\/h3>\n<p><a href=\"mailto:info@godominicanvacations.com\">info@godominicanvacations.com<\/a><\/p>\n<p>&nbsp;<\/p>\n<h3>La autoridad que registra al proveedor de servicios:<\/h3>\n<p>C\u00e1mara de Comercio y Producci\u00f3n de Puerto Plata, Inc.<\/p>\n<p>&nbsp;<\/p>\n<h3>N\u00famero de impuesto:<\/h3>\n<p>132048611<\/p>\n<p>&nbsp;<\/p>\n<h3>Autorizaci\u00f3n:<\/h3>\n<p>Ministerio de Turismo<\/p>\n<p>Ave. M\u00e9xico Esq. 30 de Marzo, Bloque D, Oficinas Gubernamentales. <a href=\"http:\/\/mitur.gob.do\">http:\/\/mitur.gob.do<\/a><\/p>\n<h3>Nuestro n\u00famero de licencia:<\/h3>\n<p>N\u00ba 220\/2020<\/p>\n\n\t\t<\/div>\n\t<\/div>\n<\/div><\/div><\/div><div class=\"col-md-6 wpb_column vc_column_container vc_col-sm-6\"><div class=\"vc_column-inner\"><div class=\"wpb_wrapper\">\n\t<div class=\"wpb_text_column wpb_content_element\" >\n\t\t<div class=\"wpb_wrapper\">\n\t\t\t<h2>Datos del proveedor de alojamiento:<\/h2>\n<p><a href=\"https:\/\/rackforest.com\/\">https:\/\/rackforest.com<\/a><\/p>\n<p>Direcci\u00f3n de la oficina: 1132 Budapest, Victor Hugo u. 18-22, 3. piso. 3008 a.<\/p>\n<p>Direcci\u00f3n de las salas de servidores: distrito XIII 1132 Budapest, Victor Hugo u. 18-22., 3. piso. | VIII. distrito 1087 Budapest, Asztalos S\u00e1ndor u. 13. | X. distrito 1108 Budapest, Kozma u. 2.<\/p>\n\n\t\t<\/div>\n\t<\/div>\n<\/div><\/div><\/div><\/div>\n<\/div>","protected":false},"excerpt":{"rendered":"Nombre del prestador de servicios: Go Dominican Vacaions EA SRL Domicilio social y lugar de actividad: Calle Pablo Neruda, No.09, Villa Ana Mar\u00eda, El Batey, Municipio de Sos\u00faa, Provincia de Puerto Plata, Rep\u00fablica Dominicana Direcci\u00f3n postal: 028-001132 4406 N.W. 7TH Ave. Miami, FL 33195-6407 Datos de contacto del proveedor de servicios: info@godominicanvacations.com El proveedor de servicios est\u00e1 registrado en la C\u00e1mara de Comercio y Producci\u00f3n de [...]","protected":false},"author":12,"featured_media":0,"parent":0,"menu_order":18,"comment_status":"closed","ping_status":"closed","template":"","meta":{"_seopress_robots_primary_cat":"","_seopress_titles_title":"","_seopress_titles_desc":"","_seopress_robots_index":"","footnotes":""},"class_list":["post-8392","page","type-page","status-publish","hentry"],"_links":{"self":[{"href":"https:\/\/dominikaneked.hu\/es\/wp-json\/wp\/v2\/pages\/8392","targetHints":{"allow":["GET"]}}],"collection":[{"href":"https:\/\/dominikaneked.hu\/es\/wp-json\/wp\/v2\/pages"}],"about":[{"href":"https:\/\/dominikaneked.hu\/es\/wp-json\/wp\/v2\/types\/page"}],"author":[{"embeddable":true,"href":"https:\/\/dominikaneked.hu\/es\/wp-json\/wp\/v2\/users\/12"}],"replies":[{"embeddable":true,"href":"https:\/\/dominikaneked.hu\/es\/wp-json\/wp\/v2\/comments?post=8392"}],"version-history":[{"count":0,"href":"https:\/\/dominikaneked.hu\/es\/wp-json\/wp\/v2\/pages\/8392\/revisions"}],"wp:attachment":[{"href":"https:\/\/dominikaneked.hu\/es\/wp-json\/wp\/v2\/media?parent=8392"}],"curies":[{"name":"wp","href":"https:\/\/api.w.org\/{rel}","templated":true}]}}