{"id":8390,"date":"2021-06-12T16:16:48","date_gmt":"2021-06-12T14:16:48","guid":{"rendered":"exploore.sysvol.hu"},"modified":"2021-09-10T06:33:59","modified_gmt":"2021-09-10T04:33:59","slug":"aszf","status":"publish","type":"page","link":"https:\/\/dominikaneked.hu\/es\/aszf\/","title":{"rendered":"GTC"},"content":{"rendered":"<div class=\"wpb-content-wrapper\"><div class=\"vc_row wpb_row vc_row-fluid\"><div class=\"wpb_column vc_column_container vc_col-sm-12\"><div class=\"vc_column-inner\"><div class=\"wpb_wrapper\">\n\t<div class=\"wpb_text_column wpb_content_element\" >\n\t\t<div class=\"wpb_wrapper\">\n\t\t\t<p>Los T\u00e9rminos y Condiciones Generales del Servicio (\"TCS\") contienen los t\u00e9rminos y condiciones generales para el uso de la tienda web operada por Go Dominican Vacations EA SRL, una empresa con domicilio social en la Calle Pablo Neruda 9, Villa Ana Mar\u00eda, Sos\u00faa, Rep\u00fablica Dominicana, CIF:132-04861-1, como proveedor de servicios (\"Proveedor de Servicios\"). Le rogamos que s\u00f3lo utilice nuestros servicios si est\u00e1 de acuerdo con todos sus puntos y se considera obligado por ellos. Este documento no est\u00e1 archivado, se celebra \u00fanicamente en forma electr\u00f3nica (no constituye un contrato escrito) y no hace referencia a un c\u00f3digo de conducta.<\/p>\n<p>Las CGC pueden descargarse en el siguiente enlace: [dkpdf-button].<\/p>\n\n\t\t<\/div>\n\t<\/div>\n\n\t<div class=\"wpb_text_column wpb_content_element\" >\n\t\t<div class=\"wpb_wrapper\">\n\t\t\t<h2>Datos del proveedor de servicios<\/h2>\n<p>Nombre del proveedor de servicios: Go Dominican Vacations EA SRL<\/p>\n<p>El proveedor de servicios se encuentra en la calle Pablo Neruda 9, Villa Ana Mar\u00eda, Sos\u00faa<\/p>\n<p>Los datos de contacto del proveedor de servicios, la direcci\u00f3n de correo electr\u00f3nico utilizada regularmente para contactar con los usuarios:<a href=\"mailto:info@godominicanvacations.com\">info@godominicanvacations.com<\/a><\/p>\n<p>N\u00famero de registro de la empresa:24016-PP<\/p>\n<p>N\u00famero de impuesto:132-04861-1<\/p>\n<p>Nombre de la autoridad de registro (registro mercantil):C\u00e1mara de Comercio y Producci\u00f3n de Puerto Plata<\/p>\n<p>N\u00fameros de tel\u00e9fono:+1 809 870 5607<\/p>\n<p>N\u00famero de licencia:220\/2200<\/p>\n<p>Lengua del contrato: h\u00fangaro<\/p>\n<p>Datos del proveedor de alojamiento:<a href=\"https:\/\/rackforest.com\">https:\/\/rackforest.com<\/a><\/p>\n\n\t\t<\/div>\n\t<\/div>\n\n\t<div class=\"wpb_text_column wpb_content_element\" >\n\t\t<div class=\"wpb_wrapper\">\n\t\t\t<h2>Disposiciones b\u00e1sicas<\/h2>\n<p>1.1 El derecho h\u00fangaro regir\u00e1 las cuestiones no reguladas en el presente Reglamento y la interpretaci\u00f3n del mismo, en particular en lo que respecta a las disposiciones pertinentes de la Ley V de 2013 sobre el C\u00f3digo Civil (\"C\u00f3digo Civil\") y la Ley CVIII de 2001 sobre determinadas cuestiones de los servicios de comercio electr\u00f3nico y los servicios de la sociedad de la informaci\u00f3n. Las disposiciones obligatorias de la legislaci\u00f3n pertinente se aplicar\u00e1n a las partes sin ninguna estipulaci\u00f3n espec\u00edfica.<\/p>\n<p>1.2 \u00c1mbito de aplicaci\u00f3n, modificaci\u00f3n de las CGC.<\/p>\n<p>1.3. Protecci\u00f3n de los derechos de autor de la tienda virtual como obra protegida, atenci\u00f3n.<\/p>\n<p>1.4. Disponibilidad.<\/p>\n\n\t\t<\/div>\n\t<\/div>\n\n\t<div class=\"wpb_text_column wpb_content_element\" >\n\t\t<div class=\"wpb_wrapper\">\n\t\t\t<h2>Normas de gesti\u00f3n de datos<\/h2>\n<p>1.5. Deben indicarse los datos de contacto del aviso de privacidad, incluido el n\u00famero de registro de protecci\u00f3n de datos.<\/p>\n\n\t\t<\/div>\n\t<\/div>\n\n\t<div class=\"wpb_text_column wpb_content_element\" >\n\t\t<div class=\"wpb_wrapper\">\n\t\t\t<h2>Productos y servicios disponibles para la compra<\/h2>\n<p>1.6 Debe indicarse si los productos expuestos s\u00f3lo pueden adquirirse en l\u00ednea o en persona. Si los productos incluyen el IVA. \u00bfIncluyen los gastos de env\u00edo o de embalaje?<\/p>\n<p>1.7. En la tienda virtual, el Proveedor de Servicios mostrar\u00e1 el nombre y la descripci\u00f3n del producto de forma detallada, as\u00ed como una fotograf\u00eda del mismo. Las im\u00e1genes que aparecen en las hojas de datos del producto pueden diferir de las reales, en algunos casos se utilizan como ilustraci\u00f3n.<\/p>\n<p>1.8 Si se introduce un precio promocional, el Proveedor de Servicios informar\u00e1 plenamente a los Usuarios sobre la duraci\u00f3n de la promoci\u00f3n.<\/p>\n\n\t\t<\/div>\n\t<\/div>\n\n\t<div class=\"wpb_text_column wpb_content_element\" >\n\t\t<div class=\"wpb_wrapper\">\n\t\t\t<h2>C\u00f3mo hacer el pedido<\/h2>\n<p>1.9. Descripci\u00f3n detallada del proceso de pedido, desde el registro hasta la incorporaci\u00f3n del producto a la cesta de la compra.<\/p>\n<p>1.10. Opciones para corregir los errores de introducci\u00f3n de datos (por ejemplo, producto adicional, eliminar producto, comprobar el precio, etc.)<\/p>\n<p>1.11. Opciones de pago, descripci\u00f3n de los m\u00e9todos de entrega<\/p>\n<p>1.12. La tienda virtual del proveedor de servicios est\u00e1 obligada a confirmar al usuario la recepci\u00f3n del pedido por medios electr\u00f3nicos sin demora. Si esta confirmaci\u00f3n no ha sido recibida por el usuario en un plazo razonable, dependiendo de la naturaleza del servicio, pero a m\u00e1s tardar 48 horas despu\u00e9s del env\u00edo del pedido del usuario, \u00e9ste quedar\u00e1 liberado de la obligaci\u00f3n de realizar una oferta u obligaci\u00f3n contractual. Las partes podr\u00e1n establecer excepciones a las normas anteriores si as\u00ed lo han acordado.<\/p>\n\n\t\t<\/div>\n\t<\/div>\n\n\t<div class=\"wpb_text_column wpb_content_element\" >\n\t\t<div class=\"wpb_wrapper\">\n\t\t\t<h2>Tramitaci\u00f3n y cumplimiento de pedidos<\/h2>\n<p>1.13. \u00bfCu\u00e1ndo se procesan los pedidos?<\/p>\n<p>1.14. plazo general de ejecuci\u00f3n, en un plazo de x d\u00edas laborables a partir de la confirmaci\u00f3n. Si el Proveedor de Servicios y el Usuario no han acordado el momento de la ejecuci\u00f3n, el Proveedor de Servicios estar\u00e1 obligado a ejecutar el contrato en el plazo o la fecha especificada en la solicitud del Usuario, o en ausencia de una solicitud, en un plazo m\u00e1ximo de 30 d\u00edas a partir de la recepci\u00f3n del pedido por el Proveedor de Servicios.<\/p>\n<p>1.15. Si el Proveedor de Servicios no cumple con sus obligaciones contractuales porque el producto especificado en el contrato no est\u00e1 disponible, deber\u00e1 informar inmediatamente al Usuario de ello y reembolsar el importe pagado por el Usuario sin demora, pero a m\u00e1s tardar en un plazo de treinta d\u00edas. El cumplimiento de esta obligaci\u00f3n no exime al Proveedor de Servicios de cualquier otra consecuencia de su incumplimiento de contrato.<\/p>\n\n\t\t<\/div>\n\t<\/div>\n\n\t<div class=\"wpb_text_column wpb_content_element\" >\n\t\t<div class=\"wpb_wrapper\">\n\t\t\t<h2>Gesti\u00f3n de reclamaciones<\/h2>\n<p>1.16. La tienda online debe informar al consumidor de su domicilio social, del lugar de tramitaci\u00f3n de las reclamaciones, si es distinto del lugar de distribuci\u00f3n o venta, y del m\u00e9todo adaptado a las caracter\u00edsticas espec\u00edficas de la actividad, forma comercial o m\u00e9todo, as\u00ed como de la direcci\u00f3n postal y, si la empresa tambi\u00e9n recibe reclamaciones por esta v\u00eda, de la direcci\u00f3n de correo electr\u00f3nico y de la direcci\u00f3n de Internet y el n\u00famero de tel\u00e9fono de la empresa o del servicio de atenci\u00f3n al cliente de la empresa a efectos de comunicaci\u00f3n de reclamaciones.<\/p>\n\n\t\t<\/div>\n\t<\/div>\n\n\t<div class=\"wpb_text_column wpb_content_element\" >\n\t\t<div class=\"wpb_wrapper\">\n\t\t\t<h2>Disposiciones varias<\/h2>\n<p>1.17. El Proveedor de Servicios y el Usuario tratar\u00e1n de resolver sus conflictos de forma amistosa.<\/p>\n<p>Sos\u00faa, 2021.08.26.<\/p>\n\n\t\t<\/div>\n\t<\/div>\n<\/div><\/div><\/div><\/div>\n<\/div>","protected":false},"excerpt":{"rendered":"Los T\u00e9rminos y Condiciones Generales del Servicio (\"TCS\") contienen los t\u00e9rminos y condiciones generales para el uso de la tienda web operada por Go Dominican Vacations EA SRL, una empresa con domicilio social en la Calle Pablo Neruda 9, Villa Ana Mar\u00eda, Sos\u00faa, Rep\u00fablica Dominicana, CIF:132-04861-1, como proveedor de servicios (\"Proveedor de Servicios\"). Le rogamos que s\u00f3lo utilice nuestros servicios si est\u00e1 de acuerdo con todos sus puntos y se considera obligado por ellos. Este documento no se utilizar\u00e1 [...]","protected":false},"author":12,"featured_media":0,"parent":0,"menu_order":17,"comment_status":"closed","ping_status":"closed","template":"","meta":{"_seopress_robots_primary_cat":"","_seopress_titles_title":"","_seopress_titles_desc":"","_seopress_robots_index":"","footnotes":""},"class_list":["post-8390","page","type-page","status-publish","hentry"],"_links":{"self":[{"href":"https:\/\/dominikaneked.hu\/es\/wp-json\/wp\/v2\/pages\/8390","targetHints":{"allow":["GET"]}}],"collection":[{"href":"https:\/\/dominikaneked.hu\/es\/wp-json\/wp\/v2\/pages"}],"about":[{"href":"https:\/\/dominikaneked.hu\/es\/wp-json\/wp\/v2\/types\/page"}],"author":[{"embeddable":true,"href":"https:\/\/dominikaneked.hu\/es\/wp-json\/wp\/v2\/users\/12"}],"replies":[{"embeddable":true,"href":"https:\/\/dominikaneked.hu\/es\/wp-json\/wp\/v2\/comments?post=8390"}],"version-history":[{"count":0,"href":"https:\/\/dominikaneked.hu\/es\/wp-json\/wp\/v2\/pages\/8390\/revisions"}],"wp:attachment":[{"href":"https:\/\/dominikaneked.hu\/es\/wp-json\/wp\/v2\/media?parent=8390"}],"curies":[{"name":"wp","href":"https:\/\/api.w.org\/{rel}","templated":true}]}}