{"id":8388,"date":"2021-06-12T16:16:28","date_gmt":"2021-06-12T14:16:28","guid":{"rendered":"exploore.sysvol.hu"},"modified":"2021-07-28T15:50:14","modified_gmt":"2021-07-28T13:50:14","slug":"utazasi-feltetelek","status":"publish","type":"page","link":"https:\/\/dominikaneked.hu\/es\/utazasi-feltetelek\/","title":{"rendered":"Condiciones de viaje"},"content":{"rendered":"<div class=\"wpb-content-wrapper\"><div class=\"vc_row wpb_row vc_row-fluid\"><div class=\"wpb_column vc_column_container vc_col-sm-12\"><div class=\"vc_column-inner\"><div class=\"wpb_wrapper\">\n\t<div class=\"wpb_text_column wpb_content_element\" >\n\t\t<div class=\"wpb_wrapper\">\n\t\t\t<h2>CONDICIONES GENERALES DE VIAJE:<\/h2>\n<ul>\n<li>Nuestros programas comienzan y terminan en el pa\u00eds y la ciudad de llegada indicados en la descripci\u00f3n. El cruce de la frontera h\u00fangara por tierra o por aire no est\u00e1 incluido en los programas. Los programas est\u00e1n organizados por Go Dominican Vacation EA. SRL.<\/li>\n<li>El desplazamiento al lugar de salida a la hora de inicio y la salida despu\u00e9s del programa es individual y no forma parte del programa.<\/li>\n<li>No vendemos vuelos, puede reservar a trav\u00e9s de nuestro socio en nuestro sitio.<\/li>\n<li>Los precios indicados en el sitio web se expresan en d\u00f3lares estadounidenses y son indicativos.<\/li>\n<li>La informaci\u00f3n de este sitio web no constituye una oferta de viaje.<\/li>\n<\/ul>\n\n\t\t<\/div>\n\t<\/div>\n\n\t<div class=\"wpb_text_column wpb_content_element\" >\n\t\t<div class=\"wpb_wrapper\">\n\t\t\t<h2>EL PROCEDIMIENTO DE RESERVA:<\/h2>\n<ol>\n<li>Selecci\u00f3n de programas<br \/>\nLa reserva del viaje se realiza electr\u00f3nicamente. En nuestro sitio web se enumeran nuestros programas<\/p>\n<ul>\n<li>una descripci\u00f3n detallada de<\/li>\n<li>Fecha y hora de<\/li>\n<li>el precio<\/li>\n<li>qu\u00e9 incluye y qu\u00e9 no incluye el precio<\/li>\n<\/ul>\n<p>Por favor, lea la informaci\u00f3n. Utilice esta informaci\u00f3n para elegir cu\u00e1l de nuestros programas le interesa.<\/li>\n<li>Comunicaci\u00f3n previa al viaje<br \/>\nEl contacto previo a la reserva puede hacerse por correo electr\u00f3nico, Messenger, WhatsApp, Viber. Puede ponerse en contacto con nosotros a trav\u00e9s de estos canales para cualquier pregunta\/solicitud necesaria para preparar una decisi\u00f3n.<\/li>\n<li>Solicitud de presupuesto<br \/>\nRellene el formulario en el men\u00fa de contacto de nuestra p\u00e1gina web ( https:\/\/dominikavar.hu\/kapcsolat\/ ). Esto a\u00f1adir\u00e1 su solicitud a las dem\u00e1s solicitudes de propuestas, donde veremos todas las solicitudes juntas. Tiene la posibilidad de hacer peticiones individuales. Nos comunicaremos con m\u00e1s detalle, respondiendo a sus preguntas, en la direcci\u00f3n de correo electr\u00f3nico que indique en el formulario,<br \/>\ny le haremos un presupuesto. La solicitud de presupuesto no constituye un pedido. Los pedidos se realizan previo pago del programa.<\/li>\n<li>Reservar un programa<br \/>\nCuando todos los detalles de su viaje est\u00e9n claros, se le pedir\u00e1 que pague el importe establecido a trav\u00e9s de nuestro sistema de reservas. Sistema de pago seguro con tarjeta de cr\u00e9dito. Tras el pago, su viaje quedar\u00e1 reservado en el calendario. 20% del dep\u00f3sito se tratar\u00e1 como dinero de arrepentimiento y no se reembolsar\u00e1 en caso de cancelaci\u00f3n. La raz\u00f3n es que con el n\u00famero de<br \/>\ny planificamos nuestra carga de trabajo diaria en consecuencia. Consid\u00e9relo como una tasa de cancelaci\u00f3n. Por favor, s\u00f3lo pague si acepta esta condici\u00f3n. Al realizar este pago, usted reconoce haber recibido toda la informaci\u00f3n sobre el viaje y haber tomado su decisi\u00f3n con pleno conocimiento de causa.<br \/>\nEstos art\u00edculos no se reembolsar\u00e1n en ning\u00fan caso:<\/p>\n<ul>\n<li>billete de avi\u00f3n interno<\/li>\n<li>alojamiento en un plazo de 60 d\u00edas<\/li>\n<\/ul>\n<p>En caso de aplazamiento por cualquier motivo, se abonar\u00e1 el importe de la reserva para volver a reservarla dentro de los 24 meses siguientes a la fecha original del viaje (salvo las excepciones indicadas).<br \/>\nNo tiene que viajar en un plazo de 24 meses, sino reservar una nueva fecha.<\/li>\n<\/ol>\n\n\t\t<\/div>\n\t<\/div>\n\n\t<div class=\"wpb_text_column wpb_content_element\" >\n\t\t<div class=\"wpb_wrapper\">\n\t\t\t<h2>COMPRAR<\/h2>\n<p>Utilizamos precios brutos en los precios que aparecen en el programa. Todo lo que pertenece al viaje est\u00e1 incluido en el precio.<\/p>\n<p>Est\u00e1 incluido en el precio mostrado:<\/p>\n<ul>\n<li>entradas<\/li>\n<li>transporte in situ: veh\u00edculo con aire acondicionado y conductor, adecuado al n\u00famero de personas y al eventual equipaje<\/li>\n<li>un gu\u00eda tur\u00edstico de habla h\u00fangara, que incluye tareas relacionadas con el viaje<\/li>\n<li>Gu\u00edas de habla h\u00fangara: informan sobre los lugares de inter\u00e9s de los programas<\/li>\n<li>alojamiento: el precio de nuestros viajes incluye el alojamiento y las comidas por grupo<\/li>\n<\/ul>\n<p>No est\u00e1 incluido en el precio indicado:<\/p>\n<ul>\n<li>coste del viaje a la ciudad de llegada \/ coste del viaje desde la ciudad de salida al final del programa<\/li>\n<li>programas especiales opcionales<\/li>\n<li>suplemento \u00fanico<\/li>\n<li>cama extra cargo extra<\/li>\n<li>coste de la ampliaci\u00f3n<\/li>\n<li>costes adicionales por necesidades diet\u00e9ticas especiales<\/li>\n<li>seguro de enfermedad, accidente y equipaje<\/li>\n<\/ul>\n<p>Los precios del alojamiento est\u00e1n incluidos en los paquetes que anunciamos. No incluimos el alojamiento en los programas de d\u00eda individuales. Podemos acordar tarifas con descuento con nuestros hoteles contratados si lo solicita.<br \/>\nComidas: desayuno incluido en el precio del alojamiento recomendado \/ reservado por nosotros.<br \/>\nAlgunos de nuestros programas incluyen una comida integrada. Se indican por separado.<br \/>\nPara las entradas, tenemos contratos de entrada con descuento con varias atracciones. Los utilizamos en los paquetes que anunciamos.<br \/>\nEn el caso del transporte, nuestra larga colaboraci\u00f3n comercial nos permite obtener descuentos por volumen en muchos lugares. Los aplicamos a los paquetes que anunciamos.<\/p>\n\n\t\t<\/div>\n\t<\/div>\n\n\t<div class=\"wpb_text_column wpb_content_element\" >\n\t\t<div class=\"wpb_wrapper\">\n\t\t\t<h2>PREPARACI\u00d3N DEL VIAJE<\/h2>\n<ul>\n<li>Compruebe la validez de su pasaporte. Debe tener una validez de 6 meses a partir de la fecha de salida.<\/li>\n<li>El seguro es esencial. Cuando contrates un seguro, t\u00f3mate el tiempo necesario para familiarizarte con las condiciones. Compruebe con la aseguradora qu\u00e9 hospitales de las ciudades que cubre est\u00e1n afiliados a la misma. Si no es as\u00ed, qu\u00e9 debe hacer. El hecho de que la instituci\u00f3n m\u00e9dica le proporcione el tratamiento a cargo de su seguro o en base a un pago inicial y posterior a la liquidaci\u00f3n del seguro puede depender del caso concreto. Prep\u00e1rese para pagar en consecuencia y est\u00e9 al tanto de la lista de documentaci\u00f3n exigida por la aseguradora.<br \/>\nTipos de seguros:<\/p>\n<ul>\n<li>BBP - enfermedad, accidente, equipaje<\/li>\n<li>Suplemento por deportes extremos si su itinerario incluye senderismo por la selva, escalada, buceo...<\/li>\n<li>seguro de viaje<\/li>\n<\/ul>\n<\/li>\n<li>Conocimiento de las normas aduaneras de importaci\u00f3n, con especial \u00e9nfasis en los productos sujetos a impuestos especiales: cigarrillos, alcohol y l\u00edquidos.<\/li>\n<li>Normas aduaneras de exportaci\u00f3n, en particular: tesoros naturales (conchas, corales, plantas, semillas... etc.); productos animales;<\/li>\n<li>Usted es responsable de cumplir las leyes de su pa\u00eds y las normas para visitar los sitios incluidos en el programa. En particular, deben cumplir plenamente las normas de vestimenta y comportamiento previstas en los lugares de inter\u00e9s y las normas de tr\u00e1fico.<\/li>\n<\/ul>\n\n\t\t<\/div>\n\t<\/div>\n\n\t<div class=\"wpb_text_column wpb_content_element\" >\n\t\t<div class=\"wpb_wrapper\">\n\t\t\t<h2>DURANTE EL VIAJE EN RELACI\u00d3N CON EL VUELO<\/h2>\n<ol>\n<li>Consulte con las compa\u00f1\u00edas a\u00e9reas\n<ul>\n<li>las normas sobre el tama\u00f1o y el peso del equipaje facturado<\/li>\n<li>las normas sobre el peso total y el n\u00famero de objetos permitidos en el equipaje de mano<\/li>\n<\/ul>\n<\/li>\n<li>Aseg\u00farese de llegar al aeropuerto a tiempo antes de la salida de su vuelo. En el caso de los vuelos internacionales, suele ser 2 horas antes de la salida.<\/li>\n<li>Cuando se viaja en avi\u00f3n, se aplican las condiciones de viaje de la compa\u00f1\u00eda a\u00e9rea, incluyendo cualquier cambio en el vuelo: retrasos, cambios de horario, cambios de tipo de avi\u00f3n o incluso cambios de compa\u00f1\u00eda a\u00e9rea.<\/li>\n<\/ol>\n\n\t\t<\/div>\n\t<\/div>\n\n\t<div class=\"wpb_text_column wpb_content_element\" >\n\t\t<div class=\"wpb_wrapper\">\n\t\t\t<h2>DESPU\u00c9S DE LA LLEGADA<\/h2>\n<ol>\n<li>Para sus compras, usted es responsable de determinar la autenticidad de los art\u00edculos. Por favor, considere su decisi\u00f3n cuidadosamente antes de hacer una compra.<\/li>\n<li>Las necesidades diet\u00e9ticas especiales s\u00f3lo pueden ser atendidas hasta el tama\u00f1o del men\u00fa.<\/li>\n<li>Los siguientes casos quedan fuera de las categor\u00edas que podemos tratar:\n<ul>\n<li>meteorolog\u00eda; cat\u00e1strofe natural; estado de emergencia ordenado por el pa\u00eds en cuesti\u00f3n<\/li>\n<li>eventos pol\u00edticos, eventos<\/li>\n<li>vacaciones, festivales<\/li>\n<li>obras de construcci\u00f3n, cierre de carreteras<\/li>\n<\/ul>\n<\/li>\n<li>Para el alojamiento, reservaremos la categor\u00eda de habitaci\u00f3n y el tipo de cama preestablecidos. De acuerdo con las normas internacionales, las habitaciones deben desalojarse a m\u00e1s tardar a las 12:00 horas y pueden ser ocupadas a partir de las 14:00 horas. Los hoteles pueden especificar horarios diferentes. No somos responsables de que las habitaciones est\u00e9n total o parcialmente disponibles a su llegada.<\/li>\n<li>Ponemos en contacto a los viajeros que se han inscrito al mismo tiempo y para el mismo programa. Utilizamos un veh\u00edculo del mismo tama\u00f1o que el grupo.<\/li>\n<\/ol>\n\n\t\t<\/div>\n\t<\/div>\n\n\t<div class=\"wpb_text_column wpb_content_element\" >\n\t\t<div class=\"wpb_wrapper\">\n\t\t\t<h2>CONDICIONES DE PARTICIPACI\u00d3N EN NUESTROS PROGRAMAS<\/h2>\n<ol>\n<li>Para un programa de d\u00eda completo, el programa comienza a las 8:00 horas. Otros horarios de inicio se comunicar\u00e1n por separado.<\/li>\n<li>Para los programas de medio d\u00eda, la hora de salida se acordar\u00e1 por adelantado.<\/li>\n<li>El programa comienza y termina en la recepci\u00f3n del hotel. Cualquier otro caso se acordar\u00e1 de antemano.<\/li>\n<li>Para un programa de d\u00eda completo, proporcionamos espacio y tiempo adecuados para las comidas. Las necesidades diet\u00e9ticas especiales s\u00f3lo se pueden satisfacer hasta el l\u00edmite del men\u00fa.<\/li>\n<li>Antes de que comiencen los programas, se anunciar\u00e1n las normas generales y las normas de las atracciones del d\u00eda. Esto significa principalmente el c\u00f3digo de vestimenta (ropa esperada) y los modales.<\/li>\n<li>En cada atracci\u00f3n, un gu\u00eda le dar\u00e1 el texto del lugar inmediatamente despu\u00e9s de su llegada. Despu\u00e9s de esto, puedes ir a hacer fotos. Si no estabas all\u00ed cuando el gu\u00eda hablaba, es tu elecci\u00f3n.<\/li>\n<li>Por favor, no interrumpa el texto del gu\u00eda haciendo una pregunta. Haga las preguntas pertinentes despu\u00e9s del texto y ser\u00e1n respondidas.<\/li>\n<li>Por favor, no cuente sus propias historias sobre sus viajes anteriores durante la visita guiada. Tiene la oportunidad de hacerlo durante el tiempo libre con compa\u00f1eros de viaje receptivos.<\/li>\n<li>Durante los programas, se puede realizar una grabaci\u00f3n de imagen y sonido desde el LISTENER. S\u00f3lo puede publicarse en Internet material que no est\u00e9 protegido por derechos de autor u otros derechos de propiedad intelectual. El texto hablado de los gu\u00edas est\u00e1 protegido por derechos de autor y cualquier uso del mismo requiere una autorizaci\u00f3n previa por escrito.<\/li>\n<li>Si se pierde alguna fecha de salida durante el programa, tendr\u00e1 que organizar su propio viaje de ida y vuelta por su cuenta.<\/li>\n<li>Los estados de embriaguez o intoxicaci\u00f3n no pueden participar en nuestros programas.<\/li>\n<li>Los problemas derivados del incumplimiento de las normas previstas (por ejemplo, la vestimenta o el comportamiento) se transmiten.<\/li>\n<li>No recuperaremos ning\u00fan programa perdido debido a su condici\u00f3n m\u00e9dica.<\/li>\n<li>Si abandona el programa sin haberlo acordado previamente, le rogamos que se encargue de volver al hotel.<\/li>\n<li>Lleve al programa s\u00f3lo el equipo esencial\/necesario. No nos hacemos responsables de los objetos personales y de valor que se dejen en el veh\u00edculo.<\/li>\n<li>En caso de reclamaci\u00f3n, env\u00ede su queja por escrito en un plazo de 24 horas a info@godominicanvacations.com. S\u00f3lo entonces podremos tener en cuenta su queja.<\/li>\n<\/ol>\n\n\t\t<\/div>\n\t<\/div>\n\n\t<div class=\"wpb_text_column wpb_content_element\" >\n\t\t<div class=\"wpb_wrapper\">\n\t\t\t<h2>CONDICIONES DE ANULACI\u00d3N:<\/h2>\n<ul>\n<li>96 horas antes del inicio del programa opcional solicitado, se devolver\u00e1 el 75% del precio total.<\/li>\n<li>72 horas antes del inicio del programa opcional reservado, le devolveremos 50% del precio total.<\/li>\n<li>En caso de cancelaci\u00f3n o de no presentarse en un plazo de 72 horas, no podremos devolver el importe pagado.<\/li>\n<\/ul>\n<p>Se hace una excepci\u00f3n a estas condiciones si la persona que cancela el viaje no puede asistir por motivos de salud y puede aportar documentaci\u00f3n m\u00e9dica. En este caso, le devolveremos el importe pagado en 90%.<\/p>\n<p>No podemos reembolsar el precio de compra de los programas no organizados por nosotros, s\u00f3lo podemos emitir un vale, que es transferible.<\/p>\n\n\t\t<\/div>\n\t<\/div>\n\n\t<div class=\"wpb_text_column wpb_content_element\" >\n\t\t<div class=\"wpb_wrapper\">\n\t\t\t<h2>NUESTRAS GARANT\u00cdAS<\/h2>\n<p>Ofrecemos programas de cosecha propia. Esta es la esencia de lo que hacemos.<br \/>\nLe daremos consejos sobre los vuelos y el alojamiento que mejor se adapten a su itinerario, pero la decisi\u00f3n y la compra son suyas.<br \/>\nEn conjunto, esto garantiza que no acabe en la situaci\u00f3n imposible que a veces ocurre con las agencias de viajes. Se organizar\u00e1 su alojamiento y su regreso a casa y tendr\u00e1 toda la informaci\u00f3n que necesite.<\/p>\n<p>\u00bfQU\u00c9 ES LA GARANT\u00cdA DE PRECIO?<\/p>\n<ul>\n<li>Si puede encontrar el mismo programa m\u00e1s barato en otra empresa y puede demostrarlo de forma cre\u00edble, le devolveremos la diferencia y le proporcionaremos el programa al precio m\u00e1s barato.<\/li>\n<li>Si no puedes venir a visitarnos, puedes utilizar el bono para los pr\u00f3ximos 2 a\u00f1os. De hecho, el vocher puede ser transferido y vendido ( anunciado en nuestro grupo ).<\/li>\n<\/ul>\n<p>NOS RESERVAMOS EL DERECHO A MODIFICAR LOS PRECIOS Y NO NOS HACEMOS RESPONSABLES DE LOS ERRORES QUE PUEDA HABER EN LA P\u00c1GINA WEB.<\/p>\n\n\t\t<\/div>\n\t<\/div>\n<\/div><\/div><\/div><\/div>\n<\/div>","protected":false},"excerpt":{"rendered":"CONDICIONES GENERALES DE TR\u00c1NSITO: nuestros programas comienzan y terminan en el pa\u00eds y ciudad de llegada indicados en la descripci\u00f3n. Cruzar la frontera de Hungr\u00eda por tierra o por aire no est\u00e1 incluido en los programas. Los programas est\u00e1n organizados por Go Dominican Vacation EA. SRL. El desplazamiento al lugar de inicio a la hora de comienzo y la salida despu\u00e9s del programa es individual y no forma parte del programa. [...]","protected":false},"author":12,"featured_media":0,"parent":0,"menu_order":10,"comment_status":"closed","ping_status":"closed","template":"","meta":{"_seopress_robots_primary_cat":"","_seopress_titles_title":"","_seopress_titles_desc":"","_seopress_robots_index":"","footnotes":""},"class_list":["post-8388","page","type-page","status-publish","hentry"],"_links":{"self":[{"href":"https:\/\/dominikaneked.hu\/es\/wp-json\/wp\/v2\/pages\/8388","targetHints":{"allow":["GET"]}}],"collection":[{"href":"https:\/\/dominikaneked.hu\/es\/wp-json\/wp\/v2\/pages"}],"about":[{"href":"https:\/\/dominikaneked.hu\/es\/wp-json\/wp\/v2\/types\/page"}],"author":[{"embeddable":true,"href":"https:\/\/dominikaneked.hu\/es\/wp-json\/wp\/v2\/users\/12"}],"replies":[{"embeddable":true,"href":"https:\/\/dominikaneked.hu\/es\/wp-json\/wp\/v2\/comments?post=8388"}],"version-history":[{"count":0,"href":"https:\/\/dominikaneked.hu\/es\/wp-json\/wp\/v2\/pages\/8388\/revisions"}],"wp:attachment":[{"href":"https:\/\/dominikaneked.hu\/es\/wp-json\/wp\/v2\/media?parent=8388"}],"curies":[{"name":"wp","href":"https:\/\/api.w.org\/{rel}","templated":true}]}}