{"id":8384,"date":"2021-06-12T16:15:31","date_gmt":"2021-06-12T14:15:31","guid":{"rendered":"http:\/\/exploore.sysvol.hu"},"modified":"2022-12-16T06:46:56","modified_gmt":"2022-12-16T05:46:56","slug":"rolunk","status":"publish","type":"page","link":"https:\/\/dominikaneked.hu\/es\/rolunk\/","title":{"rendered":"Go Dominican Vacations"},"content":{"rendered":"<div class=\"wpb-content-wrapper\"><div class=\"vc_row wpb_row vc_row-fluid\"><div class=\"wpb_column vc_column_container vc_col-sm-12\"><div class=\"vc_column-inner\"><div class=\"wpb_wrapper\">\n\t<div class=\"wpb_text_column wpb_content_element text-center col-sm-12 col-lg-8 offset-lg-2\" >\n\t\t<div class=\"wpb_wrapper\">\n\t\t\t<h2 class=\"heading\"><em>Por qu\u00e9 <\/em><strong class=\"animate animate-moveleft\">\u00bfelegirnos?<\/strong><\/h2>\n<div class=\"subtitle\">Tratamiento VIP a precios ordinarios<\/div>\n<p>Despu\u00e9s de conocer el pa\u00eds y sus tesoros ocultos, decidimos compartirlo con quienes vienen a relajarse. Era importante que nuestra empresa fuera legal y cumpliera todas las normas. Con estas directrices en mente, obtuvimos nuestro <a href=\"https:\/\/mitur.gob.do\/\" target=\"_blank\" rel=\"noopener\">Ministerio de Turismo<\/a> para organizar y dirigir las excursiones, y nuestra flota de veh\u00edculos tambi\u00e9n ha sido autorizada para el transporte.<br \/>\nHemos construido nuestro equipo sobre la base de muchos a\u00f1os de experiencia en turismo. Nuestros colegas hablan varios idiomas extranjeros, tienen a\u00f1os de experiencia en turismo y nuestro conocimiento local es inigualable. Los propietarios de la empresa son empresarios experimentados y de \u00e9xito, reconocidos internacionalmente, y licenciados en econom\u00eda del turismo.<\/p>\n<p>Nuestras excursiones est\u00e1n dise\u00f1adas para ser \u00fanicas y dar a nuestros hu\u00e9spedes la experiencia de su vida. Somos una organizaci\u00f3n sin \u00e1nimo de lucro, pero nuestra pol\u00edtica de precios consiste en ofrecer la mejor relaci\u00f3n calidad-precio. Por eso somos la primera y \u00fanica empresa que introduce una garant\u00eda de precio. Adem\u00e1s de los precios, la calidad era otro aspecto importante, y hemos creado una pol\u00edtica espec\u00edfica para nuestros colegas, que es totalmente respetada por todos.<br \/>\nComo nuestra empresa tiene todas las licencias, organizamos y dirigimos nuestros programas. As\u00ed que no involucramos a un tercero, por lo que la diferencia se queda en el bolsillo de nuestros hu\u00e9spedes.<\/p>\n\n\t\t<\/div>\n\t<\/div>\n\n\t<div class=\"wpb_text_column wpb_content_element text-center col-sm-12 col-lg-10 offset-lg-1\" >\n\t\t<div class=\"wpb_wrapper\">\n\t\t\t<blockquote><p>\nPara nosotros, el nivel VIP es la base, es como vivimos, es como trabajamos. Sencillamente, no podemos dar menos que eso, porque entonces recibir\u00edas menos de lo que creemos que mereces.\n<\/p><\/blockquote>\n\n\t\t<\/div>\n\t<\/div>\n\n\t<div class=\"wpb_text_column wpb_content_element row-full\" >\n\t\t<div class=\"wpb_wrapper\">\n\t\t\t<div id='gallery-1' class='gallery galleryid-8384 gallery-columns-3 gallery-size-full'><figure class='gallery-item'>\n\t\t\t<div class='gallery-icon landscape'>\n\t\t\t\t<img loading=\"lazy\" decoding=\"async\" width=\"1602\" height=\"900\" src=\"https:\/\/dominikaneked.hu\/wp-content\/uploads\/2021\/08\/9bfd47343666e2f1217e33440b7a55dc-scaled-e1628406203925.jpeg\" class=\"attachment-full size-full\" alt=\"\" srcset=\"https:\/\/dominikaneked.hu\/wp-content\/uploads\/2021\/08\/9bfd47343666e2f1217e33440b7a55dc-scaled-e1628406203925.jpeg 1602w, https:\/\/dominikaneked.hu\/wp-content\/uploads\/2021\/08\/9bfd47343666e2f1217e33440b7a55dc-scaled-e1628406203925-300x169.jpeg 300w, https:\/\/dominikaneked.hu\/wp-content\/uploads\/2021\/08\/9bfd47343666e2f1217e33440b7a55dc-scaled-e1628406203925-1024x575.jpeg 1024w, https:\/\/dominikaneked.hu\/wp-content\/uploads\/2021\/08\/9bfd47343666e2f1217e33440b7a55dc-scaled-e1628406203925-768x431.jpeg 768w, https:\/\/dominikaneked.hu\/wp-content\/uploads\/2021\/08\/9bfd47343666e2f1217e33440b7a55dc-scaled-e1628406203925-1536x863.jpeg 1536w, https:\/\/dominikaneked.hu\/wp-content\/uploads\/2021\/08\/9bfd47343666e2f1217e33440b7a55dc-scaled-e1628406203925-18x10.jpeg 18w, https:\/\/dominikaneked.hu\/wp-content\/uploads\/2021\/08\/9bfd47343666e2f1217e33440b7a55dc-scaled-e1628406203925-600x337.jpeg 600w\" sizes=\"auto, (max-width: 1602px) 100vw, 1602px\" \/>\n\t\t\t<\/div><\/figure><figure class='gallery-item'>\n\t\t\t<div class='gallery-icon landscape'>\n\t\t\t\t<img loading=\"lazy\" decoding=\"async\" width=\"1600\" height=\"900\" src=\"https:\/\/dominikaneked.hu\/wp-content\/uploads\/2021\/08\/bacardisziget_feherhomokospartja_es_kristalytisztavize.jpeg\" class=\"attachment-full size-full\" alt=\"\" srcset=\"https:\/\/dominikaneked.hu\/wp-content\/uploads\/2021\/08\/bacardisziget_feherhomokospartja_es_kristalytisztavize.jpeg 1600w, https:\/\/dominikaneked.hu\/wp-content\/uploads\/2021\/08\/bacardisziget_feherhomokospartja_es_kristalytisztavize-300x169.jpeg 300w, https:\/\/dominikaneked.hu\/wp-content\/uploads\/2021\/08\/bacardisziget_feherhomokospartja_es_kristalytisztavize-1024x576.jpeg 1024w, https:\/\/dominikaneked.hu\/wp-content\/uploads\/2021\/08\/bacardisziget_feherhomokospartja_es_kristalytisztavize-768x432.jpeg 768w, https:\/\/dominikaneked.hu\/wp-content\/uploads\/2021\/08\/bacardisziget_feherhomokospartja_es_kristalytisztavize-1536x864.jpeg 1536w, https:\/\/dominikaneked.hu\/wp-content\/uploads\/2021\/08\/bacardisziget_feherhomokospartja_es_kristalytisztavize-18x10.jpeg 18w, https:\/\/dominikaneked.hu\/wp-content\/uploads\/2021\/08\/bacardisziget_feherhomokospartja_es_kristalytisztavize-600x338.jpeg 600w\" sizes=\"auto, (max-width: 1600px) 100vw, 1600px\" \/>\n\t\t\t<\/div><\/figure><figure class='gallery-item'>\n\t\t\t<div class='gallery-icon landscape'>\n\t\t\t\t<img loading=\"lazy\" decoding=\"async\" width=\"1600\" height=\"900\" src=\"https:\/\/dominikaneked.hu\/wp-content\/uploads\/2021\/08\/bacardisziget_feherpart_fentrol.jpeg\" class=\"attachment-full size-full\" alt=\"\" srcset=\"https:\/\/dominikaneked.hu\/wp-content\/uploads\/2021\/08\/bacardisziget_feherpart_fentrol.jpeg 1600w, https:\/\/dominikaneked.hu\/wp-content\/uploads\/2021\/08\/bacardisziget_feherpart_fentrol-300x169.jpeg 300w, https:\/\/dominikaneked.hu\/wp-content\/uploads\/2021\/08\/bacardisziget_feherpart_fentrol-1024x576.jpeg 1024w, https:\/\/dominikaneked.hu\/wp-content\/uploads\/2021\/08\/bacardisziget_feherpart_fentrol-768x432.jpeg 768w, https:\/\/dominikaneked.hu\/wp-content\/uploads\/2021\/08\/bacardisziget_feherpart_fentrol-1536x864.jpeg 1536w, https:\/\/dominikaneked.hu\/wp-content\/uploads\/2021\/08\/bacardisziget_feherpart_fentrol-18x10.jpeg 18w, https:\/\/dominikaneked.hu\/wp-content\/uploads\/2021\/08\/bacardisziget_feherpart_fentrol-600x338.jpeg 600w\" sizes=\"auto, (max-width: 1600px) 100vw, 1600px\" \/>\n\t\t\t<\/div><\/figure><figure class='gallery-item'>\n\t\t\t<div class='gallery-icon landscape'>\n\t\t\t\t<img loading=\"lazy\" decoding=\"async\" width=\"1600\" height=\"900\" src=\"https:\/\/dominikaneked.hu\/wp-content\/uploads\/2021\/08\/DSC03398-scaled-e1628406400409.jpg\" class=\"attachment-full size-full\" alt=\"\" srcset=\"https:\/\/dominikaneked.hu\/wp-content\/uploads\/2021\/08\/DSC03398-scaled-e1628406400409.jpg 1600w, https:\/\/dominikaneked.hu\/wp-content\/uploads\/2021\/08\/DSC03398-scaled-e1628406400409-300x169.jpg 300w, https:\/\/dominikaneked.hu\/wp-content\/uploads\/2021\/08\/DSC03398-scaled-e1628406400409-1024x576.jpg 1024w, https:\/\/dominikaneked.hu\/wp-content\/uploads\/2021\/08\/DSC03398-scaled-e1628406400409-768x432.jpg 768w, https:\/\/dominikaneked.hu\/wp-content\/uploads\/2021\/08\/DSC03398-scaled-e1628406400409-1536x864.jpg 1536w, https:\/\/dominikaneked.hu\/wp-content\/uploads\/2021\/08\/DSC03398-scaled-e1628406400409-18x10.jpg 18w, https:\/\/dominikaneked.hu\/wp-content\/uploads\/2021\/08\/DSC03398-scaled-e1628406400409-600x338.jpg 600w\" sizes=\"auto, (max-width: 1600px) 100vw, 1600px\" \/>\n\t\t\t<\/div><\/figure><figure class='gallery-item'>\n\t\t\t<div class='gallery-icon landscape'>\n\t\t\t\t<img loading=\"lazy\" decoding=\"async\" width=\"1600\" height=\"900\" src=\"https:\/\/dominikaneked.hu\/wp-content\/uploads\/2021\/08\/e6d22dd9-742a-4731-b46f-cc948f4b201b-scaled-e1628405971592.jpg\" class=\"attachment-full size-full\" alt=\"\" srcset=\"https:\/\/dominikaneked.hu\/wp-content\/uploads\/2021\/08\/e6d22dd9-742a-4731-b46f-cc948f4b201b-scaled-e1628405971592.jpg 1600w, https:\/\/dominikaneked.hu\/wp-content\/uploads\/2021\/08\/e6d22dd9-742a-4731-b46f-cc948f4b201b-scaled-e1628405971592-300x169.jpg 300w, https:\/\/dominikaneked.hu\/wp-content\/uploads\/2021\/08\/e6d22dd9-742a-4731-b46f-cc948f4b201b-scaled-e1628405971592-1024x576.jpg 1024w, https:\/\/dominikaneked.hu\/wp-content\/uploads\/2021\/08\/e6d22dd9-742a-4731-b46f-cc948f4b201b-scaled-e1628405971592-768x432.jpg 768w, https:\/\/dominikaneked.hu\/wp-content\/uploads\/2021\/08\/e6d22dd9-742a-4731-b46f-cc948f4b201b-scaled-e1628405971592-1536x864.jpg 1536w, https:\/\/dominikaneked.hu\/wp-content\/uploads\/2021\/08\/e6d22dd9-742a-4731-b46f-cc948f4b201b-scaled-e1628405971592-18x10.jpg 18w, https:\/\/dominikaneked.hu\/wp-content\/uploads\/2021\/08\/e6d22dd9-742a-4731-b46f-cc948f4b201b-scaled-e1628405971592-600x338.jpg 600w\" sizes=\"auto, (max-width: 1600px) 100vw, 1600px\" \/>\n\t\t\t<\/div><\/figure><figure class='gallery-item'>\n\t\t\t<div class='gallery-icon landscape'>\n\t\t\t\t<img loading=\"lazy\" decoding=\"async\" width=\"1600\" height=\"900\" src=\"https:\/\/dominikaneked.hu\/wp-content\/uploads\/2021\/08\/las_salina_palmafas_strand.jpeg\" class=\"attachment-full size-full\" alt=\"\" srcset=\"https:\/\/dominikaneked.hu\/wp-content\/uploads\/2021\/08\/las_salina_palmafas_strand.jpeg 1600w, https:\/\/dominikaneked.hu\/wp-content\/uploads\/2021\/08\/las_salina_palmafas_strand-300x169.jpeg 300w, https:\/\/dominikaneked.hu\/wp-content\/uploads\/2021\/08\/las_salina_palmafas_strand-1024x576.jpeg 1024w, https:\/\/dominikaneked.hu\/wp-content\/uploads\/2021\/08\/las_salina_palmafas_strand-768x432.jpeg 768w, https:\/\/dominikaneked.hu\/wp-content\/uploads\/2021\/08\/las_salina_palmafas_strand-1536x864.jpeg 1536w, https:\/\/dominikaneked.hu\/wp-content\/uploads\/2021\/08\/las_salina_palmafas_strand-18x10.jpeg 18w, https:\/\/dominikaneked.hu\/wp-content\/uploads\/2021\/08\/las_salina_palmafas_strand-600x338.jpeg 600w\" sizes=\"auto, (max-width: 1600px) 100vw, 1600px\" \/>\n\t\t\t<\/div><\/figure>\n\t\t<\/div>\n\n\n\t\t<\/div>\n\t<\/div>\n\n\t<div class=\"wpb_text_column wpb_content_element text-center col-sm-12 col-lg-10 offset-lg-1\" >\n\t\t<div class=\"wpb_wrapper\">\n\t\t\t<h2 class=\"heading\"><em>\u00bfQu\u00e9 es el <\/em> <strong class=\"animate animate-moveleft\">\u00bfCalidad VIP?<\/strong><\/h2>\n<div class=\"subtitle\">Para nosotros, la Rep\u00fablica Dominicana es tambi\u00e9n nuestra casa, por lo que nuestro conocimiento del lugar es inmejorable. No hay ninguna situaci\u00f3n que no podamos manejar con los dedos cruzados.<\/div>\n<p>Cuando pase sus vacaciones con nosotros, usted tambi\u00e9n lo sentir\u00e1: damos a nuestros clientes lo que damos a nuestras vidas dominicanas. Te damos lo que es nuestra vida. Sin veh\u00edculos destartalados, sin personal aburrido, sin retrasos, sin colas, sin empujones, sin encajar, sin sentir que te dan lo mismo que en casa, pero por una fortuna...<\/p>\n\n\t\t<\/div>\n\t<\/div>\n<div class=\"vc_row wpb_row vc_inner vc_row-fluid row text-center py-5\"><div class=\"col-md-3 animate animate-fadein wpb_column vc_column_container vc_col-sm-3\"><div class=\"vc_column-inner\"><div class=\"wpb_wrapper\">\n\t<div class=\"wpb_text_column wpb_content_element\" >\n\t\t<div class=\"wpb_wrapper\">\n\t\t\t<h3 class=\"heading\"><em>Excelente<\/em> <strong>clasificaciones<\/strong><\/h3>\n<p>Disponemos de todas las licencias y certificaciones en la Rep\u00fablica Dominicana, \u00a1incluso del Ministerio de Turismo local!<\/p>\n\n\t\t<\/div>\n\t<\/div>\n<\/div><\/div><\/div><div class=\"col-md-3 animate animate-fadein wpb_column vc_column_container vc_col-sm-3\"><div class=\"vc_column-inner\"><div class=\"wpb_wrapper\">\n\t<div class=\"wpb_text_column wpb_content_element\" >\n\t\t<div class=\"wpb_wrapper\">\n\t\t\t<h3 class=\"heading\"><em>Premium<\/em> <strong>servicio<\/strong><\/h3>\n<p>Todas nuestras reservas y pasajeros est\u00e1n asegurados a un nivel superior, con certificados disponibles en nuestro sitio web.<\/p>\n\n\t\t<\/div>\n\t<\/div>\n<\/div><\/div><\/div><div class=\"col-md-3 animate animate-fadein wpb_column vc_column_container vc_col-sm-3\"><div class=\"vc_column-inner\"><div class=\"wpb_wrapper\">\n\t<div class=\"wpb_text_column wpb_content_element\" >\n\t\t<div class=\"wpb_wrapper\">\n\t\t\t<h3 class=\"heading\"><em>24\/7<\/em> <strong>servicio al cliente<\/strong><\/h3>\n<p>Estamos disponibles las 24 horas del d\u00eda, con colegas que hablan h\u00fangaro. No hay nada imposible ni siquiera de noche.<\/p>\n\n\t\t<\/div>\n\t<\/div>\n<\/div><\/div><\/div><div class=\"col-md-3 animate animate-fadein wpb_column vc_column_container vc_col-sm-3\"><div class=\"vc_column-inner\"><div class=\"wpb_wrapper\">\n\t<div class=\"wpb_text_column wpb_content_element\" >\n\t\t<div class=\"wpb_wrapper\">\n\t\t\t<h3 class=\"heading\"><em>Educaci\u00f3n superior<\/em> <strong>Calidad<\/strong><\/h3>\n<p>La Rep\u00fablica Dominicana es tambi\u00e9n nuestra casa, por lo que nuestro conocimiento del lugar es inmejorable. No hay ninguna situaci\u00f3n que no podamos resolver de un plumazo.<\/p>\n\n\t\t<\/div>\n\t<\/div>\n<\/div><\/div><\/div><\/div><\/div><\/div><\/div><\/div><div class=\"vc_row wpb_row vc_row-fluid\"><div class=\"wpb_column vc_column_container vc_col-sm-12\"><div class=\"vc_column-inner\"><div class=\"wpb_wrapper\">\n\t<div class=\"wpb_text_column wpb_content_element text-center col-sm-12 col-lg-10 offset-lg-1\" >\n\t\t<div class=\"wpb_wrapper\">\n\t\t\t<h2 class=\"heading\"><em>Un aspecto importante<\/em> <strong>\u00bfSeguridad?<\/strong><\/h2>\n<div class=\"subtitle\">\n<p>Nos ocupamos de ti.<\/p>\n<p>Pocos viajeros se dan cuenta de que se encuentran en la posici\u00f3n m\u00e1s vulnerable de su vida cuando viajan a tierras extranjeras. Hay tantos est\u00edmulos, vistas y experiencias, que las rutinas a las que est\u00e1s acostumbrado en la vida diaria no funcionan: no puedes concentrarte en ti mismo, en tu equipaje o en tus seres queridos como lo har\u00edas en un entorno familiar porque tu sistema nervioso est\u00e1 sobrecargado.<\/p>\n<\/div>\n\n\t\t<\/div>\n\t<\/div>\n<\/div><\/div><\/div><\/div>\n<\/div>","protected":false},"excerpt":{"rendered":"<p>Para nosotros, la Rep\u00fablica Dominicana es tambi\u00e9n nuestra casa, por lo que nuestro conocimiento del lugar es inmejorable. No hay ninguna situaci\u00f3n que no podamos manejar con los dedos cruzados.<\/p>","protected":false},"author":12,"featured_media":0,"parent":0,"menu_order":8,"comment_status":"closed","ping_status":"closed","template":"","meta":{"_seopress_robots_primary_cat":"","_seopress_titles_title":"Go Dominican Vacations, a Dominikai K\u00f6zt\u00e1rsas\u00e1g specialista","_seopress_titles_desc":"","_seopress_robots_index":"","footnotes":""},"class_list":["post-8384","page","type-page","status-publish","hentry"],"_links":{"self":[{"href":"https:\/\/dominikaneked.hu\/es\/wp-json\/wp\/v2\/pages\/8384","targetHints":{"allow":["GET"]}}],"collection":[{"href":"https:\/\/dominikaneked.hu\/es\/wp-json\/wp\/v2\/pages"}],"about":[{"href":"https:\/\/dominikaneked.hu\/es\/wp-json\/wp\/v2\/types\/page"}],"author":[{"embeddable":true,"href":"https:\/\/dominikaneked.hu\/es\/wp-json\/wp\/v2\/users\/12"}],"replies":[{"embeddable":true,"href":"https:\/\/dominikaneked.hu\/es\/wp-json\/wp\/v2\/comments?post=8384"}],"version-history":[{"count":1,"href":"https:\/\/dominikaneked.hu\/es\/wp-json\/wp\/v2\/pages\/8384\/revisions"}],"predecessor-version":[{"id":12012,"href":"https:\/\/dominikaneked.hu\/es\/wp-json\/wp\/v2\/pages\/8384\/revisions\/12012"}],"wp:attachment":[{"href":"https:\/\/dominikaneked.hu\/es\/wp-json\/wp\/v2\/media?parent=8384"}],"curies":[{"name":"wp","href":"https:\/\/api.w.org\/{rel}","templated":true}]}}