{"id":12176,"date":"2023-01-17T17:52:05","date_gmt":"2023-01-17T16:52:05","guid":{"rendered":"https:\/\/godominicanvacations.com\/?page_id=12176"},"modified":"2023-01-18T17:41:59","modified_gmt":"2023-01-18T16:41:59","slug":"program-kereso","status":"publish","type":"page","link":"https:\/\/dominikaneked.hu\/es\/program-kereso\/","title":{"rendered":"Encuentre un programa para un d\u00eda determinado"},"content":{"rendered":"","protected":false},"excerpt":{"rendered":"<p>Si ya sabe cu\u00e1ndo va a venir, pero no tiene un programa para un d\u00eda concreto, \u00a1busque en nuestros programas para ese d\u00eda!<\/p>","protected":false},"author":12,"featured_media":0,"parent":0,"menu_order":2,"comment_status":"closed","ping_status":"closed","template":"page-program-kereso.php","meta":{"_seopress_robots_primary_cat":"","_seopress_titles_title":"","_seopress_titles_desc":"","_seopress_robots_index":"","footnotes":""},"class_list":["post-12176","page","type-page","status-publish","hentry"],"_links":{"self":[{"href":"https:\/\/dominikaneked.hu\/es\/wp-json\/wp\/v2\/pages\/12176","targetHints":{"allow":["GET"]}}],"collection":[{"href":"https:\/\/dominikaneked.hu\/es\/wp-json\/wp\/v2\/pages"}],"about":[{"href":"https:\/\/dominikaneked.hu\/es\/wp-json\/wp\/v2\/types\/page"}],"author":[{"embeddable":true,"href":"https:\/\/dominikaneked.hu\/es\/wp-json\/wp\/v2\/users\/12"}],"replies":[{"embeddable":true,"href":"https:\/\/dominikaneked.hu\/es\/wp-json\/wp\/v2\/comments?post=12176"}],"version-history":[{"count":2,"href":"https:\/\/dominikaneked.hu\/es\/wp-json\/wp\/v2\/pages\/12176\/revisions"}],"predecessor-version":[{"id":12184,"href":"https:\/\/dominikaneked.hu\/es\/wp-json\/wp\/v2\/pages\/12176\/revisions\/12184"}],"wp:attachment":[{"href":"https:\/\/dominikaneked.hu\/es\/wp-json\/wp\/v2\/media?parent=12176"}],"curies":[{"name":"wp","href":"https:\/\/api.w.org\/{rel}","templated":true}]}}