{"id":8738,"date":"2021-07-31T10:06:33","date_gmt":"2021-07-31T08:06:33","guid":{"rendered":"exploore.sysvol.hu"},"modified":"2021-09-09T15:02:00","modified_gmt":"2021-09-09T13:02:00","slug":"repteri-transzfer","status":"publish","type":"page","link":"https:\/\/dominikaneked.hu\/en\/repteri-transzfer\/","title":{"rendered":"Airport transfer"},"content":{"rendered":"<div class=\"wpb-content-wrapper\"><div class=\"vc_row wpb_row vc_row-fluid\"><div class=\"wpb_column vc_column_container vc_col-sm-12\"><div class=\"vc_column-inner\"><div class=\"wpb_wrapper\">\n\t<div class=\"wpb_text_column wpb_content_element\" >\n\t\t<div class=\"wpb_wrapper\">\n\t\t\t<h2 class=\"heading\"><em>Our priority<\/em> <strong>your safety and comfort!<\/strong><\/h2>\n<p>Your safety is our priority and your comfort is our satisfaction. With our fixed pricing model, you can avoid unpleasant surprises like overpricing and time-based pricing. Don't worry! We'll constantly monitor your flight, so if your landing time changes, we'll still be there.<\/p>\n\n\t\t<\/div>\n\t<\/div>\n\n\t<div class=\"wpb_text_column wpb_content_element\" >\n\t\t<div class=\"wpb_wrapper\">\n\t\t\t<div class=\"woocommerce columns-4\"><ul class=\"products columns-4\">\n<li class=\"product type-product post-8762 status-publish first instock product_cat-transzfer has-post-thumbnail virtual sold-individually purchasable product-type-simple\">\n\t<div class=\"product-container shop-loop-item\"><a href=\"https:\/\/dominikaneked.hu\/en\/product\/repulter-punta-cana_transzfer\/\" class=\"woocommerce-LoopProduct-link woocommerce-loop-product__link\"><img loading=\"lazy\" decoding=\"async\" width=\"300\" height=\"300\" src=\"https:\/\/dominikaneked.hu\/wp-content\/uploads\/2021\/07\/2020_toyota_hiace-300x300.jpg\" class=\"attachment-woocommerce_thumbnail size-woocommerce_thumbnail\" alt=\"Punta Cana - Bavaro\" srcset=\"https:\/\/dominikaneked.hu\/wp-content\/uploads\/2021\/07\/2020_toyota_hiace-300x300.jpg 300w, https:\/\/dominikaneked.hu\/wp-content\/uploads\/2021\/07\/2020_toyota_hiace-150x150.jpg 150w, https:\/\/dominikaneked.hu\/wp-content\/uploads\/2021\/07\/2020_toyota_hiace-540x540.jpg 540w, https:\/\/dominikaneked.hu\/wp-content\/uploads\/2021\/07\/2020_toyota_hiace-100x100.jpg 100w\" sizes=\"auto, (max-width: 300px) 100vw, 300px\" \/><pre class=\"d-none\">00<\/pre><h2 class=\"woocommerce-loop-product__title\">Punta Cana - Bavaro<\/h2>\n\t<span class=\"price\"><span class=\"woocommerce-Price-amount amount\"><bdi><span class=\"woocommerce-Price-currencySymbol\">&#36;<\/span>60,00<\/bdi><\/span><\/span>\n<\/a><a href=\"https:\/\/dominikaneked.hu\/en\/product\/repulter-punta-cana_transzfer\/\" aria-describedby=\"woocommerce_loop_add_to_cart_link_describedby_8762\" data-quantity=\"1\" class=\"button product_type_simple add_to_cart_button\" data-product_id=\"8762\" data-product_sku=\"\" aria-label=\"Add to cart: \u201cPunta Cana - Bavaro\u201d\" data-success_message=\"\u201cPunta Cana - Bavaro\u201d has been added to your cart\" data-no-translation-aria-label=\"\" data-no-translation-data-success_message=\"\">Select options<\/a>\t<span id=\"woocommerce_loop_add_to_cart_link_describedby_8762\" class=\"screen-reader-text\">\n\t\t\t<\/span>\n<\/div><\/li>\n<li class=\"product type-product post-8716 status-publish instock product_cat-transzfer has-post-thumbnail virtual sold-individually purchasable product-type-simple\">\n\t<div class=\"product-container shop-loop-item\"><a href=\"https:\/\/dominikaneked.hu\/en\/product\/repulter-bayahibe_transzfer\/\" class=\"woocommerce-LoopProduct-link woocommerce-loop-product__link\"><img loading=\"lazy\" decoding=\"async\" width=\"300\" height=\"300\" src=\"https:\/\/dominikaneked.hu\/wp-content\/uploads\/2021\/07\/2020_toyota_hiace-300x300.jpg\" class=\"attachment-woocommerce_thumbnail size-woocommerce_thumbnail\" alt=\"Punta Cana - Bayahibe\" srcset=\"https:\/\/dominikaneked.hu\/wp-content\/uploads\/2021\/07\/2020_toyota_hiace-300x300.jpg 300w, https:\/\/dominikaneked.hu\/wp-content\/uploads\/2021\/07\/2020_toyota_hiace-150x150.jpg 150w, https:\/\/dominikaneked.hu\/wp-content\/uploads\/2021\/07\/2020_toyota_hiace-540x540.jpg 540w, https:\/\/dominikaneked.hu\/wp-content\/uploads\/2021\/07\/2020_toyota_hiace-100x100.jpg 100w\" sizes=\"auto, (max-width: 300px) 100vw, 300px\" \/><pre class=\"d-none\">01<\/pre><h2 class=\"woocommerce-loop-product__title\">Punta Cana - Bayahibe<\/h2>\n\t<span class=\"price\"><span class=\"woocommerce-Price-amount amount\"><bdi><span class=\"woocommerce-Price-currencySymbol\">&#36;<\/span>140,00<\/bdi><\/span><\/span>\n<\/a><a href=\"https:\/\/dominikaneked.hu\/en\/product\/repulter-bayahibe_transzfer\/\" aria-describedby=\"woocommerce_loop_add_to_cart_link_describedby_8716\" data-quantity=\"1\" class=\"button product_type_simple add_to_cart_button\" data-product_id=\"8716\" data-product_sku=\"\" aria-label=\"Add to cart: \u201cPunta Cana - Bayahibe\u201d\" data-success_message=\"\u201cPunta Cana - Bayahibe\u201d has been added to your cart\" data-no-translation-aria-label=\"\" data-no-translation-data-success_message=\"\">Select options<\/a>\t<span id=\"woocommerce_loop_add_to_cart_link_describedby_8716\" class=\"screen-reader-text\">\n\t\t\t<\/span>\n<\/div><\/li>\n<li class=\"product type-product post-11978 status-publish instock product_cat-transzfer has-post-thumbnail virtual sold-individually purchasable product-type-simple\">\n\t<div class=\"product-container shop-loop-item\"><a href=\"https:\/\/dominikaneked.hu\/en\/product\/punta-cana-la-romana\/\" class=\"woocommerce-LoopProduct-link woocommerce-loop-product__link\"><img loading=\"lazy\" decoding=\"async\" width=\"300\" height=\"300\" src=\"https:\/\/dominikaneked.hu\/wp-content\/uploads\/2021\/07\/2020_toyota_hiace-300x300.jpg\" class=\"attachment-woocommerce_thumbnail size-woocommerce_thumbnail\" alt=\"Punta Cana - La Romana\" srcset=\"https:\/\/dominikaneked.hu\/wp-content\/uploads\/2021\/07\/2020_toyota_hiace-300x300.jpg 300w, https:\/\/dominikaneked.hu\/wp-content\/uploads\/2021\/07\/2020_toyota_hiace-150x150.jpg 150w, https:\/\/dominikaneked.hu\/wp-content\/uploads\/2021\/07\/2020_toyota_hiace-540x540.jpg 540w, https:\/\/dominikaneked.hu\/wp-content\/uploads\/2021\/07\/2020_toyota_hiace-100x100.jpg 100w\" sizes=\"auto, (max-width: 300px) 100vw, 300px\" \/><pre class=\"d-none\">02<\/pre><h2 class=\"woocommerce-loop-product__title\">Punta Cana - La Romana<\/h2>\n\t<span class=\"price\"><span class=\"woocommerce-Price-amount amount\"><bdi><span class=\"woocommerce-Price-currencySymbol\">&#36;<\/span>190,00<\/bdi><\/span><\/span>\n<\/a><a href=\"https:\/\/dominikaneked.hu\/en\/product\/punta-cana-la-romana\/\" aria-describedby=\"woocommerce_loop_add_to_cart_link_describedby_11978\" data-quantity=\"1\" class=\"button product_type_simple add_to_cart_button\" data-product_id=\"11978\" data-product_sku=\"\" aria-label=\"Add to cart: \u201cPunta Cana - La Romana\u201d\" data-success_message=\"\u201cPunta Cana - La Romana\u201d has been added to your cart\" data-no-translation-aria-label=\"\" data-no-translation-data-success_message=\"\">Select options<\/a>\t<span id=\"woocommerce_loop_add_to_cart_link_describedby_11978\" class=\"screen-reader-text\">\n\t\t\t<\/span>\n<\/div><\/li>\n<li class=\"product type-product post-11315 status-publish last instock product_cat-transzfer has-post-thumbnail virtual sold-individually purchasable product-type-simple\">\n\t<div class=\"product-container shop-loop-item\"><a href=\"https:\/\/dominikaneked.hu\/en\/product\/punta-cana-uvero-alto\/\" class=\"woocommerce-LoopProduct-link woocommerce-loop-product__link\"><img loading=\"lazy\" decoding=\"async\" width=\"300\" height=\"300\" src=\"https:\/\/dominikaneked.hu\/wp-content\/uploads\/2021\/07\/2020_toyota_hiace-300x300.jpg\" class=\"attachment-woocommerce_thumbnail size-woocommerce_thumbnail\" alt=\"Punta Cana - Uvero Alto\" srcset=\"https:\/\/dominikaneked.hu\/wp-content\/uploads\/2021\/07\/2020_toyota_hiace-300x300.jpg 300w, https:\/\/dominikaneked.hu\/wp-content\/uploads\/2021\/07\/2020_toyota_hiace-150x150.jpg 150w, https:\/\/dominikaneked.hu\/wp-content\/uploads\/2021\/07\/2020_toyota_hiace-540x540.jpg 540w, https:\/\/dominikaneked.hu\/wp-content\/uploads\/2021\/07\/2020_toyota_hiace-100x100.jpg 100w\" sizes=\"auto, (max-width: 300px) 100vw, 300px\" \/><pre class=\"d-none\">03<\/pre><h2 class=\"woocommerce-loop-product__title\">Punta Cana - Uvero Alto<\/h2>\n\t<span class=\"price\"><span class=\"woocommerce-Price-amount amount\"><bdi><span class=\"woocommerce-Price-currencySymbol\">&#36;<\/span>120,00<\/bdi><\/span><\/span>\n<\/a><a href=\"https:\/\/dominikaneked.hu\/en\/product\/punta-cana-uvero-alto\/\" aria-describedby=\"woocommerce_loop_add_to_cart_link_describedby_11315\" data-quantity=\"1\" class=\"button product_type_simple add_to_cart_button\" data-product_id=\"11315\" data-product_sku=\"\" aria-label=\"Add to cart: \u201cPunta Cana - Uvero Alto\u201d\" data-success_message=\"\u201cPunta Cana - Uvero Alto\u201d has been added to your cart\" data-no-translation-aria-label=\"\" data-no-translation-data-success_message=\"\">Select options<\/a>\t<span id=\"woocommerce_loop_add_to_cart_link_describedby_11315\" class=\"screen-reader-text\">\n\t\t\t<\/span>\n<\/div><\/li>\n<li class=\"product type-product post-15220 status-publish first instock product_cat-transzfer has-post-thumbnail virtual sold-individually purchasable product-type-simple\">\n\t<div class=\"product-container shop-loop-item\"><a href=\"https:\/\/dominikaneked.hu\/en\/product\/punta-cana-repuloter-bayahibe-punta-cana-punta-cana-repuloter\/\" class=\"woocommerce-LoopProduct-link woocommerce-loop-product__link\"><img loading=\"lazy\" decoding=\"async\" width=\"300\" height=\"300\" src=\"https:\/\/dominikaneked.hu\/wp-content\/uploads\/2021\/07\/2020_toyota_hiace-300x300.jpg\" class=\"attachment-woocommerce_thumbnail size-woocommerce_thumbnail\" alt=\"Punta Cana airport - Bayahibe - Punta Cana - Punta Cana airport\" srcset=\"https:\/\/dominikaneked.hu\/wp-content\/uploads\/2021\/07\/2020_toyota_hiace-300x300.jpg 300w, https:\/\/dominikaneked.hu\/wp-content\/uploads\/2021\/07\/2020_toyota_hiace-150x150.jpg 150w, https:\/\/dominikaneked.hu\/wp-content\/uploads\/2021\/07\/2020_toyota_hiace-540x540.jpg 540w, https:\/\/dominikaneked.hu\/wp-content\/uploads\/2021\/07\/2020_toyota_hiace-100x100.jpg 100w\" sizes=\"auto, (max-width: 300px) 100vw, 300px\" \/><pre class=\"d-none\">04<\/pre><h2 class=\"woocommerce-loop-product__title\">Punta Cana airport - Bayahibe - Punta Cana - Punta Cana airport<\/h2>\n\t<span class=\"price\"><span class=\"woocommerce-Price-amount amount\"><bdi><span class=\"woocommerce-Price-currencySymbol\">&#36;<\/span>180,00<\/bdi><\/span><\/span>\n<\/a><a href=\"https:\/\/dominikaneked.hu\/en\/product\/punta-cana-repuloter-bayahibe-punta-cana-punta-cana-repuloter\/\" aria-describedby=\"woocommerce_loop_add_to_cart_link_describedby_15220\" data-quantity=\"1\" class=\"button product_type_simple add_to_cart_button\" data-product_id=\"15220\" data-product_sku=\"\" aria-label=\"Add to cart: \u201cPunta Cana rep\u00fcl\u0151t\u00e9r - Bayahibe - Punta Cana - Punta Cana rep\u00fcl\u0151t\u00e9r\u201d\" data-success_message=\"\u201cPunta Cana rep\u00fcl\u0151t\u00e9r - Bayahibe - Punta Cana - Punta Cana rep\u00fcl\u0151t\u00e9r\u201d has been added to your cart\" data-no-translation-aria-label=\"\" data-no-translation-data-success_message=\"\">Select options<\/a>\t<span id=\"woocommerce_loop_add_to_cart_link_describedby_15220\" class=\"screen-reader-text\">\n\t\t\t<\/span>\n<\/div><\/li>\n<li class=\"product type-product post-12670 status-publish instock product_cat-transzfer has-post-thumbnail virtual sold-individually purchasable product-type-simple\">\n\t<div class=\"product-container shop-loop-item\"><a href=\"https:\/\/dominikaneked.hu\/en\/product\/punta-cana-repuloter-punta-cana-bayahibe\/\" class=\"woocommerce-LoopProduct-link woocommerce-loop-product__link\"><img loading=\"lazy\" decoding=\"async\" width=\"300\" height=\"300\" src=\"https:\/\/dominikaneked.hu\/wp-content\/uploads\/2021\/07\/2020_toyota_hiace-300x300.jpg\" class=\"attachment-woocommerce_thumbnail size-woocommerce_thumbnail\" alt=\"Punta Cana airport - Punta Cana - Bayahibe - Punta Cana airport\" srcset=\"https:\/\/dominikaneked.hu\/wp-content\/uploads\/2021\/07\/2020_toyota_hiace-300x300.jpg 300w, https:\/\/dominikaneked.hu\/wp-content\/uploads\/2021\/07\/2020_toyota_hiace-150x150.jpg 150w, https:\/\/dominikaneked.hu\/wp-content\/uploads\/2021\/07\/2020_toyota_hiace-540x540.jpg 540w, https:\/\/dominikaneked.hu\/wp-content\/uploads\/2021\/07\/2020_toyota_hiace-100x100.jpg 100w\" sizes=\"auto, (max-width: 300px) 100vw, 300px\" \/><pre class=\"d-none\">05<\/pre><h2 class=\"woocommerce-loop-product__title\">Punta Cana airport - Punta Cana - Bayahibe - Punta Cana airport<\/h2>\n\t<span class=\"price\"><span class=\"woocommerce-Price-amount amount\"><bdi><span class=\"woocommerce-Price-currencySymbol\">&#36;<\/span>180,00<\/bdi><\/span><\/span>\n<\/a><a href=\"https:\/\/dominikaneked.hu\/en\/product\/punta-cana-repuloter-punta-cana-bayahibe\/\" aria-describedby=\"woocommerce_loop_add_to_cart_link_describedby_12670\" data-quantity=\"1\" class=\"button product_type_simple add_to_cart_button\" data-product_id=\"12670\" data-product_sku=\"\" aria-label=\"Add to cart: \u201cPunta Cana rep\u00fcl\u0151t\u00e9r - Punta Cana - Bayahibe - Punta Cana rep\u00fcl\u0151t\u00e9r\u201d\" data-success_message=\"\u201cPunta Cana rep\u00fcl\u0151t\u00e9r - Punta Cana - Bayahibe - Punta Cana rep\u00fcl\u0151t\u00e9r\u201d has been added to your cart\" data-no-translation-aria-label=\"\" data-no-translation-data-success_message=\"\">Select options<\/a>\t<span id=\"woocommerce_loop_add_to_cart_link_describedby_12670\" class=\"screen-reader-text\">\n\t\t\t<\/span>\n<\/div><\/li>\n<li class=\"product type-product post-9751 status-publish instock product_cat-transzfer has-post-thumbnail virtual sold-individually product-type-simple\">\n\t<div class=\"product-container shop-loop-item\"><a href=\"https:\/\/dominikaneked.hu\/en\/product\/vip-transzfer_transzfer\/\" class=\"woocommerce-LoopProduct-link woocommerce-loop-product__link\"><img loading=\"lazy\" decoding=\"async\" width=\"300\" height=\"300\" src=\"https:\/\/dominikaneked.hu\/wp-content\/uploads\/2021\/09\/checvy_suburban-300x300.jpg\" class=\"attachment-woocommerce_thumbnail size-woocommerce_thumbnail\" alt=\"VIP transfer\" srcset=\"https:\/\/dominikaneked.hu\/wp-content\/uploads\/2021\/09\/checvy_suburban-300x300.jpg 300w, https:\/\/dominikaneked.hu\/wp-content\/uploads\/2021\/09\/checvy_suburban-150x150.jpg 150w, https:\/\/dominikaneked.hu\/wp-content\/uploads\/2021\/09\/checvy_suburban-540x540.jpg 540w, https:\/\/dominikaneked.hu\/wp-content\/uploads\/2021\/09\/checvy_suburban-100x100.jpg 100w\" sizes=\"auto, (max-width: 300px) 100vw, 300px\" \/><pre class=\"d-none\">06<\/pre><h2 class=\"woocommerce-loop-product__title\">VIP transfer<\/h2>\n<\/a><a href=\"https:\/\/dominikaneked.hu\/en\/product\/vip-transzfer_transzfer\/\" aria-describedby=\"woocommerce_loop_add_to_cart_link_describedby_9751\" data-quantity=\"1\" class=\"button product_type_simple\" data-product_id=\"9751\" data-product_sku=\"\" aria-label=\"Read more about \u201cVIP transzfer\u201d\" data-success_message=\"\" data-no-translation-aria-label=\"\">Select options<\/a>\t<span id=\"woocommerce_loop_add_to_cart_link_describedby_9751\" class=\"screen-reader-text\">\n\t\t\t<\/span>\n<\/div><\/li>\n<\/ul>\n<\/div>\n\n\t\t<\/div>\n\t<\/div>\n<\/div><\/div><\/div><\/div>\n<\/div>","protected":false},"excerpt":{"rendered":"<p>Your safety is our priority and your comfort is our satisfaction.<\/p>","protected":false},"author":12,"featured_media":8828,"parent":0,"menu_order":14,"comment_status":"closed","ping_status":"closed","template":"","meta":{"_seopress_robots_primary_cat":"","_seopress_titles_title":"","_seopress_titles_desc":"","_seopress_robots_index":"","footnotes":""},"class_list":["post-8738","page","type-page","status-publish","has-post-thumbnail","hentry"],"_links":{"self":[{"href":"https:\/\/dominikaneked.hu\/en\/wp-json\/wp\/v2\/pages\/8738","targetHints":{"allow":["GET"]}}],"collection":[{"href":"https:\/\/dominikaneked.hu\/en\/wp-json\/wp\/v2\/pages"}],"about":[{"href":"https:\/\/dominikaneked.hu\/en\/wp-json\/wp\/v2\/types\/page"}],"author":[{"embeddable":true,"href":"https:\/\/dominikaneked.hu\/en\/wp-json\/wp\/v2\/users\/12"}],"replies":[{"embeddable":true,"href":"https:\/\/dominikaneked.hu\/en\/wp-json\/wp\/v2\/comments?post=8738"}],"version-history":[{"count":0,"href":"https:\/\/dominikaneked.hu\/en\/wp-json\/wp\/v2\/pages\/8738\/revisions"}],"wp:featuredmedia":[{"embeddable":true,"href":"https:\/\/dominikaneked.hu\/en\/wp-json\/wp\/v2\/media\/8828"}],"wp:attachment":[{"href":"https:\/\/dominikaneked.hu\/en\/wp-json\/wp\/v2\/media?parent=8738"}],"curies":[{"name":"wp","href":"https:\/\/api.w.org\/{rel}","templated":true}]}}