{"id":8453,"date":"2021-06-13T09:11:05","date_gmt":"2021-06-13T07:11:05","guid":{"rendered":"http:\/\/exploore.sysvol.hu"},"modified":"2024-08-14T10:21:17","modified_gmt":"2024-08-14T14:21:17","slug":"punta-cana-lmbtq-eskuvoi-csomag","status":"publish","type":"product","link":"https:\/\/dominikaneked.hu\/de\/produkt\/punta-cana-lmbtq-eskuvoi-csomag\/","title":{"rendered":"Punta Cana LGBTQ-Hochzeitspaket"},"content":{"rendered":"<div class=\"wpb-content-wrapper\"><div class=\"vc_row wpb_row vc_row-fluid\"><div class=\"wpb_column vc_column_container vc_col-sm-12\"><div class=\"vc_column-inner\"><div class=\"wpb_wrapper\">\n\t<div class=\"wpb_text_column wpb_content_element\" >\n\t\t<div class=\"wpb_wrapper\">\n\t\t\t<p>Playa Juanillo (Juanillo Beach) ist einer der sch\u00f6nsten Str\u00e4nde der Dominikanischen Republik. Viele halten ihn f\u00fcr den besten Strand des Landes und den besten an der Ostk\u00fcste, und dieser wundersch\u00f6ne, palmenges\u00e4umte Strandabschnitt eignet sich hervorragend f\u00fcr Hochzeiten. Ein kleiner romantischer Steg erstreckt sich ins Meer. Der Strand Juanillo ist 25-35 Minuten von den Hotels in Bavaro-Punta Cana entfernt.<\/p>\n\n\t\t<\/div>\n\t<\/div>\n<\/div><\/div><\/div><\/div>\n<\/div>","protected":false},"excerpt":{"rendered":"<p>Dieses Paket bietet gleichgeschlechtlich Liebenden die M\u00f6glichkeit, zu heiraten und ein Eheversprechen abzulegen.<\/p>","protected":false},"featured_media":10063,"template":"","meta":{"_seopress_robots_primary_cat":"none","_seopress_titles_title":"","_seopress_titles_desc":"","_seopress_robots_index":""},"product_brand":[],"product_cat":[275],"product_tag":[293],"class_list":{"0":"post-8453","1":"product","2":"type-product","3":"status-publish","4":"has-post-thumbnail","6":"product_cat-karibi-eskuvok","7":"product_tag-eskuvo","9":"first","10":"instock","11":"virtual","12":"purchasable","13":"product-type-phive_booking"},"_links":{"self":[{"href":"https:\/\/dominikaneked.hu\/de\/wp-json\/wp\/v2\/product\/8453","targetHints":{"allow":["GET"]}}],"collection":[{"href":"https:\/\/dominikaneked.hu\/de\/wp-json\/wp\/v2\/product"}],"about":[{"href":"https:\/\/dominikaneked.hu\/de\/wp-json\/wp\/v2\/types\/product"}],"wp:featuredmedia":[{"embeddable":true,"href":"https:\/\/dominikaneked.hu\/de\/wp-json\/wp\/v2\/media\/10063"}],"wp:attachment":[{"href":"https:\/\/dominikaneked.hu\/de\/wp-json\/wp\/v2\/media?parent=8453"}],"wp:term":[{"taxonomy":"product_brand","embeddable":true,"href":"https:\/\/dominikaneked.hu\/de\/wp-json\/wp\/v2\/product_brand?post=8453"},{"taxonomy":"product_cat","embeddable":true,"href":"https:\/\/dominikaneked.hu\/de\/wp-json\/wp\/v2\/product_cat?post=8453"},{"taxonomy":"product_tag","embeddable":true,"href":"https:\/\/dominikaneked.hu\/de\/wp-json\/wp\/v2\/product_tag?post=8453"}],"curies":[{"name":"wp","href":"https:\/\/api.w.org\/{rel}","templated":true}]}}