{"id":8451,"date":"2021-06-13T09:10:32","date_gmt":"2021-06-13T07:10:32","guid":{"rendered":"http:\/\/exploore.sysvol.hu"},"modified":"2024-08-14T10:24:28","modified_gmt":"2024-08-14T14:24:28","slug":"saona-sziget-eskuvi-csomag_karibi-eskuvok","status":"publish","type":"product","link":"https:\/\/dominikaneked.hu\/de\/produkt\/saona-sziget-eskuvi-csomag_karibi-eskuvok\/","title":{"rendered":"Hochzeitspaket f\u00fcr die Insel Saona"},"content":{"rendered":"","protected":false},"excerpt":{"rendered":"<p>Die Insel Saona liegt an der s\u00fcd\u00f6stlichen Spitze der Dominikanischen Republik. Sie ist bekannt f\u00fcr ihre Korallenriffe, palmenges\u00e4umten Str\u00e4nde, strahlend wei\u00dfen Sand und kristallklares Wasser.<\/p>","protected":false},"featured_media":10142,"template":"","meta":{"_seopress_robots_primary_cat":"none","_seopress_titles_title":"","_seopress_titles_desc":"","_seopress_robots_index":""},"product_brand":[],"product_cat":[275],"product_tag":[293],"class_list":{"0":"post-8451","1":"product","2":"type-product","3":"status-publish","4":"has-post-thumbnail","6":"product_cat-karibi-eskuvok","7":"product_tag-eskuvo","9":"first","10":"instock","11":"virtual","12":"purchasable","13":"product-type-phive_booking"},"_links":{"self":[{"href":"https:\/\/dominikaneked.hu\/de\/wp-json\/wp\/v2\/product\/8451","targetHints":{"allow":["GET"]}}],"collection":[{"href":"https:\/\/dominikaneked.hu\/de\/wp-json\/wp\/v2\/product"}],"about":[{"href":"https:\/\/dominikaneked.hu\/de\/wp-json\/wp\/v2\/types\/product"}],"wp:featuredmedia":[{"embeddable":true,"href":"https:\/\/dominikaneked.hu\/de\/wp-json\/wp\/v2\/media\/10142"}],"wp:attachment":[{"href":"https:\/\/dominikaneked.hu\/de\/wp-json\/wp\/v2\/media?parent=8451"}],"wp:term":[{"taxonomy":"product_brand","embeddable":true,"href":"https:\/\/dominikaneked.hu\/de\/wp-json\/wp\/v2\/product_brand?post=8451"},{"taxonomy":"product_cat","embeddable":true,"href":"https:\/\/dominikaneked.hu\/de\/wp-json\/wp\/v2\/product_cat?post=8451"},{"taxonomy":"product_tag","embeddable":true,"href":"https:\/\/dominikaneked.hu\/de\/wp-json\/wp\/v2\/product_tag?post=8451"}],"curies":[{"name":"wp","href":"https:\/\/api.w.org\/{rel}","templated":true}]}}