{"id":8450,"date":"2021-06-13T09:10:12","date_gmt":"2021-06-13T07:10:12","guid":{"rendered":"http:\/\/exploore.sysvol.hu"},"modified":"2024-08-28T11:41:32","modified_gmt":"2024-08-28T15:41:32","slug":"cap-%d1%81ana-juanillo-beach-eskuvoi-csomag","status":"publish","type":"product","link":"https:\/\/dominikaneked.hu\/de\/produkt\/cap-%d1%81ana-juanillo-beach-eskuvoi-csomag\/","title":{"rendered":"Cap \u0421ana Juanillo Strand Hochzeitspaket"},"content":{"rendered":"","protected":false},"excerpt":{"rendered":"<p>Playa Juanillo (Strand Juanillo) Einer der sch\u00f6nsten Str\u00e4nde der Dominikanischen Republik, der von vielen als der beste Strand der Ostk\u00fcste angesehen wird, ist der perfekte Ort f\u00fcr eine Hochzeit.<br \/>\nAm Strand gibt es einen kleinen Steg. Am Strand gibt es Umkleider\u00e4ume und Toiletten.<br \/>\nDer Strand Juanillo ist 25-35 Minuten von den Hotels in der Zone Bavaro-Punta Cana entfernt.<\/p>","protected":false},"featured_media":10096,"template":"","meta":{"_seopress_robots_primary_cat":"none","_seopress_titles_title":"","_seopress_titles_desc":"","_seopress_robots_index":""},"product_brand":[],"product_cat":[275],"product_tag":[293],"class_list":{"0":"post-8450","1":"product","2":"type-product","3":"status-publish","4":"has-post-thumbnail","6":"product_cat-karibi-eskuvok","7":"product_tag-eskuvo","9":"first","10":"instock","11":"virtual","12":"purchasable","13":"product-type-phive_booking"},"_links":{"self":[{"href":"https:\/\/dominikaneked.hu\/de\/wp-json\/wp\/v2\/product\/8450","targetHints":{"allow":["GET"]}}],"collection":[{"href":"https:\/\/dominikaneked.hu\/de\/wp-json\/wp\/v2\/product"}],"about":[{"href":"https:\/\/dominikaneked.hu\/de\/wp-json\/wp\/v2\/types\/product"}],"wp:featuredmedia":[{"embeddable":true,"href":"https:\/\/dominikaneked.hu\/de\/wp-json\/wp\/v2\/media\/10096"}],"wp:attachment":[{"href":"https:\/\/dominikaneked.hu\/de\/wp-json\/wp\/v2\/media?parent=8450"}],"wp:term":[{"taxonomy":"product_brand","embeddable":true,"href":"https:\/\/dominikaneked.hu\/de\/wp-json\/wp\/v2\/product_brand?post=8450"},{"taxonomy":"product_cat","embeddable":true,"href":"https:\/\/dominikaneked.hu\/de\/wp-json\/wp\/v2\/product_cat?post=8450"},{"taxonomy":"product_tag","embeddable":true,"href":"https:\/\/dominikaneked.hu\/de\/wp-json\/wp\/v2\/product_tag?post=8450"}],"curies":[{"name":"wp","href":"https:\/\/api.w.org\/{rel}","templated":true}]}}