{"id":13353,"date":"2024-01-12T15:07:46","date_gmt":"2024-01-12T19:07:46","guid":{"rendered":"https:\/\/godominicanvacations.com\/?post_type=product&#038;p=13353"},"modified":"2025-06-14T14:28:59","modified_gmt":"2025-06-14T18:28:59","slug":"kolibri-eskuvoi-csomag","status":"publish","type":"product","link":"https:\/\/dominikaneked.hu\/de\/produkt\/kolibri-eskuvoi-csomag\/","title":{"rendered":"Kolibri-Hochzeitspaket"},"content":{"rendered":"","protected":false},"excerpt":{"rendered":"<p>Einer der sch\u00f6nsten Privatstr\u00e4nde der Dominikanischen Republik, ein wundersch\u00f6ner, von Palmen ges\u00e4umter Strandabschnitt, der sich perfekt f\u00fcr eine Hochzeit eignet.<\/p>","protected":false},"featured_media":14457,"template":"","meta":{"_seopress_robots_primary_cat":"none","_seopress_titles_title":"","_seopress_titles_desc":"","_seopress_robots_index":""},"product_brand":[],"product_cat":[275],"product_tag":[293],"class_list":{"0":"post-13353","1":"product","2":"type-product","3":"status-publish","4":"has-post-thumbnail","6":"product_cat-karibi-eskuvok","7":"product_tag-eskuvo","9":"first","10":"instock","11":"virtual","12":"purchasable","13":"product-type-phive_booking"},"_links":{"self":[{"href":"https:\/\/dominikaneked.hu\/de\/wp-json\/wp\/v2\/product\/13353","targetHints":{"allow":["GET"]}}],"collection":[{"href":"https:\/\/dominikaneked.hu\/de\/wp-json\/wp\/v2\/product"}],"about":[{"href":"https:\/\/dominikaneked.hu\/de\/wp-json\/wp\/v2\/types\/product"}],"wp:featuredmedia":[{"embeddable":true,"href":"https:\/\/dominikaneked.hu\/de\/wp-json\/wp\/v2\/media\/14457"}],"wp:attachment":[{"href":"https:\/\/dominikaneked.hu\/de\/wp-json\/wp\/v2\/media?parent=13353"}],"wp:term":[{"taxonomy":"product_brand","embeddable":true,"href":"https:\/\/dominikaneked.hu\/de\/wp-json\/wp\/v2\/product_brand?post=13353"},{"taxonomy":"product_cat","embeddable":true,"href":"https:\/\/dominikaneked.hu\/de\/wp-json\/wp\/v2\/product_cat?post=13353"},{"taxonomy":"product_tag","embeddable":true,"href":"https:\/\/dominikaneked.hu\/de\/wp-json\/wp\/v2\/product_tag?post=13353"}],"curies":[{"name":"wp","href":"https:\/\/api.w.org\/{rel}","templated":true}]}}