{"id":8696,"date":"2021-07-28T16:04:08","date_gmt":"2021-07-28T14:04:08","guid":{"rendered":"exploore.sysvol.hu"},"modified":"2021-08-08T09:09:22","modified_gmt":"2021-08-08T07:09:22","slug":"karibi-eskuvok","status":"publish","type":"page","link":"https:\/\/dominikaneked.hu\/de\/karibi-eskuvok\/","title":{"rendered":"Karibische Hochzeiten"},"content":{"rendered":"<div class=\"wpb-content-wrapper\"><div class=\"vc_row wpb_row vc_row-fluid\"><div class=\"wpb_column vc_column_container vc_col-sm-12\"><div class=\"vc_column-inner\"><div class=\"wpb_wrapper\">\n\t<div class=\"wpb_text_column wpb_content_element\" >\n\t\t<div class=\"wpb_wrapper\">\n\t\t\t<h2 class=\"heading\"><em>Sagen Sie<\/em> <strong>Ja!<\/strong><\/h2>\n<p>Stellen Sie sich vor, Sie stehen an einem wei\u00dfen Sandstrand, an dem kleine Sandk\u00f6rner in der untergehenden Sonne glitzern. Sein Schein umgibt den mit exotischen Blumen geschm\u00fcckten Hochzeitspavillon, dessen d\u00fcnne, durchsichtige Schleier sanft in der leichten K\u00fcstenbrise wehen. W\u00e4hrend Sie in die Ferne schauen, erreicht das sanft pl\u00e4tschernde himmelblaue Meer langsam das Ufer unter Ihren F\u00fc\u00dfen. Die langen, schlanken, gr\u00fcnen Kokosnusspalmen spenden der Hochzeitsgesellschaft angenehmen Schatten.<\/p>\n\n\t\t<\/div>\n\t<\/div>\n\n\t<div class=\"wpb_text_column wpb_content_element\" >\n\t\t<div class=\"wpb_wrapper\">\n\t\t\t<div class=\"woocommerce columns-4\"><ul class=\"products columns-4\">\n<li class=\"product type-product post-8450 status-publish first instock product_cat-karibi-eskuvok product_tag-eskuvo has-post-thumbnail virtual purchasable product-type-phive_booking\">\n\t<div class=\"product-container shop-loop-item\"><a href=\"https:\/\/dominikaneked.hu\/de\/produkt\/cap-%d1%81ana-juanillo-beach-eskuvoi-csomag\/\" class=\"woocommerce-LoopProduct-link woocommerce-loop-product__link\"><img loading=\"lazy\" decoding=\"async\" width=\"300\" height=\"300\" src=\"https:\/\/dominikaneked.hu\/wp-content\/uploads\/2021\/06\/caribbean-wedding-22-300x300.jpg\" class=\"attachment-woocommerce_thumbnail size-woocommerce_thumbnail\" alt=\"Cap \u0421ana Juanillo Strand Hochzeitspaket\" srcset=\"https:\/\/dominikaneked.hu\/wp-content\/uploads\/2021\/06\/caribbean-wedding-22-300x300.jpg 300w, https:\/\/dominikaneked.hu\/wp-content\/uploads\/2021\/06\/caribbean-wedding-22-150x150.jpg 150w, https:\/\/dominikaneked.hu\/wp-content\/uploads\/2021\/06\/caribbean-wedding-22-540x540.jpg 540w, https:\/\/dominikaneked.hu\/wp-content\/uploads\/2021\/06\/caribbean-wedding-22-100x100.jpg 100w\" sizes=\"auto, (max-width: 300px) 100vw, 300px\" \/><pre class=\"d-none\">00<\/pre><h2 class=\"woocommerce-loop-product__title\">Cap \u0421ana Juanillo Strand Hochzeitspaket<\/h2><h3 class=\"product-excerpt\" data-product-id=\"8450\">Playa Juanillo (Strand Juanillo) Einer der sch\u00f6nsten Str\u00e4nde der Dominikanischen Republik, der...<\/h3>\n\t<span class=\"price\"><span class=\"woocommerce-Price-amount amount\"><bdi><span class=\"woocommerce-Price-currencySymbol\">&#36;<\/span>2.500,00<\/bdi><\/span><\/span>\n<\/a><a href=\"https:\/\/dominikaneked.hu\/de\/produkt\/cap-%d1%81ana-juanillo-beach-eskuvoi-csomag\/\" aria-describedby=\"woocommerce_loop_add_to_cart_link_describedby_8450\" data-quantity=\"1\" class=\"button product_type_phive_booking add_to_cart_button\" data-product_id=\"8450\" data-product_sku=\"\" aria-label=\"Lese mehr \u00fcber \u201eCap \u0421ana Juanillo beach esk\u00fcv\u0151i csomag\u201c\" data-no-translation-aria-label=\"\">Buchung<\/a>\t<span id=\"woocommerce_loop_add_to_cart_link_describedby_8450\" class=\"screen-reader-text\">\n\t\t\t<\/span>\n<\/div><\/li>\n<li class=\"product type-product post-13353 status-publish instock product_cat-karibi-eskuvok product_tag-eskuvo has-post-thumbnail virtual purchasable product-type-phive_booking\">\n\t<div class=\"product-container shop-loop-item\"><a href=\"https:\/\/dominikaneked.hu\/de\/produkt\/kolibri-eskuvoi-csomag\/\" class=\"woocommerce-LoopProduct-link woocommerce-loop-product__link\"><img loading=\"lazy\" decoding=\"async\" width=\"300\" height=\"289\" src=\"https:\/\/dominikaneked.hu\/wp-content\/uploads\/2024\/01\/pier-kolibri-beach-elopement-300x289.png\" class=\"attachment-woocommerce_thumbnail size-woocommerce_thumbnail\" alt=\"Kolibri-Hochzeitspaket\" \/><pre class=\"d-none\">01<\/pre><h2 class=\"woocommerce-loop-product__title\">Kolibri-Hochzeitspaket<\/h2><h3 class=\"product-excerpt\" data-product-id=\"13353\">Einer der sch\u00f6nsten Privatstr\u00e4nde der Dominikanischen Republik, ein wundersch\u00f6ner, palmenges\u00e4umter K\u00fcstenabschnitt, perfekt f\u00fcr...<\/h3>\n\t<span class=\"price\"><span class=\"woocommerce-Price-amount amount\"><bdi><span class=\"woocommerce-Price-currencySymbol\">&#36;<\/span>1.850,00<\/bdi><\/span><\/span>\n<\/a><a href=\"https:\/\/dominikaneked.hu\/de\/produkt\/kolibri-eskuvoi-csomag\/\" aria-describedby=\"woocommerce_loop_add_to_cart_link_describedby_13353\" data-quantity=\"1\" class=\"button product_type_phive_booking add_to_cart_button\" data-product_id=\"13353\" data-product_sku=\"\" aria-label=\"Lese mehr \u00fcber \u201eKolibri esk\u00fcv\u0151i csomag\u201c\" data-no-translation-aria-label=\"\">Buchung<\/a>\t<span id=\"woocommerce_loop_add_to_cart_link_describedby_13353\" class=\"screen-reader-text\">\n\t\t\t<\/span>\n<\/div><\/li>\n<li class=\"product type-product post-13354 status-publish instock product_cat-karibi-eskuvok product_tag-eskuvo has-post-thumbnail virtual purchasable product-type-phive_booking\">\n\t<div class=\"product-container shop-loop-item\"><a href=\"https:\/\/dominikaneked.hu\/de\/produkt\/macao-beach-eskuvoi-csomag\/\" class=\"woocommerce-LoopProduct-link woocommerce-loop-product__link\"><img loading=\"lazy\" decoding=\"async\" width=\"300\" height=\"300\" src=\"https:\/\/dominikaneked.hu\/wp-content\/uploads\/2024\/01\/macao-beach-wedding-5-300x300.jpg\" class=\"attachment-woocommerce_thumbnail size-woocommerce_thumbnail\" alt=\"Macao Beach Hochzeitspaket\" srcset=\"https:\/\/dominikaneked.hu\/wp-content\/uploads\/2024\/01\/macao-beach-wedding-5-300x300.jpg 300w, https:\/\/dominikaneked.hu\/wp-content\/uploads\/2024\/01\/macao-beach-wedding-5-150x150.jpg 150w, https:\/\/dominikaneked.hu\/wp-content\/uploads\/2024\/01\/macao-beach-wedding-5-540x540.jpg 540w, https:\/\/dominikaneked.hu\/wp-content\/uploads\/2024\/01\/macao-beach-wedding-5-100x100.jpg 100w\" sizes=\"auto, (max-width: 300px) 100vw, 300px\" \/><pre class=\"d-none\">02<\/pre><h2 class=\"woocommerce-loop-product__title\">Macao Beach Hochzeitspaket<\/h2><h3 class=\"product-excerpt\" data-product-id=\"13354\">Er ist einer der sch\u00f6nsten Str\u00e4nde der Dominikanischen Republik und ideal f\u00fcr Paare, die einen...<\/h3>\n\t<span class=\"price\"><span class=\"woocommerce-Price-amount amount\"><bdi><span class=\"woocommerce-Price-currencySymbol\">&#36;<\/span>990,00<\/bdi><\/span><\/span>\n<\/a><a href=\"https:\/\/dominikaneked.hu\/de\/produkt\/macao-beach-eskuvoi-csomag\/\" aria-describedby=\"woocommerce_loop_add_to_cart_link_describedby_13354\" data-quantity=\"1\" class=\"button product_type_phive_booking add_to_cart_button\" data-product_id=\"13354\" data-product_sku=\"\" aria-label=\"Lese mehr \u00fcber \u201eMacao Beach esk\u00fcv\u0151i csomag\u201c\" data-no-translation-aria-label=\"\">Buchung<\/a>\t<span id=\"woocommerce_loop_add_to_cart_link_describedby_13354\" class=\"screen-reader-text\">\n\t\t\t<\/span>\n<\/div><\/li>\n<li class=\"product type-product post-8453 status-publish last instock product_cat-karibi-eskuvok product_tag-eskuvo has-post-thumbnail virtual purchasable product-type-phive_booking\">\n\t<div class=\"product-container shop-loop-item\"><a href=\"https:\/\/dominikaneked.hu\/de\/produkt\/punta-cana-lmbtq-eskuvoi-csomag\/\" class=\"woocommerce-LoopProduct-link woocommerce-loop-product__link\"><img loading=\"lazy\" decoding=\"async\" width=\"300\" height=\"300\" src=\"https:\/\/dominikaneked.hu\/wp-content\/uploads\/2021\/06\/dominicanwedding-07-300x300.jpg\" class=\"attachment-woocommerce_thumbnail size-woocommerce_thumbnail\" alt=\"Punta Cana LGBTQ-Hochzeitspaket\" srcset=\"https:\/\/dominikaneked.hu\/wp-content\/uploads\/2021\/06\/dominicanwedding-07-300x300.jpg 300w, https:\/\/dominikaneked.hu\/wp-content\/uploads\/2021\/06\/dominicanwedding-07-150x150.jpg 150w, https:\/\/dominikaneked.hu\/wp-content\/uploads\/2021\/06\/dominicanwedding-07-540x540.jpg 540w, https:\/\/dominikaneked.hu\/wp-content\/uploads\/2021\/06\/dominicanwedding-07-100x100.jpg 100w\" sizes=\"auto, (max-width: 300px) 100vw, 300px\" \/><pre class=\"d-none\">03<\/pre><h2 class=\"woocommerce-loop-product__title\">Punta Cana LGBTQ-Hochzeitspaket<\/h2><h3 class=\"product-excerpt\" data-product-id=\"8453\">Dieses Paket bietet gleichgeschlechtlich Liebenden die M\u00f6glichkeit, zu heiraten und ein Eheversprechen abzulegen.<\/h3>\n\t<span class=\"price\"><span class=\"woocommerce-Price-amount amount\"><bdi><span class=\"woocommerce-Price-currencySymbol\">&#36;<\/span>1.950,00<\/bdi><\/span><\/span>\n<\/a><a href=\"https:\/\/dominikaneked.hu\/de\/produkt\/punta-cana-lmbtq-eskuvoi-csomag\/\" aria-describedby=\"woocommerce_loop_add_to_cart_link_describedby_8453\" data-quantity=\"1\" class=\"button product_type_phive_booking add_to_cart_button\" data-product_id=\"8453\" data-product_sku=\"\" aria-label=\"Lese mehr \u00fcber \u201ePunta Cana LMBTQ esk\u00fcv\u0151i csomag\u201c\" data-no-translation-aria-label=\"\">Buchung<\/a>\t<span id=\"woocommerce_loop_add_to_cart_link_describedby_8453\" class=\"screen-reader-text\">\n\t\t\t<\/span>\n<\/div><\/li>\n<li class=\"product type-product post-8451 status-publish first instock product_cat-karibi-eskuvok product_tag-eskuvo has-post-thumbnail virtual purchasable product-type-phive_booking\">\n\t<div class=\"product-container shop-loop-item\"><a href=\"https:\/\/dominikaneked.hu\/de\/produkt\/saona-sziget-eskuvi-csomag_karibi-eskuvok\/\" class=\"woocommerce-LoopProduct-link woocommerce-loop-product__link\"><img loading=\"lazy\" decoding=\"async\" width=\"300\" height=\"300\" src=\"https:\/\/dominikaneked.hu\/wp-content\/uploads\/2021\/06\/caribbean-wedding-27-1-300x300.jpg\" class=\"attachment-woocommerce_thumbnail size-woocommerce_thumbnail\" alt=\"Hochzeitspaket f\u00fcr die Insel Saona\" srcset=\"https:\/\/dominikaneked.hu\/wp-content\/uploads\/2021\/06\/caribbean-wedding-27-1-300x300.jpg 300w, https:\/\/dominikaneked.hu\/wp-content\/uploads\/2021\/06\/caribbean-wedding-27-1-150x150.jpg 150w, https:\/\/dominikaneked.hu\/wp-content\/uploads\/2021\/06\/caribbean-wedding-27-1-540x540.jpg 540w, https:\/\/dominikaneked.hu\/wp-content\/uploads\/2021\/06\/caribbean-wedding-27-1-100x100.jpg 100w\" sizes=\"auto, (max-width: 300px) 100vw, 300px\" \/><pre class=\"d-none\">04<\/pre><h2 class=\"woocommerce-loop-product__title\">Hochzeitspaket f\u00fcr die Insel Saona<\/h2><h3 class=\"product-excerpt\" data-product-id=\"8451\">Die Insel Saona liegt an der s\u00fcd\u00f6stlichen Spitze der Dominikanischen Republik. Sie ist bekannt f\u00fcr ihre Korallenriffe, palmenges\u00e4umten Str\u00e4nde,...<\/h3>\n\t<span class=\"price\"><span class=\"woocommerce-Price-amount amount\"><bdi><span class=\"woocommerce-Price-currencySymbol\">&#36;<\/span>2.750,00<\/bdi><\/span><\/span>\n<\/a><a href=\"https:\/\/dominikaneked.hu\/de\/produkt\/saona-sziget-eskuvi-csomag_karibi-eskuvok\/\" aria-describedby=\"woocommerce_loop_add_to_cart_link_describedby_8451\" data-quantity=\"1\" class=\"button product_type_phive_booking add_to_cart_button\" data-product_id=\"8451\" data-product_sku=\"\" aria-label=\"Lese mehr \u00fcber \u201eSaona sziget esk\u00fcv\u0151i csomag\u201c\" data-no-translation-aria-label=\"\">Buchung<\/a>\t<span id=\"woocommerce_loop_add_to_cart_link_describedby_8451\" class=\"screen-reader-text\">\n\t\t\t<\/span>\n<\/div><\/li>\n<li class=\"product type-product post-8452 status-publish instock product_cat-karibi-eskuvok product_tag-eskuvo has-post-thumbnail virtual purchasable product-type-phive_booking\">\n\t<div class=\"product-container shop-loop-item\"><a href=\"https:\/\/dominikaneked.hu\/de\/produkt\/special-offer-tengerparti-eskuvo\/\" class=\"woocommerce-LoopProduct-link woocommerce-loop-product__link\"><img loading=\"lazy\" decoding=\"async\" width=\"300\" height=\"300\" src=\"https:\/\/dominikaneked.hu\/wp-content\/uploads\/2021\/06\/caribbean-wedding-11-1280x836-1-300x300.jpg\" class=\"attachment-woocommerce_thumbnail size-woocommerce_thumbnail\" alt=\"Br\u00e4ute mit Blumenkr\u00e4nzen und Blumenstr\u00e4u\u00dfen l\u00e4cheln am Strand f\u00fcr die Beach Wedding Aktion. Der Br\u00e4utigam und der Trauzeuge stehen in der N\u00e4he einer Palme und genie\u00dfen die ruhige Meereskulisse neben einem Blumenbogen in der Dominikanischen Republik.\" srcset=\"https:\/\/dominikaneked.hu\/wp-content\/uploads\/2021\/06\/caribbean-wedding-11-1280x836-1-300x300.jpg 300w, https:\/\/dominikaneked.hu\/wp-content\/uploads\/2021\/06\/caribbean-wedding-11-1280x836-1-150x150.jpg 150w, https:\/\/dominikaneked.hu\/wp-content\/uploads\/2021\/06\/caribbean-wedding-11-1280x836-1-540x540.jpg 540w, https:\/\/dominikaneked.hu\/wp-content\/uploads\/2021\/06\/caribbean-wedding-11-1280x836-1-100x100.jpg 100w\" sizes=\"auto, (max-width: 300px) 100vw, 300px\" \/><pre class=\"d-none\">05<\/pre><h2 class=\"woocommerce-loop-product__title\">Sonderangebot - Hochzeit am Meer<\/h2><h3 class=\"product-excerpt\" data-product-id=\"8452\">Einer der sch\u00f6nsten Privatstr\u00e4nde der Dominikanischen Republik, ein wundersch\u00f6ner, palmenges\u00e4umter K\u00fcstenabschnitt, perfekt f\u00fcr...<\/h3>\n\t<span class=\"price\"><span class=\"woocommerce-Price-amount amount\"><bdi><span class=\"woocommerce-Price-currencySymbol\">&#36;<\/span>1.350,00<\/bdi><\/span><\/span>\n<\/a><a href=\"https:\/\/dominikaneked.hu\/de\/produkt\/special-offer-tengerparti-eskuvo\/\" aria-describedby=\"woocommerce_loop_add_to_cart_link_describedby_8452\" data-quantity=\"1\" class=\"button product_type_phive_booking add_to_cart_button\" data-product_id=\"8452\" data-product_sku=\"\" aria-label=\"Lese mehr \u00fcber \u201eSpecial Offer - Tengerparti esk\u00fcv\u0151\u201c\" data-no-translation-aria-label=\"\">Buchung<\/a>\t<span id=\"woocommerce_loop_add_to_cart_link_describedby_8452\" class=\"screen-reader-text\">\n\t\t\t<\/span>\n<\/div><\/li>\n<\/ul>\n<\/div>\n\n\t\t<\/div>\n\t<\/div>\n<\/div><\/div><\/div><\/div>\n<\/div>","protected":false},"excerpt":{"rendered":"Sag ja! Stellen Sie sich vor, Sie stehen an einem wei\u00dfen Sandstrand, an dem kleine Sandk\u00f6rner in der untergehenden Sonne glitzern. Sein Schein umh\u00fcllt einen mit exotischen Blumen geschm\u00fcckten Hochzeitspavillon, dessen d\u00fcnne, durchscheinende Schleier sanft in der leichten Brise des Strandes wehen. W\u00e4hrend Sie in die Ferne waten, erreicht das sanft pl\u00e4tschernde himmelblaue Meer langsam das Ufer unter Ihren F\u00fc\u00dfen. [...]","protected":false},"author":12,"featured_media":8846,"parent":0,"menu_order":15,"comment_status":"closed","ping_status":"closed","template":"","meta":{"_seopress_robots_primary_cat":"","_seopress_titles_title":"","_seopress_titles_desc":"","_seopress_robots_index":"","footnotes":""},"class_list":["post-8696","page","type-page","status-publish","has-post-thumbnail","hentry"],"_links":{"self":[{"href":"https:\/\/dominikaneked.hu\/de\/wp-json\/wp\/v2\/pages\/8696","targetHints":{"allow":["GET"]}}],"collection":[{"href":"https:\/\/dominikaneked.hu\/de\/wp-json\/wp\/v2\/pages"}],"about":[{"href":"https:\/\/dominikaneked.hu\/de\/wp-json\/wp\/v2\/types\/page"}],"author":[{"embeddable":true,"href":"https:\/\/dominikaneked.hu\/de\/wp-json\/wp\/v2\/users\/12"}],"replies":[{"embeddable":true,"href":"https:\/\/dominikaneked.hu\/de\/wp-json\/wp\/v2\/comments?post=8696"}],"version-history":[{"count":0,"href":"https:\/\/dominikaneked.hu\/de\/wp-json\/wp\/v2\/pages\/8696\/revisions"}],"wp:featuredmedia":[{"embeddable":true,"href":"https:\/\/dominikaneked.hu\/de\/wp-json\/wp\/v2\/media\/8846"}],"wp:attachment":[{"href":"https:\/\/dominikaneked.hu\/de\/wp-json\/wp\/v2\/media?parent=8696"}],"curies":[{"name":"wp","href":"https:\/\/api.w.org\/{rel}","templated":true}]}}