{"id":8549,"date":"2021-07-19T13:10:06","date_gmt":"2021-07-19T11:10:06","guid":{"rendered":"exploore.sysvol.hu"},"modified":"2021-09-10T06:40:03","modified_gmt":"2021-09-10T04:40:03","slug":"fizetesi-tajekoztato","status":"publish","type":"page","link":"https:\/\/dominikaneked.hu\/de\/fizetesi-tajekoztato\/","title":{"rendered":"Zahlungsinformationen"},"content":{"rendered":"<p>Sie k\u00f6nnen derzeit zwischen folgenden Zahlungsarten w\u00e4hlen:<\/p>\n<h3>Zahlung per Kreditkarte:<\/h3>\n<p>Die Zahlung per Kreditkarte auf unserer Website wird von Trust My Travel angeboten.<\/p>\n<p>Bezahlen Sie mit Kreditkarte, um bequem und sicher in unserem Online-Shop einzukaufen. Nach der Bestellung der ausgew\u00e4hlten Dienstleistungen wird der Kunde zur Trust My Travel-Zahlungsschnittstelle weitergeleitet, wo er mit seiner Kreditkarte \u00fcber die sicherste derzeit verf\u00fcgbare verschl\u00fcsselte Transaktion bezahlen kann. Unsere Kunden m\u00fcssen lediglich bei der Auswahl der Zahlungsmethode auf \"Zahlung per Kreditkarte\" klicken und dann den Namen des Kunden, die Kartennummer, das Ablaufdatum und den dreistelligen Sicherheitscode auf dem Trust My Travel-Zahlungsserver eingeben. Wir akzeptieren VISA, MasterCard, Maestro.  Bitte erkundigen Sie sich bei Ihrer Bank, ob Ihre Karte f\u00fcr Online-Eink\u00e4ufe verwendet werden kann. Trust My Travel sendet Ihnen nach einem erfolgreichen Kauf eine Transaktionsbest\u00e4tigung oder eine Fehlermeldung, wenn die Transaktion nicht erfolgreich war.<\/p>\n<p>Ich nehme zur Kenntnis, dass die folgenden personenbezogenen Daten, die von dem f\u00fcr die Datenverarbeitung Verantwortlichen Go Dominican Vacations SLR in seiner Benutzerdatenbank gespeichert werden, an Trust My Travel als Datenverarbeiter \u00fcbermittelt werden. Die folgenden Daten werden von dem f\u00fcr die Verarbeitung Verantwortlichen \u00fcbermittelt: Name, Nachname, Vorname, Land, Telefonnummer, E-Mail-Adresse.<\/p>\n<p>Die Art und der Zweck der vom Datenverarbeiter durchgef\u00fchrten Datenverarbeitungsaktivit\u00e4ten sind in der Mitteilung von Trust My Travel unter dem nachstehenden Link zu finden:\u00a0<a href=\"http:\/\/simplepay.hu\/vasarlo-aff\">https:\/\/trustprotects.me\/about-us\/<\/a><\/p>\n<h3>Bank\u00fcberweisung:<\/h3>\n<p>Sie k\u00f6nnen auch per Bank\u00fcberweisung bezahlen, bevor die Bestellung ausgef\u00fchrt wird. Eine Proformarechnung wird per E-Mail zugesandt. Es ist wichtig, dass die Auftragsnummer im Kommentarfeld der \u00dcberweisung angegeben wird. Der Gesamtbetrag der Bestellung per Bank\u00fcberweisung \u00fcber eine ausl\u00e4ndische Bank sollte nach dem MNB-Ankaufskurs des Tages berechnet und \u00fcberwiesen werden.<\/p>\n<p>Erkl\u00e4rt der K\u00e4ufer m\u00fcndlich oder schriftlich, dass er keine Umsatzsteuer-Identifikationsnummer hat oder dass er bei dem Umsatz nicht als Steuerpflichtiger handelt und daher keine Umsatzsteuer-Identifikationsnummer f\u00fcr die Rechnungsstellung angibt, muss die Rechnung keine Umsatzsteuer-Identifikationsnummer des K\u00e4ufers enthalten.<\/p>\n<p>Bei einem Kauf per Bank\u00fcberweisung gilt die Bestellung als angenommen, wenn der Kaufpreis f\u00fcr die Dienstleistung(en) sp\u00e4testens 24 Stunden nach der Bestellung \u00fcberwiesen wird. Die Bearbeitung eingehender \u00dcberweisungen dauert 2-3 Arbeitstage. Die Leistung wird erst erbracht, wenn der eingezahlte Betrag gutgeschrieben und die Zahlung bearbeitet worden ist. Wenn der Name des \u00dcberweisenden nicht mit dem des Kunden \u00fcbereinstimmt, muss dies zusammen mit der Identifikationsnummer im Mitteilungsfeld angegeben werden. Wenn der Gesamtbetrag der Bestellung nicht innerhalb von 5 Tagen auf unserem Bankkonto eingegangen ist, wird die Bestellung automatisch von unserem System storniert. Die Bearbeitung des Dienstes beginnt erst, wenn der Zahlungsvorgang abgeschlossen ist.<\/p>","protected":false},"excerpt":{"rendered":"<p>Informationen \u00fcber die auf unserer Website verwendeten Zahlungsm\u00f6glichkeiten.<\/p>","protected":false},"author":12,"featured_media":0,"parent":0,"menu_order":24,"comment_status":"closed","ping_status":"closed","template":"","meta":{"_seopress_robots_primary_cat":"","_seopress_titles_title":"","_seopress_titles_desc":"","_seopress_robots_index":"","footnotes":""},"class_list":["post-8549","page","type-page","status-publish","hentry"],"_links":{"self":[{"href":"https:\/\/dominikaneked.hu\/de\/wp-json\/wp\/v2\/pages\/8549","targetHints":{"allow":["GET"]}}],"collection":[{"href":"https:\/\/dominikaneked.hu\/de\/wp-json\/wp\/v2\/pages"}],"about":[{"href":"https:\/\/dominikaneked.hu\/de\/wp-json\/wp\/v2\/types\/page"}],"author":[{"embeddable":true,"href":"https:\/\/dominikaneked.hu\/de\/wp-json\/wp\/v2\/users\/12"}],"replies":[{"embeddable":true,"href":"https:\/\/dominikaneked.hu\/de\/wp-json\/wp\/v2\/comments?post=8549"}],"version-history":[{"count":0,"href":"https:\/\/dominikaneked.hu\/de\/wp-json\/wp\/v2\/pages\/8549\/revisions"}],"wp:attachment":[{"href":"https:\/\/dominikaneked.hu\/de\/wp-json\/wp\/v2\/media?parent=8549"}],"curies":[{"name":"wp","href":"https:\/\/api.w.org\/{rel}","templated":true}]}}