{"id":8390,"date":"2021-06-12T16:16:48","date_gmt":"2021-06-12T14:16:48","guid":{"rendered":"exploore.sysvol.hu"},"modified":"2021-09-10T06:33:59","modified_gmt":"2021-09-10T04:33:59","slug":"aszf","status":"publish","type":"page","link":"https:\/\/dominikaneked.hu\/de\/aszf\/","title":{"rendered":"GTC"},"content":{"rendered":"<div class=\"wpb-content-wrapper\"><div class=\"vc_row wpb_row vc_row-fluid\"><div class=\"wpb_column vc_column_container vc_col-sm-12\"><div class=\"vc_column-inner\"><div class=\"wpb_wrapper\">\n\t<div class=\"wpb_text_column wpb_content_element\" >\n\t\t<div class=\"wpb_wrapper\">\n\t\t\t<p>Die Allgemeinen Gesch\u00e4ftsbedingungen (\"AGB\") enthalten die allgemeinen Bedingungen f\u00fcr die Nutzung des Webshops, der von Go Dominican Vacations EA SRL, einem Unternehmen mit Sitz in Calle Pablo Neruda 9, Villa Ana Maria, Sos\u00faa, Dominikanische Republik, Steuer-ID:132-04861-1, als Dienstleister (\"Dienstleister\") betrieben wird. Bitte nutzen Sie unsere Dienste nur, wenn Sie mit allen Punkten einverstanden sind und sich an diese gebunden f\u00fchlen. Dieses Dokument wird nicht archiviert, wird nur in elektronischer Form abgeschlossen (es stellt keinen schriftlichen Vertrag dar) und bezieht sich nicht auf einen Verhaltenskodex.<\/p>\n<p>Die AGB k\u00f6nnen unter folgendem Link heruntergeladen werden: [dkpdf-button]<\/p>\n\n\t\t<\/div>\n\t<\/div>\n\n\t<div class=\"wpb_text_column wpb_content_element\" >\n\t\t<div class=\"wpb_wrapper\">\n\t\t\t<h2>Angaben zum Dienstanbieter<\/h2>\n<p>Name des Dienstleisters: Go Dominican Vacations EA SRL<\/p>\n<p>Der Dienstanbieter befindet sich in der Calle Pablo Neruda 9, Villa Ana Maria, Sos\u00faa<\/p>\n<p>Die Kontaktdaten des Diensteanbieters, die E-Mail-Adresse, die regelm\u00e4\u00dfig zur Kontaktaufnahme mit den Nutzern verwendet wird:<a href=\"mailto:info@godominicanvacations.com\">info@godominicanvacations.com<\/a><\/p>\n<p>Registrierungsnummer des Unternehmens:24016-PP<\/p>\n<p>Steuernummer:132-04861-1<\/p>\n<p>Name der Eintragungsbeh\u00f6rde (Handelsregister):C\u00e1mara de Comercio y Producci\u00f3n de Puerto Plata<\/p>\n<p>Telefonnummern:+1 809 870 5607<\/p>\n<p>Zulassungsnummer:220\/2200<\/p>\n<p>Sprache des Vertrages: Ungarisch<\/p>\n<p>Angaben zum Hosting-Anbieter:<a href=\"https:\/\/rackforest.com\">https:\/\/rackforest.com<\/a><\/p>\n\n\t\t<\/div>\n\t<\/div>\n\n\t<div class=\"wpb_text_column wpb_content_element\" >\n\t\t<div class=\"wpb_wrapper\">\n\t\t\t<h2>Grundlegende Bestimmungen<\/h2>\n<p>1.1 F\u00fcr die in dieser Gesch\u00e4ftsordnung nicht geregelten Angelegenheiten und f\u00fcr die Auslegung dieser Gesch\u00e4ftsordnung gilt ungarisches Recht, insbesondere im Hinblick auf die einschl\u00e4gigen Bestimmungen des Gesetzes V von 2013 \u00fcber das Zivilgesetzbuch (\"Zivilgesetzbuch\") und des Gesetzes CVIII von 2001 \u00fcber bestimmte Fragen der Dienstleistungen des elektronischen Gesch\u00e4ftsverkehrs und der Informationsgesellschaft. Die zwingenden Bestimmungen der einschl\u00e4gigen Rechtsvorschriften gelten f\u00fcr die Parteien, ohne dass es einer besonderen Vereinbarung bedarf.<\/p>\n<p>1.2 Geltungsbereich, \u00c4nderung der AGB.<\/p>\n<p>1.3 Urheberrechtlicher Schutz des Webshops als urheberrechtliches Werk, Achtung.<\/p>\n<p>1.4 Verf\u00fcgbarkeit.<\/p>\n\n\t\t<\/div>\n\t<\/div>\n\n\t<div class=\"wpb_text_column wpb_content_element\" >\n\t\t<div class=\"wpb_wrapper\">\n\t\t\t<h2>Regeln f\u00fcr die Datenverwaltung<\/h2>\n<p>1.5 Die Kontaktdaten des Datenschutzhinweises m\u00fcssen angegeben werden, einschlie\u00dflich der Datenschutzregistrierungsnummer.<\/p>\n\n\t\t<\/div>\n\t<\/div>\n\n\t<div class=\"wpb_text_column wpb_content_element\" >\n\t\t<div class=\"wpb_wrapper\">\n\t\t\t<h2>Zu erwerbende Produkte und Dienstleistungen<\/h2>\n<p>1.6 Es muss angegeben werden, ob die angezeigten Produkte nur online oder pers\u00f6nlich erworben werden k\u00f6nnen. ob die Produkte die Mehrwertsteuer enthalten. Enthalten sie Liefer- oder Verpackungskosten.<\/p>\n<p>1.7 Der Dienstleister muss im Webshop den Namen und die genaue Beschreibung des Produkts sowie ein Foto des Produkts anzeigen. Die auf den Produktdatenbl\u00e4ttern gezeigten Bilder k\u00f6nnen von den tats\u00e4chlichen Bildern abweichen, in einigen F\u00e4llen dienen sie nur der Veranschaulichung.<\/p>\n<p>1.8 Wenn ein Aktionspreis eingef\u00fchrt wird, informiert der Dienstanbieter die Nutzer umfassend \u00fcber die Dauer der Aktion.<\/p>\n\n\t\t<\/div>\n\t<\/div>\n\n\t<div class=\"wpb_text_column wpb_content_element\" >\n\t\t<div class=\"wpb_wrapper\">\n\t\t\t<h2>Wie man bestellt<\/h2>\n<p>1.9 Detaillierte Beschreibung des Bestellvorgangs, vom Check-in bis zum Hinzuf\u00fcgen des Produkts in den Warenkorb.<\/p>\n<p>1.10. Optionen zur Korrektur von Dateneingabefehlern (z. B. zus\u00e4tzliches Produkt, Produkt l\u00f6schen, Preis \u00fcberpr\u00fcfen usw.)<\/p>\n<p>1.11. Zahlungsm\u00f6glichkeiten, Beschreibung der Liefermethoden<\/p>\n<p>1.12. Der Webshop des Diensteanbieters ist verpflichtet, dem Nutzer den Zugang seiner Bestellung unverz\u00fcglich auf elektronischem Wege zu best\u00e4tigen. Liegt diese Best\u00e4tigung dem Nutzer nicht innerhalb einer angemessenen, von der Art der Dienstleistung abh\u00e4ngigen Frist, sp\u00e4testens jedoch 48 Stunden nach Absendung der Bestellung des Nutzers vor, so ist der Nutzer von der Verpflichtung zur Abgabe eines Angebots oder einer vertraglichen Verpflichtung befreit. Die Parteien k\u00f6nnen von den oben genannten Regeln abweichen, wenn sie dies vereinbart haben.<\/p>\n\n\t\t<\/div>\n\t<\/div>\n\n\t<div class=\"wpb_text_column wpb_content_element\" >\n\t\t<div class=\"wpb_wrapper\">\n\t\t\t<h2>Auftragsabwicklung und -erf\u00fcllung<\/h2>\n<p>1.13. Wann werden Bestellungen bearbeitet?<\/p>\n<p>1.14. allgemeine Frist f\u00fcr die Ausf\u00fchrung, innerhalb von x Arbeitstagen nach Best\u00e4tigung. Wenn der Dienstleister und der Nutzer keine Vereinbarung \u00fcber den Erf\u00fcllungszeitpunkt getroffen haben, ist der Dienstleister verpflichtet, den Vertrag innerhalb der in der Anfrage des Nutzers angegebenen Zeit oder des angegebenen Datums zu erf\u00fcllen, oder in Ermangelung einer Anfrage sp\u00e4testens innerhalb von 30 Tagen nach Erhalt der Bestellung durch den Dienstleister.<\/p>\n<p>1.15. Erf\u00fcllt der Diensteanbieter seine vertraglichen Verpflichtungen nicht, weil das im Vertrag genannte Produkt nicht verf\u00fcgbar ist, informiert er den Nutzer unverz\u00fcglich dar\u00fcber und erstattet ihm den vom Nutzer gezahlten Betrag unverz\u00fcglich, sp\u00e4testens jedoch innerhalb von drei\u00dfig Tagen. Die Erf\u00fcllung dieser Verpflichtung entbindet den Diensteanbieter nicht von den sonstigen Folgen seiner Vertragsverletzungen.<\/p>\n\n\t\t<\/div>\n\t<\/div>\n\n\t<div class=\"wpb_text_column wpb_content_element\" >\n\t\t<div class=\"wpb_wrapper\">\n\t\t\t<h2>Bearbeitung von Beschwerden<\/h2>\n<p>1.16. Der Online-Shop muss den Verbraucher \u00fcber seinen Sitz, den Ort der Bearbeitung von Beschwerden, falls dieser nicht mit dem Ort des Vertriebs oder des Verkaufs identisch ist, und die an die Besonderheiten der T\u00e4tigkeit, der Handelsform oder der Methode angepasste Methode sowie die Postanschrift und, falls das Unternehmen auch auf diese Weise Beschwerden entgegennimmt, die E-Mail-Adresse und die Internetadresse und Telefonnummer des Unternehmens oder des Kundendienstes des Unternehmens zum Zwecke der \u00dcbermittlung von Beschwerden informieren.<\/p>\n\n\t\t<\/div>\n\t<\/div>\n\n\t<div class=\"wpb_text_column wpb_content_element\" >\n\t\t<div class=\"wpb_wrapper\">\n\t\t\t<h2>Verschiedene Bestimmungen<\/h2>\n<p>1.17. Der Diensteanbieter und der Nutzer bem\u00fchen sich um eine g\u00fctliche Beilegung ihrer Streitigkeiten.<\/p>\n<p>Sos\u00faa, 2021.08.26.<\/p>\n\n\t\t<\/div>\n\t<\/div>\n<\/div><\/div><\/div><\/div>\n<\/div>","protected":false},"excerpt":{"rendered":"Die Allgemeinen Gesch\u00e4ftsbedingungen (\"AGB\") enthalten die allgemeinen Bedingungen f\u00fcr die Nutzung des Webshops, der von Go Dominican Vacations EA SRL, einem Unternehmen mit Sitz in Calle Pablo Neruda 9, Villa Ana Maria, Sos\u00faa, Dominikanische Republik, Steuer-ID:132-04861-1, als Dienstleister (\"Dienstleister\") betrieben wird. Bitte nutzen Sie unsere Dienste nur, wenn Sie mit allen Punkten einverstanden sind und sich an diese gebunden f\u00fchlen. Dieses Dokument wird nicht verwendet [...]","protected":false},"author":12,"featured_media":0,"parent":0,"menu_order":17,"comment_status":"closed","ping_status":"closed","template":"","meta":{"_seopress_robots_primary_cat":"","_seopress_titles_title":"","_seopress_titles_desc":"","_seopress_robots_index":"","footnotes":""},"class_list":["post-8390","page","type-page","status-publish","hentry"],"_links":{"self":[{"href":"https:\/\/dominikaneked.hu\/de\/wp-json\/wp\/v2\/pages\/8390","targetHints":{"allow":["GET"]}}],"collection":[{"href":"https:\/\/dominikaneked.hu\/de\/wp-json\/wp\/v2\/pages"}],"about":[{"href":"https:\/\/dominikaneked.hu\/de\/wp-json\/wp\/v2\/types\/page"}],"author":[{"embeddable":true,"href":"https:\/\/dominikaneked.hu\/de\/wp-json\/wp\/v2\/users\/12"}],"replies":[{"embeddable":true,"href":"https:\/\/dominikaneked.hu\/de\/wp-json\/wp\/v2\/comments?post=8390"}],"version-history":[{"count":0,"href":"https:\/\/dominikaneked.hu\/de\/wp-json\/wp\/v2\/pages\/8390\/revisions"}],"wp:attachment":[{"href":"https:\/\/dominikaneked.hu\/de\/wp-json\/wp\/v2\/media?parent=8390"}],"curies":[{"name":"wp","href":"https:\/\/api.w.org\/{rel}","templated":true}]}}