{"id":8388,"date":"2021-06-12T16:16:28","date_gmt":"2021-06-12T14:16:28","guid":{"rendered":"exploore.sysvol.hu"},"modified":"2021-07-28T15:50:14","modified_gmt":"2021-07-28T13:50:14","slug":"utazasi-feltetelek","status":"publish","type":"page","link":"https:\/\/dominikaneked.hu\/de\/utazasi-feltetelek\/","title":{"rendered":"Reisebedingungen"},"content":{"rendered":"<div class=\"wpb-content-wrapper\"><div class=\"vc_row wpb_row vc_row-fluid\"><div class=\"wpb_column vc_column_container vc_col-sm-12\"><div class=\"vc_column-inner\"><div class=\"wpb_wrapper\">\n\t<div class=\"wpb_text_column wpb_content_element\" >\n\t\t<div class=\"wpb_wrapper\">\n\t\t\t<h2>ALLGEMEINE REISEBEDINGUNGEN:<\/h2>\n<ul>\n<li>Unsere Programme beginnen und enden in dem in der Beschreibung angegebenen Land und Ankunftsort. Das \u00dcberschreiten das Abfahrtsland auf dem Land- oder Luftweg ist in den Programmen nicht enthalten. Die Programme werden von Go Dominican Vacation EA organisiert. SRL.<\/li>\n<li>Die Anreise zum Startort zur Startzeit und die Abreise nach dem Programm sind individuell und nicht Bestandteil des Programms.<\/li>\n<li>Wir verkaufen keine Fl\u00fcge, Sie k\u00f6nnen \u00fcber unseren Partner auf unserer Website buchen.<\/li>\n<li>Die Preise auf der Website sind in USD angegeben und gelten als Richtwerte.<\/li>\n<li>Die Informationen auf dieser Website stellen kein Reiseangebot dar.<\/li>\n<\/ul>\n\n\t\t<\/div>\n\t<\/div>\n\n\t<div class=\"wpb_text_column wpb_content_element\" >\n\t\t<div class=\"wpb_wrapper\">\n\t\t\t<h2>DAS BUCHUNGSVERFAHREN:<\/h2>\n<ol>\n<li>Auswahl des Programms<br \/>\nDie Buchung der Reise erfolgt elektronisch. Auf unserer Website finden Sie unsere Programme<\/p>\n<ul>\n<li>eine detaillierte Beschreibung<\/li>\n<li>Datum und Uhrzeit<\/li>\n<li>den Preis<\/li>\n<li>Was ist im Preis inbegriffen und was ist nicht inbegriffen?<\/li>\n<\/ul>\n<p>Bitte lesen Sie die Informationen. Nutzen Sie diese Informationen, um auszuw\u00e4hlen, f\u00fcr welches unserer Programme Sie sich interessieren.<\/li>\n<li>Kommunikation vor der Reise<br \/>\nDie Vorabbuchung kann per E-Mail, Messenger, WhatsApp oder Viber erfolgen. \u00dcber diese Kan\u00e4le k\u00f6nnen Sie sich mit uns in Verbindung setzen, wenn Sie Fragen\/Anfragen haben, die f\u00fcr die Vorbereitung einer Entscheidung erforderlich sind.<\/li>\n<li>Anfrage f\u00fcr ein Angebot<br \/>\nF\u00fcllen Sie das Formular im Men\u00fc \"Kontakt\" auf unserer Website aus ( https:\/\/dominikaneked.hu\/kontakt\/ ). Dadurch wird Ihr Antrag zu den anderen Antr\u00e4gen hinzugef\u00fcgt, so dass wir alle Antr\u00e4ge zusammen sehen k\u00f6nnen. Sie haben die M\u00f6glichkeit, individuelle Anfragen zu stellen. Wir werden Ihnen unter der von Ihnen im Formular angegebenen E-Mail-Adresse weitere Informationen zukommen lassen und Ihre Fragen beantworten,<br \/>\nund wir werden Ihnen ein Angebot machen. Die Anfrage nach einem Angebot stellt keine Bestellung dar. Die Bestellung erfolgt nach Bezahlung des Programms.<\/li>\n<li>Ein Programm buchen<br \/>\nWenn alle Einzelheiten Ihrer Reise gekl\u00e4rt sind, werden wir Sie bitten, den \u00fcber unser Buchungssystem festgelegten Betrag zu bezahlen. Sicheres System f\u00fcr Kreditkartenzahlungen. Nach der Bezahlung wird Ihre Reise in den Kalender eingetragen. 20% der Anzahlung wird als Reuegeld behandelt und wird im Falle einer Stornierung nicht zur\u00fcckerstattet. Der Grund daf\u00fcr ist, dass mit der Anzahl der<br \/>\nund wir planen unser t\u00e4gliches Arbeitspensum entsprechend. Betrachten Sie sie als Stornogeb\u00fchr. Bitte zahlen Sie nur, wenn Sie diese Bedingung akzeptieren. Mit der Zahlung best\u00e4tigen Sie, dass Sie alle Informationen \u00fcber die Reise erhalten haben und Ihre Entscheidung in voller Kenntnis der Sachlage getroffen haben.<br \/>\nDiese Artikel werden unter keinen Umst\u00e4nden zur\u00fcckerstattet:<\/p>\n<ul>\n<li>Inlandsflugticket<\/li>\n<li>Unterkunft innerhalb von 60 Tagen<\/li>\n<\/ul>\n<p>Im Falle einer Verschiebung aus irgendeinem Grund wird der Betrag der Reservierung bei einer Umbuchung innerhalb von 24 Monaten nach dem urspr\u00fcnglichen(!) Reisedatum gutgeschrieben (mit Ausnahme der aufgef\u00fchrten Ausnahmen).<br \/>\nSie m\u00fcssen die Reise nicht innerhalb von 24 Monaten antreten, sondern k\u00f6nnen einen neuen Termin buchen.<\/li>\n<\/ol>\n\n\t\t<\/div>\n\t<\/div>\n\n\t<div class=\"wpb_text_column wpb_content_element\" >\n\t\t<div class=\"wpb_wrapper\">\n\t\t\t<h2>KAUFEN<\/h2>\n<p>Bei den im Programm angezeigten Preisen handelt es sich um Bruttopreise. Alles, was zur Reise geh\u00f6rt, ist im Preis inbegriffen.<\/p>\n<p>Sie ist in dem angezeigten Preis enthalten:<\/p>\n<ul>\n<li>Eintrittskarten<\/li>\n<li>Shuttle vor Ort: klimatisiertes Fahrzeug mit Fahrer, entsprechend der Anzahl der Personen und des Gep\u00e4cks<\/li>\n<li>einen mehrsprachigen Reiseleiter, der reisebezogene Aufgaben \u00fcbernimmt<\/li>\n<li>Mehrsprachige Reisef\u00fchrer: Informationen zu den Sehensw\u00fcrdigkeiten auf dem Programm<\/li>\n<li>Unterkunft: Der Preis f\u00fcr unsere Touren beinhaltet Unterkunft und Verpflegung pro Gruppe<\/li>\n<\/ul>\n<p>Nicht im angegebenen Preis enthalten:<\/p>\n<ul>\n<li>Kosten f\u00fcr die Anreise zum Ankunftsort \/ Kosten f\u00fcr die Abreise vom Abreiseort am Ende des Programms<\/li>\n<li>spezielle fakultative Programme<\/li>\n<li>Einzelzimmerzuschlag<\/li>\n<li>Zusatzbett gegen Aufpreis<\/li>\n<li>Kosten der Verl\u00e4ngerung<\/li>\n<li>zus\u00e4tzliche Kosten aufgrund besonderer Ern\u00e4hrungsbed\u00fcrfnisse<\/li>\n<li>Kranken-, Unfall- und Gep\u00e4ckversicherung<\/li>\n<\/ul>\n<p>Die Preise f\u00fcr die Unterkunft sind in den von uns beworbenen Paketen enthalten. In den einzelnen Tagesprogrammen sind keine \u00dcbernachtungen vorgesehen. Auf Anfrage k\u00f6nnen wir mit unseren Vertragshotels erm\u00e4\u00dfigte Preise vereinbaren.<br \/>\nMahlzeiten: Fr\u00fchst\u00fcck ist im Preis der von uns empfohlenen\/gebuchten Unterkunft enthalten.<br \/>\nEinige unserer Programme beinhalten eine integrierte Mahlzeit. Diese sind gesondert angegeben.<br \/>\nF\u00fcr Eintrittskarten haben wir mit einer Reihe von Attraktionen Vertr\u00e4ge \u00fcber erm\u00e4\u00dfigten Eintritt abgeschlossen. Wir verwenden diese in den von uns beworbenen Paketen.<br \/>\nF\u00fcr den Transport erhalten wir durch unsere langj\u00e4hrigen Gesch\u00e4ftspartnerschaften vielerorts Mengenrabatte. Wir wenden diese auf die von uns beworbenen Pakete an.<\/p>\n\n\t\t<\/div>\n\t<\/div>\n\n\t<div class=\"wpb_text_column wpb_content_element\" >\n\t\t<div class=\"wpb_wrapper\">\n\t\t\t<h2>VORBEREITUNG AUF DIE REISE<\/h2>\n<ul>\n<li>\u00dcberpr\u00fcfen Sie die G\u00fcltigkeit Ihres Reisepasses. Sie muss noch 6 Monate ab dem Datum der Abreise g\u00fcltig sein.<\/li>\n<li>Eine Versicherung ist unerl\u00e4sslich. Wenn Sie eine Versicherung abschlie\u00dfen, nehmen Sie sich die Zeit, sich mit den Bedingungen vertraut zu machen. Erkundigen Sie sich beim Versicherer, welche Krankenh\u00e4user in den St\u00e4dten, die Sie versichern, dem Versicherer angeschlossen sind. Wenn nicht, was Sie tun sollten. Ob die medizinische Einrichtung die Behandlung auf Kosten Ihrer Versicherung oder auf der Grundlage einer Vorauszahlung und einer Abrechnung nach der Versicherung durchf\u00fchrt, kann vom Einzelfall abh\u00e4ngen. Seien Sie darauf vorbereitet, entsprechend zu zahlen, und achten Sie auf die Liste der vom Versicherer geforderten Unterlagen.<br \/>\nArten von Versicherungen:<\/p>\n<ul>\n<li>KUR - Krankheit, Unfall, Reisegep\u00e4ck<\/li>\n<li>Zuschlag f\u00fcr Extremsportarten, wenn Ihr Reiseplan Dschungeltrekking, Klettern, Tauchen usw. vorsieht.<\/li>\n<li>Reiseversicherung<\/li>\n<\/ul>\n<\/li>\n<li>Kenntnis der Einfuhrzollvorschriften mit besonderem Schwerpunkt auf verbrauchsteuerpflichtigen Waren: Zigaretten, Alkohol und Fl\u00fcssigkeiten.<\/li>\n<li>Ausfuhrzollvorschriften, insbesondere: Natursch\u00e4tze (Muscheln, Korallen, Pflanzen, Samen... usw.); tierische Erzeugnisse;<\/li>\n<li>Sie sind daf\u00fcr verantwortlich, dass die Gesetze Ihres Landes und die Vorschriften f\u00fcr den Besuch der im Programm enthaltenen St\u00e4tten eingehalten werden. Insbesondere m\u00fcssen sie die an den Sehensw\u00fcrdigkeiten erwarteten Kleidungs- und Verhaltensregeln sowie die Verkehrsvorschriften in vollem Umfang einhalten.<\/li>\n<\/ul>\n\n\t\t<\/div>\n\t<\/div>\n\n\t<div class=\"wpb_text_column wpb_content_element\" >\n\t\t<div class=\"wpb_wrapper\">\n\t\t\t<h2>W\u00c4HREND DER REISE IM ZUSAMMENHANG MIT DEM FLUG<\/h2>\n<ol>\n<li>Bitte erkundigen Sie sich bei den Fluggesellschaften\n<ul>\n<li>die Vorschriften \u00fcber Gr\u00f6\u00dfe und Gewicht des aufgegebenen Gep\u00e4cks<\/li>\n<li>die Vorschriften \u00fcber das Gesamtgewicht und die Anzahl der zul\u00e4ssigen Gegenst\u00e4nde im Handgep\u00e4ck<\/li>\n<\/ul>\n<\/li>\n<li>Sorgen Sie daf\u00fcr, dass Sie rechtzeitig vor dem Abflug am Flughafen ankommen. Bei internationalen Fl\u00fcgen sind es in der Regel 2 Stunden vor Abflug.<\/li>\n<li>Bei Flugreisen gelten die Reisebedingungen der Fluggesellschaft, einschlie\u00dflich etwaiger \u00c4nderungen des Fluges: Versp\u00e4tungen, Flugplan\u00e4nderungen, Wechsel des Flugzeugtyps oder sogar Wechsel der Fluggesellschaft.<\/li>\n<\/ol>\n\n\t\t<\/div>\n\t<\/div>\n\n\t<div class=\"wpb_text_column wpb_content_element\" >\n\t\t<div class=\"wpb_wrapper\">\n\t\t\t<h2>NACH ANKUNFT<\/h2>\n<ol>\n<li>Bei Ihren Eink\u00e4ufen sind Sie f\u00fcr die Feststellung der Echtheit der Artikel verantwortlich. Bitte \u00fcberlegen Sie sich Ihre Entscheidung sorgf\u00e4ltig, bevor Sie einen Kauf t\u00e4tigen.<\/li>\n<li>Besondere Ern\u00e4hrungsw\u00fcnsche k\u00f6nnen nur bis zum Umfang der Speisekarte ber\u00fccksichtigt werden.<\/li>\n<li>Die folgenden F\u00e4lle fallen nicht in die Kategorien, die wir bearbeiten k\u00f6nnen:\n<ul>\n<li>Wetter; Naturkatastrophe; von dem betreffenden Land verh\u00e4ngter Ausnahmezustand<\/li>\n<li>politische Ereignisse, Veranstaltungen<\/li>\n<li>Feiertage, Feste<\/li>\n<li>Bauarbeiten, Stra\u00dfensperrungen<\/li>\n<\/ul>\n<\/li>\n<li>F\u00fcr die Unterkunft buchen wir die im Voraus vereinbarte Zimmerkategorie und Bettenart. Gem\u00e4\u00df den internationalen Normen m\u00fcssen die Zimmer bis sp\u00e4testens 12 Uhr ger\u00e4umt sein und k\u00f6nnen fr\u00fchestens ab 14 Uhr bezogen werden. Die Hotels k\u00f6nnen andere Zeiten angeben. Es liegt nicht in unserer Verantwortung, ob die Zimmer bei der Ankunft ganz oder teilweise verf\u00fcgbar sind.<\/li>\n<li>Wir verbinden Reisende, die sich zur selben Zeit und f\u00fcr dasselbe Programm angemeldet haben. Wir verwenden ein Fahrzeug, das der Gr\u00f6\u00dfe der Gruppe entspricht.<\/li>\n<\/ol>\n\n\t\t<\/div>\n\t<\/div>\n\n\t<div class=\"wpb_text_column wpb_content_element\" >\n\t\t<div class=\"wpb_wrapper\">\n\t\t\t<h2>BEDINGUNGEN F\u00dcR DIE TEILNAHME AN UNSEREN PROGRAMMEN<\/h2>\n<ol>\n<li>Bei einem ganzt\u00e4gigen Programm beginnt das Programm um 8:00 Uhr. Andere Anfangszeiten werden gesondert bekannt gegeben.<\/li>\n<li>Bei halbt\u00e4gigen Programmen wird die Abfahrtszeit im Voraus vereinbart.<\/li>\n<li>Das Programm beginnt und endet an der Hotelrezeption. Alle anderen F\u00e4lle werden im Voraus vereinbart.<\/li>\n<li>Bei einem ganzt\u00e4gigen Programm bieten wir ausreichend Platz und Zeit f\u00fcr die Mahlzeiten. Besondere Ern\u00e4hrungsw\u00fcnsche k\u00f6nnen nur bis zu den Grenzen der Speisekarte ber\u00fccksichtigt werden.<\/li>\n<li>Vor Beginn der Programme werden die allgemeinen Regeln und die Regeln f\u00fcr die Attraktionen des Tages bekannt gegeben. Dies betrifft vor allem die Kleiderordnung (erwartete Kleidung) und die Umgangsformen.<\/li>\n<li>Bei jeder Sehensw\u00fcrdigkeit wird Ihnen ein Leiter sofort nach der Ankunft den Text f\u00fcr den Ort geben. Danach k\u00f6nnen Sie gehen und Fotos machen. Wenn Sie nicht dabei waren, als der Reiseleiter gesprochen hat, ist das Ihre Entscheidung.<\/li>\n<li>Bitte unterbrechen Sie den Text des Reiseleiters nicht durch Fragen. Stellen Sie alle relevanten Fragen nach dem Text und sie werden beantwortet.<\/li>\n<li>Bitte erz\u00e4hlen Sie w\u00e4hrend der F\u00fchrung keine eigenen Geschichten \u00fcber Ihre fr\u00fcheren Reisen. Sie haben die M\u00f6glichkeit, dies in der freien Zeit mit aufgeschlossenen Mitreisenden zu tun.<\/li>\n<li>W\u00e4hrend der Programme k\u00f6nnen Bild- und Tonaufnahmen \u00fcber den LISTENER gemacht werden. Im Internet darf nur Material ver\u00f6ffentlicht werden, das nicht durch Urheberrechte oder andere Rechte an geistigem Eigentum gesch\u00fctzt ist. Der gesprochene Text der Reisef\u00fchrer ist urheberrechtlich gesch\u00fctzt und jede Verwendung bedarf der vorherigen schriftlichen Genehmigung.<\/li>\n<li>Wenn Sie einen Abreisetermin w\u00e4hrend des Programms verpassen, m\u00fcssen Sie Ihre An- und Abreise auf eigene Kosten organisieren.<\/li>\n<li>Berauschte oder berauschte Personen d\u00fcrfen nicht an unseren Programmen teilnehmen.<\/li>\n<li>Probleme, die sich aus der Nichteinhaltung der erwarteten Regeln ergeben (z. B. Kleidung, Verhalten), werden weitergegeben.<\/li>\n<li>Aufgrund Ihrer Erkrankung verpasste Programme werden nicht nachgeholt.<\/li>\n<li>Wenn Sie das Programm ohne vorherige Absprache verlassen, sorgen Sie bitte daf\u00fcr, dass Sie zum Hotel zur\u00fcckkehren.<\/li>\n<li>Bringen Sie nur wesentliche\/notwendige Ausr\u00fcstung zum Programm mit. Wir sind nicht verantwortlich f\u00fcr pers\u00f6nliche Gegenst\u00e4nde und Wertsachen, die im Fahrzeug zur\u00fcckgelassen werden.<\/li>\n<li>Im Falle einer Beschwerde senden Sie Ihre Beschwerde bitte innerhalb von 24 Stunden schriftlich an info@godominicanvacations.com. Nur dann sind wir in der Lage, Ihre Beschwerde zu ber\u00fccksichtigen.<\/li>\n<\/ol>\n\n\t\t<\/div>\n\t<\/div>\n\n\t<div class=\"wpb_text_column wpb_content_element\" >\n\t\t<div class=\"wpb_wrapper\">\n\t\t\t<h2>STORNIERUNGSBEDINGUNGEN:<\/h2>\n<ul>\n<li>96 Stunden vor Beginn des bestellten Wahlprogramms wird der Betrag von 75% des Gesamtpreises zur\u00fcckerstattet.<\/li>\n<li>72 Stunden vor Beginn des gebuchten optionalen Programms erstatten wir 50% des Gesamtpreises.<\/li>\n<li>Im Falle einer Stornierung oder eines Nichterscheinens innerhalb von 72 Stunden k\u00f6nnen wir den gezahlten Betrag nicht zur\u00fcckerstatten.<\/li>\n<\/ul>\n<p>Eine Ausnahme von diesen Bedingungen wird gemacht, wenn die Person, die die Reise storniert, aus gesundheitlichen Gr\u00fcnden nicht teilnehmen kann und ein \u00e4rztliches Attest vorlegen kann. In diesem Fall erstatten wir den in 90% gezahlten Betrag.<\/p>\n<p>F\u00fcr nicht von uns organisierte Programme k\u00f6nnen wir den Kaufpreis nicht erstatten, sondern nur einen Gutschein ausstellen, der \u00fcbertragbar ist.<\/p>\n\n\t\t<\/div>\n\t<\/div>\n\n\t<div class=\"wpb_text_column wpb_content_element\" >\n\t\t<div class=\"wpb_wrapper\">\n\t\t\t<h2>UNSERE GARANTIEN<\/h2>\n<p>Wir bieten selbstorganisierte Programme an. Das ist das Wesentliche unserer Arbeit.<br \/>\nWir geben Ihnen Tipps zu Fl\u00fcgen und Unterk\u00fcnften, die am besten zu Ihrer Reiseroute passen, aber die Entscheidung und der Kauf liegen bei Ihnen.<br \/>\nAuf diese Weise wird sichergestellt, dass Sie nicht in eine unm\u00f6gliche Situation geraten, wie es manchmal bei Reiseb\u00fcros der Fall ist. Ihre Unterkunft und Ihre R\u00fcckreise werden organisiert und Sie erhalten alle Informationen, die Sie ben\u00f6tigen.<\/p>\n<p>WAS IST EINE PREISGARANTIE?<\/p>\n<ul>\n<li>Wenn Sie das gleiche Programm bei einem anderen Anbieter g\u00fcnstiger finden und dies glaubhaft nachweisen k\u00f6nnen, erstatten wir Ihnen die Differenz und stellen Ihnen das Programm zum g\u00fcnstigeren Preis zur Verf\u00fcgung!<\/li>\n<li>Wenn Sie nicht zu uns kommen k\u00f6nnen, k\u00f6nnen Sie den Gutschein f\u00fcr die n\u00e4chsten 2 Jahre verwenden. In der Tat kann die vocher \u00fcbertragen und verkauft werden ( in unserer Gruppe beworben ).<\/li>\n<\/ul>\n<p>WIR BEHALTEN UNS DAS RECHT VOR, DIE PREISE ZU \u00c4NDERN UND K\u00d6NNEN NICHT F\u00dcR FEHLER AUF DER WEBSITE VERANTWORTLICH GEMACHT WERDEN.<\/p>\n\n\t\t<\/div>\n\t<\/div>\n<\/div><\/div><\/div><\/div>\n<\/div>","protected":false},"excerpt":{"rendered":"ALLGEMEINE REISEBEDINGUNGEN: Unsere Programme beginnen und enden in dem Land und der Stadt, die in der Beschreibung angegeben sind. Das \u00dcberschreiten der ungarischen Grenze auf dem Land- oder Luftweg ist nicht in den Programmen enthalten. Die Programme werden von Go Dominican Vacation EA organisiert. SRL. Die Anreise zum Startort zur Startzeit und die Abreise nach dem Programm sind individuell und nicht Teil des Programms. [...]","protected":false},"author":12,"featured_media":0,"parent":0,"menu_order":10,"comment_status":"closed","ping_status":"closed","template":"","meta":{"_seopress_robots_primary_cat":"","_seopress_titles_title":"","_seopress_titles_desc":"","_seopress_robots_index":"","footnotes":""},"class_list":["post-8388","page","type-page","status-publish","hentry"],"_links":{"self":[{"href":"https:\/\/dominikaneked.hu\/de\/wp-json\/wp\/v2\/pages\/8388","targetHints":{"allow":["GET"]}}],"collection":[{"href":"https:\/\/dominikaneked.hu\/de\/wp-json\/wp\/v2\/pages"}],"about":[{"href":"https:\/\/dominikaneked.hu\/de\/wp-json\/wp\/v2\/types\/page"}],"author":[{"embeddable":true,"href":"https:\/\/dominikaneked.hu\/de\/wp-json\/wp\/v2\/users\/12"}],"replies":[{"embeddable":true,"href":"https:\/\/dominikaneked.hu\/de\/wp-json\/wp\/v2\/comments?post=8388"}],"version-history":[{"count":0,"href":"https:\/\/dominikaneked.hu\/de\/wp-json\/wp\/v2\/pages\/8388\/revisions"}],"wp:attachment":[{"href":"https:\/\/dominikaneked.hu\/de\/wp-json\/wp\/v2\/media?parent=8388"}],"curies":[{"name":"wp","href":"https:\/\/api.w.org\/{rel}","templated":true}]}}