{"id":8386,"date":"2021-06-12T16:16:13","date_gmt":"2021-06-12T14:16:13","guid":{"rendered":"exploore.sysvol.hu"},"modified":"2021-09-17T06:51:43","modified_gmt":"2021-09-17T04:51:43","slug":"miert-a-dominikai-koztarsasag","status":"publish","type":"page","link":"https:\/\/dominikaneked.hu\/de\/miert-a-dominikai-koztarsasag\/","title":{"rendered":"Warum die Dominikanische Republik?"},"content":{"rendered":"<div class=\"wpb-content-wrapper\"><div class=\"vc_row wpb_row vc_row-fluid\"><div class=\"text-center col-sm-12 col-lg-10 offset-lg-1 wpb_column vc_column_container vc_col-sm-12\"><div class=\"vc_column-inner\"><div class=\"wpb_wrapper\">\n\t<div class=\"wpb_text_column wpb_content_element mb-5\" >\n\t\t<div class=\"wpb_wrapper\">\n\t\t\t<h2 class=\"heading\"><strong>Karibischer<\/strong> <em>Luxus<\/em><\/h2>\n<div class=\"subtitle dash\">Jetzt f\u00fcr jedermann zu erschwinglichen Preisen erh\u00e4ltlich!<\/div>\n<p>Stellen Sie sich den sch\u00f6nsten Tag in Ihrem Leben vor! Wie k\u00f6nnte das sein? Luxuri\u00f6ser Service, wunderbare Sehensw\u00fcrdigkeiten, unvergessliche Erlebnisse, die ineinander \u00fcbergehen, Freude, Lachen, Gl\u00fcck und der sch\u00f6nste Sonnenaufgang und Sonnenuntergang der Welt als passende Kulisse...<\/p>\n<p>Wo w\u00fcrden Sie am liebsten die sch\u00f6nsten Tage Ihres Lebens verbringen?<\/p>\n<p>Wir empfehlen Ihnen, jetzt die magischsten Erlebnisse Ihres Lebens zu planen, die sch\u00f6nsten Tage in der Perle der Karibik, der Dominikanischen Republik!<\/p>\n\n\t\t<\/div>\n\t<\/div>\n<\/div><\/div><\/div><\/div><div data-vc-full-width=\"true\" data-vc-full-width-init=\"false\" data-vc-stretch-content=\"true\" class=\"vc_row wpb_row vc_row-fluid row row-full mb-5\"><div class=\"col-md-6 wpb_column vc_column_container vc_col-sm-6\"><div class=\"vc_column-inner\"><div class=\"wpb_wrapper\">\n\t<div class=\"wpb_text_column wpb_content_element col-sm-12 col-lg-10 offset-lg-2\" >\n\t\t<div class=\"wpb_wrapper\">\n\t\t\t<p>Die Dominikanische Republik ist die zweitgr\u00f6\u00dfte Insel der Gro\u00dfen Antillen, das Juwel unter den Urlaubsorten und das begehrteste Ziel f\u00fcr viele Touristen. Kein Wunder! Die atemberaubenden Sehensw\u00fcrdigkeiten der Karibik, die unvergleichliche Atmosph\u00e4re, die M\u00f6glichkeiten f\u00fcr wunderbare Erlebnisse - all das ist verlockend f\u00fcr Reisende, die einen unvergesslichen Urlaub verbringen m\u00f6chten.<\/p>\n<p>Die Dominikanische Republik wird von den Reisenden zweifellos als der beste Urlaub ihres Lebens und als Zentrum unvergesslicher Erlebnisse angesehen, und zwar wegen ihres einzigartigen Klimas, ihrer Attraktionen und des hohen Niveaus des auf die Bed\u00fcrfnisse der Touristen spezialisierten Service.<\/p>\n<p>Wenn Sie jemals einen Film gesehen haben, der hier spielt, und gedacht haben: \"Ich w\u00fcnschte, ich k\u00f6nnte diesen glitzernden wei\u00dfen Sand am Strand sehen, ich w\u00fcnschte, ich k\u00f6nnte ins t\u00fcrkisfarbene Meer laufen\", dann wurde die Dominikanische Republik f\u00fcr Sie \"erfunden\"!<\/p>\n\n\t\t<\/div>\n\t<\/div>\n<\/div><\/div><\/div><div class=\"col-md-6 wpb_column vc_column_container vc_col-sm-6\"><div class=\"vc_column-inner\"><div class=\"wpb_wrapper\">\n\t<div class=\"wpb_video_widget wpb_content_element vc_clearfix   vc_video-aspect-ratio-169 vc_video-el-width-100 vc_video-align-left\" >\n\t\t<div class=\"wpb_wrapper\">\n\t\t\t\n\t\t\t<div class=\"wpb_video_wrapper\"><iframe loading=\"lazy\" title=\"Punta Cana in 4K\" width=\"500\" height=\"281\" src=\"https:\/\/www.youtube.com\/embed\/v0LzM2Amy5U?feature=oembed\" frameborder=\"0\" allow=\"accelerometer; autoplay; clipboard-write; encrypted-media; gyroscope; picture-in-picture; web-share\" referrerpolicy=\"strict-origin-when-cross-origin\" allowfullscreen><\/iframe><\/div>\n\t\t<\/div>\n\t<\/div>\n<\/div><\/div><\/div><\/div><div class=\"vc_row-full-width vc_clearfix\"><\/div><div class=\"vc_row wpb_row vc_row-fluid\"><div class=\"text-center col-sm-12 col-lg-10 offset-lg-1 mb-5 wpb_column vc_column_container vc_col-sm-12\"><div class=\"vc_column-inner\"><div class=\"wpb_wrapper\">\n\t<div class=\"wpb_text_column wpb_content_element\" >\n\t\t<div class=\"wpb_wrapper\">\n\t\t\t<h2 class=\"heading\"><em>Ein<\/em> <strong>Traumurlaub f\u00fcr Sie<\/strong><\/h2>\n<div class=\"subtitle\">Egal, ob Sie auf der Suche nach einem aktiven, abenteuerlichen Urlaub sind oder \"nur\" den ganzen Tag am Strand liegen und Cocktails schl\u00fcrfen wollen, w\u00e4hrend Sie die atemberaubende Landschaft genie\u00dfen, die beste Wahl f\u00fcr Sie ist...<\/div>\n<p>Wenn Sie auf der Suche nach Erlebnissen und Sehensw\u00fcrdigkeiten vor der Kulisse der Natur sind, die sich f\u00fcr einen romantischen Abenteuerfilm eignen. Wenn Sie nicht Ihr ganzes Geld f\u00fcr einen Urlaub ausgeben wollen und exotische Erfahrungen zu absolut europ\u00e4ischen Preisen suchen!<\/p>\n<p>Wenn Sie einen Luxusurlaub wollen, den sich nur die Oberschicht leisten kann, mit luxuri\u00f6sen Unterk\u00fcnften, erstklassigen Attraktionen und unvergesslichen Aktivit\u00e4ten.<\/p>\n<p>Wenn Sie das Meer und den Strand lieben und all die \"angenehmen Begleiterscheinungen\", die die Karibik mit sich bringt: die leichte Brise an der K\u00fcste, die hei\u00dfe Luft am Wasser, das Pl\u00e4tschern des Wassers am Ufer, das blendende Wei\u00df, die strahlende Sonne, das t\u00fcrkisfarbene Leuchten. Jetzt ist es f\u00fcr alle verf\u00fcgbar, auch f\u00fcr Sie!<\/p>\n<p>Wenn Sie actionreiche Aktivit\u00e4ten m\u00f6gen und etwas ausprobieren m\u00f6chten, wovon Sie bisher nur getr\u00e4umt oder es im Film gesehen haben. Vielleicht m\u00f6chten Sie zum Beispiel an einer Voodoo-Zeremonie teilnehmen, eine Zigarrenfabrik besichtigen, die Landschaft von einem Flugboot aus betrachten oder einen Hummer fahren.<\/p>\n\n\t\t<\/div>\n\t<\/div>\n<\/div><\/div><\/div><\/div><div class=\"vc_row wpb_row vc_row-fluid\"><div class=\"text-center col-sm-12 col-lg-10 offset-lg-1 wpb_column vc_column_container vc_col-sm-12\"><div class=\"vc_column-inner\"><div class=\"wpb_wrapper\">\n\t<div class=\"wpb_text_column wpb_content_element row-full\" >\n\t\t<div class=\"wpb_wrapper\">\n\t\t\t<div id='gallery-1' class='gallery galleryid-8386 gallery-columns-3 gallery-size-full'><figure class='gallery-item'>\n\t\t\t<div class='gallery-icon landscape'>\n\t\t\t\t<img loading=\"lazy\" decoding=\"async\" width=\"1602\" height=\"900\" src=\"https:\/\/dominikaneked.hu\/wp-content\/uploads\/2021\/08\/9bfd47343666e2f1217e33440b7a55dc-scaled-e1628406203925.jpeg\" class=\"attachment-full size-full\" alt=\"\" srcset=\"https:\/\/dominikaneked.hu\/wp-content\/uploads\/2021\/08\/9bfd47343666e2f1217e33440b7a55dc-scaled-e1628406203925.jpeg 1602w, https:\/\/dominikaneked.hu\/wp-content\/uploads\/2021\/08\/9bfd47343666e2f1217e33440b7a55dc-scaled-e1628406203925-300x169.jpeg 300w, https:\/\/dominikaneked.hu\/wp-content\/uploads\/2021\/08\/9bfd47343666e2f1217e33440b7a55dc-scaled-e1628406203925-1024x575.jpeg 1024w, https:\/\/dominikaneked.hu\/wp-content\/uploads\/2021\/08\/9bfd47343666e2f1217e33440b7a55dc-scaled-e1628406203925-768x431.jpeg 768w, https:\/\/dominikaneked.hu\/wp-content\/uploads\/2021\/08\/9bfd47343666e2f1217e33440b7a55dc-scaled-e1628406203925-1536x863.jpeg 1536w, https:\/\/dominikaneked.hu\/wp-content\/uploads\/2021\/08\/9bfd47343666e2f1217e33440b7a55dc-scaled-e1628406203925-18x10.jpeg 18w, https:\/\/dominikaneked.hu\/wp-content\/uploads\/2021\/08\/9bfd47343666e2f1217e33440b7a55dc-scaled-e1628406203925-600x337.jpeg 600w\" sizes=\"auto, (max-width: 1602px) 100vw, 1602px\" \/>\n\t\t\t<\/div><\/figure><figure class='gallery-item'>\n\t\t\t<div class='gallery-icon landscape'>\n\t\t\t\t<img loading=\"lazy\" decoding=\"async\" width=\"1600\" height=\"900\" src=\"https:\/\/dominikaneked.hu\/wp-content\/uploads\/2021\/08\/bacardisziget_feherhomokospartja_es_kristalytisztavize.jpeg\" class=\"attachment-full size-full\" alt=\"\" srcset=\"https:\/\/dominikaneked.hu\/wp-content\/uploads\/2021\/08\/bacardisziget_feherhomokospartja_es_kristalytisztavize.jpeg 1600w, https:\/\/dominikaneked.hu\/wp-content\/uploads\/2021\/08\/bacardisziget_feherhomokospartja_es_kristalytisztavize-300x169.jpeg 300w, https:\/\/dominikaneked.hu\/wp-content\/uploads\/2021\/08\/bacardisziget_feherhomokospartja_es_kristalytisztavize-1024x576.jpeg 1024w, https:\/\/dominikaneked.hu\/wp-content\/uploads\/2021\/08\/bacardisziget_feherhomokospartja_es_kristalytisztavize-768x432.jpeg 768w, https:\/\/dominikaneked.hu\/wp-content\/uploads\/2021\/08\/bacardisziget_feherhomokospartja_es_kristalytisztavize-1536x864.jpeg 1536w, https:\/\/dominikaneked.hu\/wp-content\/uploads\/2021\/08\/bacardisziget_feherhomokospartja_es_kristalytisztavize-18x10.jpeg 18w, https:\/\/dominikaneked.hu\/wp-content\/uploads\/2021\/08\/bacardisziget_feherhomokospartja_es_kristalytisztavize-600x338.jpeg 600w\" sizes=\"auto, (max-width: 1600px) 100vw, 1600px\" \/>\n\t\t\t<\/div><\/figure><figure class='gallery-item'>\n\t\t\t<div class='gallery-icon landscape'>\n\t\t\t\t<img loading=\"lazy\" decoding=\"async\" width=\"1600\" height=\"900\" src=\"https:\/\/dominikaneked.hu\/wp-content\/uploads\/2021\/08\/bacardisziget_feherpart_fentrol.jpeg\" class=\"attachment-full size-full\" alt=\"\" srcset=\"https:\/\/dominikaneked.hu\/wp-content\/uploads\/2021\/08\/bacardisziget_feherpart_fentrol.jpeg 1600w, https:\/\/dominikaneked.hu\/wp-content\/uploads\/2021\/08\/bacardisziget_feherpart_fentrol-300x169.jpeg 300w, https:\/\/dominikaneked.hu\/wp-content\/uploads\/2021\/08\/bacardisziget_feherpart_fentrol-1024x576.jpeg 1024w, https:\/\/dominikaneked.hu\/wp-content\/uploads\/2021\/08\/bacardisziget_feherpart_fentrol-768x432.jpeg 768w, https:\/\/dominikaneked.hu\/wp-content\/uploads\/2021\/08\/bacardisziget_feherpart_fentrol-1536x864.jpeg 1536w, https:\/\/dominikaneked.hu\/wp-content\/uploads\/2021\/08\/bacardisziget_feherpart_fentrol-18x10.jpeg 18w, https:\/\/dominikaneked.hu\/wp-content\/uploads\/2021\/08\/bacardisziget_feherpart_fentrol-600x338.jpeg 600w\" sizes=\"auto, (max-width: 1600px) 100vw, 1600px\" \/>\n\t\t\t<\/div><\/figure><figure class='gallery-item'>\n\t\t\t<div class='gallery-icon landscape'>\n\t\t\t\t<img loading=\"lazy\" decoding=\"async\" width=\"1600\" height=\"900\" src=\"https:\/\/dominikaneked.hu\/wp-content\/uploads\/2021\/08\/DSC03398-scaled-e1628406400409.jpg\" class=\"attachment-full size-full\" alt=\"\" srcset=\"https:\/\/dominikaneked.hu\/wp-content\/uploads\/2021\/08\/DSC03398-scaled-e1628406400409.jpg 1600w, https:\/\/dominikaneked.hu\/wp-content\/uploads\/2021\/08\/DSC03398-scaled-e1628406400409-300x169.jpg 300w, https:\/\/dominikaneked.hu\/wp-content\/uploads\/2021\/08\/DSC03398-scaled-e1628406400409-1024x576.jpg 1024w, https:\/\/dominikaneked.hu\/wp-content\/uploads\/2021\/08\/DSC03398-scaled-e1628406400409-768x432.jpg 768w, https:\/\/dominikaneked.hu\/wp-content\/uploads\/2021\/08\/DSC03398-scaled-e1628406400409-1536x864.jpg 1536w, https:\/\/dominikaneked.hu\/wp-content\/uploads\/2021\/08\/DSC03398-scaled-e1628406400409-18x10.jpg 18w, https:\/\/dominikaneked.hu\/wp-content\/uploads\/2021\/08\/DSC03398-scaled-e1628406400409-600x338.jpg 600w\" sizes=\"auto, (max-width: 1600px) 100vw, 1600px\" \/>\n\t\t\t<\/div><\/figure><figure class='gallery-item'>\n\t\t\t<div class='gallery-icon landscape'>\n\t\t\t\t<img loading=\"lazy\" decoding=\"async\" width=\"1600\" height=\"900\" src=\"https:\/\/dominikaneked.hu\/wp-content\/uploads\/2021\/08\/e6d22dd9-742a-4731-b46f-cc948f4b201b-scaled-e1628405971592.jpg\" class=\"attachment-full size-full\" alt=\"\" srcset=\"https:\/\/dominikaneked.hu\/wp-content\/uploads\/2021\/08\/e6d22dd9-742a-4731-b46f-cc948f4b201b-scaled-e1628405971592.jpg 1600w, https:\/\/dominikaneked.hu\/wp-content\/uploads\/2021\/08\/e6d22dd9-742a-4731-b46f-cc948f4b201b-scaled-e1628405971592-300x169.jpg 300w, https:\/\/dominikaneked.hu\/wp-content\/uploads\/2021\/08\/e6d22dd9-742a-4731-b46f-cc948f4b201b-scaled-e1628405971592-1024x576.jpg 1024w, https:\/\/dominikaneked.hu\/wp-content\/uploads\/2021\/08\/e6d22dd9-742a-4731-b46f-cc948f4b201b-scaled-e1628405971592-768x432.jpg 768w, https:\/\/dominikaneked.hu\/wp-content\/uploads\/2021\/08\/e6d22dd9-742a-4731-b46f-cc948f4b201b-scaled-e1628405971592-1536x864.jpg 1536w, https:\/\/dominikaneked.hu\/wp-content\/uploads\/2021\/08\/e6d22dd9-742a-4731-b46f-cc948f4b201b-scaled-e1628405971592-18x10.jpg 18w, https:\/\/dominikaneked.hu\/wp-content\/uploads\/2021\/08\/e6d22dd9-742a-4731-b46f-cc948f4b201b-scaled-e1628405971592-600x338.jpg 600w\" sizes=\"auto, (max-width: 1600px) 100vw, 1600px\" \/>\n\t\t\t<\/div><\/figure><figure class='gallery-item'>\n\t\t\t<div class='gallery-icon landscape'>\n\t\t\t\t<img loading=\"lazy\" decoding=\"async\" width=\"1600\" height=\"900\" src=\"https:\/\/dominikaneked.hu\/wp-content\/uploads\/2021\/08\/las_salina_palmafas_strand.jpeg\" class=\"attachment-full size-full\" alt=\"\" srcset=\"https:\/\/dominikaneked.hu\/wp-content\/uploads\/2021\/08\/las_salina_palmafas_strand.jpeg 1600w, https:\/\/dominikaneked.hu\/wp-content\/uploads\/2021\/08\/las_salina_palmafas_strand-300x169.jpeg 300w, https:\/\/dominikaneked.hu\/wp-content\/uploads\/2021\/08\/las_salina_palmafas_strand-1024x576.jpeg 1024w, https:\/\/dominikaneked.hu\/wp-content\/uploads\/2021\/08\/las_salina_palmafas_strand-768x432.jpeg 768w, https:\/\/dominikaneked.hu\/wp-content\/uploads\/2021\/08\/las_salina_palmafas_strand-1536x864.jpeg 1536w, https:\/\/dominikaneked.hu\/wp-content\/uploads\/2021\/08\/las_salina_palmafas_strand-18x10.jpeg 18w, https:\/\/dominikaneked.hu\/wp-content\/uploads\/2021\/08\/las_salina_palmafas_strand-600x338.jpeg 600w\" sizes=\"auto, (max-width: 1600px) 100vw, 1600px\" \/>\n\t\t\t<\/div><\/figure>\n\t\t<\/div>\n\n\n\t\t<\/div>\n\t<\/div>\n<\/div><\/div><\/div><\/div><div class=\"vc_row wpb_row vc_row-fluid\"><div class=\"text-center col-sm-12 col-lg-10 offset-lg-1 wpb_column vc_column_container vc_col-sm-12\"><div class=\"vc_column-inner\"><div class=\"wpb_wrapper\">\n\t<div class=\"wpb_text_column wpb_content_element\" >\n\t\t<div class=\"wpb_wrapper\">\n\t\t\t<h2 class=\"heading\"><strong>Vertrauen Sie uns!!!<\/strong> <em>Wir sind immer f\u00fcr Sie da!!!<\/em><\/h2>\n<div>Unsere Ortskenntnisse und unser Online-Buchungssystem bieten Ihnen Komfort und Sicherheit!<\/div>\n<p>Profitieren Sie von unseren Annehmlichkeiten wie Flughafentransfers und Programmgestaltung! Wenn Sie es m\u00f6gen, dass alles perfekt organisiert ist, ohne dass Sie sich daf\u00fcr extra anstrengen m\u00fcssen, sind wir die beste Wahl f\u00fcr Sie!<\/p>\n<blockquote><p>\nEntdecken Sie die Dominikanische Republik mit uns!\n<\/p><\/blockquote>\n\n\t\t<\/div>\n\t<\/div>\n<\/div><\/div><\/div><\/div><section id=\"cta\" class=\"vc_section p-5\"><div class=\"vc_row wpb_row vc_row-fluid cta-row row\"><div class=\"col-md-9 wpb_column vc_column_container vc_col-sm-8\"><div class=\"vc_column-inner\"><div class=\"wpb_wrapper\">\n\t<div class=\"wpb_text_column wpb_content_element\" >\n\t\t<div class=\"wpb_wrapper\">\n\t\t\t<h2 class=\"heading\"><em>Angebot einholen, buchen und reisen<\/em> <strong>garantiert<\/strong> <em>zum besten Preis!<\/em><\/h2>\n<div class=\"supertitle\">Nirgendwo k\u00f6nnen Sie Ihre Reise g\u00fcnstiger finden, das garantieren wir Ihnen!<\/div>\n\n\t\t<\/div>\n\t<\/div>\n<\/div><\/div><\/div><div class=\"col-md-3 wpb_column vc_column_container vc_col-sm-4\"><div class=\"vc_column-inner\"><div class=\"wpb_wrapper\">\n\t<div class=\"wpb_text_column wpb_content_element\" >\n\t\t<div class=\"wpb_wrapper\">\n\t\t\t<p><a class=\"button btn\" href=\"\/de\/repulojegy-es-hotel-foglalas\/\">Angebot anfordern<\/a><\/p>\n\n\t\t<\/div>\n\t<\/div>\n<\/div><\/div><\/div><\/div><\/section>\n<\/div>","protected":false},"excerpt":{"rendered":"<p>Wenn Sie jemals einen Film gesehen haben, der hier spielt, und gedacht haben: \"Ich w\u00fcnschte, ich k\u00f6nnte diesen glitzernden wei\u00dfen Sand am Strand sehen, ich w\u00fcnschte, ich k\u00f6nnte ins t\u00fcrkisfarbene Meer laufen\", dann wurde die Dominikanische Republik f\u00fcr Sie \"erfunden\"!<\/p>","protected":false},"author":12,"featured_media":0,"parent":0,"menu_order":9,"comment_status":"closed","ping_status":"closed","template":"","meta":{"_seopress_robots_primary_cat":"","_seopress_titles_title":"","_seopress_titles_desc":"","_seopress_robots_index":"","footnotes":""},"class_list":["post-8386","page","type-page","status-publish","hentry"],"_links":{"self":[{"href":"https:\/\/dominikaneked.hu\/de\/wp-json\/wp\/v2\/pages\/8386","targetHints":{"allow":["GET"]}}],"collection":[{"href":"https:\/\/dominikaneked.hu\/de\/wp-json\/wp\/v2\/pages"}],"about":[{"href":"https:\/\/dominikaneked.hu\/de\/wp-json\/wp\/v2\/types\/page"}],"author":[{"embeddable":true,"href":"https:\/\/dominikaneked.hu\/de\/wp-json\/wp\/v2\/users\/12"}],"replies":[{"embeddable":true,"href":"https:\/\/dominikaneked.hu\/de\/wp-json\/wp\/v2\/comments?post=8386"}],"version-history":[{"count":0,"href":"https:\/\/dominikaneked.hu\/de\/wp-json\/wp\/v2\/pages\/8386\/revisions"}],"wp:attachment":[{"href":"https:\/\/dominikaneked.hu\/de\/wp-json\/wp\/v2\/media?parent=8386"}],"curies":[{"name":"wp","href":"https:\/\/api.w.org\/{rel}","templated":true}]}}