{"id":8384,"date":"2021-06-12T16:15:31","date_gmt":"2021-06-12T14:15:31","guid":{"rendered":"http:\/\/exploore.sysvol.hu"},"modified":"2022-12-16T06:46:56","modified_gmt":"2022-12-16T05:46:56","slug":"rolunk","status":"publish","type":"page","link":"https:\/\/dominikaneked.hu\/de\/rolunk\/","title":{"rendered":"Go Dominikanische Ferien"},"content":{"rendered":"<div class=\"wpb-content-wrapper\"><div class=\"vc_row wpb_row vc_row-fluid\"><div class=\"wpb_column vc_column_container vc_col-sm-12\"><div class=\"vc_column-inner\"><div class=\"wpb_wrapper\">\n\t<div class=\"wpb_text_column wpb_content_element text-center col-sm-12 col-lg-8 offset-lg-2\" >\n\t\t<div class=\"wpb_wrapper\">\n\t\t\t<h2 class=\"heading\"><em>Warum <\/em><strong class=\"animate animate-moveleft\">uns w\u00e4hlen?<\/strong><\/h2>\n<div class=\"subtitle\">VIP Versongung zu normalen Preisen<\/div>\n<p>Nachdem wir das Land und seine verborgenen Sch\u00e4tze kennengelernt haben, haben wir beschlossen, dies mit denjenigen zu teilen, die hierher kommen, um sich zu entspannen. Es war wichtig, dass unser Unternehmen rechtm\u00e4\u00dfig war und alle Vorschriften einhielt. Mit diesen Leitlinien im Hinterkopf haben wir unsere <a href=\"https:\/\/mitur.gob.do\/\" target=\"_blank\" rel=\"noopener\">Ministerium f\u00fcr Tourismus<\/a> f\u00fcr die Organisation und Durchf\u00fchrung der Exkursionen, und unser Fuhrpark wurde ebenfalls f\u00fcr den Transport zugelassen.<br \/>\nWir haben unser Team aus langj\u00e4hriger Erfahrung im Tourismus aufgebaut. Unsere Mitarbeiter sprechen mehrere Fremdsprachen, haben jahrelange Erfahrung im Tourismus und verf\u00fcgen \u00fcber un\u00fcbertroffene Ortskenntnisse. Die Firmeninhaber sind erfahrene, erfolgreiche und international anerkannte Gesch\u00e4ftsleute mit einem Abschluss in Tourismuswirtschaft.<\/p>\n<p>Unsere Ausfl\u00fcge sind so konzipiert, dass sie einzigartig sind und unseren G\u00e4sten das Erlebnis ihres Lebens bieten. Wir sind eine Non-Profit-Organisation, aber unsere Preispolitik ist darauf ausgerichtet, das beste Preis-Leistungs-Verh\u00e4ltnis zu bieten. Deshalb sind wir das erste und einzige Unternehmen, das eine Preisgarantie eingef\u00fchrt hat. Neben der Preisgestaltung war auch die Qualit\u00e4t ein wichtiger Aspekt, und wir haben f\u00fcr unsere Kollegen eine spezielle Politik entwickelt, die von allen voll und ganz respektiert wird.<br \/>\nDa unser Unternehmen \u00fcber alle Lizenzen verf\u00fcgt, organisieren wir unsere Programme und f\u00fchren sie durch. Wir ziehen also keine dritte Partei hinzu, so dass die Differenz in der Tasche unserer G\u00e4ste bleibt.<\/p>\n\n\t\t<\/div>\n\t<\/div>\n\n\t<div class=\"wpb_text_column wpb_content_element text-center col-sm-12 col-lg-10 offset-lg-1\" >\n\t\t<div class=\"wpb_wrapper\">\n\t\t\t<blockquote><p>\nF\u00fcr uns ist die VIP-Ebene die Basis, sie ist die Art, wie wir leben und wie wir arbeiten. Weniger k\u00f6nnen wir einfach nicht geben, denn dann w\u00fcrden Sie weniger bekommen, als Sie unserer Meinung nach verdienen.\n<\/p><\/blockquote>\n\n\t\t<\/div>\n\t<\/div>\n\n\t<div class=\"wpb_text_column wpb_content_element row-full\" >\n\t\t<div class=\"wpb_wrapper\">\n\t\t\t<div id='gallery-1' class='gallery galleryid-8384 gallery-columns-3 gallery-size-full'><figure class='gallery-item'>\n\t\t\t<div class='gallery-icon landscape'>\n\t\t\t\t<img loading=\"lazy\" decoding=\"async\" width=\"1602\" height=\"900\" src=\"https:\/\/dominikaneked.hu\/wp-content\/uploads\/2021\/08\/9bfd47343666e2f1217e33440b7a55dc-scaled-e1628406203925.jpeg\" class=\"attachment-full size-full\" alt=\"\" srcset=\"https:\/\/dominikaneked.hu\/wp-content\/uploads\/2021\/08\/9bfd47343666e2f1217e33440b7a55dc-scaled-e1628406203925.jpeg 1602w, https:\/\/dominikaneked.hu\/wp-content\/uploads\/2021\/08\/9bfd47343666e2f1217e33440b7a55dc-scaled-e1628406203925-300x169.jpeg 300w, https:\/\/dominikaneked.hu\/wp-content\/uploads\/2021\/08\/9bfd47343666e2f1217e33440b7a55dc-scaled-e1628406203925-1024x575.jpeg 1024w, https:\/\/dominikaneked.hu\/wp-content\/uploads\/2021\/08\/9bfd47343666e2f1217e33440b7a55dc-scaled-e1628406203925-768x431.jpeg 768w, https:\/\/dominikaneked.hu\/wp-content\/uploads\/2021\/08\/9bfd47343666e2f1217e33440b7a55dc-scaled-e1628406203925-1536x863.jpeg 1536w, https:\/\/dominikaneked.hu\/wp-content\/uploads\/2021\/08\/9bfd47343666e2f1217e33440b7a55dc-scaled-e1628406203925-18x10.jpeg 18w, https:\/\/dominikaneked.hu\/wp-content\/uploads\/2021\/08\/9bfd47343666e2f1217e33440b7a55dc-scaled-e1628406203925-600x337.jpeg 600w\" sizes=\"auto, (max-width: 1602px) 100vw, 1602px\" \/>\n\t\t\t<\/div><\/figure><figure class='gallery-item'>\n\t\t\t<div class='gallery-icon landscape'>\n\t\t\t\t<img loading=\"lazy\" decoding=\"async\" width=\"1600\" height=\"900\" src=\"https:\/\/dominikaneked.hu\/wp-content\/uploads\/2021\/08\/bacardisziget_feherhomokospartja_es_kristalytisztavize.jpeg\" class=\"attachment-full size-full\" alt=\"\" srcset=\"https:\/\/dominikaneked.hu\/wp-content\/uploads\/2021\/08\/bacardisziget_feherhomokospartja_es_kristalytisztavize.jpeg 1600w, https:\/\/dominikaneked.hu\/wp-content\/uploads\/2021\/08\/bacardisziget_feherhomokospartja_es_kristalytisztavize-300x169.jpeg 300w, https:\/\/dominikaneked.hu\/wp-content\/uploads\/2021\/08\/bacardisziget_feherhomokospartja_es_kristalytisztavize-1024x576.jpeg 1024w, https:\/\/dominikaneked.hu\/wp-content\/uploads\/2021\/08\/bacardisziget_feherhomokospartja_es_kristalytisztavize-768x432.jpeg 768w, https:\/\/dominikaneked.hu\/wp-content\/uploads\/2021\/08\/bacardisziget_feherhomokospartja_es_kristalytisztavize-1536x864.jpeg 1536w, https:\/\/dominikaneked.hu\/wp-content\/uploads\/2021\/08\/bacardisziget_feherhomokospartja_es_kristalytisztavize-18x10.jpeg 18w, https:\/\/dominikaneked.hu\/wp-content\/uploads\/2021\/08\/bacardisziget_feherhomokospartja_es_kristalytisztavize-600x338.jpeg 600w\" sizes=\"auto, (max-width: 1600px) 100vw, 1600px\" \/>\n\t\t\t<\/div><\/figure><figure class='gallery-item'>\n\t\t\t<div class='gallery-icon landscape'>\n\t\t\t\t<img loading=\"lazy\" decoding=\"async\" width=\"1600\" height=\"900\" src=\"https:\/\/dominikaneked.hu\/wp-content\/uploads\/2021\/08\/bacardisziget_feherpart_fentrol.jpeg\" class=\"attachment-full size-full\" alt=\"\" srcset=\"https:\/\/dominikaneked.hu\/wp-content\/uploads\/2021\/08\/bacardisziget_feherpart_fentrol.jpeg 1600w, https:\/\/dominikaneked.hu\/wp-content\/uploads\/2021\/08\/bacardisziget_feherpart_fentrol-300x169.jpeg 300w, https:\/\/dominikaneked.hu\/wp-content\/uploads\/2021\/08\/bacardisziget_feherpart_fentrol-1024x576.jpeg 1024w, https:\/\/dominikaneked.hu\/wp-content\/uploads\/2021\/08\/bacardisziget_feherpart_fentrol-768x432.jpeg 768w, https:\/\/dominikaneked.hu\/wp-content\/uploads\/2021\/08\/bacardisziget_feherpart_fentrol-1536x864.jpeg 1536w, https:\/\/dominikaneked.hu\/wp-content\/uploads\/2021\/08\/bacardisziget_feherpart_fentrol-18x10.jpeg 18w, https:\/\/dominikaneked.hu\/wp-content\/uploads\/2021\/08\/bacardisziget_feherpart_fentrol-600x338.jpeg 600w\" sizes=\"auto, (max-width: 1600px) 100vw, 1600px\" \/>\n\t\t\t<\/div><\/figure><figure class='gallery-item'>\n\t\t\t<div class='gallery-icon landscape'>\n\t\t\t\t<img loading=\"lazy\" decoding=\"async\" width=\"1600\" height=\"900\" src=\"https:\/\/dominikaneked.hu\/wp-content\/uploads\/2021\/08\/DSC03398-scaled-e1628406400409.jpg\" class=\"attachment-full size-full\" alt=\"\" srcset=\"https:\/\/dominikaneked.hu\/wp-content\/uploads\/2021\/08\/DSC03398-scaled-e1628406400409.jpg 1600w, https:\/\/dominikaneked.hu\/wp-content\/uploads\/2021\/08\/DSC03398-scaled-e1628406400409-300x169.jpg 300w, https:\/\/dominikaneked.hu\/wp-content\/uploads\/2021\/08\/DSC03398-scaled-e1628406400409-1024x576.jpg 1024w, https:\/\/dominikaneked.hu\/wp-content\/uploads\/2021\/08\/DSC03398-scaled-e1628406400409-768x432.jpg 768w, https:\/\/dominikaneked.hu\/wp-content\/uploads\/2021\/08\/DSC03398-scaled-e1628406400409-1536x864.jpg 1536w, https:\/\/dominikaneked.hu\/wp-content\/uploads\/2021\/08\/DSC03398-scaled-e1628406400409-18x10.jpg 18w, https:\/\/dominikaneked.hu\/wp-content\/uploads\/2021\/08\/DSC03398-scaled-e1628406400409-600x338.jpg 600w\" sizes=\"auto, (max-width: 1600px) 100vw, 1600px\" \/>\n\t\t\t<\/div><\/figure><figure class='gallery-item'>\n\t\t\t<div class='gallery-icon landscape'>\n\t\t\t\t<img loading=\"lazy\" decoding=\"async\" width=\"1600\" height=\"900\" src=\"https:\/\/dominikaneked.hu\/wp-content\/uploads\/2021\/08\/e6d22dd9-742a-4731-b46f-cc948f4b201b-scaled-e1628405971592.jpg\" class=\"attachment-full size-full\" alt=\"\" srcset=\"https:\/\/dominikaneked.hu\/wp-content\/uploads\/2021\/08\/e6d22dd9-742a-4731-b46f-cc948f4b201b-scaled-e1628405971592.jpg 1600w, https:\/\/dominikaneked.hu\/wp-content\/uploads\/2021\/08\/e6d22dd9-742a-4731-b46f-cc948f4b201b-scaled-e1628405971592-300x169.jpg 300w, https:\/\/dominikaneked.hu\/wp-content\/uploads\/2021\/08\/e6d22dd9-742a-4731-b46f-cc948f4b201b-scaled-e1628405971592-1024x576.jpg 1024w, https:\/\/dominikaneked.hu\/wp-content\/uploads\/2021\/08\/e6d22dd9-742a-4731-b46f-cc948f4b201b-scaled-e1628405971592-768x432.jpg 768w, https:\/\/dominikaneked.hu\/wp-content\/uploads\/2021\/08\/e6d22dd9-742a-4731-b46f-cc948f4b201b-scaled-e1628405971592-1536x864.jpg 1536w, https:\/\/dominikaneked.hu\/wp-content\/uploads\/2021\/08\/e6d22dd9-742a-4731-b46f-cc948f4b201b-scaled-e1628405971592-18x10.jpg 18w, https:\/\/dominikaneked.hu\/wp-content\/uploads\/2021\/08\/e6d22dd9-742a-4731-b46f-cc948f4b201b-scaled-e1628405971592-600x338.jpg 600w\" sizes=\"auto, (max-width: 1600px) 100vw, 1600px\" \/>\n\t\t\t<\/div><\/figure><figure class='gallery-item'>\n\t\t\t<div class='gallery-icon landscape'>\n\t\t\t\t<img loading=\"lazy\" decoding=\"async\" width=\"1600\" height=\"900\" src=\"https:\/\/dominikaneked.hu\/wp-content\/uploads\/2021\/08\/las_salina_palmafas_strand.jpeg\" class=\"attachment-full size-full\" alt=\"\" srcset=\"https:\/\/dominikaneked.hu\/wp-content\/uploads\/2021\/08\/las_salina_palmafas_strand.jpeg 1600w, https:\/\/dominikaneked.hu\/wp-content\/uploads\/2021\/08\/las_salina_palmafas_strand-300x169.jpeg 300w, https:\/\/dominikaneked.hu\/wp-content\/uploads\/2021\/08\/las_salina_palmafas_strand-1024x576.jpeg 1024w, https:\/\/dominikaneked.hu\/wp-content\/uploads\/2021\/08\/las_salina_palmafas_strand-768x432.jpeg 768w, https:\/\/dominikaneked.hu\/wp-content\/uploads\/2021\/08\/las_salina_palmafas_strand-1536x864.jpeg 1536w, https:\/\/dominikaneked.hu\/wp-content\/uploads\/2021\/08\/las_salina_palmafas_strand-18x10.jpeg 18w, https:\/\/dominikaneked.hu\/wp-content\/uploads\/2021\/08\/las_salina_palmafas_strand-600x338.jpeg 600w\" sizes=\"auto, (max-width: 1600px) 100vw, 1600px\" \/>\n\t\t\t<\/div><\/figure>\n\t\t<\/div>\n\n\n\t\t<\/div>\n\t<\/div>\n\n\t<div class=\"wpb_text_column wpb_content_element text-center col-sm-12 col-lg-10 offset-lg-1\" >\n\t\t<div class=\"wpb_wrapper\">\n\t\t\t<h2 class=\"heading\"><em>Was ist die <\/em> <strong class=\"animate animate-moveleft\">VIP-Qualit\u00e4t?<\/strong><\/h2>\n<div class=\"subtitle\">F\u00fcr uns ist die Dominikanische Republik auch unsere Heimat, so dass wir uns dort bestens auskennen. Es gibt keine Situation, die wir nicht ganz einfach l\u00f6sen k\u00f6nnen.<\/div>\n<p>Wenn Sie bei uns Urlaub machen, werden Sie es auch sp\u00fcren: Wir geben unseren Kunden, was wir unserem dominikanischen Leben geben. Wir geben Ihnen, was unser Leben ist. Keine sch\u00e4bigen Fahrzeuge, kein gelangweiltes Personal, keine Versp\u00e4tungen, keine Warteschlangen, kein Gedr\u00e4nge, kein Anpassen, kein Gef\u00fchl, dass man das Gleiche wie zu Hause bekommt, aber f\u00fcr ein Verm\u00f6gen...<\/p>\n\n\t\t<\/div>\n\t<\/div>\n<div class=\"vc_row wpb_row vc_inner vc_row-fluid row text-center py-5\"><div class=\"col-md-3 animate animate-fadein wpb_column vc_column_container vc_col-sm-3\"><div class=\"vc_column-inner\"><div class=\"wpb_wrapper\">\n\t<div class=\"wpb_text_column wpb_content_element\" >\n\t\t<div class=\"wpb_wrapper\">\n\t\t\t<h3 class=\"heading\"><em>Ausgezeichnete<\/em> <strong>Bewertungen<\/strong><\/h3>\n<p>Wir haben alle Lizenzen und Zertifizierungen in der Dominikanischen Republik, einschlie\u00dflich des \u00f6rtlichen Tourismusministeriums!<\/p>\n\n\t\t<\/div>\n\t<\/div>\n<\/div><\/div><\/div><div class=\"col-md-3 animate animate-fadein wpb_column vc_column_container vc_col-sm-3\"><div class=\"vc_column-inner\"><div class=\"wpb_wrapper\">\n\t<div class=\"wpb_text_column wpb_content_element\" >\n\t\t<div class=\"wpb_wrapper\">\n\t\t\t<h3 class=\"heading\"><em>Pr\u00e4mie<\/em> <strong>Dienstleistung<\/strong><\/h3>\n<p>Alle unsere Buchungen und Passagiere sind erstklassig versichert, die entsprechenden Zertifikate sind auf unserer Website verf\u00fcgbar.<\/p>\n\n\t\t<\/div>\n\t<\/div>\n<\/div><\/div><\/div><div class=\"col-md-3 animate animate-fadein wpb_column vc_column_container vc_col-sm-3\"><div class=\"vc_column-inner\"><div class=\"wpb_wrapper\">\n\t<div class=\"wpb_text_column wpb_content_element\" >\n\t\t<div class=\"wpb_wrapper\">\n\t\t\t<h3 class=\"heading\"><em>24\/7<\/em> <strong>Kundenbetreuung<\/strong><\/h3>\n<p>Wir sind 24 Stunden am Tag mit mehrsprachigen Kollegen erreichbar. Auch nachts ist nichts unm\u00f6glich.<\/p>\n\n\t\t<\/div>\n\t<\/div>\n<\/div><\/div><\/div><div class=\"col-md-3 animate animate-fadein wpb_column vc_column_container vc_col-sm-3\"><div class=\"vc_column-inner\"><div class=\"wpb_wrapper\">\n\t<div class=\"wpb_text_column wpb_content_element\" >\n\t\t<div class=\"wpb_wrapper\">\n\t\t\t<h3 class=\"heading\"><em>H\u00f6chste<\/em> <strong>Qualit\u00e4t<\/strong><\/h3>\n<p>Die Dominikanische Republik ist auch unsere Heimat, daher sind unsere Ortskenntnisse einzigartig. Es gibt keine Situation, die wir nicht einfach l\u00f6sen konnten.<\/p>\n\n\t\t<\/div>\n\t<\/div>\n<\/div><\/div><\/div><\/div><\/div><\/div><\/div><\/div><div class=\"vc_row wpb_row vc_row-fluid\"><div class=\"wpb_column vc_column_container vc_col-sm-12\"><div class=\"vc_column-inner\"><div class=\"wpb_wrapper\">\n\t<div class=\"wpb_text_column wpb_content_element text-center col-sm-12 col-lg-10 offset-lg-1\" >\n\t\t<div class=\"wpb_wrapper\">\n\t\t\t<h2 class=\"heading\"><em>Ist Sicherheit ein wichtiger<\/em> <strong>Aspekt?<\/strong><\/h2>\n<div class=\"subtitle\">\n<p>Wir k\u00fcmmern uns um Sie!<\/p>\n<p>Nur wenigen Reisenden ist bewusst, dass sie sich in der verletzlichsten Situation ihres Lebens befinden, wenn sie in fremde L\u00e4nder reisen. Es gibt so viele Reize, Anblicke und Erlebnisse, dass die gewohnten Alltagsroutinen nicht mehr funktionieren: Sie k\u00f6nnen sich nicht wie in der gewohnten Umgebung auf sich selbst, Ihr Gep\u00e4ck oder Ihre Lieben konzentrieren, weil Ihr Nervensystem \u00fcberlastet ist.<\/p>\n<\/div>\n\n\t\t<\/div>\n\t<\/div>\n<\/div><\/div><\/div><\/div>\n<\/div>","protected":false},"excerpt":{"rendered":"<p>F\u00fcr uns ist die Dominikanische Republik auch unsere Heimat, so dass wir uns dort bestens auskennen. Es gibt keine Situation, die wir nicht ganz einfach l\u00f6sen k\u00f6nnen.<\/p>","protected":false},"author":12,"featured_media":0,"parent":0,"menu_order":8,"comment_status":"closed","ping_status":"closed","template":"","meta":{"_seopress_robots_primary_cat":"","_seopress_titles_title":"Go Dominican Vacations, a Dominikai K\u00f6zt\u00e1rsas\u00e1g specialista","_seopress_titles_desc":"","_seopress_robots_index":"","footnotes":""},"class_list":["post-8384","page","type-page","status-publish","hentry"],"_links":{"self":[{"href":"https:\/\/dominikaneked.hu\/de\/wp-json\/wp\/v2\/pages\/8384","targetHints":{"allow":["GET"]}}],"collection":[{"href":"https:\/\/dominikaneked.hu\/de\/wp-json\/wp\/v2\/pages"}],"about":[{"href":"https:\/\/dominikaneked.hu\/de\/wp-json\/wp\/v2\/types\/page"}],"author":[{"embeddable":true,"href":"https:\/\/dominikaneked.hu\/de\/wp-json\/wp\/v2\/users\/12"}],"replies":[{"embeddable":true,"href":"https:\/\/dominikaneked.hu\/de\/wp-json\/wp\/v2\/comments?post=8384"}],"version-history":[{"count":1,"href":"https:\/\/dominikaneked.hu\/de\/wp-json\/wp\/v2\/pages\/8384\/revisions"}],"predecessor-version":[{"id":12012,"href":"https:\/\/dominikaneked.hu\/de\/wp-json\/wp\/v2\/pages\/8384\/revisions\/12012"}],"wp:attachment":[{"href":"https:\/\/dominikaneked.hu\/de\/wp-json\/wp\/v2\/media?parent=8384"}],"curies":[{"name":"wp","href":"https:\/\/api.w.org\/{rel}","templated":true}]}}