{"id":9891,"date":"2021-09-24T14:07:38","date_gmt":"2021-09-24T12:07:38","guid":{"rendered":"https:\/\/godominicanvacations.com\/?post_type=product&#038;p=9891"},"modified":"2024-07-25T12:48:48","modified_gmt":"2024-07-25T16:48:48","slug":"4x4-kalandtura","status":"publish","type":"product","link":"https:\/\/dominikaneked.hu\/cs\/produkt\/4x4-kalandtura\/","title":{"rendered":"08. Dobrodru\u017en\u00e1 j\u00edzda 4\u00d74"},"content":{"rendered":"","protected":false},"excerpt":{"rendered":"<p>M\u00e1te r\u00e1di filmy o \u0160\u00edlen\u00e9m Maxovi? Pak je toto m\u00edsto pro v\u00e1s to prav\u00e9! \u0158\u00edzen\u00ed t\u011bchto stroj\u016f po bl\u00e1tiv\u00fdch a pra\u0161n\u00fdch cest\u00e1ch je obrovsk\u00fd adrenalin!<\/p>","protected":false},"featured_media":9898,"template":"","meta":{"_seopress_robots_primary_cat":"none","_seopress_titles_title":"","_seopress_titles_desc":"","_seopress_robots_index":""},"product_brand":[],"product_cat":[264],"product_tag":[292],"class_list":{"0":"post-9891","1":"product","2":"type-product","3":"status-publish","4":"has-post-thumbnail","6":"product_cat-la-romana-bayahibe","7":"product_tag-fakultativ","9":"first","10":"instock","11":"shipping-taxable","12":"purchasable","13":"product-type-phive_booking"},"_links":{"self":[{"href":"https:\/\/dominikaneked.hu\/cs\/wp-json\/wp\/v2\/product\/9891","targetHints":{"allow":["GET"]}}],"collection":[{"href":"https:\/\/dominikaneked.hu\/cs\/wp-json\/wp\/v2\/product"}],"about":[{"href":"https:\/\/dominikaneked.hu\/cs\/wp-json\/wp\/v2\/types\/product"}],"wp:featuredmedia":[{"embeddable":true,"href":"https:\/\/dominikaneked.hu\/cs\/wp-json\/wp\/v2\/media\/9898"}],"wp:attachment":[{"href":"https:\/\/dominikaneked.hu\/cs\/wp-json\/wp\/v2\/media?parent=9891"}],"wp:term":[{"taxonomy":"product_brand","embeddable":true,"href":"https:\/\/dominikaneked.hu\/cs\/wp-json\/wp\/v2\/product_brand?post=9891"},{"taxonomy":"product_cat","embeddable":true,"href":"https:\/\/dominikaneked.hu\/cs\/wp-json\/wp\/v2\/product_cat?post=9891"},{"taxonomy":"product_tag","embeddable":true,"href":"https:\/\/dominikaneked.hu\/cs\/wp-json\/wp\/v2\/product_tag?post=9891"}],"curies":[{"name":"wp","href":"https:\/\/api.w.org\/{rel}","templated":true}]}}