{"id":9833,"date":"2021-09-24T06:42:45","date_gmt":"2021-09-24T10:42:45","guid":{"rendered":"http:\/\/exploore.sysvol.hu"},"modified":"2024-09-24T00:55:26","modified_gmt":"2024-09-24T04:55:26","slug":"coco-bongo-show-es-diszko_la-romana-bayahibe","status":"publish","type":"product","link":"https:\/\/dominikaneked.hu\/cs\/produkt\/coco-bongo-show-es-diszko_la-romana-bayahibe\/","title":{"rendered":"14. Coco Bongo - Show and disco"},"content":{"rendered":"","protected":false},"excerpt":{"rendered":"<p>Nejv\u011bt\u0161\u00ed a nejlep\u0161\u00ed p\u00e1rty v Karibiku! Nep\u0159ehl\u00e9dnuteln\u00e1 z\u00e1bava!<\/p>","protected":false},"featured_media":9129,"template":"","meta":{"_seopress_robots_primary_cat":"none","_seopress_titles_title":"","_seopress_titles_desc":"","_seopress_robots_index":""},"product_brand":[],"product_cat":[264],"product_tag":[292],"class_list":{"0":"post-9833","1":"product","2":"type-product","3":"status-publish","4":"has-post-thumbnail","6":"product_cat-la-romana-bayahibe","7":"product_tag-fakultativ","9":"first","10":"instock","11":"featured","12":"virtual","13":"purchasable","14":"product-type-phive_booking"},"_links":{"self":[{"href":"https:\/\/dominikaneked.hu\/cs\/wp-json\/wp\/v2\/product\/9833","targetHints":{"allow":["GET"]}}],"collection":[{"href":"https:\/\/dominikaneked.hu\/cs\/wp-json\/wp\/v2\/product"}],"about":[{"href":"https:\/\/dominikaneked.hu\/cs\/wp-json\/wp\/v2\/types\/product"}],"wp:featuredmedia":[{"embeddable":true,"href":"https:\/\/dominikaneked.hu\/cs\/wp-json\/wp\/v2\/media\/9129"}],"wp:attachment":[{"href":"https:\/\/dominikaneked.hu\/cs\/wp-json\/wp\/v2\/media?parent=9833"}],"wp:term":[{"taxonomy":"product_brand","embeddable":true,"href":"https:\/\/dominikaneked.hu\/cs\/wp-json\/wp\/v2\/product_brand?post=9833"},{"taxonomy":"product_cat","embeddable":true,"href":"https:\/\/dominikaneked.hu\/cs\/wp-json\/wp\/v2\/product_cat?post=9833"},{"taxonomy":"product_tag","embeddable":true,"href":"https:\/\/dominikaneked.hu\/cs\/wp-json\/wp\/v2\/product_tag?post=9833"}],"curies":[{"name":"wp","href":"https:\/\/api.w.org\/{rel}","templated":true}]}}