{"id":9817,"date":"2021-09-24T06:17:34","date_gmt":"2021-09-24T04:17:34","guid":{"rendered":"http:\/\/exploore.sysvol.hu"},"modified":"2025-03-07T10:23:55","modified_gmt":"2025-03-07T14:23:55","slug":"saona-katamaran_punta-cana-bavaro","status":"publish","type":"product","link":"https:\/\/dominikaneked.hu\/cs\/produkt\/saona-katamaran_punta-cana-bavaro\/","title":{"rendered":"01. Katamar\u00e1n Saona"},"content":{"rendered":"","protected":false},"excerpt":{"rendered":"<p>Zast\u00e1vka je na ve\u0159ejn\u00e9 pl\u00e1\u017ei Saona. Na palub\u011b katamar\u00e1nu se bav\u00edme, anim\u00e1to\u0159i u\u010d\u00ed m\u00edstn\u00ed tance a rum te\u010de proudem. P\u00e1rty a objevov\u00e1n\u00ed div\u016f Saony v jednom programu!<\/p>","protected":false},"featured_media":8874,"template":"","meta":{"_seopress_robots_primary_cat":"none","_seopress_titles_title":"","_seopress_titles_desc":"","_seopress_robots_index":""},"product_brand":[],"product_cat":[267],"product_tag":[292],"class_list":{"0":"post-9817","1":"product","2":"type-product","3":"status-publish","4":"has-post-thumbnail","6":"product_cat-punta-cana-bavaro","7":"product_tag-fakultativ","9":"first","10":"instock","11":"virtual","12":"purchasable","13":"product-type-phive_booking"},"_links":{"self":[{"href":"https:\/\/dominikaneked.hu\/cs\/wp-json\/wp\/v2\/product\/9817","targetHints":{"allow":["GET"]}}],"collection":[{"href":"https:\/\/dominikaneked.hu\/cs\/wp-json\/wp\/v2\/product"}],"about":[{"href":"https:\/\/dominikaneked.hu\/cs\/wp-json\/wp\/v2\/types\/product"}],"wp:featuredmedia":[{"embeddable":true,"href":"https:\/\/dominikaneked.hu\/cs\/wp-json\/wp\/v2\/media\/8874"}],"wp:attachment":[{"href":"https:\/\/dominikaneked.hu\/cs\/wp-json\/wp\/v2\/media?parent=9817"}],"wp:term":[{"taxonomy":"product_brand","embeddable":true,"href":"https:\/\/dominikaneked.hu\/cs\/wp-json\/wp\/v2\/product_brand?post=9817"},{"taxonomy":"product_cat","embeddable":true,"href":"https:\/\/dominikaneked.hu\/cs\/wp-json\/wp\/v2\/product_cat?post=9817"},{"taxonomy":"product_tag","embeddable":true,"href":"https:\/\/dominikaneked.hu\/cs\/wp-json\/wp\/v2\/product_tag?post=9817"}],"curies":[{"name":"wp","href":"https:\/\/api.w.org\/{rel}","templated":true}]}}