{"id":8498,"date":"2021-06-14T17:07:18","date_gmt":"2021-06-14T21:07:18","guid":{"rendered":"http:\/\/exploore.sysvol.hu"},"modified":"2024-07-25T12:48:49","modified_gmt":"2024-07-25T16:48:49","slug":"hoyo-azul-laguna-kotelpalya_punta-cana-bavaro","status":"publish","type":"product","link":"https:\/\/dominikaneked.hu\/cs\/produkt\/hoyo-azul-laguna-kotelpalya_punta-cana-bavaro\/","title":{"rendered":"29. Laguna Hoyo Azul + lanovka"},"content":{"rendered":"","protected":false},"excerpt":{"rendered":"<p>Laguna hluboko v d\u017eungli za orchidejovou zahradou. Zip line nad d\u017eungl\u00ed je fantastick\u00fd z\u00e1\u017eitek.<\/p>","protected":false},"featured_media":9868,"template":"","meta":{"_seopress_robots_primary_cat":"none","_seopress_titles_title":"","_seopress_titles_desc":"","_seopress_robots_index":""},"product_brand":[],"product_cat":[267],"product_tag":[292,287],"class_list":{"0":"post-8498","1":"product","2":"type-product","3":"status-publish","4":"has-post-thumbnail","6":"product_cat-punta-cana-bavaro","7":"product_tag-fakultativ","8":"product_tag-termeszet","10":"first","11":"instock","12":"virtual","13":"purchasable","14":"product-type-phive_booking"},"_links":{"self":[{"href":"https:\/\/dominikaneked.hu\/cs\/wp-json\/wp\/v2\/product\/8498","targetHints":{"allow":["GET"]}}],"collection":[{"href":"https:\/\/dominikaneked.hu\/cs\/wp-json\/wp\/v2\/product"}],"about":[{"href":"https:\/\/dominikaneked.hu\/cs\/wp-json\/wp\/v2\/types\/product"}],"wp:featuredmedia":[{"embeddable":true,"href":"https:\/\/dominikaneked.hu\/cs\/wp-json\/wp\/v2\/media\/9868"}],"wp:attachment":[{"href":"https:\/\/dominikaneked.hu\/cs\/wp-json\/wp\/v2\/media?parent=8498"}],"wp:term":[{"taxonomy":"product_brand","embeddable":true,"href":"https:\/\/dominikaneked.hu\/cs\/wp-json\/wp\/v2\/product_brand?post=8498"},{"taxonomy":"product_cat","embeddable":true,"href":"https:\/\/dominikaneked.hu\/cs\/wp-json\/wp\/v2\/product_cat?post=8498"},{"taxonomy":"product_tag","embeddable":true,"href":"https:\/\/dominikaneked.hu\/cs\/wp-json\/wp\/v2\/product_tag?post=8498"}],"curies":[{"name":"wp","href":"https:\/\/api.w.org\/{rel}","templated":true}]}}