{"id":8453,"date":"2021-06-13T09:11:05","date_gmt":"2021-06-13T07:11:05","guid":{"rendered":"http:\/\/exploore.sysvol.hu"},"modified":"2024-08-14T10:21:17","modified_gmt":"2024-08-14T14:21:17","slug":"punta-cana-lmbtq-eskuvoi-csomag","status":"publish","type":"product","link":"https:\/\/dominikaneked.hu\/cs\/produkt\/punta-cana-lmbtq-eskuvoi-csomag\/","title":{"rendered":"Svatebn\u00ed bal\u00ed\u010dek Punta Cana LGBTQ"},"content":{"rendered":"<div class=\"wpb-content-wrapper\"><div class=\"vc_row wpb_row vc_row-fluid\"><div class=\"wpb_column vc_column_container vc_col-sm-12\"><div class=\"vc_column-inner\"><div class=\"wpb_wrapper\">\n\t<div class=\"wpb_text_column wpb_content_element\" >\n\t\t<div class=\"wpb_wrapper\">\n\t\t\t<p>Playa Juanillo (pl\u00e1\u017e Juanillo) je jednou z nejkr\u00e1sn\u011bj\u0161\u00edch pl\u00e1\u017e\u00ed Dominik\u00e1nsk\u00e9 republiky, kter\u00e1 je mnoh\u00fdmi pova\u017eov\u00e1na za nejlep\u0161\u00ed pl\u00e1\u017e v zemi a nejlep\u0161\u00ed na v\u00fdchodn\u00edm pob\u0159e\u017e\u00ed.Tato kr\u00e1sn\u00e1 pl\u00e1\u017e lemovan\u00e1 palmami je ide\u00e1ln\u00ed pro svatby. Do mo\u0159e zasahuje mal\u00e9 romantick\u00e9 molo. Pl\u00e1\u017e Juanillo je vzd\u00e1len\u00e1 25-35 minut od hotel\u016f v Bavaro-Punta Cana.<\/p>\n\n\t\t<\/div>\n\t<\/div>\n<\/div><\/div><\/div><\/div>\n<\/div>","protected":false},"excerpt":{"rendered":"<p>Tento bal\u00ed\u010dek d\u00e1v\u00e1 milenc\u016fm stejn\u00e9ho pohlav\u00ed p\u0159\u00edle\u017eitost uzav\u0159\u00edt man\u017eelstv\u00ed, slo\u017eit slib.<\/p>","protected":false},"featured_media":10063,"template":"","meta":{"_seopress_robots_primary_cat":"none","_seopress_titles_title":"","_seopress_titles_desc":"","_seopress_robots_index":""},"product_brand":[],"product_cat":[275],"product_tag":[293],"class_list":{"0":"post-8453","1":"product","2":"type-product","3":"status-publish","4":"has-post-thumbnail","6":"product_cat-karibi-eskuvok","7":"product_tag-eskuvo","9":"first","10":"instock","11":"virtual","12":"purchasable","13":"product-type-phive_booking"},"_links":{"self":[{"href":"https:\/\/dominikaneked.hu\/cs\/wp-json\/wp\/v2\/product\/8453","targetHints":{"allow":["GET"]}}],"collection":[{"href":"https:\/\/dominikaneked.hu\/cs\/wp-json\/wp\/v2\/product"}],"about":[{"href":"https:\/\/dominikaneked.hu\/cs\/wp-json\/wp\/v2\/types\/product"}],"wp:featuredmedia":[{"embeddable":true,"href":"https:\/\/dominikaneked.hu\/cs\/wp-json\/wp\/v2\/media\/10063"}],"wp:attachment":[{"href":"https:\/\/dominikaneked.hu\/cs\/wp-json\/wp\/v2\/media?parent=8453"}],"wp:term":[{"taxonomy":"product_brand","embeddable":true,"href":"https:\/\/dominikaneked.hu\/cs\/wp-json\/wp\/v2\/product_brand?post=8453"},{"taxonomy":"product_cat","embeddable":true,"href":"https:\/\/dominikaneked.hu\/cs\/wp-json\/wp\/v2\/product_cat?post=8453"},{"taxonomy":"product_tag","embeddable":true,"href":"https:\/\/dominikaneked.hu\/cs\/wp-json\/wp\/v2\/product_tag?post=8453"}],"curies":[{"name":"wp","href":"https:\/\/api.w.org\/{rel}","templated":true}]}}