{"id":8451,"date":"2021-06-13T09:10:32","date_gmt":"2021-06-13T07:10:32","guid":{"rendered":"http:\/\/exploore.sysvol.hu"},"modified":"2024-08-14T10:24:28","modified_gmt":"2024-08-14T14:24:28","slug":"saona-sziget-eskuvi-csomag_karibi-eskuvok","status":"publish","type":"product","link":"https:\/\/dominikaneked.hu\/cs\/produkt\/saona-sziget-eskuvi-csomag_karibi-eskuvok\/","title":{"rendered":"Svatebn\u00ed bal\u00ed\u010dek na ostrov\u011b Saona"},"content":{"rendered":"","protected":false},"excerpt":{"rendered":"<p>Ostrov Saona le\u017e\u00ed na jihov\u00fdchodn\u00edm c\u00edpu Dominik\u00e1nsk\u00e9 republiky. Je zn\u00e1m\u00fd sv\u00fdmi kor\u00e1lov\u00fdmi \u00fatesy, pl\u00e1\u017eemi lemovan\u00fdmi palmami, oslniv\u011b b\u00edl\u00fdm p\u00edskem a k\u0159i\u0161\u0165\u00e1lov\u011b \u010distou vodou.<\/p>","protected":false},"featured_media":10142,"template":"","meta":{"_seopress_robots_primary_cat":"none","_seopress_titles_title":"","_seopress_titles_desc":"","_seopress_robots_index":""},"product_brand":[],"product_cat":[275],"product_tag":[293],"class_list":{"0":"post-8451","1":"product","2":"type-product","3":"status-publish","4":"has-post-thumbnail","6":"product_cat-karibi-eskuvok","7":"product_tag-eskuvo","9":"first","10":"instock","11":"virtual","12":"purchasable","13":"product-type-phive_booking"},"_links":{"self":[{"href":"https:\/\/dominikaneked.hu\/cs\/wp-json\/wp\/v2\/product\/8451","targetHints":{"allow":["GET"]}}],"collection":[{"href":"https:\/\/dominikaneked.hu\/cs\/wp-json\/wp\/v2\/product"}],"about":[{"href":"https:\/\/dominikaneked.hu\/cs\/wp-json\/wp\/v2\/types\/product"}],"wp:featuredmedia":[{"embeddable":true,"href":"https:\/\/dominikaneked.hu\/cs\/wp-json\/wp\/v2\/media\/10142"}],"wp:attachment":[{"href":"https:\/\/dominikaneked.hu\/cs\/wp-json\/wp\/v2\/media?parent=8451"}],"wp:term":[{"taxonomy":"product_brand","embeddable":true,"href":"https:\/\/dominikaneked.hu\/cs\/wp-json\/wp\/v2\/product_brand?post=8451"},{"taxonomy":"product_cat","embeddable":true,"href":"https:\/\/dominikaneked.hu\/cs\/wp-json\/wp\/v2\/product_cat?post=8451"},{"taxonomy":"product_tag","embeddable":true,"href":"https:\/\/dominikaneked.hu\/cs\/wp-json\/wp\/v2\/product_tag?post=8451"}],"curies":[{"name":"wp","href":"https:\/\/api.w.org\/{rel}","templated":true}]}}