{"id":8450,"date":"2021-06-13T09:10:12","date_gmt":"2021-06-13T07:10:12","guid":{"rendered":"http:\/\/exploore.sysvol.hu"},"modified":"2024-08-28T11:41:32","modified_gmt":"2024-08-28T15:41:32","slug":"cap-%d1%81ana-juanillo-beach-eskuvoi-csomag","status":"publish","type":"product","link":"https:\/\/dominikaneked.hu\/cs\/produkt\/cap-%d1%81ana-juanillo-beach-eskuvoi-csomag\/","title":{"rendered":"Svatebn\u00ed bal\u00ed\u010dek na pl\u00e1\u017ei Cap Sana Juanillo"},"content":{"rendered":"","protected":false},"excerpt":{"rendered":"<p>Playa Juanillo (pl\u00e1\u017e Juanillo) Jedna z nejkr\u00e1sn\u011bj\u0161\u00edch pl\u00e1\u017e\u00ed Dominik\u00e1nsk\u00e9 republiky, kter\u00e1 je mnoh\u00fdmi pova\u017eov\u00e1na za nejlep\u0161\u00ed pl\u00e1\u017e na v\u00fdchodn\u00edm pob\u0159e\u017e\u00ed, je ide\u00e1ln\u00edm m\u00edstem pro svatbu.<br \/>\nNa pl\u00e1\u017ei je mal\u00e9 molo. Na pl\u00e1\u017ei jsou k dispozici \u0161atny a toalety.<br \/>\nPl\u00e1\u017e Juanillo je vzd\u00e1len\u00e1 25-35 minut od hotel\u016f v z\u00f3n\u011b Bavaro-Punta Cana.<\/p>","protected":false},"featured_media":10096,"template":"","meta":{"_seopress_robots_primary_cat":"none","_seopress_titles_title":"","_seopress_titles_desc":"","_seopress_robots_index":""},"product_brand":[],"product_cat":[275],"product_tag":[293],"class_list":{"0":"post-8450","1":"product","2":"type-product","3":"status-publish","4":"has-post-thumbnail","6":"product_cat-karibi-eskuvok","7":"product_tag-eskuvo","9":"first","10":"instock","11":"virtual","12":"purchasable","13":"product-type-phive_booking"},"_links":{"self":[{"href":"https:\/\/dominikaneked.hu\/cs\/wp-json\/wp\/v2\/product\/8450","targetHints":{"allow":["GET"]}}],"collection":[{"href":"https:\/\/dominikaneked.hu\/cs\/wp-json\/wp\/v2\/product"}],"about":[{"href":"https:\/\/dominikaneked.hu\/cs\/wp-json\/wp\/v2\/types\/product"}],"wp:featuredmedia":[{"embeddable":true,"href":"https:\/\/dominikaneked.hu\/cs\/wp-json\/wp\/v2\/media\/10096"}],"wp:attachment":[{"href":"https:\/\/dominikaneked.hu\/cs\/wp-json\/wp\/v2\/media?parent=8450"}],"wp:term":[{"taxonomy":"product_brand","embeddable":true,"href":"https:\/\/dominikaneked.hu\/cs\/wp-json\/wp\/v2\/product_brand?post=8450"},{"taxonomy":"product_cat","embeddable":true,"href":"https:\/\/dominikaneked.hu\/cs\/wp-json\/wp\/v2\/product_cat?post=8450"},{"taxonomy":"product_tag","embeddable":true,"href":"https:\/\/dominikaneked.hu\/cs\/wp-json\/wp\/v2\/product_tag?post=8450"}],"curies":[{"name":"wp","href":"https:\/\/api.w.org\/{rel}","templated":true}]}}