{"id":8436,"date":"2021-06-13T08:08:08","date_gmt":"2021-06-13T06:08:08","guid":{"rendered":"http:\/\/exploore.sysvol.hu"},"modified":"2024-07-25T12:48:46","modified_gmt":"2024-07-25T16:48:46","slug":"x-kalandtura_punta-cana-bavaro","status":"publish","type":"product","link":"https:\/\/dominikaneked.hu\/cs\/produkt\/x-kalandtura_punta-cana-bavaro\/","title":{"rendered":"08. Dobrodru\u017en\u00e1 j\u00edzda 4\u00d74"},"content":{"rendered":"","protected":false},"excerpt":{"rendered":"<p>M\u00e1te r\u00e1di filmy o \u0160\u00edlen\u00e9m Maxovi? Pak je toto m\u00edsto pro v\u00e1s to prav\u00e9! \u0158\u00edzen\u00ed t\u011bchto stroj\u016f po bl\u00e1tiv\u00fdch a pra\u0161n\u00fdch cest\u00e1ch je obrovsk\u00fd adrenalin!<\/p>","protected":false},"featured_media":8884,"template":"","meta":{"_seopress_robots_primary_cat":"none","_seopress_titles_title":"","_seopress_titles_desc":"","_seopress_robots_index":""},"product_brand":[],"product_cat":[267],"product_tag":[292,286],"class_list":{"0":"post-8436","1":"product","2":"type-product","3":"status-publish","4":"has-post-thumbnail","6":"product_cat-punta-cana-bavaro","7":"product_tag-fakultativ","8":"product_tag-adrenalin","10":"first","11":"instock","12":"shipping-taxable","13":"purchasable","14":"product-type-phive_booking"},"_links":{"self":[{"href":"https:\/\/dominikaneked.hu\/cs\/wp-json\/wp\/v2\/product\/8436","targetHints":{"allow":["GET"]}}],"collection":[{"href":"https:\/\/dominikaneked.hu\/cs\/wp-json\/wp\/v2\/product"}],"about":[{"href":"https:\/\/dominikaneked.hu\/cs\/wp-json\/wp\/v2\/types\/product"}],"wp:featuredmedia":[{"embeddable":true,"href":"https:\/\/dominikaneked.hu\/cs\/wp-json\/wp\/v2\/media\/8884"}],"wp:attachment":[{"href":"https:\/\/dominikaneked.hu\/cs\/wp-json\/wp\/v2\/media?parent=8436"}],"wp:term":[{"taxonomy":"product_brand","embeddable":true,"href":"https:\/\/dominikaneked.hu\/cs\/wp-json\/wp\/v2\/product_brand?post=8436"},{"taxonomy":"product_cat","embeddable":true,"href":"https:\/\/dominikaneked.hu\/cs\/wp-json\/wp\/v2\/product_cat?post=8436"},{"taxonomy":"product_tag","embeddable":true,"href":"https:\/\/dominikaneked.hu\/cs\/wp-json\/wp\/v2\/product_tag?post=8436"}],"curies":[{"name":"wp","href":"https:\/\/api.w.org\/{rel}","templated":true}]}}