{"id":8434,"date":"2021-06-13T08:07:11","date_gmt":"2021-06-13T12:07:11","guid":{"rendered":"http:\/\/exploore.sysvol.hu"},"modified":"2025-03-07T10:34:41","modified_gmt":"2025-03-07T14:34:41","slug":"quad-tura-montana-redonda_punta-cana-bavaro","status":"publish","type":"product","link":"https:\/\/dominikaneked.hu\/cs\/produkt\/quad-tura-montana-redonda_punta-cana-bavaro\/","title":{"rendered":"15. v\u00fdlet na \u010dty\u0159kolk\u00e1ch - Monta\u00f1a Redonda"},"content":{"rendered":"","protected":false},"excerpt":{"rendered":"<p>360stup\u0148ov\u00fd panoramatick\u00fd v\u00fdhled na oce\u00e1n, laguny a hory. Zde budou po\u0159\u00edzeny nejlep\u0161\u00ed fotografie va\u0161eho \u017eivota.<\/p>","protected":false},"featured_media":8882,"template":"","meta":{"_seopress_robots_primary_cat":"none","_seopress_titles_title":"","_seopress_titles_desc":"","_seopress_robots_index":""},"product_brand":[],"product_cat":[267],"product_tag":[292,287],"class_list":{"0":"post-8434","1":"product","2":"type-product","3":"status-publish","4":"has-post-thumbnail","6":"product_cat-punta-cana-bavaro","7":"product_tag-fakultativ","8":"product_tag-termeszet","10":"first","11":"instock","12":"shipping-taxable","13":"purchasable","14":"product-type-phive_booking"},"_links":{"self":[{"href":"https:\/\/dominikaneked.hu\/cs\/wp-json\/wp\/v2\/product\/8434","targetHints":{"allow":["GET"]}}],"collection":[{"href":"https:\/\/dominikaneked.hu\/cs\/wp-json\/wp\/v2\/product"}],"about":[{"href":"https:\/\/dominikaneked.hu\/cs\/wp-json\/wp\/v2\/types\/product"}],"wp:featuredmedia":[{"embeddable":true,"href":"https:\/\/dominikaneked.hu\/cs\/wp-json\/wp\/v2\/media\/8882"}],"wp:attachment":[{"href":"https:\/\/dominikaneked.hu\/cs\/wp-json\/wp\/v2\/media?parent=8434"}],"wp:term":[{"taxonomy":"product_brand","embeddable":true,"href":"https:\/\/dominikaneked.hu\/cs\/wp-json\/wp\/v2\/product_brand?post=8434"},{"taxonomy":"product_cat","embeddable":true,"href":"https:\/\/dominikaneked.hu\/cs\/wp-json\/wp\/v2\/product_cat?post=8434"},{"taxonomy":"product_tag","embeddable":true,"href":"https:\/\/dominikaneked.hu\/cs\/wp-json\/wp\/v2\/product_tag?post=8434"}],"curies":[{"name":"wp","href":"https:\/\/api.w.org\/{rel}","templated":true}]}}