{"id":15258,"date":"2024-10-30T02:50:21","date_gmt":"2024-10-30T06:50:21","guid":{"rendered":"https:\/\/godominicanvacations.com\/?post_type=product&#038;p=15258"},"modified":"2024-10-30T19:20:09","modified_gmt":"2024-10-30T23:20:09","slug":"vizi-es-elmenypark-bayahibe","status":"publish","type":"product","link":"https:\/\/dominikaneked.hu\/cs\/produkt\/vizi-es-elmenypark-bayahibe\/","title":{"rendered":"Vodn\u00ed a z\u00e1\u017eitkov\u00fd park"},"content":{"rendered":"","protected":false},"excerpt":{"rendered":"<p>Objevte kouzlo vodn\u00edho a z\u00e1\u017eitkov\u00e9ho parku!<\/p>\n<p>V tomto parku se snoub\u00ed z\u00e1bava s odpo\u010dinkem! Tento r\u00e1j vodn\u00edch z\u00e1\u017eitk\u016f nab\u00edz\u00ed nezapomenuteln\u00e9 dobrodru\u017estv\u00ed pro v\u0161echny v\u011bkov\u00e9 kategorie.<\/p>","protected":false},"featured_media":15250,"template":"","meta":{"_seopress_robots_primary_cat":"none","_seopress_titles_title":"","_seopress_titles_desc":"","_seopress_robots_index":""},"product_brand":[],"product_cat":[281,264],"product_tag":[],"class_list":{"0":"post-15258","1":"product","2":"type-product","3":"status-publish","4":"has-post-thumbnail","6":"product_cat-programok","7":"product_cat-la-romana-bayahibe","9":"first","10":"instock","11":"virtual","12":"purchasable","13":"product-type-phive_booking"},"_links":{"self":[{"href":"https:\/\/dominikaneked.hu\/cs\/wp-json\/wp\/v2\/product\/15258","targetHints":{"allow":["GET"]}}],"collection":[{"href":"https:\/\/dominikaneked.hu\/cs\/wp-json\/wp\/v2\/product"}],"about":[{"href":"https:\/\/dominikaneked.hu\/cs\/wp-json\/wp\/v2\/types\/product"}],"wp:featuredmedia":[{"embeddable":true,"href":"https:\/\/dominikaneked.hu\/cs\/wp-json\/wp\/v2\/media\/15250"}],"wp:attachment":[{"href":"https:\/\/dominikaneked.hu\/cs\/wp-json\/wp\/v2\/media?parent=15258"}],"wp:term":[{"taxonomy":"product_brand","embeddable":true,"href":"https:\/\/dominikaneked.hu\/cs\/wp-json\/wp\/v2\/product_brand?post=15258"},{"taxonomy":"product_cat","embeddable":true,"href":"https:\/\/dominikaneked.hu\/cs\/wp-json\/wp\/v2\/product_cat?post=15258"},{"taxonomy":"product_tag","embeddable":true,"href":"https:\/\/dominikaneked.hu\/cs\/wp-json\/wp\/v2\/product_tag?post=15258"}],"curies":[{"name":"wp","href":"https:\/\/api.w.org\/{rel}","templated":true}]}}