{"id":15159,"date":"2024-10-17T12:36:42","date_gmt":"2024-10-17T16:36:42","guid":{"rendered":"https:\/\/godominicanvacations.com\/?post_type=product&#038;p=15159"},"modified":"2024-10-17T21:06:40","modified_gmt":"2024-10-18T01:06:40","slug":"14-coco-bongo-kids-party-bayahibe","status":"publish","type":"product","link":"https:\/\/dominikaneked.hu\/cs\/produkt\/14-coco-bongo-kids-party-bayahibe\/","title":{"rendered":"14. Coco Bongo - D\u011btsk\u00e1 p\u00e1rty"},"content":{"rendered":"","protected":false},"excerpt":{"rendered":"<p>Nejv\u011bt\u0161\u00ed a nejlep\u0161\u00ed p\u00e1rty v Karibiku! Nep\u0159ehl\u00e9dnuteln\u00e1 z\u00e1bava!<\/p>","protected":false},"featured_media":15154,"template":"","meta":{"_seopress_robots_primary_cat":"none","_seopress_titles_title":"","_seopress_titles_desc":"","_seopress_robots_index":""},"product_brand":[],"product_cat":[264],"product_tag":[292],"class_list":{"0":"post-15159","1":"product","2":"type-product","3":"status-publish","4":"has-post-thumbnail","6":"product_cat-la-romana-bayahibe","7":"product_tag-fakultativ","9":"first","10":"instock","11":"featured","12":"virtual","13":"purchasable","14":"product-type-phive_booking"},"_links":{"self":[{"href":"https:\/\/dominikaneked.hu\/cs\/wp-json\/wp\/v2\/product\/15159","targetHints":{"allow":["GET"]}}],"collection":[{"href":"https:\/\/dominikaneked.hu\/cs\/wp-json\/wp\/v2\/product"}],"about":[{"href":"https:\/\/dominikaneked.hu\/cs\/wp-json\/wp\/v2\/types\/product"}],"wp:featuredmedia":[{"embeddable":true,"href":"https:\/\/dominikaneked.hu\/cs\/wp-json\/wp\/v2\/media\/15154"}],"wp:attachment":[{"href":"https:\/\/dominikaneked.hu\/cs\/wp-json\/wp\/v2\/media?parent=15159"}],"wp:term":[{"taxonomy":"product_brand","embeddable":true,"href":"https:\/\/dominikaneked.hu\/cs\/wp-json\/wp\/v2\/product_brand?post=15159"},{"taxonomy":"product_cat","embeddable":true,"href":"https:\/\/dominikaneked.hu\/cs\/wp-json\/wp\/v2\/product_cat?post=15159"},{"taxonomy":"product_tag","embeddable":true,"href":"https:\/\/dominikaneked.hu\/cs\/wp-json\/wp\/v2\/product_tag?post=15159"}],"curies":[{"name":"wp","href":"https:\/\/api.w.org\/{rel}","templated":true}]}}