{"id":14466,"date":"2024-07-22T19:58:38","date_gmt":"2024-07-22T23:58:38","guid":{"rendered":"https:\/\/godominicanvacations.com\/?post_type=product&#038;p=14466"},"modified":"2024-07-25T12:48:45","modified_gmt":"2024-07-25T16:48:45","slug":"tengerparti-lovaglas","status":"publish","type":"product","link":"https:\/\/dominikaneked.hu\/cs\/produkt\/tengerparti-lovaglas\/","title":{"rendered":"J\u00edzda na koni u mo\u0159e"},"content":{"rendered":"<p>J\u00edzda na koni u mo\u0159e v Dominik\u00e1nsk\u00e9 republice<\/p>\n<p>Vychutnejte si n\u00e1dhernou krajinu Dominik\u00e1nsk\u00e9 republiky p\u0159i nezapomenuteln\u00e9 hodinov\u00e9 proj\u00ed\u017e\u010fce pod\u00e9l pob\u0159e\u017e\u00ed! Tento jedine\u010dn\u00fd z\u00e1\u017eitek v\u00e1m umo\u017en\u00ed poznat \u00fachvatnou kr\u00e1su ostrova a jeho bohat\u00e9 kulturn\u00ed d\u011bdictv\u00ed ze zcela nov\u00e9 perspektivy.<\/p>\n<p>Proj\u00ed\u017e\u010fka za\u010d\u00edn\u00e1 kr\u00e1tk\u00fdm sezn\u00e1men\u00edm s ko\u0148mi a pr\u016fvodcem. Bude v\u00e1m poskytnuto ve\u0161ker\u00e9 pot\u0159ebn\u00e9 vybaven\u00ed a kr\u00e1tk\u00e1 lekce z\u00e1klad\u016f j\u00edzdy na koni.<\/p>\n<p>Jakmile jsou v\u0161ichni p\u0159ipraveni, skupina se vyd\u00e1 pod\u00e9l malebn\u00e9ho pob\u0159e\u017e\u00ed. Trasa je rozmanit\u00e1 a nab\u00edz\u00ed mo\u017enost obdivovat jemn\u00e9 p\u00edse\u010dn\u00e9 pl\u00e1\u017ee, tyrkysov\u00e9 vody a bujnou zelenou vegetaci. Klidn\u00e9 tropick\u00e9 prost\u0159ed\u00ed poskytuje dokonal\u00fd odpo\u010dinek. Po celou dobu cesty v\u00e1s prov\u00e1z\u00ed tich\u00e9 \u0161um\u011bn\u00ed mo\u0159sk\u00fdch vln a lask\u00e1n\u00ed v\u011btru. Zastav\u00edme na n\u011bkolika m\u00edstech, abyste si mohli po\u0159\u00eddit \u00fachvatn\u00e9 fotografie a vychutnat si bl\u00edzkost p\u0159\u00edrody.<\/p>\n<p>Na konci v\u00fdletu se vr\u00e1t\u00edme do v\u00fdchoz\u00edho bodu, kde si m\u016f\u017eete vychutnat ob\u010derstven\u00ed a zakoupit fotografie po\u0159\u00edzen\u00e9 fotografem.<\/p>","protected":false},"excerpt":{"rendered":"<p>Tento z\u00e1\u017eitek nen\u00ed jen oby\u010dejnou j\u00edzdou, ale cestou v souladu s p\u0159\u00edrodou a du\u0161\u00ed, na kterou budete dlouho vzpom\u00ednat.<\/p>","protected":false},"featured_media":14472,"template":"","meta":{"_seopress_robots_primary_cat":"none","_seopress_titles_title":"","_seopress_titles_desc":"","_seopress_robots_index":""},"product_brand":[],"product_cat":[267],"product_tag":[292],"class_list":{"0":"post-14466","1":"product","2":"type-product","3":"status-publish","4":"has-post-thumbnail","6":"product_cat-punta-cana-bavaro","7":"product_tag-fakultativ","9":"first","10":"instock","11":"featured","12":"shipping-taxable","13":"purchasable","14":"product-type-phive_booking"},"_links":{"self":[{"href":"https:\/\/dominikaneked.hu\/cs\/wp-json\/wp\/v2\/product\/14466","targetHints":{"allow":["GET"]}}],"collection":[{"href":"https:\/\/dominikaneked.hu\/cs\/wp-json\/wp\/v2\/product"}],"about":[{"href":"https:\/\/dominikaneked.hu\/cs\/wp-json\/wp\/v2\/types\/product"}],"wp:featuredmedia":[{"embeddable":true,"href":"https:\/\/dominikaneked.hu\/cs\/wp-json\/wp\/v2\/media\/14472"}],"wp:attachment":[{"href":"https:\/\/dominikaneked.hu\/cs\/wp-json\/wp\/v2\/media?parent=14466"}],"wp:term":[{"taxonomy":"product_brand","embeddable":true,"href":"https:\/\/dominikaneked.hu\/cs\/wp-json\/wp\/v2\/product_brand?post=14466"},{"taxonomy":"product_cat","embeddable":true,"href":"https:\/\/dominikaneked.hu\/cs\/wp-json\/wp\/v2\/product_cat?post=14466"},{"taxonomy":"product_tag","embeddable":true,"href":"https:\/\/dominikaneked.hu\/cs\/wp-json\/wp\/v2\/product_tag?post=14466"}],"curies":[{"name":"wp","href":"https:\/\/api.w.org\/{rel}","templated":true}]}}