{"id":12670,"date":"2023-08-29T07:54:38","date_gmt":"2023-08-29T11:54:38","guid":{"rendered":"https:\/\/godominicanvacations.com\/?post_type=product&#038;p=12670"},"modified":"2025-06-13T14:15:31","modified_gmt":"2025-06-13T18:15:31","slug":"punta-cana-repuloter-punta-cana-bayahibe","status":"publish","type":"product","link":"https:\/\/dominikaneked.hu\/cs\/produkt\/punta-cana-repuloter-punta-cana-bayahibe\/","title":{"rendered":"Leti\u0161t\u011b Punta Cana - Punta Cana - Bayahibe - leti\u0161t\u011b Punta Cana"},"content":{"rendered":"<div class=\"wpb-content-wrapper\"><div class=\"vc_row wpb_row vc_row-fluid\"><div class=\"wpb_column vc_column_container vc_col-sm-12\"><div class=\"vc_column-inner\"><div class=\"wpb_wrapper\">\n\t<div class=\"wpb_text_column wpb_content_element\" >\n\t\t<div class=\"wpb_wrapper\">\n\t\t\t<p>Va\u0161e bezpe\u010dnost je na\u0161\u00ed prioritou a va\u0161e pohodl\u00ed je na\u0161\u00ed spokojenost\u00ed. Porovn\u00e1v\u00e1me ceny od n\u011bkolika poskytovatel\u016f p\u0159epravy, abychom v\u00e1m poskytli nejlep\u0161\u00ed slu\u017eby za nejv\u00fdhodn\u011bj\u0161\u00ed ceny. D\u00edky na\u0161emu modelu pevn\u00fdch cen se m\u016f\u017eete vyhnout nep\u0159\u00edjemn\u00fdm p\u0159ekvapen\u00edm, jako jsou nadm\u011brn\u00e9 poplatky a \u010dasov\u00e9 ceny.<\/p>\n\n\t\t<\/div>\n\t<\/div>\n<\/div><\/div><\/div><\/div>\n<\/div>","protected":false},"excerpt":{"rendered":"<p>Cena zahrnuje zp\u00e1te\u010dn\u00ed cestu a plat\u00ed pro celou rodinu!<\/p>","protected":false},"featured_media":8976,"template":"","meta":{"_seopress_robots_primary_cat":"none","_seopress_titles_title":"","_seopress_titles_desc":"","_seopress_robots_index":""},"product_brand":[],"product_cat":[280],"product_tag":[],"class_list":{"0":"post-12670","1":"product","2":"type-product","3":"status-publish","4":"has-post-thumbnail","6":"product_cat-transzfer","8":"first","9":"instock","10":"virtual","11":"sold-individually","12":"purchasable","13":"product-type-simple"},"_links":{"self":[{"href":"https:\/\/dominikaneked.hu\/cs\/wp-json\/wp\/v2\/product\/12670","targetHints":{"allow":["GET"]}}],"collection":[{"href":"https:\/\/dominikaneked.hu\/cs\/wp-json\/wp\/v2\/product"}],"about":[{"href":"https:\/\/dominikaneked.hu\/cs\/wp-json\/wp\/v2\/types\/product"}],"wp:featuredmedia":[{"embeddable":true,"href":"https:\/\/dominikaneked.hu\/cs\/wp-json\/wp\/v2\/media\/8976"}],"wp:attachment":[{"href":"https:\/\/dominikaneked.hu\/cs\/wp-json\/wp\/v2\/media?parent=12670"}],"wp:term":[{"taxonomy":"product_brand","embeddable":true,"href":"https:\/\/dominikaneked.hu\/cs\/wp-json\/wp\/v2\/product_brand?post=12670"},{"taxonomy":"product_cat","embeddable":true,"href":"https:\/\/dominikaneked.hu\/cs\/wp-json\/wp\/v2\/product_cat?post=12670"},{"taxonomy":"product_tag","embeddable":true,"href":"https:\/\/dominikaneked.hu\/cs\/wp-json\/wp\/v2\/product_tag?post=12670"}],"curies":[{"name":"wp","href":"https:\/\/api.w.org\/{rel}","templated":true}]}}