{"id":11498,"date":"2022-06-07T18:13:15","date_gmt":"2022-06-07T22:13:15","guid":{"rendered":"https:\/\/godominicanvacations.com\/?post_type=product&#038;p=11498"},"modified":"2024-07-25T12:48:49","modified_gmt":"2024-07-25T16:48:49","slug":"tematikus-bulihajo-sznorkellezes-punta-cana-vizein","status":"publish","type":"product","link":"https:\/\/dominikaneked.hu\/cs\/produkt\/tematikus-bulihajo-sznorkellezes-punta-cana-vizein\/","title":{"rendered":"28. Tematick\u00e1 p\u00e1rty lo\u010f, \u0161norchlov\u00e1n\u00ed ve vod\u00e1ch Punta Cany"},"content":{"rendered":"","protected":false},"excerpt":{"rendered":"<p>U\u017eijte si plavbu po n\u00e1dhern\u00fdch k\u0159i\u0161\u0165\u00e1lov\u011b \u010dist\u00fdch pl\u00e1\u017e\u00edch Punta Cany, zastavte se u n\u00e1dhern\u00e9ho p\u0159\u00edrodn\u00edho baz\u00e9nu a obdivujte oslniv\u00e9 kor\u00e1lov\u00e9 \u00fatesy, kter\u00e9 nab\u00edz\u00ed oce\u00e1n, kde m\u016f\u017eete \u0161norchlovat a prozkoumat \u00fa\u017easn\u00fd podmo\u0159sk\u00fd sv\u011bt. Nau\u010dte se tane\u010dn\u00ed kroky p\u016fvodn\u00edch obyvatel Dominik\u00e1nsk\u00e9 republiky, Tainos, nebo z\u00e1klady merengue, bachaty a dembow.<\/p>","protected":false},"featured_media":11489,"template":"","meta":{"_seopress_robots_primary_cat":"none","_seopress_titles_title":"","_seopress_titles_desc":"","_seopress_robots_index":""},"product_brand":[],"product_cat":[267],"product_tag":[292],"class_list":{"0":"post-11498","1":"product","2":"type-product","3":"status-publish","4":"has-post-thumbnail","6":"product_cat-punta-cana-bavaro","7":"product_tag-fakultativ","9":"first","10":"instock","11":"virtual","12":"purchasable","13":"product-type-phive_booking"},"_links":{"self":[{"href":"https:\/\/dominikaneked.hu\/cs\/wp-json\/wp\/v2\/product\/11498","targetHints":{"allow":["GET"]}}],"collection":[{"href":"https:\/\/dominikaneked.hu\/cs\/wp-json\/wp\/v2\/product"}],"about":[{"href":"https:\/\/dominikaneked.hu\/cs\/wp-json\/wp\/v2\/types\/product"}],"wp:featuredmedia":[{"embeddable":true,"href":"https:\/\/dominikaneked.hu\/cs\/wp-json\/wp\/v2\/media\/11489"}],"wp:attachment":[{"href":"https:\/\/dominikaneked.hu\/cs\/wp-json\/wp\/v2\/media?parent=11498"}],"wp:term":[{"taxonomy":"product_brand","embeddable":true,"href":"https:\/\/dominikaneked.hu\/cs\/wp-json\/wp\/v2\/product_brand?post=11498"},{"taxonomy":"product_cat","embeddable":true,"href":"https:\/\/dominikaneked.hu\/cs\/wp-json\/wp\/v2\/product_cat?post=11498"},{"taxonomy":"product_tag","embeddable":true,"href":"https:\/\/dominikaneked.hu\/cs\/wp-json\/wp\/v2\/product_tag?post=11498"}],"curies":[{"name":"wp","href":"https:\/\/api.w.org\/{rel}","templated":true}]}}