{"id":9065,"date":"2021-08-28T12:44:36","date_gmt":"2021-08-28T10:44:36","guid":{"rendered":"exploore.sysvol.hu"},"modified":"2021-08-28T12:44:36","modified_gmt":"2021-08-28T10:44:36","slug":"ajanlatkereset-fogadtuk","status":"publish","type":"page","link":"https:\/\/dominikaneked.hu\/cs\/ajanlatkereset-fogadtuk\/","title":{"rendered":"Obdr\u017eeli jsme va\u0161i \u017e\u00e1dost o cenovou nab\u00eddku"},"content":{"rendered":"","protected":false},"excerpt":{"rendered":"<p>D\u011bkujeme, \u017ee jste n\u00e1s kontaktovali!<\/p>","protected":false},"author":12,"featured_media":9066,"parent":0,"menu_order":7,"comment_status":"closed","ping_status":"closed","template":"","meta":{"_seopress_robots_primary_cat":"","_seopress_titles_title":"","_seopress_titles_desc":"","_seopress_robots_index":"","footnotes":""},"class_list":["post-9065","page","type-page","status-publish","has-post-thumbnail","hentry"],"_links":{"self":[{"href":"https:\/\/dominikaneked.hu\/cs\/wp-json\/wp\/v2\/pages\/9065","targetHints":{"allow":["GET"]}}],"collection":[{"href":"https:\/\/dominikaneked.hu\/cs\/wp-json\/wp\/v2\/pages"}],"about":[{"href":"https:\/\/dominikaneked.hu\/cs\/wp-json\/wp\/v2\/types\/page"}],"author":[{"embeddable":true,"href":"https:\/\/dominikaneked.hu\/cs\/wp-json\/wp\/v2\/users\/12"}],"replies":[{"embeddable":true,"href":"https:\/\/dominikaneked.hu\/cs\/wp-json\/wp\/v2\/comments?post=9065"}],"version-history":[{"count":0,"href":"https:\/\/dominikaneked.hu\/cs\/wp-json\/wp\/v2\/pages\/9065\/revisions"}],"wp:featuredmedia":[{"embeddable":true,"href":"https:\/\/dominikaneked.hu\/cs\/wp-json\/wp\/v2\/media\/9066"}],"wp:attachment":[{"href":"https:\/\/dominikaneked.hu\/cs\/wp-json\/wp\/v2\/media?parent=9065"}],"curies":[{"name":"wp","href":"https:\/\/api.w.org\/{rel}","templated":true}]}}