{"id":8696,"date":"2021-07-28T16:04:08","date_gmt":"2021-07-28T14:04:08","guid":{"rendered":"exploore.sysvol.hu"},"modified":"2021-08-08T09:09:22","modified_gmt":"2021-08-08T07:09:22","slug":"karibi-eskuvok","status":"publish","type":"page","link":"https:\/\/dominikaneked.hu\/cs\/karibi-eskuvok\/","title":{"rendered":"Karibsk\u00e9 svatby"},"content":{"rendered":"<div class=\"wpb-content-wrapper\"><div class=\"vc_row wpb_row vc_row-fluid\"><div class=\"wpb_column vc_column_container vc_col-sm-12\"><div class=\"vc_column-inner\"><div class=\"wpb_wrapper\">\n\t<div class=\"wpb_text_column wpb_content_element\" >\n\t\t<div class=\"wpb_wrapper\">\n\t\t\t<h2 class=\"heading\"><em>\u0158ekn\u011bte<\/em> <strong>ano!<\/strong><\/h2>\n<p>P\u0159edstavte si, \u017ee stoj\u00edte na b\u00edl\u00e9 p\u00edse\u010dn\u00e9 pl\u00e1\u017ei, kde se v zapadaj\u00edc\u00edm slunci t\u0159pyt\u00ed drobn\u00e1 zrnka p\u00edsku. Jej\u00ed z\u00e1\u0159e obklopuje svatebn\u00ed pavilon zdoben\u00fd exotick\u00fdmi kv\u011btinami, jeho\u017e tenk\u00e9 pr\u016fsvitn\u00e9 z\u00e1voje jemn\u011b vlaj\u00ed v m\u00edrn\u00e9m pob\u0159e\u017en\u00edm v\u00e1nku. Jak se brod\u00edte do d\u00e1lky, jemn\u011b se vln\u00edc\u00ed blankytn\u011b modr\u00e9 mo\u0159e pomalu dosahuje b\u0159ehu pod va\u0161ima nohama. Po celou dobu poskytuj\u00ed dlouh\u00e9, \u0161t\u00edhl\u00e9, zelen\u00e9 kokosov\u00e9 palmy p\u0159\u00edjemn\u00fd st\u00edn svateb\u010dan\u016fm.<\/p>\n\n\t\t<\/div>\n\t<\/div>\n\n\t<div class=\"wpb_text_column wpb_content_element\" >\n\t\t<div class=\"wpb_wrapper\">\n\t\t\t<div class=\"woocommerce columns-4\"><ul class=\"products columns-4\">\n<li class=\"product type-product post-8450 status-publish first instock product_cat-karibi-eskuvok product_tag-eskuvo has-post-thumbnail virtual purchasable product-type-phive_booking\">\n\t<div class=\"product-container shop-loop-item\"><a href=\"https:\/\/dominikaneked.hu\/cs\/produkt\/cap-%d1%81ana-juanillo-beach-eskuvoi-csomag\/\" class=\"woocommerce-LoopProduct-link woocommerce-loop-product__link\"><img loading=\"lazy\" decoding=\"async\" width=\"300\" height=\"300\" src=\"https:\/\/dominikaneked.hu\/wp-content\/uploads\/2021\/06\/caribbean-wedding-22-300x300.jpg\" class=\"attachment-woocommerce_thumbnail size-woocommerce_thumbnail\" alt=\"Svatebn\u00ed bal\u00ed\u010dek na pl\u00e1\u017ei Cap Sana Juanillo\" srcset=\"https:\/\/dominikaneked.hu\/wp-content\/uploads\/2021\/06\/caribbean-wedding-22-300x300.jpg 300w, https:\/\/dominikaneked.hu\/wp-content\/uploads\/2021\/06\/caribbean-wedding-22-150x150.jpg 150w, https:\/\/dominikaneked.hu\/wp-content\/uploads\/2021\/06\/caribbean-wedding-22-540x540.jpg 540w, https:\/\/dominikaneked.hu\/wp-content\/uploads\/2021\/06\/caribbean-wedding-22-100x100.jpg 100w\" sizes=\"auto, (max-width: 300px) 100vw, 300px\" \/><pre class=\"d-none\">00<\/pre><h2 class=\"woocommerce-loop-product__title\">Svatebn\u00ed bal\u00ed\u010dek na pl\u00e1\u017ei Cap Sana Juanillo<\/h2><h3 class=\"product-excerpt\" data-product-id=\"8450\">Playa Juanillo (Pl\u00e1\u017e Juanillo) Jedna z nejkr\u00e1sn\u011bj\u0161\u00edch pl\u00e1\u017e\u00ed v Dominik\u00e1nsk\u00e9 republice, kter\u00e1 se nach\u00e1z\u00ed...<\/h3>\n\t<span class=\"price\"><span class=\"woocommerce-Price-amount amount\"><bdi><span class=\"woocommerce-Price-currencySymbol\">&#36;<\/span>2.500,00<\/bdi><\/span><\/span>\n<\/a><a href=\"https:\/\/dominikaneked.hu\/cs\/produkt\/cap-%d1%81ana-juanillo-beach-eskuvoi-csomag\/\" aria-describedby=\"woocommerce_loop_add_to_cart_link_describedby_8450\" data-quantity=\"1\" class=\"button product_type_phive_booking add_to_cart_button\" data-product_id=\"8450\" data-product_sku=\"\" aria-label=\"Zjistit v\u00edce o \u201eCap \u0421ana Juanillo beach esk\u00fcv\u0151i csomag\u201c\" data-no-translation-aria-label=\"\">Rezervace<\/a>\t<span id=\"woocommerce_loop_add_to_cart_link_describedby_8450\" class=\"screen-reader-text\">\n\t\t\t<\/span>\n<\/div><\/li>\n<li class=\"product type-product post-13353 status-publish instock product_cat-karibi-eskuvok product_tag-eskuvo has-post-thumbnail virtual purchasable product-type-phive_booking\">\n\t<div class=\"product-container shop-loop-item\"><a href=\"https:\/\/dominikaneked.hu\/cs\/produkt\/kolibri-eskuvoi-csomag\/\" class=\"woocommerce-LoopProduct-link woocommerce-loop-product__link\"><img loading=\"lazy\" decoding=\"async\" width=\"300\" height=\"289\" src=\"https:\/\/dominikaneked.hu\/wp-content\/uploads\/2024\/01\/pier-kolibri-beach-elopement-300x289.png\" class=\"attachment-woocommerce_thumbnail size-woocommerce_thumbnail\" alt=\"Svatebn\u00ed bal\u00ed\u010dek Kolib\u0159\u00edk\" \/><pre class=\"d-none\">01<\/pre><h2 class=\"woocommerce-loop-product__title\">Svatebn\u00ed bal\u00ed\u010dek Kolib\u0159\u00edk<\/h2><h3 class=\"product-excerpt\" data-product-id=\"13353\">Jedna z nejkr\u00e1sn\u011bj\u0161\u00edch soukrom\u00fdch pl\u00e1\u017e\u00ed v Dominik\u00e1nsk\u00e9 republice, n\u00e1dhern\u00fd \u00fasek pob\u0159e\u017e\u00ed lemovan\u00fd palmami, ide\u00e1ln\u00ed pro...<\/h3>\n\t<span class=\"price\"><span class=\"woocommerce-Price-amount amount\"><bdi><span class=\"woocommerce-Price-currencySymbol\">&#36;<\/span>1.850,00<\/bdi><\/span><\/span>\n<\/a><a href=\"https:\/\/dominikaneked.hu\/cs\/produkt\/kolibri-eskuvoi-csomag\/\" aria-describedby=\"woocommerce_loop_add_to_cart_link_describedby_13353\" data-quantity=\"1\" class=\"button product_type_phive_booking add_to_cart_button\" data-product_id=\"13353\" data-product_sku=\"\" aria-label=\"Zjistit v\u00edce o \u201eKolibri esk\u00fcv\u0151i csomag\u201c\" data-no-translation-aria-label=\"\">Rezervace<\/a>\t<span id=\"woocommerce_loop_add_to_cart_link_describedby_13353\" class=\"screen-reader-text\">\n\t\t\t<\/span>\n<\/div><\/li>\n<li class=\"product type-product post-13354 status-publish instock product_cat-karibi-eskuvok product_tag-eskuvo has-post-thumbnail virtual purchasable product-type-phive_booking\">\n\t<div class=\"product-container shop-loop-item\"><a href=\"https:\/\/dominikaneked.hu\/cs\/produkt\/macao-beach-eskuvoi-csomag\/\" class=\"woocommerce-LoopProduct-link woocommerce-loop-product__link\"><img loading=\"lazy\" decoding=\"async\" width=\"300\" height=\"300\" src=\"https:\/\/dominikaneked.hu\/wp-content\/uploads\/2024\/01\/macao-beach-wedding-5-300x300.jpg\" class=\"attachment-woocommerce_thumbnail size-woocommerce_thumbnail\" alt=\"Svatebn\u00ed bal\u00ed\u010dek na pl\u00e1\u017ei Macao\" srcset=\"https:\/\/dominikaneked.hu\/wp-content\/uploads\/2024\/01\/macao-beach-wedding-5-300x300.jpg 300w, https:\/\/dominikaneked.hu\/wp-content\/uploads\/2024\/01\/macao-beach-wedding-5-150x150.jpg 150w, https:\/\/dominikaneked.hu\/wp-content\/uploads\/2024\/01\/macao-beach-wedding-5-540x540.jpg 540w, https:\/\/dominikaneked.hu\/wp-content\/uploads\/2024\/01\/macao-beach-wedding-5-100x100.jpg 100w\" sizes=\"auto, (max-width: 300px) 100vw, 300px\" \/><pre class=\"d-none\">02<\/pre><h2 class=\"woocommerce-loop-product__title\">Svatebn\u00ed bal\u00ed\u010dek na pl\u00e1\u017ei Macao<\/h2><h3 class=\"product-excerpt\" data-product-id=\"13354\">Jedna z nejkr\u00e1sn\u011bj\u0161\u00edch pl\u00e1\u017e\u00ed v Dominik\u00e1nsk\u00e9 republice je ide\u00e1ln\u00ed pro p\u00e1ry, kter\u00e9 hledaj\u00ed...<\/h3>\n\t<span class=\"price\"><span class=\"woocommerce-Price-amount amount\"><bdi><span class=\"woocommerce-Price-currencySymbol\">&#36;<\/span>990,00<\/bdi><\/span><\/span>\n<\/a><a href=\"https:\/\/dominikaneked.hu\/cs\/produkt\/macao-beach-eskuvoi-csomag\/\" aria-describedby=\"woocommerce_loop_add_to_cart_link_describedby_13354\" data-quantity=\"1\" class=\"button product_type_phive_booking add_to_cart_button\" data-product_id=\"13354\" data-product_sku=\"\" aria-label=\"Zjistit v\u00edce o \u201eMacao Beach esk\u00fcv\u0151i csomag\u201c\" data-no-translation-aria-label=\"\">Rezervace<\/a>\t<span id=\"woocommerce_loop_add_to_cart_link_describedby_13354\" class=\"screen-reader-text\">\n\t\t\t<\/span>\n<\/div><\/li>\n<li class=\"product type-product post-8453 status-publish last instock product_cat-karibi-eskuvok product_tag-eskuvo has-post-thumbnail virtual purchasable product-type-phive_booking\">\n\t<div class=\"product-container shop-loop-item\"><a href=\"https:\/\/dominikaneked.hu\/cs\/produkt\/punta-cana-lmbtq-eskuvoi-csomag\/\" class=\"woocommerce-LoopProduct-link woocommerce-loop-product__link\"><img loading=\"lazy\" decoding=\"async\" width=\"300\" height=\"300\" src=\"https:\/\/dominikaneked.hu\/wp-content\/uploads\/2021\/06\/dominicanwedding-07-300x300.jpg\" class=\"attachment-woocommerce_thumbnail size-woocommerce_thumbnail\" alt=\"Svatebn\u00ed bal\u00ed\u010dek Punta Cana LGBTQ\" srcset=\"https:\/\/dominikaneked.hu\/wp-content\/uploads\/2021\/06\/dominicanwedding-07-300x300.jpg 300w, https:\/\/dominikaneked.hu\/wp-content\/uploads\/2021\/06\/dominicanwedding-07-150x150.jpg 150w, https:\/\/dominikaneked.hu\/wp-content\/uploads\/2021\/06\/dominicanwedding-07-540x540.jpg 540w, https:\/\/dominikaneked.hu\/wp-content\/uploads\/2021\/06\/dominicanwedding-07-100x100.jpg 100w\" sizes=\"auto, (max-width: 300px) 100vw, 300px\" \/><pre class=\"d-none\">03<\/pre><h2 class=\"woocommerce-loop-product__title\">Svatebn\u00ed bal\u00ed\u010dek Punta Cana LGBTQ<\/h2><h3 class=\"product-excerpt\" data-product-id=\"8453\">Tento bal\u00ed\u010dek d\u00e1v\u00e1 milenc\u016fm stejn\u00e9ho pohlav\u00ed p\u0159\u00edle\u017eitost uzav\u0159\u00edt man\u017eelstv\u00ed, slo\u017eit slib.<\/h3>\n\t<span class=\"price\"><span class=\"woocommerce-Price-amount amount\"><bdi><span class=\"woocommerce-Price-currencySymbol\">&#36;<\/span>1.950,00<\/bdi><\/span><\/span>\n<\/a><a href=\"https:\/\/dominikaneked.hu\/cs\/produkt\/punta-cana-lmbtq-eskuvoi-csomag\/\" aria-describedby=\"woocommerce_loop_add_to_cart_link_describedby_8453\" data-quantity=\"1\" class=\"button product_type_phive_booking add_to_cart_button\" data-product_id=\"8453\" data-product_sku=\"\" aria-label=\"Zjistit v\u00edce o \u201ePunta Cana LMBTQ esk\u00fcv\u0151i csomag\u201c\" data-no-translation-aria-label=\"\">Rezervace<\/a>\t<span id=\"woocommerce_loop_add_to_cart_link_describedby_8453\" class=\"screen-reader-text\">\n\t\t\t<\/span>\n<\/div><\/li>\n<li class=\"product type-product post-8451 status-publish first instock product_cat-karibi-eskuvok product_tag-eskuvo has-post-thumbnail virtual purchasable product-type-phive_booking\">\n\t<div class=\"product-container shop-loop-item\"><a href=\"https:\/\/dominikaneked.hu\/cs\/produkt\/saona-sziget-eskuvi-csomag_karibi-eskuvok\/\" class=\"woocommerce-LoopProduct-link woocommerce-loop-product__link\"><img loading=\"lazy\" decoding=\"async\" width=\"300\" height=\"300\" src=\"https:\/\/dominikaneked.hu\/wp-content\/uploads\/2021\/06\/caribbean-wedding-27-1-300x300.jpg\" class=\"attachment-woocommerce_thumbnail size-woocommerce_thumbnail\" alt=\"Svatebn\u00ed bal\u00ed\u010dek na ostrov\u011b Saona\" srcset=\"https:\/\/dominikaneked.hu\/wp-content\/uploads\/2021\/06\/caribbean-wedding-27-1-300x300.jpg 300w, https:\/\/dominikaneked.hu\/wp-content\/uploads\/2021\/06\/caribbean-wedding-27-1-150x150.jpg 150w, https:\/\/dominikaneked.hu\/wp-content\/uploads\/2021\/06\/caribbean-wedding-27-1-540x540.jpg 540w, https:\/\/dominikaneked.hu\/wp-content\/uploads\/2021\/06\/caribbean-wedding-27-1-100x100.jpg 100w\" sizes=\"auto, (max-width: 300px) 100vw, 300px\" \/><pre class=\"d-none\">04<\/pre><h2 class=\"woocommerce-loop-product__title\">Svatebn\u00ed bal\u00ed\u010dek na ostrov\u011b Saona<\/h2><h3 class=\"product-excerpt\" data-product-id=\"8451\">Ostrov Saona le\u017e\u00ed na jihov\u00fdchodn\u00edm c\u00edpu Dominik\u00e1nsk\u00e9 republiky. Je zn\u00e1m\u00fd sv\u00fdmi kor\u00e1lov\u00fdmi \u00fatesy, pl\u00e1\u017eemi lemovan\u00fdmi palmami,...<\/h3>\n\t<span class=\"price\"><span class=\"woocommerce-Price-amount amount\"><bdi><span class=\"woocommerce-Price-currencySymbol\">&#36;<\/span>2.750,00<\/bdi><\/span><\/span>\n<\/a><a href=\"https:\/\/dominikaneked.hu\/cs\/produkt\/saona-sziget-eskuvi-csomag_karibi-eskuvok\/\" aria-describedby=\"woocommerce_loop_add_to_cart_link_describedby_8451\" data-quantity=\"1\" class=\"button product_type_phive_booking add_to_cart_button\" data-product_id=\"8451\" data-product_sku=\"\" aria-label=\"Zjistit v\u00edce o \u201eSaona sziget esk\u00fcv\u0151i csomag\u201c\" data-no-translation-aria-label=\"\">Rezervace<\/a>\t<span id=\"woocommerce_loop_add_to_cart_link_describedby_8451\" class=\"screen-reader-text\">\n\t\t\t<\/span>\n<\/div><\/li>\n<li class=\"product type-product post-8452 status-publish instock product_cat-karibi-eskuvok product_tag-eskuvo has-post-thumbnail virtual purchasable product-type-phive_booking\">\n\t<div class=\"product-container shop-loop-item\"><a href=\"https:\/\/dominikaneked.hu\/cs\/produkt\/special-offer-tengerparti-eskuvo\/\" class=\"woocommerce-LoopProduct-link woocommerce-loop-product__link\"><img loading=\"lazy\" decoding=\"async\" width=\"300\" height=\"300\" src=\"https:\/\/dominikaneked.hu\/wp-content\/uploads\/2021\/06\/caribbean-wedding-11-1280x836-1-300x300.jpg\" class=\"attachment-woocommerce_thumbnail size-woocommerce_thumbnail\" alt=\"Nev\u011bsty s kv\u011btinov\u00fdmi korunami a kyticemi se usm\u00edvaj\u00ed na pl\u00e1\u017ei p\u0159i akci Pl\u00e1\u017eov\u00e1 svatba. Stoj\u00ed u palmy, zat\u00edmco \u017eenich a odd\u00e1vaj\u00edc\u00ed si u\u017e\u00edvaj\u00ed klidn\u00e9 pozad\u00ed oce\u00e1nu vedle kv\u011btinov\u00e9ho oblouku v Dominik\u00e1nsk\u00e9 republice.\" srcset=\"https:\/\/dominikaneked.hu\/wp-content\/uploads\/2021\/06\/caribbean-wedding-11-1280x836-1-300x300.jpg 300w, https:\/\/dominikaneked.hu\/wp-content\/uploads\/2021\/06\/caribbean-wedding-11-1280x836-1-150x150.jpg 150w, https:\/\/dominikaneked.hu\/wp-content\/uploads\/2021\/06\/caribbean-wedding-11-1280x836-1-540x540.jpg 540w, https:\/\/dominikaneked.hu\/wp-content\/uploads\/2021\/06\/caribbean-wedding-11-1280x836-1-100x100.jpg 100w\" sizes=\"auto, (max-width: 300px) 100vw, 300px\" \/><pre class=\"d-none\">05<\/pre><h2 class=\"woocommerce-loop-product__title\">Speci\u00e1ln\u00ed nab\u00eddka - svatba u mo\u0159e<\/h2><h3 class=\"product-excerpt\" data-product-id=\"8452\">Jedna z nejkr\u00e1sn\u011bj\u0161\u00edch soukrom\u00fdch pl\u00e1\u017e\u00ed v Dominik\u00e1nsk\u00e9 republice, n\u00e1dhern\u00fd \u00fasek pob\u0159e\u017e\u00ed lemovan\u00fd palmami, ide\u00e1ln\u00ed pro...<\/h3>\n\t<span class=\"price\"><span class=\"woocommerce-Price-amount amount\"><bdi><span class=\"woocommerce-Price-currencySymbol\">&#36;<\/span>1.350,00<\/bdi><\/span><\/span>\n<\/a><a href=\"https:\/\/dominikaneked.hu\/cs\/produkt\/special-offer-tengerparti-eskuvo\/\" aria-describedby=\"woocommerce_loop_add_to_cart_link_describedby_8452\" data-quantity=\"1\" class=\"button product_type_phive_booking add_to_cart_button\" data-product_id=\"8452\" data-product_sku=\"\" aria-label=\"Zjistit v\u00edce o \u201eSpecial Offer - Tengerparti esk\u00fcv\u0151\u201c\" data-no-translation-aria-label=\"\">Rezervace<\/a>\t<span id=\"woocommerce_loop_add_to_cart_link_describedby_8452\" class=\"screen-reader-text\">\n\t\t\t<\/span>\n<\/div><\/li>\n<\/ul>\n<\/div>\n\n\t\t<\/div>\n\t<\/div>\n<\/div><\/div><\/div><\/div>\n<\/div>","protected":false},"excerpt":{"rendered":"\u0158ekn\u011bte ano! P\u0159edstavte si, \u017ee stoj\u00edte na b\u00edl\u00e9 p\u00edse\u010dn\u00e9 pl\u00e1\u017ei, kde se v zapadaj\u00edc\u00edm slunci t\u0159pyt\u00ed drobn\u00e1 zrnka p\u00edsku. Jej\u00ed z\u00e1\u0159e zahaluje svatebn\u00ed alt\u00e1n zdoben\u00fd exotick\u00fdmi kv\u011btinami, jeho\u017e tenk\u00e9 pr\u016fsvitn\u00e9 z\u00e1voje jemn\u011b vlaj\u00ed v m\u00edrn\u00e9m v\u00e1nku na pl\u00e1\u017ei. Jak se brod\u00edte do d\u00e1lky, jemn\u011b se vln\u00edc\u00ed blankytn\u011b modr\u00e9 mo\u0159e pomalu dosahuje b\u0159ehu pod va\u0161ima nohama. [...]","protected":false},"author":12,"featured_media":8846,"parent":0,"menu_order":15,"comment_status":"closed","ping_status":"closed","template":"","meta":{"_seopress_robots_primary_cat":"","_seopress_titles_title":"","_seopress_titles_desc":"","_seopress_robots_index":"","footnotes":""},"class_list":["post-8696","page","type-page","status-publish","has-post-thumbnail","hentry"],"_links":{"self":[{"href":"https:\/\/dominikaneked.hu\/cs\/wp-json\/wp\/v2\/pages\/8696","targetHints":{"allow":["GET"]}}],"collection":[{"href":"https:\/\/dominikaneked.hu\/cs\/wp-json\/wp\/v2\/pages"}],"about":[{"href":"https:\/\/dominikaneked.hu\/cs\/wp-json\/wp\/v2\/types\/page"}],"author":[{"embeddable":true,"href":"https:\/\/dominikaneked.hu\/cs\/wp-json\/wp\/v2\/users\/12"}],"replies":[{"embeddable":true,"href":"https:\/\/dominikaneked.hu\/cs\/wp-json\/wp\/v2\/comments?post=8696"}],"version-history":[{"count":0,"href":"https:\/\/dominikaneked.hu\/cs\/wp-json\/wp\/v2\/pages\/8696\/revisions"}],"wp:featuredmedia":[{"embeddable":true,"href":"https:\/\/dominikaneked.hu\/cs\/wp-json\/wp\/v2\/media\/8846"}],"wp:attachment":[{"href":"https:\/\/dominikaneked.hu\/cs\/wp-json\/wp\/v2\/media?parent=8696"}],"curies":[{"name":"wp","href":"https:\/\/api.w.org\/{rel}","templated":true}]}}